{"id":16560,"date":"2022-05-12T12:53:38","date_gmt":"2022-05-12T12:53:38","guid":{"rendered":"https:\/\/www.cultidelta.com\/contacto\/"},"modified":"2024-10-10T08:59:17","modified_gmt":"2024-10-10T08:59:17","slug":"contacto","status":"publish","type":"page","link":"https:\/\/www.cultidelta.com\/ca\/contacto\/","title":{"rendered":"Contacte"},"content":{"rendered":"<div class=\"wpb-content-wrapper\"><p>[vc_row full_width=&#8221;stretch_row_content&#8221; wrap_container=&#8221;yes&#8221; conditional_render=&#8221;%5B%7B%22value_role%22%3A%22administrator%22%7D%5D&#8221; css=&#8221;.vc_custom_1679315859774{background-color: #5f6c77 !important;}&#8221; el_class=&#8221;p-t-xxl p-b-xxl overflow-hidden&#8221;][vc_column conditional_render=&#8221;%5B%7B%22value_role%22%3A%22administrator%22%7D%5D&#8221; el_class=&#8221;mt-5 pt-1&#8243;][vc_raw_html css=&#8221;.vc_custom_1653439379470{margin-top: 12px !important;}&#8221; el_class=&#8221;position-absolute svg-2 opacity-2 mb-0&#8243;]PHN2ZyB4bWxucz0iaHR0cDovL3d3dy53My5vcmcvMjAwMC9zdmciIHhtbG5zOnhsaW5rPSJodHRwOi8vd3d3LnczLm9yZy8xOTk5L3hsaW5rIiBjbGFzcz0iZC1ub25lIGQtbGctYmxvY2siIHg9IjBweCIgeT0iMHB4IiB2aWV3Ym94PSIwIDAgMTY4Ni44OCAxMDk1Ljg2IiBkYXRhLWFwcGVhci1hbmltYXRpb24tc3ZnPSIxIj48cGF0aCBjbGFzcz0iYXBwZWFyLWFuaW1hdGlvbiBhbmltYXRlZCBjdXN0b21MaW5lczFhbmltIGFwcGVhci1hbmltYXRpb24tdmlzaWJsZSIgZGF0YS1wbHVnaW4tb3B0aW9ucz0ieydhY2NZJzogLTUwMCwgJ2ZvcmNlQW5pbWF0aW9uJzogdHJ1ZX0iIGRhdGEtYXBwZWFyLWFuaW1hdGlvbj0iY3VzdG9tTGluZXMxYW5pbSIgZGF0YS1hcHBlYXItYW5pbWF0aW9uLWRlbGF5PSIxMDAiIGRhdGEtYXBwZWFyLWFuaW1hdGlvbi1kdXJhdGlvbj0iN3MiIGZpbGw9Im5vbmUiIHN0cm9rZT0iI2Q4ZDhkOCIgc3Ryb2tlLXdpZHRoPSIycHgiIHN0cm9rZS1taXRlcmxpbWl0PSIxMCIgZD0iTTg3Ljk1LDEuNGM2LjgyLDkuMTQsMTUuNTMsMjEuNTksMjQuNjgsMzYuOTRjNi44MiwxMS40NSwyNy4xOCw0Ni44Miw0Mi41NSw5Ni41MSBjMjIuOCw3My42OCwyMS4zOSwxMzYuMDIsMjAuNTEsMTU2Yy0zLjExLDcwLjU2LTIyLjE2LDEyMi41MS0zNiwxNTkuMzJjLTEwLjg4LDI4Ljk1LTExLjY4LDI0LjM4LTU5Ljc0LDEyNS42MiBjLTQzLjQ2LDkxLjUzLTQ5LjY2LDEwOS43LTUyLjg1LDExOS40OUM2LjYsNzU4LjE0LDIuOTgsODA0LjU5LDIuMTYsODI5LjE0Yy0xLjQ5LDQ0LjcyLDQuNTQsNzAuODIsNi40Nyw3OC42NCBjMy41NCwxNC4zNSwxMC40Miw0MS4yNSwyOS43OSw3MC40N2M2LjY0LDEwLjAxLDMwLjg0LDQ0LjYsNzYuNzcsNjkuMTFjNDIuOSwyMi45LDgxLjUyLDI0LjYsMTEwLjQ3LDI1Ljg3IGM0NS41NywyLjAxLDc5Ljk4LTYuMTgsMTEzLjAyLTE0LjNjMzAuODMtNy41OCw1OC40LTE4LjM4LDExMy41My00MGM1OS41NS0yMy4zNSw2Ni40My0yOC41OCwxMTAuNDctNDMuOTEgYzM1LjYzLTEyLjQxLDU3LjY3LTE5Ljk4LDg5LjM2LTI1LjdjMjUuNjgtNC42NCw1NS4zLTkuNzcsOTQuMy02LjNjMTIuNDMsMS4xMSw1My45Nyw1LjU5LDEwMi4xMywyNy43NCBjMzIuMDUsMTQuNzQsNTMuMDMsMzAuODcsNTcuNTMsMzQuMzhjMjQuMjYsMTguOTEsNDEuMDUsMzguNjUsNTEuOTEsNTMuNDUiIHN0eWxlPSJhbmltYXRpb24tZHVyYXRpb246IDdzOyBhbmltYXRpb24tZGVsYXk6IDEwMG1zOyI+PC9wYXRoPjxwYXRoIGNsYXNzPSJhcHBlYXItYW5pbWF0aW9uIGFuaW1hdGVkIGN1c3RvbUxpbmVzMWFuaW0gYXBwZWFyLWFuaW1hdGlvbi12aXNpYmxlIiBkYXRhLXBsdWdpbi1vcHRpb25zPSJ7J2FjY1knOiAtNTAwLCAnZm9yY2VBbmltYXRpb24nOiB0cnVlfSIgZGF0YS1hcHBlYXItYW5pbWF0aW9uPSJjdXN0b21MaW5lczFhbmltIiBkYXRhLWFwcGVhci1hbmltYXRpb24tZGVsYXk9IjEwMCIgZGF0YS1hcHBlYXItYW5pbWF0aW9uLWR1cmF0aW9uPSI3cyIgZmlsbD0ibm9uZSIgc3Ryb2tlPSIjZDhkOGQ4IiBzdHJva2Utd2lkdGg9IjJweCIgc3Ryb2tlLW1pdGVybGltaXQ9IjEwIiBkPSJNMTE5LjQ0LDM0LjQyYzguOTksMTIuODUsMjAuMzMsMzAuNDksMzEuNjYsNTIuNDNjMjYuMjgsNTAuOSwzNi4zNSw5My44NCwzOS4xNSwxMDYuNTUgYzMuMTIsMTQuMiwxMC43Nyw1Mi41LDkuNTMsMTAyLjgxYy0wLjI4LDExLjE5LTIuMDMsNjUuNDgtMjMuODMsMTMzLjc5Yy05LjgyLDMwLjc4LTIxLjA3LDU0LjU2LTQzLjU3LDEwMi4xMyBjLTI2Ljc4LDU2LjYtMjkuMTQsNTMuNzktNDUuNjIsOTAuMjFjLTE5Ljg0LDQzLjg1LTQyLjU2LDk0LjA3LTQ4LjY4LDE2MS4wMmMtMi44NiwzMS4zNC01LjY5LDY2LjA4LDcuNDksMTA4LjYgYzYuMDMsMTkuNDQsMjAuOTUsNjUuNDUsNjQsMTAxLjExYzQ3LjQ1LDM5LjMsMTAxLjA1LDQyLjgsMTMzLjc5LDQ0Ljk0YzYzLjA0LDQuMTIsMTE1LjU3LTEzLjYsMTY1LjExLTMwLjMgYzUuNTktMS44OSwyMy41OS04Ljg2LDU5LjU3LTIyLjgxYzEwMC4yMy0zOC44NSw5OS4zMy00MC4yNywxMjIuMjEtNDcuMzJjNDEuMTgtMTIuNjksODAuNTEtMjQuOCwxMzMuMTEtMjEuNzkgYzE5LjgzLDEuMTQsNjMuMDEsNS42NSwxMTEuNjYsMjguOTRjOC4xOSwzLjkyLDUwLjYsMjQuNjgsODguNTEsNjQuMzRjNS42Niw1LjkyLDEwLjM4LDExLjM5LDEyLjYsMTMuOTYgYzIzLjc4LDI3LjU5LDM5LjUsNTIuOTQsNDkuMzYsNzAuODEiIHN0eWxlPSJhbmltYXRpb24tZHVyYXRpb246IDdzOyBhbmltYXRpb24tZGVsYXk6IDEwMG1zOyI+PC9wYXRoPjxwYXRoIGNsYXNzPSJhcHBlYXItYW5pbWF0aW9uIGFuaW1hdGVkIGN1c3RvbUxpbmVzMWFuaW0gYXBwZWFyLWFuaW1hdGlvbi12aXNpYmxlIiBkYXRhLXBsdWdpbi1vcHRpb25zPSJ7J2FjY1knOiAtNTAwLCAnZm9yY2VBbmltYXRpb24nOiB0cnVlfSIgZGF0YS1hcHBlYXItYW5pbWF0aW9uPSJjdXN0b21MaW5lczFhbmltIiBkYXRhLWFwcGVhci1hbmltYXRpb24tZGVsYXk9IjEwMCIgZGF0YS1hcHBlYXItYW5pbWF0aW9uLWR1cmF0aW9uPSI3cyIgZmlsbD0ibm9uZSIgc3Ryb2tlPSIjZDhkOGQ4IiBzdHJva2Utd2lkdGg9IjJweCIgc3Ryb2tlLW1pdGVybGltaXQ9IjEwIiBkPSJNMTQ5LjQsNjguMTJjNi41Nyw4Ljg2LDE0LjksMjAuOTUsMjMuNDksMzUuOTFjNC4yOSw3LjQ4LDE5LjY3LDM0Ljg5LDMyLjE3LDczLjUzIGM2LjcyLDIwLjc3LDIxLjkzLDY5LjIyLDIwLjYsMTMzLjI4Yy0xLjMsNjIuMDYtMTcuNDksMTA4LjE3LTI4Ljk0LDEzOS45MWMtMTAuODQsMzAuMDgtMjQuOTMsNTguNzUtNTMuMTEsMTE2LjA5IGMtMjAuNjgsNDIuMDgtMjMuOTQsNDUuNzItMzMuNyw2OS4xMWMtMTIuMDEsMjguNzctMjYuMSw2My4wOS0zMy4wMiwxMDguNmMtNS4wMSwzMi45MS0xMC42NCw2OS45MiwxLjcsMTE1LjQgYzUuNSwyMC4yNywxNy4wOCw2MC45NCw1My40NSw5NC42NGM0Mi41NSwzOS40Myw5My4wNiw0NS4yOCwxMTkuNDksNDguMzRjNTQuMzYsNi4yOSw5OC45NC02Ljg3LDE0Ni4wNC0yMC43NyBjMTQuNTYtNC4zLDMxLjI3LTEwLjU4LDY0LjY4LTIzLjE1YzkwLjY0LTM0LjA5LDk0LjEyLTQwLjU3LDEzMy40NS01MS43NGMzMy44MS05LjYxLDcxLjY5LTIwLjM3LDEyMi4yMS0xNi42OCBjNTguODMsNC4zLDk5LjgzLDI1LjY0LDEwNy45MSwyOS45NmM0MC4wMiwyMS4zOSw2NS43LDQ5LjE2LDc3Ljk2LDYyLjY0YzguMzUsOS4xOCwxNC44NCwxNy4zOSwxOS40LDIzLjQ5IiBzdHlsZT0iYW5pbWF0aW9uLWR1cmF0aW9uOiA3czsgYW5pbWF0aW9uLWRlbGF5OiAxMDBtczsiPjwvcGF0aD48cGF0aCBjbGFzcz0iYXBwZWFyLWFuaW1hdGlvbiBhbmltYXRlZCBjdXN0b21MaW5lczFhbmltIGFwcGVhci1hbmltYXRpb24tdmlzaWJsZSIgZGF0YS1wbHVnaW4tb3B0aW9ucz0ieydhY2NZJzogLTUwMCwgJ2ZvcmNlQW5pbWF0aW9uJzogdHJ1ZX0iIGRhdGEtYXBwZWFyLWFuaW1hdGlvbj0iY3VzdG9tTGluZXMxYW5pbSIgZGF0YS1hcHBlYXItYW5pbWF0aW9uLWRlbGF5PSIxMDAiIGRhdGEtYXBwZWFyLWFuaW1hdGlvbi1kdXJhdGlvbj0iN3MiIGZpbGw9Im5vbmUiIHN0cm9rZT0iI2Q4ZDhkOCIgc3Ryb2tlLXdpZHRoPSIycHgiIHN0cm9rZS1taXRlcmxpbWl0PSIxMCIgZD0iTTE3OS42OSwxMDEuMTRjNi43NSw5Ljc0LDEzLjUyLDIwLjQsMjAuMDksMzJjMjIuNzksNDAuMjcsMzMuMSw3NC4yMywzNS40LDgyLjA0IGM1LjMzLDE4LjA4LDE1LjYsNTguMjEsMTQuNjQsMTEwLjNjLTAuMjQsMTIuOTItMS44OCw2NS4wMy0yNC44NSwxMjcuMzJjLTMuMSw4LjQyLTcuNzQsMTguODktMTcuMDIsMzkuODMgYy0yNS42NSw1Ny44OC0zNi41Nyw3NS4xMS01Mi40MywxMTAuM2MtMTguMTIsNDAuMTktMzEuMjgsNjkuMzktMzkuODMsMTEwLjY0Yy03LjIsMzQuNzMtMTUuNDEsNzQuMzMtMi4zOCwxMjIuMjEgYzQuNTUsMTYuNzMsMTQuNDMsNTEuMzgsNDQuOTQsODIuMDRjMzUuNjcsMzUuODUsNzguMTEsNDQuNjksMTAwLjQzLDQ5LjAyYzU4LjUzLDExLjM3LDEwNy4yMy0zLjQ2LDE1Ni4yNi0xOC4zOCBjMjQuNDItNy40NCwxNS45My02Ljc3LDg2LjQ3LTMzLjdjMTAzLjQ2LTM5LjUsMTI5Ljk3LTQ0LjA2LDE0Mi45OC00NS45NmMyOC43LTQuMTgsNjEuNjUtOC42NiwxMDMuMTUsMS4wMiBjNy45NiwxLjg2LDQ3LjczLDExLjU5LDkwLjIxLDQyLjU1YzMwLjkxLDIyLjUzLDUwLjg4LDQ3LjI5LDYyLjY0LDY0LjM0IiBzdHlsZT0iYW5pbWF0aW9uLWR1cmF0aW9uOiA3czsgYW5pbWF0aW9uLWRlbGF5OiAxMDBtczsiPjwvcGF0aD48cGF0aCBjbGFzcz0iYXBwZWFyLWFuaW1hdGlvbiBhbmltYXRlZCBjdXN0b21MaW5lczFhbmltIGFwcGVhci1hbmltYXRpb24tdmlzaWJsZSIgZGF0YS1wbHVnaW4tb3B0aW9ucz0ieydhY2NZJzogLTUwMCwgJ2ZvcmNlQW5pbWF0aW9uJzogdHJ1ZX0iIGRhdGEtYXBwZWFyLWFuaW1hdGlvbj0iY3VzdG9tTGluZXMxYW5pbSIgZGF0YS1hcHBlYXItYW5pbWF0aW9uLWRlbGF5PSIxMDAiIGRhdGEtYXBwZWFyLWFuaW1hdGlvbi1kdXJhdGlvbj0iN3MiIGZpbGw9Im5vbmUiIHN0cm9rZT0iI2Q4ZDhkOCIgc3Ryb2tlLXdpZHRoPSIycHgiIHN0cm9rZS1taXRlcmxpbWl0PSIxMCIgZD0iTTIwOC44OSwxMzMuNTdjNy40Miw5LjM3LDE1LjAxLDIwLjE1LDIyLjIxLDMyLjQzYzIxLjc1LDM3LjA0LDI5LjM4LDY5LjY2LDMzLjk2LDg5Ljg3IGM0LjY5LDIwLjczLDEzLjkyLDYzLjI2LDcuNCwxMTcuOTZjLTQuODQsNDAuNTgtMTYuMTgsNjkuNzQtMjguMDksMTAwLjM0Yy0xMS45MSwzMC42MS0xNS4zOCwzMS43Ni00Mi4zOCw4OS4xMSBjLTI0LjY2LDUyLjM3LTM2Ljk5LDc4LjU2LTQ0LjY4LDEwNS40NWMtOC40OSwyOS42Ni0xOC42LDY2LjM3LTEzLjI4LDExMy4zNmMyLjY1LDIzLjM1LDYuMDYsNTMuNDEsMjcuMDYsODQgYzI4Ljc1LDQxLjg3LDcwLjk4LDU2LjM1LDg2LjgxLDYxLjUzYzM1Ljc5LDExLjcxLDY1LjM3LDguOTksOTMuMTksNi4xM2MxNS0xLjU0LDQ0LTUuNTQsMTM5LjkxLTQyLjM4IGM3Mi4yNi0yNy43Niw4MS40Ni0zNS4zNSwxMjAuNzctNDMuOTFjMjcuMjYtNS45NCw1NC42OS0xMS42OCw5MS4xNS04LjE3YzU1LjYzLDUuMzYsOTMuODEsMjguNTYsMTAyLjM4LDMzLjk2IGMzNi4xMiwyMi43Myw1Ny41Nyw1MC45OSw2Ni4zOCw2Mi44MWMzLjg2LDUuMTcsNi44OCw5LjYzLDguOTQsMTIuNzciIHN0eWxlPSJhbmltYXRpb24tZHVyYXRpb246IDdzOyBhbmltYXRpb24tZGVsYXk6IDEwMG1zOyI+PC9wYXRoPjwvc3ZnPg==[\/vc_raw_html][\/vc_column][vc_column conditional_render=&#8221;%5B%7B%22value_role%22%3A%22administrator%22%7D%5D&#8221; offset=&#8221;vc_col-md-5&#8243; css=&#8221;.vc_custom_1653441766717{margin-bottom: 7px !important;}&#8221;]<div class=\"porto-u-heading mb-3  wpb_custom_019f285353d3f6748f1361c0a936a012 porto-u-3925 \"><div class=\"porto-u-main-heading\"><h2   style=\"color:#00a335;margin-bottom: 10px;\">POSA'T EN CONTACTE<\/h2><\/div><div class=\"porto-u-sub-heading\" style=\"color: #ffffff;\"><span class=\"HwtZe\" lang=\"ca\"><span class=\"jCAhz ChMk0b\"><span class=\"ryNqvb\">Per contactar amb la nostra<\/span><\/span> <\/span><\/p>\n<p><span class=\"HwtZe\" lang=\"ca\"><span class=\"jCAhz ChMk0b\"><span class=\"ryNqvb\">empresa pot fer-ho per:<\/span><\/span><\/span><\/div><style>.porto-u-3925.porto-u-heading{text-align:left}<\/style><\/div>[vc_custom_heading text=&#8221;TRUCA&#8217;NS&#8221; font_container=&#8221;tag:h6|font_size:14.4px|text_align:left|color:rgba(255%2C255%2C255%2C0.7)&#8221; use_theme_fonts=&#8221;yes&#8221; css=&#8221;.vc_custom_1679314635553{margin-bottom: 6px !important;}&#8221; letter_spacing=&#8221;0px&#8221;]<div class=\"porto-sicon-box  vc_custom_1674657727670 mb-4  wpb_custom_ecf1ea81336a0aeae1d45dcbc833c26d style_1 default-icon\"><div class=\"porto-sicon-default\"><div class=\"porto-just-icon-wrapper porto-icon none\" style=\"color:#ffffff;font-size:22px;margin-right:6px;\"><i class=\"porto-icon-phone-1\"><\/i><\/div><\/div><div class=\"porto-sicon-header\"><a class=\"porto-sicon-box-link\" href=\"tel:+34977053013\" title='Tel\u00e9fono'><h3 class=\"porto-sicon-title\" style=\"\">Tel. +34 977 05 30 13 - Fax +34 977 97 01 46<\/h3><\/a><\/div> <!-- header --><\/div><!-- porto-sicon-box --><div class=\"porto-u-heading mb-5  wpb_custom_4e2460a77ce67ea4d6046affc75e2172 porto-u-4797 \"><div class=\"porto-u-main-heading\"><div   style=\"color:rgba(255,255,255,0.7);margin-bottom: -4px;\">ENV\u00cdA'NS UN EMAIL<\/div><\/div><div class=\"porto-u-sub-heading\" style=\"color: #ffffff;\"><a href=\"mailto:info@cultidelta.com\">info@cultidelta.com<\/a><\/div><style>.porto-u-4797.porto-u-heading{text-align:left}<\/style><\/div><div class=\"porto-u-heading mb-5  wpb_custom_9ef0409afdb72c8f65b3a70f00437055 porto-u-5117 \"><div class=\"porto-u-main-heading\"><div   style=\"color:rgba(255,255,255,0.7);margin-bottom: -4px;\">OFICINES - ULLALS<\/div><\/div><div class=\"porto-u-sub-heading\" style=\"color: #ffffff;\">Carretera Canal Mar\u00edtim Amposta-Sant Carles de la R\u00e0pita, km 2,9 (Cam\u00ed Ullals de Baltasar)<\/p>\n<p>43870 Amposta<\/p>\n<p>40\u00ba 40\u2019 43.49\u2019\u2019 N \u2014 0\u00ba 35\u2019 43.86\u2019\u2019 E<\/div><style>.porto-u-5117.porto-u-heading{text-align:left}<\/style><\/div><div class=\"porto-u-heading mb-5  wpb_custom_9ef0409afdb72c8f65b3a70f00437055 porto-u-7662 \"><div class=\"porto-u-main-heading\"><div   style=\"color:rgba(255,255,255,0.7);margin-bottom: -4px;\">CENTRE DE PRODUCCI\u00d3 - SOLS\u00d3<\/div><\/div><div class=\"porto-u-sub-heading\" style=\"color: #ffffff;\">Carretera antiga Amposta-Freginals, km 2,2<\/p>\n<p>43870 Amposta (Tarragona)<\/p>\n<p>40\u00ba 41\u2019 45.1\u2019\u2019 N \u2014 0\u00ba 32\u2019 28.35\u2019\u2019 E<\/div><style>.porto-u-7662.porto-u-heading{text-align:left}<\/style><\/div>[\/vc_column][vc_column conditional_render=&#8221;%5B%7B%22value_role%22%3A%22administrator%22%7D%5D&#8221; offset=&#8221;vc_col-md-offset-1 vc_col-md-6&#8243; css=&#8221;.vc_custom_1653441925573{margin-bottom: 7px !important;}&#8221; el_class=&#8221;mt-lg-0 mt-5 pt-lg-0 pt-4&#8243;]<div class=\"porto-u-heading mb-5  wpb_custom_9aa7ed6c767350afe851af1c02b6da03 porto-u-1716 \" data-appear-animation=\"fadeInUp\" data-appear-animation-delay=\"1100\"><div class=\"porto-u-sub-heading\" style=\"color: #ffffff;\">Cont\u00e1ctans<\/div><style>.porto-u-1716.porto-u-heading{text-align:left}<\/style><\/div>[vc_row_inner el_class=&#8221;no-padding overflow-hidden&#8221; css=&#8221;.vc_custom_1653593630418{padding-top: 1.8rem !important;padding-right: 1.5rem !important;padding-bottom: 1.95rem !important;padding-left: 1.5rem !important;background-color: #ffffff !important;border-radius: 4px !important;}&#8221;][vc_column_inner el_class=&#8221;my-md-4&#8243;]<div class=\"wpb_custom_83d0422f3782a1b390103b5f0866e793 mx-md-2 px-md-4\">\n<div class=\"wpcf7 no-js\" id=\"wpcf7-f17506-o1\" lang=\"ca\" dir=\"ltr\" data-wpcf7-id=\"17506\">\n<div class=\"screen-reader-response\"><p role=\"status\" aria-live=\"polite\" aria-atomic=\"true\"><\/p> <ul><\/ul><\/div>\n<form action=\"\/ca\/wp-json\/wp\/v2\/pages\/16560#wpcf7-f17506-o1\" method=\"post\" class=\"wpcf7-form init\" aria-label=\"Formulari de contacte\" novalidate=\"novalidate\" data-status=\"init\">\n<fieldset class=\"hidden-fields-container\"><input type=\"hidden\" name=\"_wpcf7\" value=\"17506\" \/><input type=\"hidden\" name=\"_wpcf7_version\" value=\"6.1.5\" \/><input type=\"hidden\" name=\"_wpcf7_locale\" value=\"ca\" \/><input type=\"hidden\" name=\"_wpcf7_unit_tag\" value=\"wpcf7-f17506-o1\" \/><input type=\"hidden\" name=\"_wpcf7_container_post\" value=\"0\" \/><input type=\"hidden\" name=\"_wpcf7_posted_data_hash\" value=\"\" \/><input type=\"hidden\" name=\"_wpcf7_recaptcha_response\" value=\"\" \/>\n<\/fieldset>\n<label> El teu nom\n    <span class=\"wpcf7-form-control-wrap\" data-name=\"your-name\"><input size=\"40\" maxlength=\"400\" class=\"wpcf7-form-control wpcf7-text wpcf7-validates-as-required\" autocomplete=\"name\" aria-required=\"true\" aria-invalid=\"false\" value=\"\" type=\"text\" name=\"your-name\" \/><\/span> <\/label>\n\n<label> El teu correu electr\u00f2nic\n    <span class=\"wpcf7-form-control-wrap\" data-name=\"your-email\"><input size=\"40\" maxlength=\"400\" class=\"wpcf7-form-control wpcf7-email wpcf7-validates-as-required wpcf7-text wpcf7-validates-as-email\" autocomplete=\"email\" aria-required=\"true\" aria-invalid=\"false\" value=\"\" type=\"email\" name=\"your-email\" \/><\/span> <\/label>\n\n<label> Assumpte\n    <span class=\"wpcf7-form-control-wrap\" data-name=\"your-subject\"><input size=\"40\" maxlength=\"400\" class=\"wpcf7-form-control wpcf7-text wpcf7-validates-as-required\" aria-required=\"true\" aria-invalid=\"false\" value=\"\" type=\"text\" name=\"your-subject\" \/><\/span> <\/label>\n\n<label> El teu missatge (opcional)\n    <span class=\"wpcf7-form-control-wrap\" data-name=\"your-message\"><textarea cols=\"40\" rows=\"10\" maxlength=\"2000\" class=\"wpcf7-form-control wpcf7-textarea\" aria-invalid=\"false\" name=\"your-message\"><\/textarea><\/span> <\/label>\n\n<span class=\"wpcf7-form-control-wrap\" data-name=\"aceptance-748\"><span class=\"wpcf7-form-control wpcf7-acceptance\"><span class=\"wpcf7-list-item\"><label><input type=\"checkbox\" name=\"aceptance-748\" value=\"1\" aria-invalid=\"false\" \/><span class=\"wpcf7-list-item-label\">Accepto els termes i condicions i entenc que les meves dades es conservaran de manera segura d'acord amb la <a href=\"\/politica-privadesa\" target=\"_blank\">Pol\u00edtica de privadesa.<\/a><\/span><\/label><\/span><\/span><\/span>\n\nQuants s\u00f3n dos m\u00e9s tres? <span class=\"wpcf7-form-control-wrap\" data-name=\"suma\"><label><span class=\"wpcf7-quiz-label\">Respon amb un n\u00famero<\/span> <input size=\"40\" class=\"wpcf7-form-control wpcf7-quiz\" autocomplete=\"off\" aria-required=\"true\" aria-invalid=\"false\" type=\"text\" name=\"suma\" \/><\/label><input type=\"hidden\" name=\"_wpcf7_quiz_answer_suma\" value=\"63b7557774f8ba4f6048b18ba256e3a9\" \/><\/span>\n\n<input class=\"wpcf7-form-control wpcf7-submit has-spinner\" type=\"submit\" value=\"Enviar\" \/><input type='hidden' class='wpcf7-pum' value='{\"closepopup\":false,\"closedelay\":0,\"openpopup\":false,\"openpopup_id\":0}' \/><div class=\"wpcf7-response-output\" aria-hidden=\"true\"><\/div>\n<\/form>\n<\/div>\n<\/div>[\/vc_column_inner][\/vc_row_inner][\/vc_column][\/vc_row][vc_row full_width=&#8221;stretch_row_content_no_spaces&#8221; conditional_render=&#8221;%5B%7B%22value_role%22%3A%22administrator%22%7D%5D&#8221;][vc_column el_class=&#8221;p-0&#8243; conditional_render=&#8221;%5B%7B%22value_role%22%3A%22administrator%22%7D%5D&#8221;][vc_gmaps link=&#8221;#E-8_JTNDaWZyYW1lJTIwc3JjJTNEJTIyaHR0cHMlM0ElMkYlMkZ3d3cuZ29vZ2xlLmNvbSUyRm1hcHMlMkZlbWJlZCUzRnBiJTNEJTIxMW0xNCUyMTFtOCUyMTFtMyUyMTFkMjQyMDYuNzM5NjgyODU5MTclMjEyZDAuNTk0NDc2JTIxM2Q0MC42Nzc0NCUyMTNtMiUyMTFpMTAyNCUyMTJpNzY4JTIxNGYxMy4xJTIxM20zJTIxMW0yJTIxMXMweDAlMjUzQTB4YjQ4ZWFkYzU2NTZmY2RiMCUyMTJzQ3VsdGlkZWx0YSUyNTIwLSUyNTIwVWxsYWxzJTIxNWUwJTIxM20yJTIxMXNjYSUyMTJzZXMlMjE0djE2NzQ2NDk2Mzc1OTElMjE1bTIlMjExc2NhJTIxMnNlcyUyMiUyMGhlaWdodCUzRCUyMjQ1MHB4JTIyJTIwc3R5bGUlM0QlMjJib3JkZXIlM0EwJTNCJTIyJTIwYWxsb3dmdWxsc2NyZWVuJTNEJTIyJTIyJTIwbG9hZGluZyUzRCUyMmxhenklMjIlMjByZWZlcnJlcnBvbGljeSUzRCUyMm5vLXJlZmVycmVyLXdoZW4tZG93bmdyYWRlJTIyJTNFJTNDJTJGaWZyYW1lJTNF&#8221;][\/vc_column][\/vc_row]<\/p>\n<\/div>","protected":false},"excerpt":{"rendered":"<p>[vc_row full_width=&#8221;stretch_row_content&#8221; wrap_container=&#8221;yes&#8221; conditional_render=&#8221;%5B%7B%22value_role%22%3A%22administrator%22%7D%5D&#8221; css=&#8221;.vc_custom_1679315859774{background-color: #5f6c77 !important;}&#8221; el_class=&#8221;p-t-xxl p-b-xxl overflow-hidden&#8221;][vc_column conditional_render=&#8221;%5B%7B%22value_role%22%3A%22administrator%22%7D%5D&#8221; el_class=&#8221;mt-5 pt-1&#8243;][vc_raw_html css=&#8221;.vc_custom_1653439379470{margin-top: 12px !important;}&#8221; el_class=&#8221;position-absolute svg-2 opacity-2 mb-0&#8243;]PHN2ZyB4bWxucz0iaHR0cDovL3d3dy53My5vcmcvMjAwMC9zdmciIHhtbG5zOnhsaW5rPSJodHRwOi8vd3d3LnczLm9yZy8xOTk5L3hsaW5rIiBjbGFzcz0iZC1ub25lIGQtbGctYmxvY2siIHg9IjBweCIgeT0iMHB4IiB2aWV3Ym94PSIwIDAgMTY4Ni44OCAxMDk1Ljg2IiBkYXRhLWFwcGVhci1hbmltYXRpb24tc3ZnPSIxIj48cGF0aCBjbGFzcz0iYXBwZWFyLWFuaW1hdGlvbiBhbmltYXRlZCBjdXN0b21MaW5lczFhbmltIGFwcGVhci1hbmltYXRpb24tdmlzaWJsZSIgZGF0YS1wbHVnaW4tb3B0aW9ucz0ieydhY2NZJzogLTUwMCwgJ2ZvcmNlQW5pbWF0aW9uJzogdHJ1ZX0iIGRhdGEtYXBwZWFyLWFuaW1hdGlvbj0iY3VzdG9tTGluZXMxYW5pbSIgZGF0YS1hcHBlYXItYW5pbWF0aW9uLWRlbGF5PSIxMDAiIGRhdGEtYXBwZWFyLWFuaW1hdGlvbi1kdXJhdGlvbj0iN3MiIGZpbGw9Im5vbmUiIHN0cm9rZT0iI2Q4ZDhkOCIgc3Ryb2tlLXdpZHRoPSIycHgiIHN0cm9rZS1taXRlcmxpbWl0PSIxMCIgZD0iTTg3Ljk1LDEuNGM2LjgyLDkuMTQsMTUuNTMsMjEuNTksMjQuNjgsMzYuOTRjNi44MiwxMS40NSwyNy4xOCw0Ni44Miw0Mi41NSw5Ni41MSBjMjIuOCw3My42OCwyMS4zOSwxMzYuMDIsMjAuNTEsMTU2Yy0zLjExLDcwLjU2LTIyLjE2LDEyMi41MS0zNiwxNTkuMzJjLTEwLjg4LDI4Ljk1LTExLjY4LDI0LjM4LTU5Ljc0LDEyNS42MiBjLTQzLjQ2LDkxLjUzLTQ5LjY2LDEwOS43LTUyLjg1LDExOS40OUM2LjYsNzU4LjE0LDIuOTgsODA0LjU5LDIuMTYsODI5LjE0Yy0xLjQ5LDQ0LjcyLDQuNTQsNzAuODIsNi40Nyw3OC42NCBjMy41NCwxNC4zNSwxMC40Miw0MS4yNSwyOS43OSw3MC40N2M2LjY0LDEwLjAxLDMwLjg0LDQ0LjYsNzYuNzcsNjkuMTFjNDIuOSwyMi45LDgxLjUyLDI0LjYsMTEwLjQ3LDI1Ljg3IGM0NS41NywyLjAxLDc5Ljk4LTYuMTgsMTEzLjAyLTE0LjNjMzAuODMtNy41OCw1OC40LTE4LjM4LDExMy41My00MGM1OS41NS0yMy4zNSw2Ni40My0yOC41OCwxMTAuNDctNDMuOTEgYzM1LjYzLTEyLjQxLDU3LjY3LTE5Ljk4LDg5LjM2LTI1LjdjMjUuNjgtNC42NCw1NS4zLTkuNzcsOTQuMy02LjNjMTIuNDMsMS4xMSw1My45Nyw1LjU5LDEwMi4xMywyNy43NCBjMzIuMDUsMTQuNzQsNTMuMDMsMzAuODcsNTcuNTMsMzQuMzhjMjQuMjYsMTguOTEsNDEuMDUsMzguNjUsNTEuOTEsNTMuNDUiIHN0eWxlPSJhbmltYXRpb24tZHVyYXRpb246IDdzOyBhbmltYXRpb24tZGVsYXk6IDEwMG1zOyI+PC9wYXRoPjxwYXRoIGNsYXNzPSJhcHBlYXItYW5pbWF0aW9uIGFuaW1hdGVkIGN1c3RvbUxpbmVzMWFuaW0gYXBwZWFyLWFuaW1hdGlvbi12aXNpYmxlIiBkYXRhLXBsdWdpbi1vcHRpb25zPSJ7J2FjY1knOiAtNTAwLCAnZm9yY2VBbmltYXRpb24nOiB0cnVlfSIgZGF0YS1hcHBlYXItYW5pbWF0aW9uPSJjdXN0b21MaW5lczFhbmltIiBkYXRhLWFwcGVhci1hbmltYXRpb24tZGVsYXk9IjEwMCIgZGF0YS1hcHBlYXItYW5pbWF0aW9uLWR1cmF0aW9uPSI3cyIgZmlsbD0ibm9uZSIgc3Ryb2tlPSIjZDhkOGQ4IiBzdHJva2Utd2lkdGg9IjJweCIgc3Ryb2tlLW1pdGVybGltaXQ9IjEwIiBkPSJNMTE5LjQ0LDM0LjQyYzguOTksMTIuODUsMjAuMzMsMzAuNDksMzEuNjYsNTIuNDNjMjYuMjgsNTAuOSwzNi4zNSw5My44NCwzOS4xNSwxMDYuNTUgYzMuMTIsMTQuMiwxMC43Nyw1Mi41LDkuNTMsMTAyLjgxYy0wLjI4LDExLjE5LTIuMDMsNjUuNDgtMjMuODMsMTMzLjc5Yy05LjgyLDMwLjc4LTIxLjA3LDU0LjU2LTQzLjU3LDEwMi4xMyBjLTI2Ljc4LDU2LjYtMjkuMTQsNTMuNzktNDUuNjIsOTAuMjFjLTE5Ljg0LDQzLjg1LTQyLjU2LDk0LjA3LTQ4LjY4LDE2MS4wMmMtMi44NiwzMS4zNC01LjY5LDY2LjA4LDcuNDksMTA4LjYgYzYuMDMsMTkuNDQsMjAuOTUsNjUuNDUsNjQsMTAxLjExYzQ3LjQ1LDM5LjMsMTAxLjA1LDQyLjgsMTMzLjc5LDQ0Ljk0YzYzLjA0LDQuMTIsMTE1LjU3LTEzLjYsMTY1LjExLTMwLjMgYzUuNTktMS44OSwyMy41OS04Ljg2LDU5LjU3LTIyLjgxYzEwMC4yMy0zOC44NSw5OS4zMy00MC4yNywxMjIuMjEtNDcuMzJjNDEuMTgtMTIuNjksODAuNTEtMjQuOCwxMzMuMTEtMjEuNzkgYzE5LjgzLDEuMTQsNjMuMDEsNS42NSwxMTEuNjYsMjguOTRjOC4xOSwzLjkyLDUwLjYsMjQuNjgsODguNTEsNjQuMzRjNS42Niw1LjkyLDEwLjM4LDExLjM5LDEyLjYsMTMuOTYgYzIzLjc4LDI3LjU5LDM5LjUsNTIuOTQsNDkuMzYsNzAuODEiIHN0eWxlPSJhbmltYXRpb24tZHVyYXRpb246IDdzOyBhbmltYXRpb24tZGVsYXk6IDEwMG1zOyI+PC9wYXRoPjxwYXRoIGNsYXNzPSJhcHBlYXItYW5pbWF0aW9uIGFuaW1hdGVkIGN1c3RvbUxpbmVzMWFuaW0gYXBwZWFyLWFuaW1hdGlvbi12aXNpYmxlIiBkYXRhLXBsdWdpbi1vcHRpb25zPSJ7J2FjY1knOiAtNTAwLCAnZm9yY2VBbmltYXRpb24nOiB0cnVlfSIgZGF0YS1hcHBlYXItYW5pbWF0aW9uPSJjdXN0b21MaW5lczFhbmltIiBkYXRhLWFwcGVhci1hbmltYXRpb24tZGVsYXk9IjEwMCIgZGF0YS1hcHBlYXItYW5pbWF0aW9uLWR1cmF0aW9uPSI3cyIgZmlsbD0ibm9uZSIgc3Ryb2tlPSIjZDhkOGQ4IiBzdHJva2Utd2lkdGg9IjJweCIgc3Ryb2tlLW1pdGVybGltaXQ9IjEwIiBkPSJNMTQ5LjQsNjguMTJjNi41Nyw4Ljg2LDE0LjksMjAuOTUsMjMuNDksMzUuOTFjNC4yOSw3LjQ4LDE5LjY3LDM0Ljg5LDMyLjE3LDczLjUzIGM2LjcyLDIwLjc3LDIxLjkzLDY5LjIyLDIwLjYsMTMzLjI4Yy0xLjMsNjIuMDYtMTcuNDksMTA4LjE3LTI4Ljk0LDEzOS45MWMtMTAuODQsMzAuMDgtMjQuOTMsNTguNzUtNTMuMTEsMTE2LjA5IGMtMjAuNjgsNDIuMDgtMjMuOTQsNDUuNzItMzMuNyw2OS4xMWMtMTIuMDEsMjguNzctMjYuMSw2My4wOS0zMy4wMiwxMDguNmMtNS4wMSwzMi45MS0xMC42NCw2OS45MiwxLjcsMTE1LjQgYzUuNSwyMC4yNywxNy4wOCw2MC45NCw1My40NSw5NC42NGM0Mi41NSwzOS40Myw5My4wNiw0NS4yOCwxMTkuNDksNDguMzRjNTQuMzYsNi4yOSw5OC45NC02Ljg3LDE0Ni4wNC0yMC43NyBjMTQuNTYtNC4zLDMxLjI3LTEwLjU4LDY0LjY4LTIzLjE1YzkwLjY0LTM0LjA5LDk0LjEyLTQwLjU3LDEzMy40NS01MS43NGMzMy44MS05LjYxLDcxLjY5LTIwLjM3LDEyMi4yMS0xNi42OCBjNTguODMsNC4zLDk5LjgzLDI1LjY0LDEwNy45MSwyOS45NmM0MC4wMiwyMS4zOSw2NS43LDQ5LjE2LDc3Ljk2LDYyLjY0YzguMzUsOS4xOCwxNC44NCwxNy4zOSwxOS40LDIzLjQ5IiBzdHlsZT0iYW5pbWF0aW9uLWR1cmF0aW9uOiA3czsgYW5pbWF0aW9uLWRlbGF5OiAxMDBtczsiPjwvcGF0aD48cGF0aCBjbGFzcz0iYXBwZWFyLWFuaW1hdGlvbiBhbmltYXRlZCBjdXN0b21MaW5lczFhbmltIGFwcGVhci1hbmltYXRpb24tdmlzaWJsZSIgZGF0YS1wbHVnaW4tb3B0aW9ucz0ieydhY2NZJzogLTUwMCwgJ2ZvcmNlQW5pbWF0aW9uJzogdHJ1ZX0iIGRhdGEtYXBwZWFyLWFuaW1hdGlvbj0iY3VzdG9tTGluZXMxYW5pbSIgZGF0YS1hcHBlYXItYW5pbWF0aW9uLWRlbGF5PSIxMDAiIGRhdGEtYXBwZWFyLWFuaW1hdGlvbi1kdXJhdGlvbj0iN3MiIGZpbGw9Im5vbmUiIHN0cm9rZT0iI2Q4ZDhkOCIgc3Ryb2tlLXdpZHRoPSIycHgiIHN0cm9rZS1taXRlcmxpbWl0PSIxMCIgZD0iTTE3OS42OSwxMDEuMTRjNi43NSw5Ljc0LDEzLjUyLDIwLjQsMjAuMDksMzJjMjIuNzksNDAuMjcsMzMuMSw3NC4yMywzNS40LDgyLjA0IGM1LjMzLDE4LjA4LDE1LjYsNTguMjEsMTQuNjQsMTEwLjNjLTAuMjQsMTIuOTItMS44OCw2NS4wMy0yNC44NSwxMjcuMzJjLTMuMSw4LjQyLTcuNzQsMTguODktMTcuMDIsMzkuODMgYy0yNS42NSw1Ny44OC0zNi41Nyw3NS4xMS01Mi40MywxMTAuM2MtMTguMTIsNDAuMTktMzEuMjgsNjkuMzktMzkuODMsMTEwLjY0Yy03LjIsMzQuNzMtMTUuNDEsNzQuMzMtMi4zOCwxMjIuMjEgYzQuNTUsMTYuNzMsMTQuNDMsNTEuMzgsNDQuOTQsODIuMDRjMzUuNjcsMzUuODUsNzguMTEsNDQuNjksMTAwLjQzLDQ5LjAyYzU4LjUzLDExLjM3LDEwNy4yMy0zLjQ2LDE1Ni4yNi0xOC4zOCBjMjQuNDItNy40NCwxNS45My02Ljc3LDg2LjQ3LTMzLjdjMTAzLjQ2LTM5LjUsMTI5Ljk3LTQ0LjA2LDE0Mi45OC00NS45NmMyOC43LTQuMTgsNjEuNjUtOC42NiwxMDMuMTUsMS4wMiBjNy45NiwxLjg2LDQ3LjczLDExLjU5LDkwLjIxLDQyLjU1YzMwLjkxLDIyLjUzLDUwLjg4LDQ3LjI5LDYyLjY0LDY0LjM0IiBzdHlsZT0iYW5pbWF0aW9uLWR1cmF0aW9uOiA3czsgYW5pbWF0aW9uLWRlbGF5OiAxMDBtczsiPjwvcGF0aD48cGF0aCBjbGFzcz0iYXBwZWFyLWFuaW1hdGlvbiBhbmltYXRlZCBjdXN0b21MaW5lczFhbmltIGFwcGVhci1hbmltYXRpb24tdmlzaWJsZSIgZGF0YS1wbHVnaW4tb3B0aW9ucz0ieydhY2NZJzogLTUwMCwgJ2ZvcmNlQW5pbWF0aW9uJzogdHJ1ZX0iIGRhdGEtYXBwZWFyLWFuaW1hdGlvbj0iY3VzdG9tTGluZXMxYW5pbSIgZGF0YS1hcHBlYXItYW5pbWF0aW9uLWRlbGF5PSIxMDAiIGRhdGEtYXBwZWFyLWFuaW1hdGlvbi1kdXJhdGlvbj0iN3MiIGZpbGw9Im5vbmUiIHN0cm9rZT0iI2Q4ZDhkOCIgc3Ryb2tlLXdpZHRoPSIycHgiIHN0cm9rZS1taXRlcmxpbWl0PSIxMCIgZD0iTTIwOC44OSwxMzMuNTdjNy40Miw5LjM3LDE1LjAxLDIwLjE1LDIyLjIxLDMyLjQzYzIxLjc1LDM3LjA0LDI5LjM4LDY5LjY2LDMzLjk2LDg5Ljg3IGM0LjY5LDIwLjczLDEzLjkyLDYzLjI2LDcuNCwxMTcuOTZjLTQuODQsNDAuNTgtMTYuMTgsNjkuNzQtMjguMDksMTAwLjM0Yy0xMS45MSwzMC42MS0xNS4zOCwzMS43Ni00Mi4zOCw4OS4xMSBjLTI0LjY2LDUyLjM3LTM2Ljk5LDc4LjU2LTQ0LjY4LDEwNS40NWMtOC40OSwyOS42Ni0xOC42LDY2LjM3LTEzLjI4LDExMy4zNmMyLjY1LDIzLjM1LDYuMDYsNTMuNDEsMjcuMDYsODQgYzI4Ljc1LDQxLjg3LDcwLjk4LDU2LjM1LDg2LjgxLDYxLjUzYzM1Ljc5LDExLjcxLDY1LjM3LDguOTksOTMuMTksNi4xM2MxNS0xLjU0LDQ0LTUuNTQsMTM5LjkxLTQyLjM4IGM3Mi4yNi0yNy43Niw4MS40Ni0zNS4zNSwxMjAuNzctNDMuOTFjMjcuMjYtNS45NCw1NC42OS0xMS42OCw5MS4xNS04LjE3YzU1LjYzLDUuMzYsOTMuODEsMjguNTYsMTAyLjM4LDMzLjk2IGMzNi4xMiwyMi43Myw1Ny41Nyw1MC45OSw2Ni4zOCw2Mi44MWMzLjg2LDUuMTcsNi44OCw5LjYzLDguOTQsMTIuNzciIHN0eWxlPSJhbmltYXRpb24tZHVyYXRpb246IDdzOyBhbmltYXRpb24tZGVsYXk6IDEwMG1zOyI+PC9wYXRoPjwvc3ZnPg==[\/vc_raw_html][\/vc_column][vc_column conditional_render=&#8221;%5B%7B%22value_role%22%3A%22administrator%22%7D%5D&#8221; offset=&#8221;vc_col-md-5&#8243; css=&#8221;.vc_custom_1653441766717{margin-bottom: 7px !important;}&#8221;][vc_custom_heading text=&#8221;TRUCA&#8217;NS&#8221; font_container=&#8221;tag:h6|font_size:14.4px|text_align:left|color:rgba(255%2C255%2C255%2C0.7)&#8221; use_theme_fonts=&#8221;yes&#8221; css=&#8221;.vc_custom_1679314635553{margin-bottom: 6px !important;}&#8221; letter_spacing=&#8221;0px&#8221;][\/vc_column][vc_column conditional_render=&#8221;%5B%7B%22value_role%22%3A%22administrator%22%7D%5D&#8221; offset=&#8221;vc_col-md-offset-1 vc_col-md-6&#8243; css=&#8221;.vc_custom_1653441925573{margin-bottom: 7px !important;}&#8221; el_class=&#8221;mt-lg-0 mt-5 pt-lg-0 pt-4&#8243;][vc_row_inner el_class=&#8221;no-padding overflow-hidden&#8221; css=&#8221;.vc_custom_1653593630418{padding-top: 1.8rem !important;padding-right: 1.5rem !important;padding-bottom: 1.95rem !important;padding-left: 1.5rem !important;background-color: #ffffff !important;border-radius: [&hellip;]<\/p>\n","protected":false},"author":1,"featured_media":0,"parent":0,"menu_order":0,"comment_status":"closed","ping_status":"closed","template":"","meta":{"_acf_changed":false,"om_disable_all_campaigns":false,"_monsterinsights_skip_tracking":false,"_monsterinsights_sitenote_active":false,"_monsterinsights_sitenote_note":"","_monsterinsights_sitenote_category":0,"footnotes":""},"class_list":["post-16560","page","type-page","status-publish","hentry"],"acf":[],"aioseo_notices":[],"_links":{"self":[{"href":"https:\/\/www.cultidelta.com\/ca\/wp-json\/wp\/v2\/pages\/16560","targetHints":{"allow":["GET"]}}],"collection":[{"href":"https:\/\/www.cultidelta.com\/ca\/wp-json\/wp\/v2\/pages"}],"about":[{"href":"https:\/\/www.cultidelta.com\/ca\/wp-json\/wp\/v2\/types\/page"}],"author":[{"embeddable":true,"href":"https:\/\/www.cultidelta.com\/ca\/wp-json\/wp\/v2\/users\/1"}],"replies":[{"embeddable":true,"href":"https:\/\/www.cultidelta.com\/ca\/wp-json\/wp\/v2\/comments?post=16560"}],"version-history":[{"count":7,"href":"https:\/\/www.cultidelta.com\/ca\/wp-json\/wp\/v2\/pages\/16560\/revisions"}],"predecessor-version":[{"id":16566,"href":"https:\/\/www.cultidelta.com\/ca\/wp-json\/wp\/v2\/pages\/16560\/revisions\/16566"}],"wp:attachment":[{"href":"https:\/\/www.cultidelta.com\/ca\/wp-json\/wp\/v2\/media?parent=16560"}],"curies":[{"name":"wp","href":"https:\/\/api.w.org\/{rel}","templated":true}]}}