{"id":16697,"date":"2023-01-18T12:19:36","date_gmt":"2023-01-18T12:19:36","guid":{"rendered":"https:\/\/www.cultidelta.com\/aviso-legal\/"},"modified":"2023-03-24T10:56:09","modified_gmt":"2023-03-24T10:56:09","slug":"aviso-legal","status":"publish","type":"page","link":"https:\/\/www.cultidelta.com\/ca\/aviso-legal\/","title":{"rendered":"Av\u00eds legal"},"content":{"rendered":"\n<p><strong>LEY DE LOS SERVICIOS DE LA SOCIEDAD DE LA INFORMACI\u00d3N (LSSI)<\/strong><\/p>\n\n\n\n<p><br>CULTIDELTA\u00a0SL, responsable del lloc web, d&#8217;ara endavant RESPONSABLE, posa a la disposici\u00f3 dels usuaris el present document, amb el qual pret\u00e9n donar compliment a les obligacions disposades en la Llei 34\/2002, d&#8217;11 de juliol, de Serveis de la Societat de la Informaci\u00f3 i de Comer\u00e7 Electr\u00f2nic (LSSICE), BOE n\u00fam. 166, aix\u00ed com informar a tots els usuaris del lloc web respecte a quins s\u00f3n les condicions d&#8217;\u00fas.<\/p>\n\n\n\n<p>Tota persona que accedeixi a aquest lloc web assumeix el paper d&#8217;usuari, comprometent-se a l&#8217;observan\u00e7a i compliment rigor\u00f3s de les disposicions aqu\u00ed disposades, aix\u00ed com a qualsevol altra disposici\u00f3 legal que fos aplicable.<\/p>\n\n\n\n<p><br>CULTIDELTA\u00a0es reserva el dret de modificar qualsevol tipus d&#8217;informaci\u00f3 que pogu\u00e9s apar\u00e8ixer en el lloc web, sense que existeixi obligaci\u00f3 de preavisar o posar en coneixement dels usuaris aquestes obligacions, entenent-se com a suficient amb la publicaci\u00f3 en el lloc web de\u00a0CULTIDELTA\u00a0SL.<br><strong><br><br><\/strong>1. DADES IDENTIFICATIVES<\/p>\n\n\n\n<p>Nom de domini: http:\/\/www.cultidelta.com\/<\/p>\n\n\n\n<p>Nom comercial:&nbsp;CULTIDELTA<\/p>\n\n\n\n<p>Denominaci\u00f3 social:&nbsp;CULTIDELTA&nbsp;SL<\/p>\n\n\n\n<p>NIF: B43637354<\/p>\n\n\n\n<p>Domicili social: C\/ Goya, 42 &#8211; AMPOSTA (TARRAGONA)<\/p>\n\n\n\n<p>Tel\u00e8fon: 977053013<\/p>\n\n\n\n<p>email: info@cultidelta.com<\/p>\n\n\n\n<p>Inscrita en el Registri Mercantil de Tarragona: Tom 653,&nbsp;Foli&nbsp;142&nbsp;Fulla&nbsp;T-22076<\/p>\n\n\n\n<p>El lloc web, incloent-hi t\u00edtol enunciatiu, per\u00f2 no limitatiu la seva programaci\u00f3, edici\u00f3, compilaci\u00f3 i altres elements necessaris per al seu funcionament, els dissenys, logotips, text i\/o gr\u00e0fic, s\u00f3n propietat del RESPONSABLE o, si \u00e9s el cas, disposa de llic\u00e8ncia o autoritzaci\u00f3 expressa per part dels autors. Tots els continguts del lloc web es troben degudament protegits per la normativa de propietat intel\u00b7lectual i industrial, aix\u00ed com inscrits en els registres p\u00fablics corresponents.<br>Independentment de la finalitat per a la qual fossin destinats, la reproducci\u00f3 total o parcial, \u00fas, explotaci\u00f3, distribuci\u00f3 i comercialitzaci\u00f3, requereix en tot cas de l&#8217;autoritzaci\u00f3 escrita pr\u00e8via per part del RESPONSABLE. Qualsevol \u00fas no autoritzat pr\u00e8viament es considera un incompliment greu dels drets de propietat intel\u00b7lectual o industrial de l&#8217;autor.<br>Els dissenys, logotips, text i\/o gr\u00e0fics aliens al RESPONSABLE i que poguessin apar\u00e8ixer en el lloc web, pertanyen als seus respectius propietaris, sent ells mateixos responsables de qualsevol possible controv\u00e8rsia que pogu\u00e9s suscitar-se respecte a aquests. El RESPONSABLE&nbsp;autoritza expressament al fet que tercers puguin redirigir directament als continguts concrets del lloc web, i en tot cas redirigir al lloc web principal d&#8217;http:\/\/www.cultidelta.com\/.<br>EL RESPONSABLE reconeix a favor dels seus titulars els corresponents drets de propietat intel\u00b7lectual i industrial, no implicant el seu sol esment o aparici\u00f3 en el lloc web l&#8217;exist\u00e8ncia de drets o cap responsabilitat sobre aquests, com tampoc suport, patrocini o recomanaci\u00f3 per part d&#8217;aquest.<\/p>\n\n\n\n<p>Per a realitzar qualsevol tipus d&#8217;observaci\u00f3 respecte a possibles incompliments dels drets de propietat intel\u00b7lectual o industrial, aix\u00ed com sobre qualsevol dels continguts del lloc web, pot fer-lo a trav\u00e9s del seg\u00fcent correu electr\u00f2nic info@cultidelta.com.<\/p>\n\n\n\n<p>El RESPONSABLE s&#8217;eximeix de qualsevol tipus de responsabilitat derivada de la informaci\u00f3 publicada en el seu lloc web sempre que aquesta informaci\u00f3 hagi estat manipulada o introdu\u00efda per un tercer ali\u00e8 a aquest.<\/p>\n\n\n\n<p>\u00das de Cookies<br>Aquest lloc web de&nbsp;CULTIDELTA&nbsp;SL pot utilitzar&nbsp;cookies t\u00e8cniques&nbsp;(petits arxius d&#8217;informaci\u00f3 que el servidor envia a l&#8217;ordinador de qui accedeix a la p\u00e0gina) per a dur a terme determinades funcions que s\u00f3n considerades imprescindibles per al correcte funcionament i visualitzaci\u00f3 del lloc. Les&nbsp;cookies&nbsp;utilitzades al lloc web tenen, en tot cas, car\u00e0cter temporal, amb l&#8217;\u00fanica finalitat de fer m\u00e9s efica\u00e7 la navegaci\u00f3, i desapareixen en acabar la sessi\u00f3 de l&#8217;usuari. En cap cas, aquestes cookies proporcionen per si mateixes dades de car\u00e0cter personal i no s&#8217;utilitzaran per a la recollida d&#8217;aquests.<\/p>\n\n\n\n<p>Mitjan\u00e7ant l&#8217;\u00fas de&nbsp;cookies&nbsp;tamb\u00e9 \u00e9s possible que el servidor on es troba la web reconegui el navegador utilitzat per l&#8217;usuari amb la finalitat que la navegaci\u00f3 sigui m\u00e9s senzilla, permetent, per exemple, l&#8217;acc\u00e9s dels usuaris que s&#8217;hagin registrat pr\u00e8viament a les \u00e0rees, serveis, promocions o concursos reservats exclusivament a ells sense haver de registrar-se en cada visita. Tamb\u00e9 es poden utilitzar per a mesurar l&#8217;audi\u00e8ncia, par\u00e0metres de tr\u00e0nsit, controlar el progr\u00e9s i nombre d&#8217;entrades, etc., sent en aquests casos cookies prescindibles t\u00e8cnicament, per\u00f2 beneficioses per a l&#8217;usuari. Aquest lloc web no instal\u00b7lar\u00e0 cookies prescindibles sense el consentiment previ de l&#8217;usuari.<\/p>\n\n\n\n<p><br>Per a la resoluci\u00f3 de totes les controv\u00e8rsies o q\u00fcestions relacionades amb el present lloc web o de les activitats en ell desenvolupades, ser\u00e0 aplicable la legislaci\u00f3 espanyola, a la qual se sotmeten expressament les parts, sent competents per a la resoluci\u00f3 de tots els conflictes derivats o relacionats amb el seu \u00fas els Jutjats i Tribunals m\u00e9s pr\u00f2xims a AMPOSTA.<\/p>\n","protected":false},"excerpt":{"rendered":"<p>LEY DE LOS SERVICIOS DE LA SOCIEDAD DE LA INFORMACI\u00d3N (LSSI) CULTIDELTA\u00a0SL, responsable del lloc web, d&#8217;ara endavant RESPONSABLE, posa a la disposici\u00f3 dels usuaris el present document, amb el qual pret\u00e9n donar compliment a les obligacions disposades en la Llei 34\/2002, d&#8217;11 de juliol, de Serveis de la Societat de la Informaci\u00f3 i de [&hellip;]<\/p>\n","protected":false},"author":1,"featured_media":0,"parent":0,"menu_order":0,"comment_status":"closed","ping_status":"closed","template":"","meta":{"_acf_changed":false,"om_disable_all_campaigns":false,"_monsterinsights_skip_tracking":false,"_monsterinsights_sitenote_active":false,"_monsterinsights_sitenote_note":"","_monsterinsights_sitenote_category":0,"footnotes":""},"class_list":["post-16697","page","type-page","status-publish","hentry"],"acf":[],"aioseo_notices":[],"_links":{"self":[{"href":"https:\/\/www.cultidelta.com\/ca\/wp-json\/wp\/v2\/pages\/16697","targetHints":{"allow":["GET"]}}],"collection":[{"href":"https:\/\/www.cultidelta.com\/ca\/wp-json\/wp\/v2\/pages"}],"about":[{"href":"https:\/\/www.cultidelta.com\/ca\/wp-json\/wp\/v2\/types\/page"}],"author":[{"embeddable":true,"href":"https:\/\/www.cultidelta.com\/ca\/wp-json\/wp\/v2\/users\/1"}],"replies":[{"embeddable":true,"href":"https:\/\/www.cultidelta.com\/ca\/wp-json\/wp\/v2\/comments?post=16697"}],"version-history":[{"count":1,"href":"https:\/\/www.cultidelta.com\/ca\/wp-json\/wp\/v2\/pages\/16697\/revisions"}],"predecessor-version":[{"id":16703,"href":"https:\/\/www.cultidelta.com\/ca\/wp-json\/wp\/v2\/pages\/16697\/revisions\/16703"}],"wp:attachment":[{"href":"https:\/\/www.cultidelta.com\/ca\/wp-json\/wp\/v2\/media?parent=16697"}],"curies":[{"name":"wp","href":"https:\/\/api.w.org\/{rel}","templated":true}]}}