{"id":16708,"date":"2023-01-18T13:03:37","date_gmt":"2023-01-18T13:03:37","guid":{"rendered":"https:\/\/www.cultidelta.com\/cultidelta\/centros-de-produccion\/"},"modified":"2023-03-28T07:29:41","modified_gmt":"2023-03-28T07:29:41","slug":"centros-de-produccion","status":"publish","type":"page","link":"https:\/\/www.cultidelta.com\/ca\/cultidelta\/centros-de-produccion\/","title":{"rendered":"Centres de producci\u00f3"},"content":{"rendered":"<div class=\"wpb-content-wrapper\"><p>[vc_row wrap_container=&#8221;yes&#8221; is_section=&#8221;yes&#8221; section_skin=&#8221;parallax&#8221; remove_margin_top=&#8221;yes&#8221; remove_margin_bottom=&#8221;yes&#8221; remove_border=&#8221;yes&#8221; animation_delay=&#8221;100&#8243; css=&#8221;.vc_custom_1627777519672{padding-top: 74px !important;}&#8221; animation_type=&#8221;fadeInRight&#8221;][vc_column][vc_custom_heading text=&#8221;Els nostres dos centres de producci\u00f3 es troben en:&#8221; font_container=&#8221;tag:h3|text_align:center&#8221; use_theme_fonts=&#8221;yes&#8221; font_weight=&#8221;100&#8243; css=&#8221;.vc_custom_1679656435929{margin-bottom: 50px !important;}&#8221;][\/vc_column][\/vc_row][vc_row wrap_container=&#8221;yes&#8221; is_section=&#8221;yes&#8221; section_skin=&#8221;parallax&#8221; remove_margin_top=&#8221;yes&#8221; remove_margin_bottom=&#8221;yes&#8221; remove_border=&#8221;yes&#8221; animation_delay=&#8221;100&#8243; css=&#8221;.vc_custom_1627777519672{padding-top: 74px !important;}&#8221; animation_type=&#8221;fadeInRight&#8221;][vc_column width=&#8221;1\/2&#8243; animation_delay=&#8221;300&#8243; offset=&#8221;vc_col-md-6&#8243; animation_type=&#8221;fadeInLeft&#8221; conditional_render=&#8221;%5B%7B%22value_role%22%3A%22administrator%22%7D%5D&#8221;][vc_custom_heading text=&#8221;FINCA SOLS\u00d3&#8221; font_container=&#8221;tag:h3|text_align:left&#8221; use_theme_fonts=&#8221;yes&#8221;][vc_separator color=&#8221;custom&#8221; align=&#8221;align_left&#8221; border_width=&#8221;3&#8243; type=&#8221;small&#8221; gap=&#8221;short&#8221; accent_color=&#8221;#bc9552&#8243; css=&#8221;.vc_custom_1627483070534{margin-top: 27px !important;}&#8221;][vc_column_text css=&#8221;.vc_custom_1679656522475{margin-bottom: 18px !important;}&#8221;]En aquest centre es desenvolupa la majoria de la producci\u00f3.<\/p>\n<ul>\n<li>Carretera antigua Amposta-Freginals, km 2,2<\/li>\n<li>43870 Amposta (Tarragona)<\/li>\n<li>40\u00ba 41\u2019 45.1\u2019\u2019 N &#8212; 0\u00ba 32\u2019 28.35\u2019\u2019 E<\/li>\n<\/ul>\n<p>[\/vc_column_text][vc_btn title=&#8221;Telefonar al 977 05 30 13&#8243; style=&#8221;flat&#8221; size=&#8221;lg&#8221; i_align=&#8221;right&#8221; i_icon_fontawesome=&#8221;fas fa-angle-right&#8221; skin=&#8221;primary&#8221; btn_fs=&#8221;.9em&#8221; btn_fw=&#8221;700&#8243; el_cls=&#8221;btn-arrow&#8221; add_icon=&#8221;true&#8221; link=&#8221;url:tel%3A977053013&#8243; btn_px=&#8221;0px&#8221; btn_icon_spacing=&#8221;{&#8220;xl&#8220;:&#8220;4&#8220;,&#8220;unit&#8220;:&#8220;&#8220;,&#8220;xs&#8220;:&#8220;&#8220;,&#8220;sm&#8220;:&#8220;&#8220;,&#8220;md&#8220;:&#8220;&#8220;,&#8220;lg&#8220;:&#8220;&#8220;}&#8221;][\/vc_column][vc_column width=&#8221;1\/2&#8243;][vc_gmaps link=&#8221;#E-8_JTNDaWZyYW1lJTIwc3JjJTNEJTIyaHR0cHMlM0ElMkYlMkZ3d3cuZ29vZ2xlLmNvbSUyRm1hcHMlMkZlbWJlZCUzRnBiJTNEJTIxMW0xOCUyMTFtMTIlMjExbTMlMjExZDMwMjUuMTAwNzAyNTk3Mzg0JTIxMmQwLjUzNzQyMDMxNTQ4NDAyMTYlMjEzZDQwLjY5Mzc3OTc0NjY2Njg2JTIxMm0zJTIxMWYwJTIxMmYwJTIxM2YwJTIxM20yJTIxMWkxMDI0JTIxMmk3NjglMjE0ZjEzLjElMjEzbTMlMjExbTIlMjExczB4MTJhMGZlYzBhNWUzOTIzOSUyNTNBMHhjZTEyODU0NWIzNjI2Zjk1JTIxMnNDdWx0aWRlbHRhJTI1MjAtJTI1MjBTb2xzJTI1QzMlMjVCMyUyMTVlMCUyMTNtMiUyMTFzY2ElMjEyc2VzJTIxNHYxNjc0MjExNjk3MzIxJTIxNW0yJTIxMXNjYSUyMTJzZXMlMjIlMjB3aWR0aCUzRCUyMjYwMCUyMiUyMGhlaWdodCUzRCUyMjMwMCUyMiUyMHN0eWxlJTNEJTIyYm9yZGVyJTNBMCUzQiUyMiUyMGFsbG93ZnVsbHNjcmVlbiUzRCUyMiUyMiUyMGxvYWRpbmclM0QlMjJsYXp5JTIyJTIwcmVmZXJyZXJwb2xpY3klM0QlMjJuby1yZWZlcnJlci13aGVuLWRvd25ncmFkZSUyMiUzRSUzQyUyRmlmcmFtZSUzRQ==&#8221;][\/vc_column][\/vc_row][vc_row wrap_container=&#8221;yes&#8221; is_section=&#8221;yes&#8221; section_skin=&#8221;parallax&#8221; remove_margin_top=&#8221;yes&#8221; remove_margin_bottom=&#8221;yes&#8221; remove_border=&#8221;yes&#8221; animation_delay=&#8221;100&#8243; css=&#8221;.vc_custom_1627777519672{padding-top: 74px !important;}&#8221; animation_type=&#8221;fadeInRight&#8221;][vc_column animation_delay=&#8221;300&#8243; offset=&#8221;vc_col-md-6&#8243; animation_type=&#8221;fadeInRight&#8221; conditional_render=&#8221;%5B%7B%22value_role%22%3A%22administrator%22%7D%5D&#8221;][vc_gmaps link=&#8221;#E-8_JTNDaWZyYW1lJTIwc3JjJTNEJTIyaHR0cHMlM0ElMkYlMkZ3d3cuZ29vZ2xlLmNvbSUyRm1hcHMlMkZlbWJlZCUzRnBiJTNEJTIxMW0xNCUyMTFtOCUyMTFtMyUyMTFkMTIxMDMuODQxMDQyNTI3OTkzJTIxMmQwLjU5MTY5MDI3Nzc3MDk3NzclMjEzZDQwLjY3NDg0NDU0Nzk0NTcxJTIxM20yJTIxMWkxMDI0JTIxMmk3NjglMjE0ZjEzLjElMjEzbTMlMjExbTIlMjExczB4MCUyNTNBMHhiNDhlYWRjNTY1NmZjZGIwJTIxMnNDdWx0aWRlbHRhJTI1MjAtJTI1MjBVbGxhbHMlMjE1ZTAlMjEzbTIlMjExc2NhJTIxMnNlcyUyMTR2MTY3NDIxMTY3MTYwNSUyMTVtMiUyMTFzY2ElMjEyc2VzJTIyJTIwd2lkdGglM0QlMjI2MDAlMjIlMjBoZWlnaHQlM0QlMjIzMDAlMjIlMjBzdHlsZSUzRCUyMmJvcmRlciUzQTAlM0IlMjIlMjBhbGxvd2Z1bGxzY3JlZW4lM0QlMjIlMjIlMjBsb2FkaW5nJTNEJTIybGF6eSUyMiUyMHJlZmVycmVycG9saWN5JTNEJTIybm8tcmVmZXJyZXItd2hlbi1kb3duZ3JhZGUlMjIlM0UlM0MlMkZpZnJhbWUlM0U=&#8221;][\/vc_column][vc_column animation_delay=&#8221;300&#8243; offset=&#8221;vc_col-md-6&#8243; animation_type=&#8221;fadeInLeft&#8221; conditional_render=&#8221;%5B%7B%22value_role%22%3A%22administrator%22%7D%5D&#8221;][vc_custom_heading text=&#8221;FINCA ULLALS&#8221; font_container=&#8221;tag:h3|text_align:left&#8221; use_theme_fonts=&#8221;yes&#8221;][vc_separator color=&#8221;custom&#8221; align=&#8221;align_left&#8221; border_width=&#8221;3&#8243; type=&#8221;small&#8221; gap=&#8221;short&#8221; accent_color=&#8221;#bc9552&#8243; css=&#8221;.vc_custom_1627483070534{margin-top: 27px !important;}&#8221;][vc_column_text css=&#8221;.vc_custom_1679656569015{margin-bottom: 18px !important;}&#8221;]Centre destinat a la producci\u00f3 d&#8217;esp\u00e8cies principalment hal\u00f2fils i\u00a0psam\u00f3filas, i on tamb\u00e9 es troba la nostra oficina.<\/p>\n<ul>\n<li>Carretera Canal Mar\u00edtimo Amposta-Sant Carles de la R\u00e0pita, km 2,9 (camino Ullals de Baltasar)<\/li>\n<li>43870 Amposta<\/li>\n<li>40\u00ba 40\u2019 43.49\u2019\u2019 N &#8212; 0\u00ba 35\u2019 43.86\u2019\u2019 E<\/li>\n<\/ul>\n<p>[\/vc_column_text][vc_btn title=&#8221;Llamar al 977 05 30 13&#8243; style=&#8221;flat&#8221; size=&#8221;lg&#8221; i_align=&#8221;right&#8221; i_icon_fontawesome=&#8221;fas fa-angle-right&#8221; skin=&#8221;primary&#8221; btn_fs=&#8221;.9em&#8221; btn_fw=&#8221;700&#8243; el_cls=&#8221;btn-arrow&#8221; add_icon=&#8221;true&#8221; link=&#8221;url:tel%3A977053013&#8243; btn_px=&#8221;0px&#8221; btn_icon_spacing=&#8221;{&#8220;xl&#8220;:&#8220;4&#8220;,&#8220;unit&#8220;:&#8220;&#8220;,&#8220;xs&#8220;:&#8220;&#8220;,&#8220;sm&#8220;:&#8220;&#8220;,&#8220;md&#8220;:&#8220;&#8220;,&#8220;lg&#8220;:&#8220;&#8220;}&#8221;][\/vc_column][\/vc_row]<\/p>\n<\/div>","protected":false},"excerpt":{"rendered":"<p>[vc_row wrap_container=&#8221;yes&#8221; is_section=&#8221;yes&#8221; section_skin=&#8221;parallax&#8221; remove_margin_top=&#8221;yes&#8221; remove_margin_bottom=&#8221;yes&#8221; remove_border=&#8221;yes&#8221; animation_delay=&#8221;100&#8243; css=&#8221;.vc_custom_1627777519672{padding-top: 74px !important;}&#8221; animation_type=&#8221;fadeInRight&#8221;][vc_column][vc_custom_heading text=&#8221;Els nostres dos centres de producci\u00f3 es troben en:&#8221; font_container=&#8221;tag:h3|text_align:center&#8221; use_theme_fonts=&#8221;yes&#8221; font_weight=&#8221;100&#8243; css=&#8221;.vc_custom_1679656435929{margin-bottom: 50px !important;}&#8221;][\/vc_column][\/vc_row][vc_row wrap_container=&#8221;yes&#8221; is_section=&#8221;yes&#8221; section_skin=&#8221;parallax&#8221; remove_margin_top=&#8221;yes&#8221; remove_margin_bottom=&#8221;yes&#8221; remove_border=&#8221;yes&#8221; animation_delay=&#8221;100&#8243; css=&#8221;.vc_custom_1627777519672{padding-top: 74px !important;}&#8221; animation_type=&#8221;fadeInRight&#8221;][vc_column width=&#8221;1\/2&#8243; animation_delay=&#8221;300&#8243; offset=&#8221;vc_col-md-6&#8243; animation_type=&#8221;fadeInLeft&#8221; conditional_render=&#8221;%5B%7B%22value_role%22%3A%22administrator%22%7D%5D&#8221;][vc_custom_heading text=&#8221;FINCA SOLS\u00d3&#8221; font_container=&#8221;tag:h3|text_align:left&#8221; use_theme_fonts=&#8221;yes&#8221;][vc_separator color=&#8221;custom&#8221; align=&#8221;align_left&#8221; border_width=&#8221;3&#8243; type=&#8221;small&#8221; gap=&#8221;short&#8221; accent_color=&#8221;#bc9552&#8243; css=&#8221;.vc_custom_1627483070534{margin-top: 27px [&hellip;]<\/p>\n","protected":false},"author":1,"featured_media":0,"parent":16605,"menu_order":0,"comment_status":"closed","ping_status":"closed","template":"","meta":{"_acf_changed":false,"om_disable_all_campaigns":false,"_monsterinsights_skip_tracking":false,"_monsterinsights_sitenote_active":false,"_monsterinsights_sitenote_note":"","_monsterinsights_sitenote_category":0,"footnotes":""},"class_list":["post-16708","page","type-page","status-publish","hentry"],"acf":[],"aioseo_notices":[],"_links":{"self":[{"href":"https:\/\/www.cultidelta.com\/ca\/wp-json\/wp\/v2\/pages\/16708","targetHints":{"allow":["GET"]}}],"collection":[{"href":"https:\/\/www.cultidelta.com\/ca\/wp-json\/wp\/v2\/pages"}],"about":[{"href":"https:\/\/www.cultidelta.com\/ca\/wp-json\/wp\/v2\/types\/page"}],"author":[{"embeddable":true,"href":"https:\/\/www.cultidelta.com\/ca\/wp-json\/wp\/v2\/users\/1"}],"replies":[{"embeddable":true,"href":"https:\/\/www.cultidelta.com\/ca\/wp-json\/wp\/v2\/comments?post=16708"}],"version-history":[{"count":3,"href":"https:\/\/www.cultidelta.com\/ca\/wp-json\/wp\/v2\/pages\/16708\/revisions"}],"predecessor-version":[{"id":16711,"href":"https:\/\/www.cultidelta.com\/ca\/wp-json\/wp\/v2\/pages\/16708\/revisions\/16711"}],"up":[{"embeddable":true,"href":"https:\/\/www.cultidelta.com\/ca\/wp-json\/wp\/v2\/pages\/16605"}],"wp:attachment":[{"href":"https:\/\/www.cultidelta.com\/ca\/wp-json\/wp\/v2\/media?parent=16708"}],"curies":[{"name":"wp","href":"https:\/\/api.w.org\/{rel}","templated":true}]}}