{"id":16731,"date":"2023-01-18T13:03:57","date_gmt":"2023-01-18T13:03:57","guid":{"rendered":"https:\/\/www.cultidelta.com\/cultidelta\/jardin-experimental\/"},"modified":"2023-04-05T11:05:38","modified_gmt":"2023-04-05T11:05:38","slug":"jardin-experimental","status":"publish","type":"page","link":"https:\/\/www.cultidelta.com\/ca\/cultidelta\/jardin-experimental\/","title":{"rendered":"Jard\u00ed experimental"},"content":{"rendered":"<div class=\"wpb-content-wrapper\"><p>[vc_row full_width=&#8221;stretch_row_content_no_spaces&#8221; content_placement=&#8221;middle&#8221; wrap_container=&#8221;yes&#8221; css=&#8221;.vc_custom_1674212081846{padding-top: 110px !important;padding-bottom: 80px !important;background-color: #ededed !important;}&#8221; conditional_render=&#8221;%5B%7B%22value_role%22%3A%22administrator%22%7D%5D&#8221;][vc_column width=&#8221;1\/2&#8243; el_class=&#8221;pe-lg-4&#8243;][vc_row_inner el_class=&#8221;justify-content-end&#8221;][vc_column_inner animation_delay=&#8221;600&#8243; offset=&#8221;vc_col-md-9&#8243; animation_type=&#8221;fadeInRight&#8221;]<div class=\"porto-u-heading mt-5  wpb_custom_95aa9a11c17ad45cfabaf210d84ee7cc porto-u-7730 \"><div class=\"porto-u-main-heading\"><h2   style=\"font-weight:700;color:#00a335;font-size:14px;line-height:27px;\">CULTIDELTA<\/h2><\/div><div class=\"porto-u-sub-heading\" style=\"font-size:16.8px;line-height:32px;\">Un dels objectius b\u00e0sics de Cultidelta \u00e9s no nom\u00e9s comercialitzar plantes, sin\u00f3 con\u00e8ixer-les perfectament perqu\u00e8 aix\u00ed, d&#8217;aquesta manera, puguem assessorar adequadament els clients.<\/div><style>.porto-u-7730.porto-u-heading{text-align:right}<\/style><\/div>[\/vc_column_inner][vc_column_inner animation_delay=&#8221;&#8221; offset=&#8221;vc_col-md-10&#8243;][vc_single_image image=&#8221;8582&#8243; img_size=&#8221;full&#8221; animation_delay=&#8221;500&#8243; el_class=&#8221;mb-1&#8243; animation_type=&#8221;zoomIn&#8221;][\/vc_column_inner][\/vc_row_inner][\/vc_column][vc_column width=&#8221;1\/2&#8243; el_class=&#8221;ps-lg-4&#8243;][vc_row_inner el_class=&#8221;justify-content-start&#8221;][vc_column_inner offset=&#8221;vc_col-md-10&#8243;][vc_single_image image=&#8221;8578&#8243; img_size=&#8221;full&#8221; animation_delay=&#8221;500&#8243; el_class=&#8221;mb-0&#8243; animation_type=&#8221;zoomIn&#8221;][\/vc_column_inner][vc_column_inner animation_delay=&#8221;600&#8243; offset=&#8221;vc_col-md-11&#8243; animation_type=&#8221;fadeInLeft&#8221;]<div class=\"porto-u-heading mt-5  wpb_custom_95aa9a11c17ad45cfabaf210d84ee7cc porto-u-9165 \"><div class=\"porto-u-sub-heading\" style=\"font-size:16.8px;line-height:32px;\">Considerem que una manera d&#8217;aconseguir-ho, a m\u00e9s de l&#8217;observaci\u00f3 a la natura, era creant petits jardins experimentals dins del viver, dissenyant el primer l&#8217;any 2012. Actualment comptem amb uns 1.800 m2 de superf\u00edcie on es testen les esp\u00e8cies en diferents condicions, com a orientaci\u00f3, estr\u00e8s h\u00eddric, pendent o tipus de s\u00f2l.<\/div><style>.porto-u-9165.porto-u-heading{text-align:left}<\/style><\/div>[\/vc_column_inner][\/vc_row_inner][\/vc_column][\/vc_row][vc_row full_width=&#8221;stretch_row_content_no_spaces&#8221; gap=&#8221;35&#8243; content_placement=&#8221;middle&#8221; wrap_container=&#8221;yes&#8221; text_align=&#8221;left&#8221; css=&#8221;.vc_custom_1674212538887{padding-top: 4.6153846154rem !important;padding-bottom: 4.6153846154rem !important;background-color: #ededed !important;}&#8221; conditional_render=&#8221;%5B%7B%22value_role%22%3A%22administrator%22%7D%5D&#8221;][vc_column width=&#8221;1\/2&#8243; offset=&#8221;vc_col-md-4&#8243; conditional_render=&#8221;%5B%7B%22value_role%22%3A%22administrator%22%7D%5D&#8221;][vc_column_text]Els jardins experimentals que tenim estarien dividits en les tem\u00e0tiques seg\u00fcents:<\/p>\n<ul>\n<li>Mediterranis sense reg<\/li>\n<li>Mediterranis amb reg<\/li>\n<li>Recreaci\u00f3 de sistemes dunars<\/li>\n<li>Coberta vegetal (sobre l&#8217;oficina)<\/li>\n<li>Salvietum<\/li>\n<\/ul>\n<p>[\/vc_column_text][\/vc_column][vc_column width=&#8221;1\/2&#8243; el_class=&#8221;carousel-half-full-width-wrapper carousel-half-full-width-right&#8221;]<div class=\"porto-carousel owl-carousel has-ccols has-ccols-spacing ccols-xl-3 ccols-lg-4 ccols-md-3 ccols-sm-2 ccols-1 carousel-shadow-1 custom-nav-left mb-0 mr-10 wpb_custom_324659f3639fc50e0d07e21da55ccd7b nav-bottom nav-style-2\" data-plugin-options=\"{&quot;themeConfig&quot;:true,&quot;stagePadding&quot;:0,&quot;margin&quot;:20,&quot;autoplay&quot;:false,&quot;mouseDrag&quot;:true,&quot;touchDrag&quot;:true,&quot;autoplayTimeout&quot;:5000,&quot;autoplayHoverPause&quot;:false,&quot;items&quot;:3,&quot;xl&quot;:3,&quot;lg&quot;:4,&quot;md&quot;:3,&quot;sm&quot;:2,&quot;xs&quot;:1,&quot;nav&quot;:&quot;yes&quot;,&quot;dots&quot;:false,&quot;animateIn&quot;:&quot;&quot;,&quot;animateOut&quot;:&quot;&quot;,&quot;loop&quot;:&quot;yes&quot;,&quot;center&quot;:false,&quot;video&quot;:false,&quot;lazyLoad&quot;:false,&quot;fullscreen&quot;:false}\">[vc_single_image image=&#8221;8591&#8243; img_size=&#8221;full&#8221; onclick=&#8221;img_link_large&#8221; lightbox=&#8221;yes&#8221; zoom_icon=&#8221;yes&#8221; el_class=&#8221;custom-img-100&#8243;][vc_single_image image=&#8221;8596&#8243; img_size=&#8221;full&#8221; onclick=&#8221;img_link_large&#8221; lightbox=&#8221;yes&#8221; zoom_icon=&#8221;yes&#8221; el_class=&#8221;custom-img-100&#8243;][vc_single_image image=&#8221;8566&#8243; img_size=&#8221;full&#8221; onclick=&#8221;img_link_large&#8221; lightbox=&#8221;yes&#8221; zoom_icon=&#8221;yes&#8221; el_class=&#8221;custom-img-100&#8243;][vc_single_image image=&#8221;8562&#8243; img_size=&#8221;full&#8221; onclick=&#8221;img_link_large&#8221; lightbox=&#8221;yes&#8221; zoom_icon=&#8221;yes&#8221; el_class=&#8221;custom-img-100 max-width:84%;&#8221;]<\/div>[\/vc_column][\/vc_row][vc_row][vc_column][\/vc_column][\/vc_row]<\/p>\n<\/div>","protected":false},"excerpt":{"rendered":"<p>[vc_row full_width=&#8221;stretch_row_content_no_spaces&#8221; content_placement=&#8221;middle&#8221; wrap_container=&#8221;yes&#8221; css=&#8221;.vc_custom_1674212081846{padding-top: 110px !important;padding-bottom: 80px !important;background-color: #ededed !important;}&#8221; conditional_render=&#8221;%5B%7B%22value_role%22%3A%22administrator%22%7D%5D&#8221;][vc_column width=&#8221;1\/2&#8243; el_class=&#8221;pe-lg-4&#8243;][vc_row_inner el_class=&#8221;justify-content-end&#8221;][vc_column_inner animation_delay=&#8221;600&#8243; offset=&#8221;vc_col-md-9&#8243; animation_type=&#8221;fadeInRight&#8221;][\/vc_column_inner][vc_column_inner animation_delay=&#8221;&#8221; offset=&#8221;vc_col-md-10&#8243;][vc_single_image image=&#8221;8582&#8243; img_size=&#8221;full&#8221; animation_delay=&#8221;500&#8243; el_class=&#8221;mb-1&#8243; animation_type=&#8221;zoomIn&#8221;][\/vc_column_inner][\/vc_row_inner][\/vc_column][vc_column width=&#8221;1\/2&#8243; el_class=&#8221;ps-lg-4&#8243;][vc_row_inner el_class=&#8221;justify-content-start&#8221;][vc_column_inner offset=&#8221;vc_col-md-10&#8243;][vc_single_image image=&#8221;8578&#8243; img_size=&#8221;full&#8221; animation_delay=&#8221;500&#8243; el_class=&#8221;mb-0&#8243; animation_type=&#8221;zoomIn&#8221;][\/vc_column_inner][vc_column_inner animation_delay=&#8221;600&#8243; offset=&#8221;vc_col-md-11&#8243; animation_type=&#8221;fadeInLeft&#8221;][\/vc_column_inner][\/vc_row_inner][\/vc_column][\/vc_row][vc_row full_width=&#8221;stretch_row_content_no_spaces&#8221; gap=&#8221;35&#8243; content_placement=&#8221;middle&#8221; wrap_container=&#8221;yes&#8221; text_align=&#8221;left&#8221; css=&#8221;.vc_custom_1674212538887{padding-top: 4.6153846154rem !important;padding-bottom: 4.6153846154rem !important;background-color: #ededed !important;}&#8221; conditional_render=&#8221;%5B%7B%22value_role%22%3A%22administrator%22%7D%5D&#8221;][vc_column width=&#8221;1\/2&#8243; offset=&#8221;vc_col-md-4&#8243; conditional_render=&#8221;%5B%7B%22value_role%22%3A%22administrator%22%7D%5D&#8221;][vc_column_text]Els jardins experimentals [&hellip;]<\/p>\n","protected":false},"author":1,"featured_media":0,"parent":16605,"menu_order":0,"comment_status":"closed","ping_status":"closed","template":"","meta":{"_acf_changed":false,"om_disable_all_campaigns":false,"_monsterinsights_skip_tracking":false,"_monsterinsights_sitenote_active":false,"_monsterinsights_sitenote_note":"","_monsterinsights_sitenote_category":0,"footnotes":""},"class_list":["post-16731","page","type-page","status-publish","hentry"],"acf":[],"aioseo_notices":[],"_links":{"self":[{"href":"https:\/\/www.cultidelta.com\/ca\/wp-json\/wp\/v2\/pages\/16731","targetHints":{"allow":["GET"]}}],"collection":[{"href":"https:\/\/www.cultidelta.com\/ca\/wp-json\/wp\/v2\/pages"}],"about":[{"href":"https:\/\/www.cultidelta.com\/ca\/wp-json\/wp\/v2\/types\/page"}],"author":[{"embeddable":true,"href":"https:\/\/www.cultidelta.com\/ca\/wp-json\/wp\/v2\/users\/1"}],"replies":[{"embeddable":true,"href":"https:\/\/www.cultidelta.com\/ca\/wp-json\/wp\/v2\/comments?post=16731"}],"version-history":[{"count":3,"href":"https:\/\/www.cultidelta.com\/ca\/wp-json\/wp\/v2\/pages\/16731\/revisions"}],"predecessor-version":[{"id":16921,"href":"https:\/\/www.cultidelta.com\/ca\/wp-json\/wp\/v2\/pages\/16731\/revisions\/16921"}],"up":[{"embeddable":true,"href":"https:\/\/www.cultidelta.com\/ca\/wp-json\/wp\/v2\/pages\/16605"}],"wp:attachment":[{"href":"https:\/\/www.cultidelta.com\/ca\/wp-json\/wp\/v2\/media?parent=16731"}],"curies":[{"name":"wp","href":"https:\/\/api.w.org\/{rel}","templated":true}]}}