{"id":16745,"date":"2023-01-19T09:17:52","date_gmt":"2023-01-19T09:17:52","guid":{"rendered":"https:\/\/www.cultidelta.com\/cultidelta\/sobre-nosotros\/"},"modified":"2023-04-05T11:04:47","modified_gmt":"2023-04-05T11:04:47","slug":"sobre-nosotros","status":"publish","type":"page","link":"https:\/\/www.cultidelta.com\/ca\/cultidelta\/sobre-nosotros\/","title":{"rendered":"Sobre nosaltres"},"content":{"rendered":"<div class=\"wpb-content-wrapper\"><p>[vc_row][vc_column][vc_raw_html]JTVCdmNfcm93JTIwd3JhcF9jb250YWluZXIlM0QlMjJ5ZXMlMjIlMjBjb25kaXRpb25hbF9yZW5kZXIlM0QlMjIlMjU1QiUyNTdCJTI1MjJ2YWx1ZV9yb2xlJTI1MjIlMjUzQSUyNTIyYWRtaW5pc3RyYXRvciUyNTIyJTI1N0QlMjU1RCUyMiUyMGNzcyUzRCUyMi52Y19jdXN0b21fMTY1MzQxNzkzNjIyMyU3Qm1hcmdpbi10b3AlM0ElMjA3MnB4JTIwJTIxaW1wb3J0YW50JTNCbWFyZ2luLWJvdHRvbSUzQSUyMDI1cHglMjAlMjFpbXBvcnRhbnQlM0IlN0QlMjIlNUQlNUJ2Y19jb2x1bW4lMjBjc3MlM0QlMjIudmNfY3VzdG9tXzE2NTMzMzQwOTE1OTglN0JtYXJnaW4tdG9wJTNBJTIwMnB4JTIwJTIxaW1wb3J0YW50JTNCbWFyZ2luLWJvdHRvbSUzQSUyMDQycHglMjAlMjFpbXBvcnRhbnQlM0IlN0QlMjIlMjBjb25kaXRpb25hbF9yZW5kZXIlM0QlMjIlMjU1QiUyNTdCJTI1MjJ2YWx1ZV9yb2xlJTI1MjIlMjUzQSUyNTIyYWRtaW5pc3RyYXRvciUyNTIyJTI1N0QlMjU1RCUyMiUyMG9mZnNldCUzRCUyMnZjX2NvbC1tZC02JTIyJTVEJTVCcG9ydG9fdWx0aW1hdGVfaGVhZGluZyUyMG1haW5faGVhZGluZyUzRCUyMkNVTFRJREVMVEElMjIlMjBtYWluX2hlYWRpbmdfY29sb3IlM0QlMjIlMjMwMGEzMzUlMjIlMjBzdWJfaGVhZGluZ19jb2xvciUzRCUyMiUyMzNlM2UzZSUyMiUyMGFsaWdubWVudCUzRCUyMiU3QiU2MCU2MHhsJTYwJTYwJTNBJTYwJTYwbGVmdCU2MCU2MCU3RCUyMiUyMG1haW5faGVhZGluZ19wb3J0b190eXBvZ3JhcGh5JTNEJTIyJTdCJTYwJTYwZmFtaWx5JTYwJTYwJTNBJTYwJTYwRGVmYXVsdCU2MCU2MCUyQyU2MCU2MHZhcmlhbnQlNjAlNjAlM0ElNjAlNjBEZWZhdWx0JTYwJTYwJTJDJTYwJTYwZm9udF9zaXplJTYwJTYwJTNBJTYwJTYwMTZweCU2MCU2MCUyQyU2MCU2MGxpbmVfaGVpZ2h0JTYwJTYwJTNBJTYwJTYwJTYwJTYwJTJDJTYwJTYwbGV0dGVyX3NwYWNpbmclNjAlNjAlM0ElNjAlNjAlNjAlNjAlMkMlNjAlNjB0ZXh0X3RyYW5zZm9ybSU2MCU2MCUzQSU2MCU2MCU2MCU2MCU3RCUyMiUyMHN1Yl9oZWFkaW5nX3BvcnRvX3R5cG9ncmFwaHklM0QlMjIlN0IlNjAlNjBmYW1pbHklNjAlNjAlM0ElNjAlNjBEZWZhdWx0JTYwJTYwJTJDJTYwJTYwdmFyaWFudCU2MCU2MCUzQSU2MCU2MDcwMCU2MCU2MCUyQyU2MCU2MGZvbnRfc2l6ZSU2MCU2MCUzQSU2MCU2MDM2LjhweCU2MCU2MCUyQyU2MCU2MGxpbmVfaGVpZ2h0JTYwJTYwJTNBJTYwJTYwMS4yJTYwJTYwJTJDJTYwJTYwbGV0dGVyX3NwYWNpbmclNjAlNjAlM0ElNjAlNjAtMS44NHB4JTYwJTYwJTJDJTYwJTYwdGV4dF90cmFuc2Zvcm0lNjAlNjAlM0ElNjAlNjAlNjAlNjAlN0QlMjIlMjBtYWluX2hlYWRpbmdfbWFyZ2luX2JvdHRvbSUzRCUyMjEwJTIyJTIwZWxfY2xhc3MlM0QlMjJtYi0zJTIyJTVEUXVpJTIwc29tJTVCJTJGcG9ydG9fdWx0aW1hdGVfaGVhZGluZyU1RCU1QnZjX2N1c3RvbV9oZWFkaW5nJTIwdGV4dCUzRCUyMkxhJTIwbm9zdHJhJTIwZW1wcmVzYSUyMGVzdCVDMyVBMCUyMGVzcGVjaWFsaXR6YWRhJTIwZW4lMjBsYSUyMHByb2R1Y2NpJUMzJUIzJTIwaSUyMGNvbWVyY2lhbGl0emFjaSVDMyVCMyUyMGRlJTIwcGxhbnRlcyUyMGF1dCVDMyVCMmN0b25lcyUyMGRlJTIwbGVzJTIwJUMzJUEwcmVlcyUyMG1lZGl0ZXJyJUMzJUEwbmllcyUyQyUyMGRlc3RpbmFkZXMlMjBhJTIwb2JyZXMlMjBkZSUyMHRpcHVzJTIwbWVkaWFtYmllbnRhbCUyMG8lMjBqYXJkaW5lcmlhJTIwZGUlMjBiYWl4JTIwY29uc3VtJTIwaCVDMyVBRGRyaWMuJTIyJTIwZm9udF9jb250YWluZXIlM0QlMjJ0YWclM0FwJTdDdGV4dF9hbGlnbiUzQWxlZnQlMjIlMjB1c2VfdGhlbWVfZm9udHMlM0QlMjJ5ZXMlMjIlMjBlbF9jbGFzcyUzRCUyMm1iLTQlMjIlNUQlNUJwb3J0b191bHRpbWF0ZV9oZWFkaW5nJTIwbWFpbl9oZWFkaW5nJTNEJTIyTGElMjBjYWRhJTIwdmVnYWRhJTIwbSVDMyVBOXMlMjBpbXBvcnRhbnQlMjBzZW5zaWJpbGl0emFjaSVDMyVCMyUyMGRlJTIwbGElMjBzb2NpZXRhdCUyMGNhcCUyMGFsJTIwbWVkaSUyMGFtYmllbnQlMkMlMjBmYSUyMHF1ZSUyMHNpZ3VpJTIwbSVDMyVBOXMlMjBpbXBvcnRhbnQlMjBsJTI3JUMzJUJBcyUyMGQlMjdlc3AlQzMlQThjaWVzJTIwcXVlJTIwcyUyN2FkYXB0aW4lMjBwZXJmZWN0YW1lbnQlMjBhJTIwbGElMjB6b25hJTIwZCUyN2ltcGxhbnRhY2klQzMlQjMuJTIwJUMzJTg5cyUyMHBlciUyMGFxdWVzdCUyMG1vdGl1JTIwcXVlJTIwQ3VsdGlkZWx0YSUyQyUyMGRlcyUyMGRlJTIwbGElMjBzZXZhJTIwY3JlYWNpJUMzJUIzJTIwZW4lMjAxOTk5JTJDJTIwdmUlMjBkZXNlbnZvbHVwYW50JTIwbGElMjB0YXNjYSUyMGRlJTIwcHJvZHVpciUyMHVuYSUyMGdyYW4lMjBkaXZlcnNpdGF0JTIwZCUyN2VzcCVDMyVBOGNpZXMlMjBhcHRlcyUyMHBlciUyMGElMjBkaXZlcnNvcyUyMGVjb3Npc3RlbWVzJTIwbyUyMHV0aWxpdGF0cyUyQyUyMHNlbGVjY2lvbmFkZXMlMjBwZWxzJTIwc2V1cyUyMHBhciVDMyVBMG1ldHJlcyUyMGRlJTIwdG9sZXIlQzMlQTBuY2lhJTIwYSUyMGxhJTIwc2VxdWVyYSUyQyUyMHBvdGVuY2lhbCUyMG9ybmFtZW50YWwlMjBvJTIwYWx0cmVzJTIwZmlucyUyMHF1ZSUyMHB1Z3VpbiUyMHNlciUyMGludGVyZXNzYW50cy4lMjAlMjIlMjBoZWFkaW5nX3RhZyUzRCUyMmRpdiUyMiUyMGFsaWdubWVudCUzRCUyMiU3QiU2MCU2MHhsJTYwJTYwJTNBJTYwJTYwbGVmdCU2MCU2MCU3RCUyMiUyMG1haW5faGVhZGluZ19wb3J0b190eXBvZ3JhcGh5JTNEJTIyJTdCJTYwJTYwZmFtaWx5JTYwJTYwJTNBJTYwJTYwRGVmYXVsdCU2MCU2MCUyQyU2MCU2MHZhcmlhbnQlNjAlNjAlM0ElNjAlNjByZWd1bGFyJTYwJTYwJTJDJTYwJTYwZm9udF9zaXplJTYwJTYwJTNBJTYwJTYwMThweCU2MCU2MCUyQyU2MCU2MGxpbmVfaGVpZ2h0JTYwJTYwJTNBJTYwJTYwMzBweCU2MCU2MCUyQyU2MCU2MGxldHRlcl9zcGFjaW5nJTYwJTYwJTNBJTYwJTYwJTYwJTYwJTJDJTYwJTYwdGV4dF90cmFuc2Zvcm0lNjAlNjAlM0ElNjAlNjAlNjAlNjAlN0QlMjIlMjBtYWluX2hlYWRpbmdfbWFyZ2luX2JvdHRvbSUzRCUyMjMyJTIyJTIwc3ViX2hlYWRpbmdfcG9ydG9fdHlwb2dyYXBoeSUzRCUyMiU3QiU2MCU2MGZhbWlseSU2MCU2MCUzQSU2MCU2MERlZmF1bHQlNjAlNjAlMkMlNjAlNjB2YXJpYW50JTYwJTYwJTNBJTYwJTYwRGVmYXVsdCU2MCU2MCUyQyU2MCU2MGZvbnRfc2l6ZSU2MCU2MCUzQSU2MCU2MDE2cHglNjAlNjAlMkMlNjAlNjBsaW5lX2hlaWdodCU2MCU2MCUzQSU2MCU2MCU2MCU2MCUyQyU2MCU2MGxldHRlcl9zcGFjaW5nJTYwJTYwJTNBJTYwJTYwJTYwJTYwJTJDJTYwJTYwdGV4dF90cmFuc2Zvcm0lNjAlNjAlM0ElNjAlNjAlNjAlNjAlN0QlMjIlMjBzdWJfaGVhZGluZ19tYXJnaW5fYm90dG9tJTNEJTIyMzIlMjIlNUQlMEElMEElMEElMEElNUIlMkZwb3J0b191bHRpbWF0ZV9oZWFkaW5nJTVEJTVCdmNfYnRuJTIwdGl0bGUlM0QlMjJMRVMlMjBOT1NUUkVTJTIwJUMzJTgwUkVFUyUyMERFJTIwVFJFQkFMTCUyMiUyMHN0eWxlJTNEJTIyY3VzdG9tJTIyJTIwY3VzdG9tX2JhY2tncm91bmQlM0QlMjIlMjIlMjBjdXN0b21fdGV4dCUzRCUyMiUyMiUyMGlfYWxpZ24lM0QlMjJyaWdodCUyMiUyMGlfdHlwZSUzRCUyMnBvcnRvJTIyJTIwc2tpbiUzRCUyMnByaW1hcnklMjIlMjBidG5fZnMlM0QlMjIxMi44cHglMjIlMjBidG5fZnclM0QlMjI3MDAlMjIlMjBob3Zlcl9lZmZlY3QlM0QlMjJob3Zlci1pY29uLXB1bHNlLWxlZnQtcmlnaHQlMjIlMjBhZGRfaWNvbiUzRCUyMnRydWUlMjIlMjBsaW5rJTNEJTIydXJsJTNBaHR0cHMlMjUzQSUyNTJGJTI1MkZjdWx0aWRlbHRhLmNvbSUyNTJGYXJlYXMtZGUtdHJhYmFqbyUyNTJGJTIyJTIwYnRuX3B4JTNEJTIyNDdweCUyMiUyMGJ0bl9weSUzRCUyMjE2cHglMjIlMjBlbF9jbGFzcyUzRCUyMmN1c3RvbS1idG4lMjIlMjBidG5faWNvbl9zcGFjaW5nJTNEJTIyJTdCJTYwJTYweGwlNjAlNjAlM0ElNjAlNjA0JTYwJTYwJTJDJTYwJTYwdW5pdCU2MCU2MCUzQSU2MCU2MCU2MCU2MCUyQyU2MCU2MHhzJTYwJTYwJTNBJTYwJTYwJTYwJTYwJTJDJTYwJTYwc20lNjAlNjAlM0ElNjAlNjAlNjAlNjAlMkMlNjAlNjBtZCU2MCU2MCUzQSU2MCU2MCU2MCU2MCUyQyU2MCU2MGxnJTYwJTYwJTNBJTYwJTYwJTYwJTYwJTdEJTIyJTIwaV9pY29uX3BvcnRvJTNEJTIycG9ydG8taWNvbi1hcnJvdy1mb3J3YXJkLXJpZ2h0JTIyJTVEJTVCJTJGdmNfY29sdW1uJTVEJTVCdmNfY29sdW1uJTIwb2Zmc2V0JTNEJTIydmNfY29sLW1kLTYlMjIlMjBjb25kaXRpb25hbF9yZW5kZXIlM0QlMjIlMjU1QiUyNTdCJTI1MjJ2YWx1ZV9yb2xlJTI1MjIlMjUzQSUyNTIyYWRtaW5pc3RyYXRvciUyNTIyJTI1N0QlMjU1RCUyMiUyMGNzcyUzRCUyMi52Y19jdXN0b21fMTY1MzQzNDY1NzcwMiU3Qm1hcmdpbi1ib3R0b20lM0ElMjA0MnB4JTIwJTIxaW1wb3J0YW50JTNCJTdEJTIyJTIwZWxfY2xhc3MlM0QlMjJjdXN0b20tZ2FsbGVyeSUyMiU1RCU1QnBvcnRvX2FuaW1hdGlvbiUyMGFuaW1hdGlvbl9kZWxheSUzRCUyMjEwMCUyMiUyMG1vdXNlX3BhcmFsbGF4JTNEJTIyJTIyJTIwYW5pbWF0aW9uX3R5cGUlM0QlMjJ6b29tSW4lMjIlMjBlbF9jbGFzcyUzRCUyMmFuaW0taW1nLTElMjIlNUQlNUJ2Y19zaW5nbGVfaW1hZ2UlMjBpbWFnZSUzRCUyMjU0OTIlMjIlMjBpbWdfc2l6ZSUzRCUyMmZ1bGwlMjIlMjBhbGlnbm1lbnQlM0QlMjJjZW50ZXIlMjIlMjBhbmltYXRpb25fZGVsYXklM0QlMjIxMDAlMjIlMjBmbG9hdGluZ19zdGFydF9wb3MlM0QlMjJ0b3AlMjIlMjBmbG9hdGluZ19zcGVlZCUzRCUyMjkuOCUyMiUyMGNzcyUzRCUyMi52Y19jdXN0b21fMTY1MzQxNjYyNTc4NyU3Qm1hcmdpbi10b3AlM0ElMjAtOHB4JTIwJTIxaW1wb3J0YW50JTNCJTdEJTIyJTIwZmxvYXRpbmdfZHVyYXRpb24lM0QlMjIxMDAwJTIyJTIwZWxfY2xhc3MlM0QlMjJtYi0wJTIwbXgtYXV0byUyMiU1RCU1QiUyRnBvcnRvX2FuaW1hdGlvbiU1RCU1QnBvcnRvX2FuaW1hdGlvbiUyMGFuaW1hdGlvbl9kZWxheSUzRCUyMjMwMCUyMiUyMG1vdXNlX3BhcmFsbGF4JTNEJTIyJTIyJTIwYW5pbWF0aW9uX3R5cGUlM0QlMjJ6b29tSW4lMjIlMjBlbF9jbGFzcyUzRCUyMmFuaW0taW1nLTIlMjBwb3NpdGlvbi1hYnNvbHV0ZSUyMHRvcC0wJTIwc3RhcnQtMCUyMHctMTAwJTIyJTVEJTVCdmNfc2luZ2xlX2ltYWdlJTIwaW1hZ2UlM0QlMjI5MzY3JTIyJTIwaW1nX3NpemUlM0QlMjJtZWRpdW0lMjIlMjBhbGlnbm1lbnQlM0QlMjJjZW50ZXIlMjIlMjBhbmltYXRpb25fZGVsYXklM0QlMjIzMDAlMjIlMjBmbG9hdGluZ19zdGFydF9wb3MlM0QlMjJ0b3AlMjIlMjBmbG9hdGluZ19zcGVlZCUzRCUyMjkuNyUyMiUyMGZsb2F0aW5nX2R1cmF0aW9uJTNEJTIyMTAwMCUyMiUyMGVsX2NsYXNzJTNEJTIybWItMCUyMiU1RCU1QiUyRnBvcnRvX2FuaW1hdGlvbiU1RCU1QnBvcnRvX2FuaW1hdGlvbiUyMGFuaW1hdGlvbl9kZWxheSUzRCUyMjYwMCUyMiUyMG1vdXNlX3BhcmFsbGF4JTNEJTIyJTIyJTIwYW5pbWF0aW9uX3R5cGUlM0QlMjJ6b29tSW4lMjIlMjBlbF9jbGFzcyUzRCUyMmFuaW0taW1nLTMlMjBwb3NpdGlvbi1hYnNvbHV0ZSUyMHRvcC0wJTIwZW5kLTAlMjIlNUQlNUJ2Y19zaW5nbGVfaW1hZ2UlMjBpbWFnZSUzRCUyMjk0MjAlMjIlMjBpbWdfc2l6ZSUzRCUyMmZ1bGwlMjIlMjBhbGlnbm1lbnQlM0QlMjJjZW50ZXIlMjIlMjBhbmltYXRpb25fZGVsYXklM0QlMjI1MDAlMjIlMjBmbG9hdGluZ19zdGFydF9wb3MlM0QlMjJ0b3AlMjIlMjBmbG9hdGluZ19zcGVlZCUzRCUyMjkuNiUyMiUyMGZsb2F0aW5nX2R1cmF0aW9uJTNEJTIyMTAwMCUyMiUyMGVsX2NsYXNzJTNEJTIybWItMCUyMG1sLWF1dG8lMjIlNUQlNUIlMkZwb3J0b19hbmltYXRpb24lNUQlNUIlMkZ2Y19jb2x1bW4lNUQlNUIlMkZ2Y19yb3clNUQ=[\/vc_raw_html][\/vc_column][\/vc_row][vc_row][vc_column][vc_column_text][\/vc_column_text][\/vc_column][\/vc_row][vc_row no_padding=&#8221;yes&#8221; conditional_render=&#8221;%5B%7B%22value_role%22%3A%22administrator%22%7D%5D&#8221;][vc_column parallax=&#8221;content-moving&#8221; parallax_image=&#8221;9390&#8243; conditional_render=&#8221;%5B%7B%22value_role%22%3A%22administrator%22%7D%5D&#8221; css=&#8221;.vc_custom_1675855712365{padding-top: 12.15rem !important;padding-bottom: 12.15rem !important;}&#8221; offset=&#8221;vc_col-md-6&#8243;][\/vc_column][vc_column is_half=&#8221;yes&#8221; conditional_render=&#8221;%5B%7B%22value_role%22%3A%22administrator%22%7D%5D&#8221; css=&#8221;.vc_custom_1653434372205{padding-top: 7.2rem !important;padding-bottom: 7.5rem !important;background-color: #f7f7f7 !important;}&#8221; offset=&#8221;vc_col-md-6&#8243;]<div class=\"porto-u-heading ml-lg-5 mb-0 w-max-493  wpb_custom_101fa6c19c1aa2506258be3da906857d porto-u-5173 \"><div class=\"porto-u-main-heading\"><h2   style=\"margin-bottom: 12px;\">Recerca i desenvolupament<\/h2><\/div><div class=\"porto-u-sub-heading\" style=\"\">A m\u00e9s a m\u00e9s, comptem amb un departament t\u00e8cnic que est\u00e0 cont\u00ednuament fent una tasca de recerca i desenvolupament, col\u00b7laborant en la redacci\u00f3 o modificaci\u00f3 de projectes, aportant les solucions t\u00e8cniques m\u00e9s adequades per a cada cas.<\/div><style>.porto-u-5173.porto-u-heading{text-align:left}<\/style><\/div>[\/vc_column][\/vc_row][vc_row no_padding=&#8221;yes&#8221; conditional_render=&#8221;%5B%7B%22value_role%22%3A%22administrator%22%7D%5D&#8221;][vc_column parallax=&#8221;content-moving&#8221; parallax_image=&#8221;5507&#8243; conditional_render=&#8221;%5B%7B%22value_role%22%3A%22administrator%22%7D%5D&#8221; css=&#8221;.vc_custom_1653434378835{padding-top: 12.15rem !important;padding-bottom: 12.15rem !important;}&#8221; el_class=&#8221;order-lg-last&#8221; offset=&#8221;vc_col-md-6&#8243;][\/vc_column][vc_column is_half=&#8221;yes&#8221; is_half_right=&#8221;yes&#8221; conditional_render=&#8221;%5B%7B%22value_role%22%3A%22administrator%22%7D%5D&#8221; css=&#8221;.vc_custom_1653434385187{padding-top: 7.2rem !important;padding-bottom: 7.5rem !important;background-color: #f7f7f7 !important;}&#8221; offset=&#8221;vc_col-md-6&#8243;]<div class=\"porto-u-heading ml-lg-auto mr-lg-5 mb-0 w-max-493  wpb_custom_101fa6c19c1aa2506258be3da906857d porto-u-8026 \"><div class=\"porto-u-main-heading\"><h2   style=\"margin-bottom: 12px;\">Entorn Natural<\/h2><\/div><div class=\"porto-u-sub-heading\" style=\"\">Aquesta tasca la desenvolupem des del nostre entorn privilegiat, a Amposta, 180 km al sud de Barcelona, entre el Parc Natural dels Ports, zona muntanyosa d&#8217;alt valor ecol\u00f2gic amb la pres\u00e8ncia de boscos relictuals i el Parc Natural del Delta de l&#8217;Ebre, una de zones aiguamolls i sistemes dunars m\u00e9s importants de la Mediterr\u00e0nia.<\/div><style>.porto-u-8026.porto-u-heading{text-align:left}<\/style><\/div>[\/vc_column][\/vc_row]<\/p>\n<\/div>","protected":false},"excerpt":{"rendered":"<p>[vc_row][vc_column][vc_raw_html]JTVCdmNfcm93JTIwd3JhcF9jb250YWluZXIlM0QlMjJ5ZXMlMjIlMjBjb25kaXRpb25hbF9yZW5kZXIlM0QlMjIlMjU1QiUyNTdCJTI1MjJ2YWx1ZV9yb2xlJTI1MjIlMjUzQSUyNTIyYWRtaW5pc3RyYXRvciUyNTIyJTI1N0QlMjU1RCUyMiUyMGNzcyUzRCUyMi52Y19jdXN0b21fMTY1MzQxNzkzNjIyMyU3Qm1hcmdpbi10b3AlM0ElMjA3MnB4JTIwJTIxaW1wb3J0YW50JTNCbWFyZ2luLWJvdHRvbSUzQSUyMDI1cHglMjAlMjFpbXBvcnRhbnQlM0IlN0QlMjIlNUQlNUJ2Y19jb2x1bW4lMjBjc3MlM0QlMjIudmNfY3VzdG9tXzE2NTMzMzQwOTE1OTglN0JtYXJnaW4tdG9wJTNBJTIwMnB4JTIwJTIxaW1wb3J0YW50JTNCbWFyZ2luLWJvdHRvbSUzQSUyMDQycHglMjAlMjFpbXBvcnRhbnQlM0IlN0QlMjIlMjBjb25kaXRpb25hbF9yZW5kZXIlM0QlMjIlMjU1QiUyNTdCJTI1MjJ2YWx1ZV9yb2xlJTI1MjIlMjUzQSUyNTIyYWRtaW5pc3RyYXRvciUyNTIyJTI1N0QlMjU1RCUyMiUyMG9mZnNldCUzRCUyMnZjX2NvbC1tZC02JTIyJTVEJTVCcG9ydG9fdWx0aW1hdGVfaGVhZGluZyUyMG1haW5faGVhZGluZyUzRCUyMkNVTFRJREVMVEElMjIlMjBtYWluX2hlYWRpbmdfY29sb3IlM0QlMjIlMjMwMGEzMzUlMjIlMjBzdWJfaGVhZGluZ19jb2xvciUzRCUyMiUyMzNlM2UzZSUyMiUyMGFsaWdubWVudCUzRCUyMiU3QiU2MCU2MHhsJTYwJTYwJTNBJTYwJTYwbGVmdCU2MCU2MCU3RCUyMiUyMG1haW5faGVhZGluZ19wb3J0b190eXBvZ3JhcGh5JTNEJTIyJTdCJTYwJTYwZmFtaWx5JTYwJTYwJTNBJTYwJTYwRGVmYXVsdCU2MCU2MCUyQyU2MCU2MHZhcmlhbnQlNjAlNjAlM0ElNjAlNjBEZWZhdWx0JTYwJTYwJTJDJTYwJTYwZm9udF9zaXplJTYwJTYwJTNBJTYwJTYwMTZweCU2MCU2MCUyQyU2MCU2MGxpbmVfaGVpZ2h0JTYwJTYwJTNBJTYwJTYwJTYwJTYwJTJDJTYwJTYwbGV0dGVyX3NwYWNpbmclNjAlNjAlM0ElNjAlNjAlNjAlNjAlMkMlNjAlNjB0ZXh0X3RyYW5zZm9ybSU2MCU2MCUzQSU2MCU2MCU2MCU2MCU3RCUyMiUyMHN1Yl9oZWFkaW5nX3BvcnRvX3R5cG9ncmFwaHklM0QlMjIlN0IlNjAlNjBmYW1pbHklNjAlNjAlM0ElNjAlNjBEZWZhdWx0JTYwJTYwJTJDJTYwJTYwdmFyaWFudCU2MCU2MCUzQSU2MCU2MDcwMCU2MCU2MCUyQyU2MCU2MGZvbnRfc2l6ZSU2MCU2MCUzQSU2MCU2MDM2LjhweCU2MCU2MCUyQyU2MCU2MGxpbmVfaGVpZ2h0JTYwJTYwJTNBJTYwJTYwMS4yJTYwJTYwJTJDJTYwJTYwbGV0dGVyX3NwYWNpbmclNjAlNjAlM0ElNjAlNjAtMS44NHB4JTYwJTYwJTJDJTYwJTYwdGV4dF90cmFuc2Zvcm0lNjAlNjAlM0ElNjAlNjAlNjAlNjAlN0QlMjIlMjBtYWluX2hlYWRpbmdfbWFyZ2luX2JvdHRvbSUzRCUyMjEwJTIyJTIwZWxfY2xhc3MlM0QlMjJtYi0zJTIyJTVEUXVpJTIwc29tJTVCJTJGcG9ydG9fdWx0aW1hdGVfaGVhZGluZyU1RCU1QnZjX2N1c3RvbV9oZWFkaW5nJTIwdGV4dCUzRCUyMkxhJTIwbm9zdHJhJTIwZW1wcmVzYSUyMGVzdCVDMyVBMCUyMGVzcGVjaWFsaXR6YWRhJTIwZW4lMjBsYSUyMHByb2R1Y2NpJUMzJUIzJTIwaSUyMGNvbWVyY2lhbGl0emFjaSVDMyVCMyUyMGRlJTIwcGxhbnRlcyUyMGF1dCVDMyVCMmN0b25lcyUyMGRlJTIwbGVzJTIwJUMzJUEwcmVlcyUyMG1lZGl0ZXJyJUMzJUEwbmllcyUyQyUyMGRlc3RpbmFkZXMlMjBhJTIwb2JyZXMlMjBkZSUyMHRpcHVzJTIwbWVkaWFtYmllbnRhbCUyMG8lMjBqYXJkaW5lcmlhJTIwZGUlMjBiYWl4JTIwY29uc3VtJTIwaCVDMyVBRGRyaWMuJTIyJTIwZm9udF9jb250YWluZXIlM0QlMjJ0YWclM0FwJTdDdGV4dF9hbGlnbiUzQWxlZnQlMjIlMjB1c2VfdGhlbWVfZm9udHMlM0QlMjJ5ZXMlMjIlMjBlbF9jbGFzcyUzRCUyMm1iLTQlMjIlNUQlNUJwb3J0b191bHRpbWF0ZV9oZWFkaW5nJTIwbWFpbl9oZWFkaW5nJTNEJTIyTGElMjBjYWRhJTIwdmVnYWRhJTIwbSVDMyVBOXMlMjBpbXBvcnRhbnQlMjBzZW5zaWJpbGl0emFjaSVDMyVCMyUyMGRlJTIwbGElMjBzb2NpZXRhdCUyMGNhcCUyMGFsJTIwbWVkaSUyMGFtYmllbnQlMkMlMjBmYSUyMHF1ZSUyMHNpZ3VpJTIwbSVDMyVBOXMlMjBpbXBvcnRhbnQlMjBsJTI3JUMzJUJBcyUyMGQlMjdlc3AlQzMlQThjaWVzJTIwcXVlJTIwcyUyN2FkYXB0aW4lMjBwZXJmZWN0YW1lbnQlMjBhJTIwbGElMjB6b25hJTIwZCUyN2ltcGxhbnRhY2klQzMlQjMuJTIwJUMzJTg5cyUyMHBlciUyMGFxdWVzdCUyMG1vdGl1JTIwcXVlJTIwQ3VsdGlkZWx0YSUyQyUyMGRlcyUyMGRlJTIwbGElMjBzZXZhJTIwY3JlYWNpJUMzJUIzJTIwZW4lMjAxOTk5JTJDJTIwdmUlMjBkZXNlbnZvbHVwYW50JTIwbGElMjB0YXNjYSUyMGRlJTIwcHJvZHVpciUyMHVuYSUyMGdyYW4lMjBkaXZlcnNpdGF0JTIwZCUyN2VzcCVDMyVBOGNpZXMlMjBhcHRlcyUyMHBlciUyMGElMjBkaXZlcnNvcyUyMGVjb3Npc3RlbWVzJTIwbyUyMHV0aWxpdGF0cyUyQyUyMHNlbGVjY2lvbmFkZXMlMjBwZWxzJTIwc2V1cyUyMHBhciVDMyVBMG1ldHJlcyUyMGRlJTIwdG9sZXIlQzMlQTBuY2lhJTIwYSUyMGxhJTIwc2VxdWVyYSUyQyUyMHBvdGVuY2lhbCUyMG9ybmFtZW50YWwlMjBvJTIwYWx0cmVzJTIwZmlucyUyMHF1ZSUyMHB1Z3VpbiUyMHNlciUyMGludGVyZXNzYW50cy4lMjAlMjIlMjBoZWFkaW5nX3RhZyUzRCUyMmRpdiUyMiUyMGFsaWdubWVudCUzRCUyMiU3QiU2MCU2MHhsJTYwJTYwJTNBJTYwJTYwbGVmdCU2MCU2MCU3RCUyMiUyMG1haW5faGVhZGluZ19wb3J0b190eXBvZ3JhcGh5JTNEJTIyJTdCJTYwJTYwZmFtaWx5JTYwJTYwJTNBJTYwJTYwRGVmYXVsdCU2MCU2MCUyQyU2MCU2MHZhcmlhbnQlNjAlNjAlM0ElNjAlNjByZWd1bGFyJTYwJTYwJTJDJTYwJTYwZm9udF9zaXplJTYwJTYwJTNBJTYwJTYwMThweCU2MCU2MCUyQyU2MCU2MGxpbmVfaGVpZ2h0JTYwJTYwJTNBJTYwJTYwMzBweCU2MCU2MCUyQyU2MCU2MGxldHRlcl9zcGFjaW5nJTYwJTYwJTNBJTYwJTYwJTYwJTYwJTJDJTYwJTYwdGV4dF90cmFuc2Zvcm0lNjAlNjAlM0ElNjAlNjAlNjAlNjAlN0QlMjIlMjBtYWluX2hlYWRpbmdfbWFyZ2luX2JvdHRvbSUzRCUyMjMyJTIyJTIwc3ViX2hlYWRpbmdfcG9ydG9fdHlwb2dyYXBoeSUzRCUyMiU3QiU2MCU2MGZhbWlseSU2MCU2MCUzQSU2MCU2MERlZmF1bHQlNjAlNjAlMkMlNjAlNjB2YXJpYW50JTYwJTYwJTNBJTYwJTYwRGVmYXVsdCU2MCU2MCUyQyU2MCU2MGZvbnRfc2l6ZSU2MCU2MCUzQSU2MCU2MDE2cHglNjAlNjAlMkMlNjAlNjBsaW5lX2hlaWdodCU2MCU2MCUzQSU2MCU2MCU2MCU2MCUyQyU2MCU2MGxldHRlcl9zcGFjaW5nJTYwJTYwJTNBJTYwJTYwJTYwJTYwJTJDJTYwJTYwdGV4dF90cmFuc2Zvcm0lNjAlNjAlM0ElNjAlNjAlNjAlNjAlN0QlMjIlMjBzdWJfaGVhZGluZ19tYXJnaW5fYm90dG9tJTNEJTIyMzIlMjIlNUQlMEElMEElMEElMEElNUIlMkZwb3J0b191bHRpbWF0ZV9oZWFkaW5nJTVEJTVCdmNfYnRuJTIwdGl0bGUlM0QlMjJMRVMlMjBOT1NUUkVTJTIwJUMzJTgwUkVFUyUyMERFJTIwVFJFQkFMTCUyMiUyMHN0eWxlJTNEJTIyY3VzdG9tJTIyJTIwY3VzdG9tX2JhY2tncm91bmQlM0QlMjIlMjIlMjBjdXN0b21fdGV4dCUzRCUyMiUyMiUyMGlfYWxpZ24lM0QlMjJyaWdodCUyMiUyMGlfdHlwZSUzRCUyMnBvcnRvJTIyJTIwc2tpbiUzRCUyMnByaW1hcnklMjIlMjBidG5fZnMlM0QlMjIxMi44cHglMjIlMjBidG5fZnclM0QlMjI3MDAlMjIlMjBob3Zlcl9lZmZlY3QlM0QlMjJob3Zlci1pY29uLXB1bHNlLWxlZnQtcmlnaHQlMjIlMjBhZGRfaWNvbiUzRCUyMnRydWUlMjIlMjBsaW5rJTNEJTIydXJsJTNBaHR0cHMlMjUzQSUyNTJGJTI1MkZjdWx0aWRlbHRhLmNvbSUyNTJGYXJlYXMtZGUtdHJhYmFqbyUyNTJGJTIyJTIwYnRuX3B4JTNEJTIyNDdweCUyMiUyMGJ0bl9weSUzRCUyMjE2cHglMjIlMjBlbF9jbGFzcyUzRCUyMmN1c3RvbS1idG4lMjIlMjBidG5faWNvbl9zcGFjaW5nJTNEJTIyJTdCJTYwJTYweGwlNjAlNjAlM0ElNjAlNjA0JTYwJTYwJTJDJTYwJTYwdW5pdCU2MCU2MCUzQSU2MCU2MCU2MCU2MCUyQyU2MCU2MHhzJTYwJTYwJTNBJTYwJTYwJTYwJTYwJTJDJTYwJTYwc20lNjAlNjAlM0ElNjAlNjAlNjAlNjAlMkMlNjAlNjBtZCU2MCU2MCUzQSU2MCU2MCU2MCU2MCUyQyU2MCU2MGxnJTYwJTYwJTNBJTYwJTYwJTYwJTYwJTdEJTIyJTIwaV9pY29uX3BvcnRvJTNEJTIycG9ydG8taWNvbi1hcnJvdy1mb3J3YXJkLXJpZ2h0JTIyJTVEJTVCJTJGdmNfY29sdW1uJTVEJTVCdmNfY29sdW1uJTIwb2Zmc2V0JTNEJTIydmNfY29sLW1kLTYlMjIlMjBjb25kaXRpb25hbF9yZW5kZXIlM0QlMjIlMjU1QiUyNTdCJTI1MjJ2YWx1ZV9yb2xlJTI1MjIlMjUzQSUyNTIyYWRtaW5pc3RyYXRvciUyNTIyJTI1N0QlMjU1RCUyMiUyMGNzcyUzRCUyMi52Y19jdXN0b21fMTY1MzQzNDY1NzcwMiU3Qm1hcmdpbi1ib3R0b20lM0ElMjA0MnB4JTIwJTIxaW1wb3J0YW50JTNCJTdEJTIyJTIwZWxfY2xhc3MlM0QlMjJjdXN0b20tZ2FsbGVyeSUyMiU1RCU1QnBvcnRvX2FuaW1hdGlvbiUyMGFuaW1hdGlvbl9kZWxheSUzRCUyMjEwMCUyMiUyMG1vdXNlX3BhcmFsbGF4JTNEJTIyJTIyJTIwYW5pbWF0aW9uX3R5cGUlM0QlMjJ6b29tSW4lMjIlMjBlbF9jbGFzcyUzRCUyMmFuaW0taW1nLTElMjIlNUQlNUJ2Y19zaW5nbGVfaW1hZ2UlMjBpbWFnZSUzRCUyMjU0OTIlMjIlMjBpbWdfc2l6ZSUzRCUyMmZ1bGwlMjIlMjBhbGlnbm1lbnQlM0QlMjJjZW50ZXIlMjIlMjBhbmltYXRpb25fZGVsYXklM0QlMjIxMDAlMjIlMjBmbG9hdGluZ19zdGFydF9wb3MlM0QlMjJ0b3AlMjIlMjBmbG9hdGluZ19zcGVlZCUzRCUyMjkuOCUyMiUyMGNzcyUzRCUyMi52Y19jdXN0b21fMTY1MzQxNjYyNTc4NyU3Qm1hcmdpbi10b3AlM0ElMjAtOHB4JTIwJTIxaW1wb3J0YW50JTNCJTdEJTIyJTIwZmxvYXRpbmdfZHVyYXRpb24lM0QlMjIxMDAwJTIyJTIwZWxfY2xhc3MlM0QlMjJtYi0wJTIwbXgtYXV0byUyMiU1RCU1QiUyRnBvcnRvX2FuaW1hdGlvbiU1RCU1QnBvcnRvX2FuaW1hdGlvbiUyMGFuaW1hdGlvbl9kZWxheSUzRCUyMjMwMCUyMiUyMG1vdXNlX3BhcmFsbGF4JTNEJTIyJTIyJTIwYW5pbWF0aW9uX3R5cGUlM0QlMjJ6b29tSW4lMjIlMjBlbF9jbGFzcyUzRCUyMmFuaW0taW1nLTIlMjBwb3NpdGlvbi1hYnNvbHV0ZSUyMHRvcC0wJTIwc3RhcnQtMCUyMHctMTAwJTIyJTVEJTVCdmNfc2luZ2xlX2ltYWdlJTIwaW1hZ2UlM0QlMjI5MzY3JTIyJTIwaW1nX3NpemUlM0QlMjJtZWRpdW0lMjIlMjBhbGlnbm1lbnQlM0QlMjJjZW50ZXIlMjIlMjBhbmltYXRpb25fZGVsYXklM0QlMjIzMDAlMjIlMjBmbG9hdGluZ19zdGFydF9wb3MlM0QlMjJ0b3AlMjIlMjBmbG9hdGluZ19zcGVlZCUzRCUyMjkuNyUyMiUyMGZsb2F0aW5nX2R1cmF0aW9uJTNEJTIyMTAwMCUyMiUyMGVsX2NsYXNzJTNEJTIybWItMCUyMiU1RCU1QiUyRnBvcnRvX2FuaW1hdGlvbiU1RCU1QnBvcnRvX2FuaW1hdGlvbiUyMGFuaW1hdGlvbl9kZWxheSUzRCUyMjYwMCUyMiUyMG1vdXNlX3BhcmFsbGF4JTNEJTIyJTIyJTIwYW5pbWF0aW9uX3R5cGUlM0QlMjJ6b29tSW4lMjIlMjBlbF9jbGFzcyUzRCUyMmFuaW0taW1nLTMlMjBwb3NpdGlvbi1hYnNvbHV0ZSUyMHRvcC0wJTIwZW5kLTAlMjIlNUQlNUJ2Y19zaW5nbGVfaW1hZ2UlMjBpbWFnZSUzRCUyMjk0MjAlMjIlMjBpbWdfc2l6ZSUzRCUyMmZ1bGwlMjIlMjBhbGlnbm1lbnQlM0QlMjJjZW50ZXIlMjIlMjBhbmltYXRpb25fZGVsYXklM0QlMjI1MDAlMjIlMjBmbG9hdGluZ19zdGFydF9wb3MlM0QlMjJ0b3AlMjIlMjBmbG9hdGluZ19zcGVlZCUzRCUyMjkuNiUyMiUyMGZsb2F0aW5nX2R1cmF0aW9uJTNEJTIyMTAwMCUyMiUyMGVsX2NsYXNzJTNEJTIybWItMCUyMG1sLWF1dG8lMjIlNUQlNUIlMkZwb3J0b19hbmltYXRpb24lNUQlNUIlMkZ2Y19jb2x1bW4lNUQlNUIlMkZ2Y19yb3clNUQ=[\/vc_raw_html][\/vc_column][\/vc_row][vc_row][vc_column][vc_column_text][\/vc_column_text][\/vc_column][\/vc_row][vc_row no_padding=&#8221;yes&#8221; conditional_render=&#8221;%5B%7B%22value_role%22%3A%22administrator%22%7D%5D&#8221;][vc_column parallax=&#8221;content-moving&#8221; parallax_image=&#8221;9390&#8243; conditional_render=&#8221;%5B%7B%22value_role%22%3A%22administrator%22%7D%5D&#8221; css=&#8221;.vc_custom_1675855712365{padding-top: 12.15rem !important;padding-bottom: 12.15rem !important;}&#8221; offset=&#8221;vc_col-md-6&#8243;][\/vc_column][vc_column is_half=&#8221;yes&#8221; conditional_render=&#8221;%5B%7B%22value_role%22%3A%22administrator%22%7D%5D&#8221; css=&#8221;.vc_custom_1653434372205{padding-top: 7.2rem !important;padding-bottom: 7.5rem !important;background-color: #f7f7f7 !important;}&#8221; offset=&#8221;vc_col-md-6&#8243;][\/vc_column][\/vc_row][vc_row no_padding=&#8221;yes&#8221; conditional_render=&#8221;%5B%7B%22value_role%22%3A%22administrator%22%7D%5D&#8221;][vc_column parallax=&#8221;content-moving&#8221; parallax_image=&#8221;5507&#8243; conditional_render=&#8221;%5B%7B%22value_role%22%3A%22administrator%22%7D%5D&#8221; css=&#8221;.vc_custom_1653434378835{padding-top: 12.15rem !important;padding-bottom: 12.15rem !important;}&#8221; el_class=&#8221;order-lg-last&#8221; offset=&#8221;vc_col-md-6&#8243;][\/vc_column][vc_column is_half=&#8221;yes&#8221; is_half_right=&#8221;yes&#8221; conditional_render=&#8221;%5B%7B%22value_role%22%3A%22administrator%22%7D%5D&#8221; css=&#8221;.vc_custom_1653434385187{padding-top: 7.2rem !important;padding-bottom: 7.5rem !important;background-color: #f7f7f7 !important;}&#8221; offset=&#8221;vc_col-md-6&#8243;][\/vc_column][\/vc_row]<\/p>\n","protected":false},"author":1,"featured_media":0,"parent":16605,"menu_order":0,"comment_status":"closed","ping_status":"closed","template":"","meta":{"_acf_changed":false,"om_disable_all_campaigns":false,"_monsterinsights_skip_tracking":false,"_monsterinsights_sitenote_active":false,"_monsterinsights_sitenote_note":"","_monsterinsights_sitenote_category":0,"footnotes":""},"class_list":["post-16745","page","type-page","status-publish","hentry"],"acf":[],"aioseo_notices":[],"_links":{"self":[{"href":"https:\/\/www.cultidelta.com\/ca\/wp-json\/wp\/v2\/pages\/16745","targetHints":{"allow":["GET"]}}],"collection":[{"href":"https:\/\/www.cultidelta.com\/ca\/wp-json\/wp\/v2\/pages"}],"about":[{"href":"https:\/\/www.cultidelta.com\/ca\/wp-json\/wp\/v2\/types\/page"}],"author":[{"embeddable":true,"href":"https:\/\/www.cultidelta.com\/ca\/wp-json\/wp\/v2\/users\/1"}],"replies":[{"embeddable":true,"href":"https:\/\/www.cultidelta.com\/ca\/wp-json\/wp\/v2\/comments?post=16745"}],"version-history":[{"count":6,"href":"https:\/\/www.cultidelta.com\/ca\/wp-json\/wp\/v2\/pages\/16745\/revisions"}],"predecessor-version":[{"id":16920,"href":"https:\/\/www.cultidelta.com\/ca\/wp-json\/wp\/v2\/pages\/16745\/revisions\/16920"}],"up":[{"embeddable":true,"href":"https:\/\/www.cultidelta.com\/ca\/wp-json\/wp\/v2\/pages\/16605"}],"wp:attachment":[{"href":"https:\/\/www.cultidelta.com\/ca\/wp-json\/wp\/v2\/media?parent=16745"}],"curies":[{"name":"wp","href":"https:\/\/api.w.org\/{rel}","templated":true}]}}