{"id":16758,"date":"2023-01-18T13:04:33","date_gmt":"2023-01-18T13:04:33","guid":{"rendered":"https:\/\/www.cultidelta.com\/cultidelta\/sostenibilidad\/"},"modified":"2023-04-05T11:07:32","modified_gmt":"2023-04-05T11:07:32","slug":"sostenibilidad","status":"publish","type":"page","link":"https:\/\/www.cultidelta.com\/ca\/cultidelta\/sostenibilidad\/","title":{"rendered":"Sostenibilitat"},"content":{"rendered":"<div class=\"wpb-content-wrapper\"><p>[vc_row][vc_column][vc_column_text]<\/p>\n<h1 style=\"text-align: center;\"><strong>Contribu\u00efm a&#8230;<\/strong><\/h1>\n<p>[\/vc_column_text][\/vc_column][\/vc_row][vc_row wrap_container=&#8221;yes&#8221; animation_duration=&#8221;100&#8243; el_id=&#8221;ourservices&#8221; css=&#8221;.vc_custom_1557532287189{padding-top: 110px !important;padding-bottom: 60px !important;}&#8221; animation_type=&#8221;fadeIn&#8221;][vc_column][vc_row_inner el_class=&#8221;justify-content-center&#8221;][vc_column_inner width=&#8221;1\/3&#8243;]<div class=\"porto-sicon-box px-4  wpb_custom_6bd3ea43243bb56571d580d187f8d1d7 style_1 top-icon\"><div class=\"porto-sicon-top\"><div id=\"porto-icon-189643267769e36d9e6e4c3\" class=\"porto-just-icon-wrapper porto-sicon-img\" style=\"font-size: 90px;\"><img loading=\"lazy\" decoding=\"async\" class=\"img-icon\" alt=\"\" src=\"https:\/\/www.cultidelta.com\/wp-content\/uploads\/2023\/01\/conservacio-aigua-1.png\" width=\"512\" height=\"512\" \/><\/div><\/div><div class=\"porto-sicon-header\"><h3 class=\"porto-sicon-title\" style=\"font-size:28px;line-height:36px;\">Gesti\u00f3 h\u00eddrica<\/h3><\/div> <!-- header --><div class=\"porto-sicon-description\" style=\"font-size:15.4px;\">L&#8217;aigua \u00e9s un b\u00e9 natural cada cop m\u00e9s esc\u00e0s, per la qual cosa \u00e9s convenient en projectes de jardineria \u00e9s convenient utilitzar esp\u00e8cies amb requeriments h\u00eddrics baixos. A Cultidelta, a m\u00e9s de seleccionar les esp\u00e8cies per a aquesta finalitat, les produ\u00efm no nom\u00e9s tenint en compte par\u00e0metres de bellesa, sin\u00f3 d&#8217;enduriment, donant una import\u00e0ncia clau al sistema radicular.<\/div> <!-- description --><\/div><!-- porto-sicon-box -->[\/vc_column_inner][vc_column_inner el_class=&#8221;custom-side-dots&#8221; width=&#8221;1\/3&#8243;]<div class=\"porto-sicon-box px-4  wpb_custom_6bd3ea43243bb56571d580d187f8d1d7 style_1 top-icon\"><div class=\"porto-sicon-top\"><div id=\"porto-icon-173570647669e36d9e6ed45\" class=\"porto-just-icon-wrapper porto-sicon-img\" style=\"font-size: 90px;\"><img loading=\"lazy\" decoding=\"async\" class=\"img-icon\" alt=\"\" src=\"https:\/\/www.cultidelta.com\/wp-content\/uploads\/2023\/01\/reduccion-plaguicidas-1.png\" width=\"512\" height=\"512\" \/><\/div><\/div><div class=\"porto-sicon-header\"><h3 class=\"porto-sicon-title\" style=\"font-size:28px;line-height:36px;\">Processos productius<\/h3><\/div> <!-- header --><div class=\"porto-sicon-description\" style=\"font-size:15.4px;\">La sostenibilitat no \u00e9s \u00fanicament un concepte pol\u00edticament correcte, sin\u00f3 una manera de fer les coses. Des de Cultidelta intentem contribuir a un \u00fas correcte d&#8217;aquest concepte i prenem mesures com la reducci\u00f3 de productes fitosanitaris al m\u00ednim, l&#8217;\u00fas de testos reciclables certificats o el reaprofitament de part de l&#8217;aigua sobrant de reg. A m\u00e9s, el 100% de l&#8217;energia utilitzada procedeix d&#8217;energies renovables.<\/div> <!-- description --><\/div><!-- porto-sicon-box -->[\/vc_column_inner][vc_column_inner width=&#8221;1\/3&#8243;]<div class=\"porto-sicon-box px-4  wpb_custom_6bd3ea43243bb56571d580d187f8d1d7 style_1 top-icon\"><div class=\"porto-sicon-top\"><div id=\"porto-icon-121478887869e36d9e6f551\" class=\"porto-just-icon-wrapper porto-sicon-img\" style=\"font-size: 90px;\"><img loading=\"lazy\" decoding=\"async\" class=\"img-icon\" alt=\"\" src=\"https:\/\/www.cultidelta.com\/wp-content\/uploads\/2023\/01\/plantas-autoctonas-1.png\" width=\"512\" height=\"512\" \/><\/div><\/div><div class=\"porto-sicon-header\"><h3 class=\"porto-sicon-title\" style=\"font-size:28px;line-height:36px;\">\u00das d'esp\u00e8cies aut\u00f2ctones<\/h3><\/div> <!-- header --><div class=\"porto-sicon-description\" style=\"font-size:15.4px;\">Per a projectes mediambientals, l&#8217;\u00fas d&#8217;esp\u00e8cies aut\u00f2ctones pr\u00f2pies de la zona on es desenvolupi l&#8217;obra \u00e9s fonamental per contribuir a restaurar el paisatge degradat. A jardineria tant p\u00fablica com privada, considerem que no hauria de ser un problema l&#8217;\u00fas d&#8217;esp\u00e8cies pr\u00f2pies d&#8217;altres zones mediterr\u00e0nies del planeta, com ara Calif\u00f2rnia o Sud-\u00e0frica entre d&#8217;altres, sempre que no siguin invasores, factor que evidentment tamb\u00e9 controlem.<\/div> <!-- description --><\/div><!-- porto-sicon-box -->[\/vc_column_inner][vc_column_inner el_class=&#8221;custom-right-dots&#8221; width=&#8221;1\/3&#8243;]<div class=\"porto-sicon-box px-4  wpb_custom_6bd3ea43243bb56571d580d187f8d1d7 style_1 top-icon\"><div class=\"porto-sicon-top\"><div id=\"porto-icon-65948995969e36d9e6fd53\" class=\"porto-just-icon-wrapper porto-sicon-img\" style=\"font-size: 90px;\"><img loading=\"lazy\" decoding=\"async\" class=\"img-icon\" alt=\"\" src=\"https:\/\/www.cultidelta.com\/wp-content\/uploads\/2023\/01\/habitats-naturales-3.png\" width=\"512\" height=\"512\" \/><\/div><\/div><div class=\"porto-sicon-header\"><h3 class=\"porto-sicon-title\" style=\"font-size:28px;line-height:36px;\">Creaci\u00f3 d'h\u00e0bitats o zones verdes<\/h3><\/div> <!-- header --><div class=\"porto-sicon-description\" style=\"font-size:15.4px;\">A m\u00e9s de factors est\u00e8tics, \u00e9s molt important utilitzar aquesta tipologia d&#8217;esp\u00e8cies per a altres q\u00fcestions fonamentals com ara el control d&#8217;erosi\u00f3, atracci\u00f3 de fauna \u00fatil o abelles o generaci\u00f3 d&#8217;espais saludables per a les persones, tant des d&#8217;un punt de vista f\u00edsic com emocional.<\/div> <!-- description --><\/div><!-- porto-sicon-box -->[\/vc_column_inner][vc_column_inner width=&#8221;1\/3&#8243;]<div class=\"porto-sicon-box px-4  wpb_custom_6bd3ea43243bb56571d580d187f8d1d7 style_1 top-icon\"><div class=\"porto-sicon-top\"><div id=\"porto-icon-86069304469e36d9e70504\" class=\"porto-just-icon-wrapper porto-sicon-img\" style=\"font-size: 90px;\"><img loading=\"lazy\" decoding=\"async\" class=\"img-icon\" alt=\"\" src=\"https:\/\/www.cultidelta.com\/wp-content\/uploads\/2023\/01\/extraccion-carbono-1.png\" width=\"512\" height=\"512\" \/><\/div><\/div><div class=\"porto-sicon-header\"><h3 class=\"porto-sicon-title\" style=\"font-size:28px;line-height:36px;\">Reducci\u00f3 de CO\u2082<\/h3><\/div> <!-- header --><div class=\"porto-sicon-description\" style=\"font-size:15.4px;\">L\u00b4\u00fas d\u00b4esp\u00e8cies vegetals en obres de restauraci\u00f3 ambiental i jardineria ajuden a absorbir CO2, fonamental per mitigar els efectes del canvi clim\u00e0tic.<\/div> <!-- description --><\/div><!-- porto-sicon-box -->[\/vc_column_inner][\/vc_row_inner][\/vc_column][\/vc_row][vc_row][vc_column][vc_column_text]Tenint en compte aquests aspectes relacionats amb la sostenibilitat en la producci\u00f3 de les plantes ornamentals, des de\u00a0Cultidelta\u00a0contribu\u00efm a la salut i el benestar del medi ambient, creant paisatges m\u00e9s sostenibles.[\/vc_column_text][\/vc_column][\/vc_row]<\/p>\n<\/div>","protected":false},"excerpt":{"rendered":"<p>[vc_row][vc_column][vc_column_text] Contribu\u00efm a&#8230; [\/vc_column_text][\/vc_column][\/vc_row][vc_row wrap_container=&#8221;yes&#8221; animation_duration=&#8221;100&#8243; el_id=&#8221;ourservices&#8221; css=&#8221;.vc_custom_1557532287189{padding-top: 110px !important;padding-bottom: 60px !important;}&#8221; animation_type=&#8221;fadeIn&#8221;][vc_column][vc_row_inner el_class=&#8221;justify-content-center&#8221;][vc_column_inner width=&#8221;1\/3&#8243;][\/vc_column_inner][vc_column_inner el_class=&#8221;custom-side-dots&#8221; width=&#8221;1\/3&#8243;][\/vc_column_inner][vc_column_inner width=&#8221;1\/3&#8243;][\/vc_column_inner][vc_column_inner el_class=&#8221;custom-right-dots&#8221; width=&#8221;1\/3&#8243;][\/vc_column_inner][vc_column_inner width=&#8221;1\/3&#8243;][\/vc_column_inner][\/vc_row_inner][\/vc_column][\/vc_row][vc_row][vc_column][vc_column_text]Tenint en compte aquests aspectes relacionats amb la sostenibilitat en la producci\u00f3 de les plantes ornamentals, des de\u00a0Cultidelta\u00a0contribu\u00efm a la salut i el benestar del medi ambient, creant paisatges m\u00e9s sostenibles.[\/vc_column_text][\/vc_column][\/vc_row]<\/p>\n","protected":false},"author":1,"featured_media":0,"parent":16605,"menu_order":0,"comment_status":"closed","ping_status":"closed","template":"","meta":{"_acf_changed":false,"om_disable_all_campaigns":false,"_monsterinsights_skip_tracking":false,"_monsterinsights_sitenote_active":false,"_monsterinsights_sitenote_note":"","_monsterinsights_sitenote_category":0,"footnotes":""},"class_list":["post-16758","page","type-page","status-publish","hentry"],"acf":[],"aioseo_notices":[],"_links":{"self":[{"href":"https:\/\/www.cultidelta.com\/ca\/wp-json\/wp\/v2\/pages\/16758","targetHints":{"allow":["GET"]}}],"collection":[{"href":"https:\/\/www.cultidelta.com\/ca\/wp-json\/wp\/v2\/pages"}],"about":[{"href":"https:\/\/www.cultidelta.com\/ca\/wp-json\/wp\/v2\/types\/page"}],"author":[{"embeddable":true,"href":"https:\/\/www.cultidelta.com\/ca\/wp-json\/wp\/v2\/users\/1"}],"replies":[{"embeddable":true,"href":"https:\/\/www.cultidelta.com\/ca\/wp-json\/wp\/v2\/comments?post=16758"}],"version-history":[{"count":3,"href":"https:\/\/www.cultidelta.com\/ca\/wp-json\/wp\/v2\/pages\/16758\/revisions"}],"predecessor-version":[{"id":16922,"href":"https:\/\/www.cultidelta.com\/ca\/wp-json\/wp\/v2\/pages\/16758\/revisions\/16922"}],"up":[{"embeddable":true,"href":"https:\/\/www.cultidelta.com\/ca\/wp-json\/wp\/v2\/pages\/16605"}],"wp:attachment":[{"href":"https:\/\/www.cultidelta.com\/ca\/wp-json\/wp\/v2\/media?parent=16758"}],"curies":[{"name":"wp","href":"https:\/\/api.w.org\/{rel}","templated":true}]}}