{"id":16767,"date":"2023-01-18T12:19:16","date_gmt":"2023-01-18T12:19:16","guid":{"rendered":"https:\/\/www.cultidelta.com\/politica-de-cookies\/"},"modified":"2023-03-27T08:21:28","modified_gmt":"2023-03-27T08:21:28","slug":"politica-de-cookies","status":"publish","type":"page","link":"https:\/\/www.cultidelta.com\/ca\/politica-de-cookies\/","title":{"rendered":"Pol\u00edtica de cookies"},"content":{"rendered":"\n<p><br><strong>INFORMACI\u00d3 SOBRE COOKIES<\/strong><\/p>\n\n\n\n<p>A causa de l&#8217;entrada en vigor de la referent modificaci\u00f3 de la \u00abLlei de Serveis de la Societat de la Informaci\u00f3\u00bb (LSSICE)\u00a0establerta pel Reial decret 13\/2012, \u00e9s d&#8217;obligaci\u00f3 obtenir el consentiment expr\u00e9s de l&#8217;usuari de totes les p\u00e0gines web que usen cookies prescindibles, abans que aquest navegui per elles.<\/p>\n\n\n\n<p><br><strong>QU\u00c8 S\u00d3N LES COOKIES?<\/strong><\/p>\n\n\n\n<p>Les cookies i altres tecnologies similars com ara local\u00a0shared\u00a0objects, flaix cookies o p\u00edxels, s\u00f3n eines emprades pels servidors Web per a emmagatzemar i recuperar informaci\u00f3 sobre els seus visitants, aix\u00ed com per a oferir un correcte funcionament del lloc.<br>Mitjan\u00e7ant l&#8217;\u00fas d&#8217;aquests dispositius es permet al servidor Web recordar algunes dades concernents a l&#8217;usuari, com les seves prefer\u00e8ncies per a la visualitzaci\u00f3 de les p\u00e0gines d&#8217;aquest servidor, nom i contrasenya, productes que m\u00e9s li interessen, etc.<\/p>\n\n\n\n<p><strong>COOKIES AFECTADES PER LA NORMATIVA I COOKIES EXCEPTUADES<\/strong><\/p>\n\n\n\n<p>Segons la directiva de la UE, les cookies que requereixen el consentiment informat per part de l&#8217;usuari s\u00f3n les cookies d&#8217;anal\u00edtica i les de publicitat i afiliaci\u00f3, quedant exceptuades les de car\u00e0cter t\u00e8cnic i les necess\u00e0ries per al funcionament del lloc web o la prestaci\u00f3 de serveis expressament sol\u00b7licitats per l&#8217;usuari.<\/p>\n\n\n\n<p><strong>TIPUS DE COOKIES<\/strong><\/p>\n\n\n\n<p><strong>SEGONS LA FINALITAT<\/strong><\/p>\n\n\n\n<ul class=\"wp-block-list\">\n<li><strong>Cookies t\u00e8cniques i funcionals:\u00a0<\/strong>s\u00f3n aquelles que permeten a l&#8217;usuari la navegaci\u00f3 a trav\u00e9s d&#8217;una p\u00e0gina web, plataforma o aplicaci\u00f3 i la utilitzaci\u00f3 de les diferents opcions o serveis que en ella existeixin.<\/li>\n\n\n\n<li><strong>Cookies anal\u00edtiques:<\/strong>\u00a0s\u00f3n aquelles que permeten al responsable de les mateixes el seguiment i an\u00e0lisi del comportament dels usuaris dels llocs web als quals estan vinculades. La informaci\u00f3 recollida mitjan\u00e7ant aquesta mena de cookies s&#8217;utilitza en el mesurament de l&#8217;activitat dels llocs web, aplicaci\u00f3 o plataforma i per a l&#8217;elaboraci\u00f3 de perfils de navegaci\u00f3 dels usuaris d&#8217;aquests llocs, aplicacions i plataformes, amb la finalitat d&#8217;introduir millores en funci\u00f3 de l&#8217;an\u00e0lisi de les dades d&#8217;\u00fas que fan els usuaris del servei.<\/li>\n\n\n\n<li><strong>Cookies publicit\u00e0ries:<\/strong> s\u00f3n aquelles que permeten la gesti\u00f3, de la forma m\u00e9s efica\u00e7 possible, dels espais publicitaris que, en el seu cas, l&#8217;editor hagi incl\u00f2s en una p\u00e0gina web, aplicaci\u00f3 o plataforma des de la qual presta el servei sol\u00b7licitat sobre la base de criteris com el contingut editat o la freq\u00fc\u00e8ncia en la qual es mostren els anuncis.<\/li>\n\n\n\n<li><strong>Cookies de publicitat comportamental:<\/strong> recullen informaci\u00f3 sobre les prefer\u00e8ncies i eleccions personals de l&#8217;usuari (retargeting)\u00a0per a permetre la gesti\u00f3, de la forma m\u00e9s efica\u00e7 possible, dels espais publicitaris que, en el seu cas, l&#8217;editor hagi incl\u00f2s en una p\u00e0gina web, aplicaci\u00f3 o plataforma des de la qual presta el servei sol\u00b7licitat.<\/li>\n\n\n\n<li><strong>Cookies socials:\u00a0<\/strong>s\u00f3n establertes per les plataformes de xarxes socials en els serveis per a permetre-li compartir contingut amb els seus amics i xarxes. Les plataformes de mitjans socials tenen la capacitat de rastrejar la seva activitat en l\u00ednia an\u00e9s dels Serveis. Aix\u00f2 pot afectar el contingut i els missatges que veu en altres serveis que visita.<\/li>\n\n\n\n<li><strong>Cookies d&#8217;afiliats:<\/strong>\u00a0permeten fer un seguiment de les visites procedents d&#8217;altres webs, amb les quals el lloc web estableix un contracte d&#8217;afiliaci\u00f3 (empreses d&#8217;afiliaci\u00f3).<\/li>\n\n\n\n<li><strong>Cookies de seguretat: <\/strong>emmagatzemen informaci\u00f3 xifrada per a evitar que les dades guardades en elles siguin vulnerables a atacs maliciosos de tercers.<\/li>\n<\/ul>\n\n\n\n<p><strong>SEGONS LA PROPIETAT<\/strong><\/p>\n\n\n\n<ul class=\"wp-block-list\">\n<li><strong>Cookies pr\u00f2pies: <\/strong>s\u00f3n aquelles que s&#8217;envien a l&#8217;equip terminal de l&#8217;usuari des d&#8217;un equip o domini gestionat pel propi editor i des del qual es presta el servei sol\u00b7licitat per l&#8217;usuari.<\/li>\n\n\n\n<li><strong>Cookies de tercers:<\/strong> s\u00f3n aquelles que s&#8217;envien a l&#8217;equip terminal de l&#8217;usuari des d&#8217;un equip o domini que no \u00e9s gestionat per l&#8217;editor, sin\u00f3 per una altra entitat que tracta les dades obtingudes trav\u00e9s de les cookies.<\/li>\n<\/ul>\n\n\n\n<p><strong>SEGONS EL TERMINI DE CONSERVACI\u00d3<\/strong><\/p>\n\n\n\n<ul class=\"wp-block-list\">\n<li><strong>Cookies de sessi\u00f3:<\/strong> s\u00f3n un tipus de cookies dissenyades per a recaptar i emmagatzemar dades mentre l&#8217;usuari accedeix a una p\u00e0gina web.<\/li>\n\n\n\n<li><strong>Cookies persistents:<\/strong>\u00a0s\u00f3n un tipus de cookies en el qual les dades segueixen emmagatzemats en el terminal i poden ser accedits i tractats durant un per\u00edode definit pel responsable de la\u00a0cookie, i que pot anar d&#8217;uns minuts a diversos anys.<\/li>\n<\/ul>\n\n\n\n<p><strong>TRACTAMENT DE DADES PERSONALS<\/strong><\/p>\n\n\n\n<p>CULTIDELTA\u00a0SL \u00e9s el Responsable del tractament de les dades personals de l&#8217;Interessat i l&#8217;informa que aquestes dades seran tractades de conformitat amb el que es disposa en el Reglament (UE) 2016\/679, de 27 d&#8217;abril de 2016 (GDPR), per la qual cosa se li facilita la seg\u00fcent informaci\u00f3 del tractament:<\/p>\n\n\n\n<p><strong>Fins del tractament:<\/strong>\u00a0segons s&#8217;especifica en l&#8217;apartat de cookies que s&#8217;utilitzen en aquest lloc web.<\/p>\n\n\n\n<p><strong>Legitimaci\u00f3 del tractament:<\/strong>\u00a0per consentiment de l&#8217;interessat (art. 6.1\u00a0GDPR).<\/p>\n\n\n\n<p><strong>Criteris de conservaci\u00f3 de les dades:<\/strong>\u00a0segons s&#8217;especifica en l&#8217;apartat de cookies utilitzades en la web.<\/p>\n\n\n\n<p><strong>Comunicaci\u00f3 de les dades:<\/strong>\u00a0no es comunicaran les dades a tercers, excepte en cookies propietat de tercers o per obligaci\u00f3 legal.<\/p>\n\n\n\n<p><strong>Drets que assisteixen a l&#8217;Interessat:<\/strong><\/p>\n\n\n\n<ul class=\"wp-block-list\">\n<li>Dret a retirar el consentiment en qualsevol moment.<\/li>\n\n\n\n<li>Dret d&#8217;acc\u00e9s, rectificaci\u00f3, portabilitat i supressi\u00f3 de les seves dades, i de limitaci\u00f3 o oposici\u00f3 al seu tractament.<\/li>\n\n\n\n<li>Dret a presentar una reclamaci\u00f3 davant l&#8217;Autoritat de control (www.aepd.es) si considera que el tractament no s&#8217;ajusta a la normativa vigent.<\/li>\n<\/ul>\n\n\n\n<p>Dades de contacte per a exercir els seus drets: CULTIDELTA SL. C\/ Goya, 42 &#8211; 43870 AMPOSTA (Tarragona). E-mail:\u00a0<a href=\"mailto:info@cultidelta.com\">info@cultidelta.com<\/a><\/p>\n\n\n\n<p><strong>COOKIES UTILITZADES EN AQUEST LLOC WEB<\/strong><\/p>\n\n\n\n<figure class=\"wp-block-table\"><table><tbody><tr><td><strong>COOKIES CONTROLADES PER L&#8217;EDITOR<\/strong><\/td><\/tr><\/tbody><\/table><\/figure>\n\n\n\n<figure class=\"wp-block-table\"><table><tbody><tr><td><strong>T\u00e8cniques i funcionals<\/strong><\/td><\/tr><tr><td><strong>Propietat<\/strong><\/td><td><strong>Cookie<\/strong><\/td><td><strong>Finalitat<\/strong><\/td><td><strong>Termini<\/strong><\/td><\/tr><tr><td>cultidelta.com<\/td><td>__utmli<\/td><td>Cookie\u00a0necess\u00e0ria per a la utilitzaci\u00f3 de les opcions i serveis del lloc<br>web<\/td><td>Sessi\u00f3<\/td><\/tr><tr><td>cultidelta.com<\/td><td>ASPSESSIONIDQSTAT<br>SBA<\/td><td>Cookie\u00a0necess\u00e0ria per a la utilitzaci\u00f3 de les opcions i serveis del lloc<br>web<\/td><td>Sessi\u00f3<\/td><\/tr><tr><td>cultidelta.com<\/td><td>idiomausuari<\/td><td>Cookie\u00a0necess\u00e0ria per a la utilitzaci\u00f3 de les opcions i serveis del lloc<br>web<\/td><td>en un any<\/td><\/tr><tr><td>cultidelta.com<\/td><td>volcookies<\/td><td>Cookie\u00a0necess\u00e0ria per a la utilitzaci\u00f3 de les opcions i serveis del lloc<br>web<\/td><td>en un any<\/td><\/tr><tr><td>google.com<\/td><td>_Secure-3PSIDCC<\/td><td>Cookie\u00a0necess\u00e0ria per a la utilitzaci\u00f3 de les opcions i serveis del lloc<br>web<\/td><td>en un any<\/td><\/tr><tr><td>google.com<\/td><td>COMPASS<\/td><td>Cookie\u00a0necess\u00e0ria per a la utilitzaci\u00f3 de les opcions i serveis del lloc<br>web<\/td><td>en 10 dies<\/td><\/tr><tr><td>google.com<\/td><td>OGPC<\/td><td>Cookie\u00a0necess\u00e0ria per a la utilitzaci\u00f3 de les opcions i serveis del lloc<br>web<\/td><td>en 16 dies<\/td><\/tr><tr><td>google.com<\/td><td>SEARCH_SAMESITE<\/td><td>SameSite\u00a0evita que el navegador envi\u00ef aquesta\u00a0cookie\u00a0juntament amb les<br>sol\u00b7licituds entre llocs. L&#8217;objectiu principal \u00e9s mitigar el risc de<br>fugida d&#8217;informaci\u00f3 d&#8217;origen creuat. Tamb\u00e9 proporciona una certa<br>protecci\u00f3 contra atacs de falsificaci\u00f3 de sol\u00b7licituds entre<br>llocs.<\/td><td>en 5 mesos<\/td><\/tr><\/tbody><\/table><\/figure>\n\n\n\n<figure class=\"wp-block-table\"><table><tbody><tr><td><strong>Anal\u00edtiques<\/strong><\/td><\/tr><tr><td><strong>Propietat<\/strong><\/td><td><strong>Cookie<\/strong><\/td><td><strong>Finalitat<\/strong><\/td><td><strong>Termini<\/strong><\/td><\/tr><tr><td>cultidelta.com<\/td><td>__utma<\/td><td>ID utiliza para identificar a los usuarios y sesiones<\/td><td>en 2 anys<\/td><\/tr><tr><td>cultidelta.com<\/td><td>__utmb<\/td><td>Se utiliza para distinguir nuevas sesiones y visitas. Esta cookie se<br>establece cuando se carga la biblioteca ga.js de JavaScript y no hay<br>ninguna cookie __utmb existente. La cookie se actualiza cada vez<br>que se env\u00eda los datos al servidor de Google Analytics.<\/td><td>Sessi\u00f3<\/td><\/tr><tr><td>cultidelta.com<\/td><td>__utmc<\/td><td>Se utiliza s\u00f3lo con versiones anteriores de Urchin de Google<br>Analytics y no con ga.js. Se utiliz\u00f3 para distinguir entre las nuevas<br>sesiones y visitas al final de una sesi\u00f3n.<\/td><td>Sessi\u00f3<\/td><\/tr><tr><td>cultidelta.com<\/td><td>__utmt<\/td><td>Se utiliza para monitorizar el n\u00famero de peticiones al servidor de<br>Google Analytics<\/td><td>Sessi\u00f3<\/td><\/tr><tr><td>cultidelta.com<\/td><td>__utmz<\/td><td>Contiene informaci\u00f3n sobre la fuente de tr\u00e1fico o campa\u00f1a que<br>dirige usuario al sitio web. La cookie se establece cuando los ga.js.<br>Javascript se carga y se actualizan cuando se env\u00edan datos al<br>servidor de Google Analytics<\/td><td>en 7 mesos<\/td><\/tr><tr><td>cultidelta.com<\/td><td>_ga<\/td><td>ID utiliza para identificar a los usuarios<\/td><td>en 2 anys<\/td><\/tr><tr><td>cultidelta.com<\/td><td>_gat<\/td><td>Se utiliza para monitorizar el n\u00famero de peticiones al servidor de<br>Google Analytics cuando se utiliza el Administrador de etiquetas<br>Google<\/td><td>Sessi\u00f3<\/td><\/tr><tr><td>cultidelta.com<\/td><td>_gid<\/td><td>ID utiliza para identificar a los usuarios durante 24 horas despu\u00e9s<br>de la \u00faltima actividad<\/td><td>en 22 hores<\/td><\/tr><tr><td>google.com<\/td><td>__Secure-3PAPISID<\/td><td>Estas cookies se utilizan para entregar anuncios m\u00e1s relevantes<br>para usted y sus intereses.<\/td><td>en 2 anys<\/td><\/tr><tr><td>google.com<\/td><td>__Secure-3PSID<\/td><td>Estas cookies se utilizan para entregar anuncios m\u00e1s relevantes<br>para usted y sus intereses.<\/td><td>en 2 anys<\/td><\/tr><\/tbody><\/table><\/figure>\n\n\n\n<figure class=\"wp-block-table\"><table><tbody><tr><td><strong>Publicit\u00e0ries<\/strong><\/td><\/tr><tr><td><strong>Propietat<\/strong><\/td><td><strong>Cookie<\/strong><\/td><td><strong>Finalitat<\/strong><\/td><td><strong>Termini<\/strong><\/td><\/tr><tr><td>google.com<\/td><td>1P_JAR<\/td><td>Estas cookies se establecen a trav\u00e9s de v\u00eddeos de YouTube<br>incrustados. Registran los datos estad\u00edsticos an\u00f3nimos sobre, por<br>ejemplo, cu\u00e1ntas veces se reproduce el v\u00eddeo y las configuraciones<br>que se utilizan para la reproducci\u00f3n.<\/td><td>en un mes<\/td><\/tr><tr><td>google.com<\/td><td>ANID<\/td><td>Google utiliza estos cookies para hacer publicidad m\u00e1s atractiva<br>para los usuarios y m\u00e1s valiosa para los editores y anunciantes<\/td><td>en un mes<\/td><\/tr><tr><td>google.com<\/td><td>APISID<\/td><td>Descargar ciertas herramientas de Google y guardar ciertas<br>preferencias, por ejemplo, el n\u00famero de resultados de la b\u00fasqueda<br>por hoja o la activaci\u00f3n del filtro SafeSearch. Ajusta los anuncios<br>que aparecen en la b\u00fasqueda de Google.<\/td><td>en 2 anys<\/td><\/tr><tr><td>google.com<\/td><td>HSID<\/td><td>Descargar ciertas herramientas de Google y guardar ciertas<br>preferencias, por ejemplo, el n\u00famero de resultados de la b\u00fasqueda<br>por hoja o la activaci\u00f3n del filtro SafeSearch. Ajusta los anuncios<br>que aparecen en la b\u00fasqueda de Google.<\/td><td>en 2 anys<\/td><\/tr><tr><td>google.com<\/td><td>NID<\/td><td>Estas cookies se utilizan para recopilar estad\u00edsticas del sitio web y<br>rastrear las tasas de conversi\u00f3n y la personalizaci\u00f3n de anuncios de<br>Google<\/td><td>en 7 mesos<\/td><\/tr><tr><td>google.com<\/td><td>OTZ<\/td><td>An\u00e1lisis agregado de los visitantes del sitio<\/td><td>3 dies<\/td><\/tr><tr><td>google.com<\/td><td>SAPISID<\/td><td>Descargar ciertas herramientas de Google y guardar ciertas<br>preferencias, por ejemplo, el n\u00famero de resultados de la b\u00fasqueda<br>por hoja o la activaci\u00f3n del filtro SafeSearch. Ajusta los anuncios<br>que aparecen en la b\u00fasqueda de Google.<\/td><td>en 2 anys<\/td><\/tr><tr><td>google.com<\/td><td>SID<\/td><td>Descargar ciertas herramientas de Google y guardar ciertas<br>preferencias, por ejemplo, el n\u00famero de resultados de la b\u00fasqueda<br>por hoja o la activaci\u00f3n del filtro SafeSearch. Ajusta los anuncios<br>que aparecen en la b\u00fasqueda de Google.<\/td><td>en 2 anys<\/td><\/tr><tr><td>google.com<\/td><td>SIDCC<\/td><td>Descargar ciertas herramientas de Google y guardar ciertas<br>preferencias, por ejemplo, el n\u00famero de resultados de la b\u00fasqueda<br>por hoja o la activaci\u00f3n del filtro SafeSearch. Ajusta los anuncios<br>que aparecen en la b\u00fasqueda de Google.<\/td><td>en un any<\/td><\/tr><tr><td>google.com<\/td><td>SSID<\/td><td>Descarga ciertas herramientas de Google y guarda ciertas<br>preferencias, por ejemplo, el n\u00famero de resultados de b\u00fasqueda<br>por p\u00e1gina o la activaci\u00f3n del filtro SafeSearch. Ajusta los anuncios<br>que aparecen en la B\u00fasqueda de Google.<\/td><td>en 2 anys<\/td><\/tr><\/tbody><\/table><\/figure>\n\n\n\n<figure class=\"wp-block-table\"><table><tbody><tr><td><strong>COOKIES DE TERCERS<\/strong><\/td><\/tr><\/tbody><\/table><\/figure>\n\n\n\n<p>Els serveis de tercers s\u00f3n aliens al control de l&#8217;editor. Els prove\u00efdors poden modificar en tot moment les seves<br>condicions de servei, finalitat i utilitzaci\u00f3 de les cookies, etc.<\/p>\n\n\n\n<p>Prove\u00efdors externs d&#8217;aquest lloc web:<\/p>\n\n\n\n<figure class=\"wp-block-table\"><table><tbody><tr><td><strong>Editor<\/strong><\/td><td><strong>Pol\u00edtica de privacitat<\/strong><\/td><\/tr><tr><td>Google<\/td><td>https:\/\/privacy.google.com\/take-control.html<\/td><\/tr><tr><td>Google<\/td><td>https:\/\/safety.google\/privacy\/privacy-controls\/<\/td><\/tr><\/tbody><\/table><\/figure>\n\n\n\n<figure class=\"wp-block-table\"><table><tbody><tr><td><strong>PANELL DE CONFIGURACI\u00d3 DE COOKIES<\/strong><\/td><\/tr><\/tbody><\/table><\/figure>\n\n\n\n<p>Des d&#8217;aquest panell podr\u00e0 configurar les cookies que el lloc web pot instal\u00b7lar en el seu navegador, excepte les cookies<br>t\u00e8cniques o funcionals que s\u00f3n necess\u00e0ries per a la navegaci\u00f3 i la utilitzaci\u00f3 de les diferents opcions o serveis que<br>s&#8217;ofereixen.<\/p>\n\n\n\n<figure class=\"wp-block-table\"><table><tbody><tr><td><strong>COM GESTIONAR LES COOKIES DES DEL NAVEGADOR<\/strong><\/td><\/tr><tr><td>Eliminar les cookies del dispositiu<\/td><td>Les cookies que ja estan en un dispositiu es poden eliminar esborrant l&#8217;historial del navegador,<br>amb el que se suprimeixen les cookies de tots els llocs web visitats.<br>No obstant aix\u00f2, tamb\u00e9 es pot perdre part de la informaci\u00f3 guardada (per exemple, les dades<br>d&#8217;inici de sessi\u00f3 o les prefer\u00e8ncies de lloc web).<\/td><\/tr><tr><td>Gestionar les cookies espec\u00edfiques del lloc.<\/td><td>Per a tenir un control m\u00e9s prec\u00eds de les cookies espec\u00edfiques de cada lloc, els usuaris poden<br>ajustar la seva configuraci\u00f3 de privacitat i cookies en el navegador.<\/td><\/tr><tr><td>Bloquejar les cookies<\/td><td>Encara que la majoria dels navegadors moderns es poden configurar per a evitar que s&#8217;instal\u00b7lin<br>cookies en els dispositius, aix\u00f2 pot obligar a l&#8217;ajust manual de determinades<br>prefer\u00e8ncies cada vegada que es visiti un lloc o p\u00e0gina. A m\u00e9s, alguns serveis i caracter\u00edstiques<br>poden no funcionar correctament (per exemple, els inicis de sessi\u00f3 amb perfil).<\/td><\/tr><tr><td><strong>COM ELIMINAR LES COOKIES DELS NAVEGADORS M\u00c9S COMUNS<\/strong><\/td><\/tr><tr><td>Chrome<\/td><td>http:\/\/support.google.com\/chrome\/answer\/95647?hl=es<\/td><\/tr><tr><td>Internet Explorer. Versi\u00f3n 11<\/td><td>https:\/\/support.microsoft.com\/es-es\/help\/278835\/how-to-delete-cookie-files-in-internet-explorer<\/td><\/tr><tr><td>Firefox. Versi\u00f3n 65.0.1<\/td><td>https:\/\/www.mozilla.org\/es-ES\/privacy\/websites\/#cookies<\/td><\/tr><tr><td>Safari Versi\u00f3n 5.1<\/td><td>https:\/\/support.apple.com\/es-es\/guide\/safari\/sfri11471\/mac<\/td><\/tr><tr><td>Opera<\/td><td>https:\/\/help.opera.com\/en\/latest\/security-and-privacy\/#clearBrowsingData<\/td><\/tr><\/tbody><\/table><\/figure>\n","protected":false},"excerpt":{"rendered":"<p>INFORMACI\u00d3 SOBRE COOKIES A causa de l&#8217;entrada en vigor de la referent modificaci\u00f3 de la \u00abLlei de Serveis de la Societat de la Informaci\u00f3\u00bb (LSSICE)\u00a0establerta pel Reial decret 13\/2012, \u00e9s d&#8217;obligaci\u00f3 obtenir el consentiment expr\u00e9s de l&#8217;usuari de totes les p\u00e0gines web que usen cookies prescindibles, abans que aquest navegui per elles. QU\u00c8 S\u00d3N LES [&hellip;]<\/p>\n","protected":false},"author":1,"featured_media":0,"parent":0,"menu_order":0,"comment_status":"closed","ping_status":"closed","template":"","meta":{"_acf_changed":false,"om_disable_all_campaigns":false,"_monsterinsights_skip_tracking":false,"_monsterinsights_sitenote_active":false,"_monsterinsights_sitenote_note":"","_monsterinsights_sitenote_category":0,"footnotes":""},"class_list":["post-16767","page","type-page","status-publish","hentry"],"acf":[],"aioseo_notices":[],"_links":{"self":[{"href":"https:\/\/www.cultidelta.com\/ca\/wp-json\/wp\/v2\/pages\/16767","targetHints":{"allow":["GET"]}}],"collection":[{"href":"https:\/\/www.cultidelta.com\/ca\/wp-json\/wp\/v2\/pages"}],"about":[{"href":"https:\/\/www.cultidelta.com\/ca\/wp-json\/wp\/v2\/types\/page"}],"author":[{"embeddable":true,"href":"https:\/\/www.cultidelta.com\/ca\/wp-json\/wp\/v2\/users\/1"}],"replies":[{"embeddable":true,"href":"https:\/\/www.cultidelta.com\/ca\/wp-json\/wp\/v2\/comments?post=16767"}],"version-history":[{"count":1,"href":"https:\/\/www.cultidelta.com\/ca\/wp-json\/wp\/v2\/pages\/16767\/revisions"}],"predecessor-version":[{"id":16777,"href":"https:\/\/www.cultidelta.com\/ca\/wp-json\/wp\/v2\/pages\/16767\/revisions\/16777"}],"wp:attachment":[{"href":"https:\/\/www.cultidelta.com\/ca\/wp-json\/wp\/v2\/media?parent=16767"}],"curies":[{"name":"wp","href":"https:\/\/api.w.org\/{rel}","templated":true}]}}