{"id":17967,"date":"2026-04-28T15:05:27","date_gmt":"2026-04-28T15:05:27","guid":{"rendered":"https:\/\/www.cultidelta.com\/deltaland-2026\/"},"modified":"2026-04-30T15:01:07","modified_gmt":"2026-04-30T15:01:07","slug":"deltaland-2026","status":"publish","type":"page","link":"https:\/\/www.cultidelta.com\/ca\/deltaland-2026\/","title":{"rendered":"DeltaLand"},"content":{"rendered":"<div class=\"wpb-content-wrapper\"><p>[vc_row wrap_container=&#8221;yes&#8221; content_placement=&#8221;middle&#8221; is_section=&#8221;yes&#8221; section_skin=&#8221;parallax&#8221; remove_margin_top=&#8221;yes&#8221; remove_border=&#8221;yes&#8221; css=&#8221;.vc_custom_1682415448771{padding-top: 70px !important;padding-bottom: 40px !important;}&#8221; conditional_render=&#8221;%5B%7B%22value_role%22%3A%22administrator%22%7D%5D&#8221;][vc_column offset=&#8221;vc_col-md-6&#8243;][vc_single_image image=&#8221;16954&#8243; img_size=&#8221;full&#8221;][\/vc_column][vc_column css=&#8221;.vc_custom_1529913695250{padding-top: 40px !important;}&#8221; el_class=&#8221;ps-lg-5&#8243; offset=&#8221;vc_col-md-6&#8243;]<div class=\"porto-u-heading mb-3  wpb_custom_019f285353d3f6748f1361c0a936a012 porto-u-4357 \"><div class=\"porto-u-main-heading\"><h2   style=\"color:#00a335;margin-bottom: 10px;\">CULTIDELTA<\/h2><\/div><div class=\"porto-u-sub-heading\" style=\"color: #3e3e3e;\">DeltaLand<\/div><style>.porto-u-4357.porto-u-heading{text-align:left}<\/style><\/div>[vc_column_text css=&#8221;&#8221; el_class=&#8221;content-row&#8221; css_params=&#8221;&#8221;]A Cultidelta, com a equip de ments curioses, sempre hav\u00edem volgut organitzar un esdeveniment relacionat amb el paisatgisme mediterrani, per\u00f2 la nostra feina di\u00e0ria tan atrafegada mai no ens havia perm\u00e8s fer el pas. Tanmateix, el mar\u00e7 de 2022, gr\u00e0cies a l&#8217;arquitecta paisatgista Susana Brosed, vam con\u00e8ixer el reconegut arquitecte i paisatgista i escriptor angl\u00e8s Noel Kingsbury, que ens va animar a desenvolupar la idea que feia temps que rumi\u00e0vem. I aix\u00ed va n\u00e9ixer la primera edici\u00f3 de Garden Masterclass Spain, que es va celebrar a finals d&#8217;octubre d&#8217;aquell mateix any.[\/vc_column_text][\/vc_column][\/vc_row][vc_row wrap_container=&#8221;yes&#8221; el_class=&#8221;container-top-border&#8221; css=&#8221;.vc_custom_1532074452858{padding-bottom: 55px !important;}&#8221;][vc_column][vc_column_text css=&#8221;&#8221; el_class=&#8221;content-row&#8221; css_params=&#8221;&#8221;]Arran de l&#8217;\u00e8xit d&#8217;aquella primera edici\u00f3, que va comptar amb Noel Kingsbury i Fernando Martos com a ponents i es va limitar a unes 40 persones per dia a causa de la mida del recinte, el 2023 vam decidir anar un pas m\u00e9s enll\u00e0 i organitzar un esdeveniment a m\u00e9s gran escala a l&#8217;Auditori Municipal d&#8217;Amposta. Durant dos dies de confer\u00e8ncies i sessions PechaKucha, vam reunir gaireb\u00e9 200 assistents i vam donar la benvinguda a ponents tan prestigiosos com Thomas Doxiadis i Amalia Robredo. L&#8217;objectiu ja era clar: establir un esdeveniment anual, una cita fixa al calendari i, sobretot, convertir-nos en un referent en el camp de l&#8217;arquitectura del paisatge mediterr\u00e0nia i naturalista.<\/p>\n<p>El 2024, vam tornar a omplir l&#8217;espai fins a la capacitat amb una selecci\u00f3 acurada de xerrades internacionals i locals. Va ser una edici\u00f3 especialment emocionant gr\u00e0cies a la destacada participaci\u00f3 de Tom Stuart-Smith i Story Wiggins de Terremoto Landscape, la visi\u00f3 inspiradora i compromesa dels quals va marcar un punt d&#8217;inflexi\u00f3 en el cam\u00ed de DeltaLand.<\/p>\n<p>El 2025, DeltaLand va continuar creixent, consolidant-se com un punt de trobada per a professionals de l&#8217;arquitectura del paisatge i la jardineria interessats en l&#8217;enfocament naturalista, el coneixement de les plantes i el disseny d&#8217;espais verds adaptats al clima mediterrani.<\/p>\n<p>DeltaLand, un nom que reuneix paisatge, terra, llum i natura, encarna aquesta comprensi\u00f3 del paisatgisme mediterrani naturalista: la fusi\u00f3 de la natura i l&#8217;acci\u00f3 humana per crear espais que connectin amb el territori i la seva identitat.<\/p>\n<p>La darrera edici\u00f3 de DeltaLand 2026 tindr\u00e0 lloc a Amposta els dies 16 i 17 d&#8217;octubre, a l&#8217;Auditori Municipal de la nostra ciutat.<\/p>\n<p>Seguint la c\u00e0lida acollida dels assistents a les edicions anteriors, continuem el nostre comprom\u00eds amb el paisatgisme naturalista i la conscienciaci\u00f3 sobre aquest. Ens complau que els ponents que hem convidat hagin confirmat la seva participaci\u00f3 sense cap vacil\u00b7laci\u00f3, cosa que ens permet, un cop m\u00e9s, reunir un panell d&#8217;alt nivell per debatre sobre disseny i projectes, el coneixement de les esp\u00e8cies vegetals, les t\u00e8cniques i el manteniment de jardins, tant en el sector p\u00fablic com en el privat.[\/vc_column_text][\/vc_column][\/vc_row][vc_row full_width=&#8221;stretch_row&#8221; content_placement=&#8221;middle&#8221; css_animation=&#8221;fadeInDownBig&#8221; disable_element=&#8221;yes&#8221; css=&#8221;.vc_custom_1747030348258{margin-top: 100px !important;padding-top: 20px !important;padding-bottom: 20px !important;background-color: #adadad !important;}&#8221; conditional_render=&#8221;%5B%7B%22value_role%22%3A%22administrator%22%7D%5D&#8221;][vc_column width=&#8221;1\/2&#8243;][vc_single_image image=&#8221;16983&#8243; img_size=&#8221;550&#215;679&#8243;][\/vc_column][vc_column width=&#8221;1\/2&#8243;][vc_single_image image=&#8221;17006&#8243; img_size=&#8221;large&#8221;][\/vc_column][\/vc_row][vc_row no_padding=&#8221;yes&#8221; disable_element=&#8221;yes&#8221; conditional_render=&#8221;%5B%7B%22value_role%22%3A%22administrator%22%7D%5D&#8221; el_class=&#8221;custom-gallery&#8221; css_params=&#8221;&#8221;][vc_column width=&#8221;5\/6&#8243; offset=&#8221;vc_col-md-6&#8243; conditional_render=&#8221;%5B%7B%22value_role%22%3A%22administrator%22%7D%5D&#8221;][vc_row_inner el_class=&#8221;no-padding&#8221;][vc_column_inner el_class=&#8221;m-t-n-xl order-md-last&#8221; width=&#8221;1\/2&#8243;]<div id=\"interactive-banner-wrap-c6lf\" class=\"porto-ibanner\" style=\"\"><img loading=\"lazy\" decoding=\"async\" alt=\"\" width=\"960\" height=\"1280\" class=\"porto-ibanner-img\" src=\"https:\/\/www.cultidelta.com\/wp-content\/uploads\/2025\/05\/Imatge-web_3.jpeg\" srcset=\"https:\/\/www.cultidelta.com\/wp-content\/uploads\/2025\/05\/Imatge-web_3.jpeg 960w, https:\/\/www.cultidelta.com\/wp-content\/uploads\/2025\/05\/Imatge-web_3-768x1024.jpeg 768w, https:\/\/www.cultidelta.com\/wp-content\/uploads\/2025\/05\/Imatge-web_3-640x853.jpeg 640w, https:\/\/www.cultidelta.com\/wp-content\/uploads\/2025\/05\/Imatge-web_3-400x533.jpeg 400w, https:\/\/www.cultidelta.com\/wp-content\/uploads\/2025\/05\/Imatge-web_3-367x489.jpeg 367w\" sizes=\"auto, (max-width: 960px) 100vw, 960px\"><\/div>[\/vc_column_inner][vc_column_inner width=&#8221;1\/2&#8243;]<div id=\"interactive-banner-wrap-hmgy\" class=\"porto-ibanner mb-0\" style=\"background:#e1d1b8;min-height:300px;\"><img loading=\"lazy\" decoding=\"async\" alt=\"\" width=\"2048\" height=\"1536\" class=\"porto-ibanner-img\" src=\"https:\/\/www.cultidelta.com\/wp-content\/uploads\/2025\/05\/Imatge-web_4.jpg\" srcset=\"https:\/\/www.cultidelta.com\/wp-content\/uploads\/2025\/05\/Imatge-web_4.jpg 2048w, https:\/\/www.cultidelta.com\/wp-content\/uploads\/2025\/05\/Imatge-web_4-1024x768.jpg 1024w, https:\/\/www.cultidelta.com\/wp-content\/uploads\/2025\/05\/Imatge-web_4-768x576.jpg 768w, https:\/\/www.cultidelta.com\/wp-content\/uploads\/2025\/05\/Imatge-web_4-1536x1152.jpg 1536w, https:\/\/www.cultidelta.com\/wp-content\/uploads\/2025\/05\/Imatge-web_4-463x348.jpg 463w, https:\/\/www.cultidelta.com\/wp-content\/uploads\/2025\/05\/Imatge-web_4-640x480.jpg 640w, https:\/\/www.cultidelta.com\/wp-content\/uploads\/2025\/05\/Imatge-web_4-400x300.jpg 400w\" sizes=\"auto, (max-width: 2048px) 100vw, 2048px\"><\/div>[\/vc_column_inner][\/vc_row_inner][vc_row_inner el_class=&#8221;no-padding&#8221;][vc_column_inner el_class=&#8221;m-b-n-xl&#8221; width=&#8221;1\/2&#8243;]<div id=\"interactive-banner-wrap-c7i8\" class=\"porto-ibanner\" style=\"\"><img loading=\"lazy\" decoding=\"async\" alt=\"\" width=\"2560\" height=\"1920\" class=\"porto-ibanner-img\" src=\"https:\/\/www.cultidelta.com\/wp-content\/uploads\/2025\/05\/Imatge-web_1.jpg\" srcset=\"https:\/\/www.cultidelta.com\/wp-content\/uploads\/2025\/05\/Imatge-web_1.jpg 2560w, https:\/\/www.cultidelta.com\/wp-content\/uploads\/2025\/05\/Imatge-web_1-1024x768.jpg 1024w, https:\/\/www.cultidelta.com\/wp-content\/uploads\/2025\/05\/Imatge-web_1-768x576.jpg 768w, https:\/\/www.cultidelta.com\/wp-content\/uploads\/2025\/05\/Imatge-web_1-1536x1152.jpg 1536w, https:\/\/www.cultidelta.com\/wp-content\/uploads\/2025\/05\/Imatge-web_1-2048x1536.jpg 2048w, https:\/\/www.cultidelta.com\/wp-content\/uploads\/2025\/05\/Imatge-web_1-463x348.jpg 463w, https:\/\/www.cultidelta.com\/wp-content\/uploads\/2025\/05\/Imatge-web_1-640x480.jpg 640w, https:\/\/www.cultidelta.com\/wp-content\/uploads\/2025\/05\/Imatge-web_1-400x300.jpg 400w, https:\/\/www.cultidelta.com\/wp-content\/uploads\/2025\/05\/Imatge-web_1-367x275.jpg 367w\" sizes=\"auto, (max-width: 2560px) 100vw, 2560px\"><\/div>[\/vc_column_inner][vc_column_inner width=&#8221;1\/2&#8243;]<div id=\"interactive-banner-wrap-a84l\" class=\"porto-ibanner mb-0\" style=\"background:#a0a6b2;min-height:300px;\"><img loading=\"lazy\" decoding=\"async\" alt=\"\" width=\"960\" height=\"1280\" class=\"porto-ibanner-img\" src=\"https:\/\/www.cultidelta.com\/wp-content\/uploads\/2025\/05\/Imatge-web_3.jpeg\" srcset=\"https:\/\/www.cultidelta.com\/wp-content\/uploads\/2025\/05\/Imatge-web_3.jpeg 960w, https:\/\/www.cultidelta.com\/wp-content\/uploads\/2025\/05\/Imatge-web_3-768x1024.jpeg 768w, https:\/\/www.cultidelta.com\/wp-content\/uploads\/2025\/05\/Imatge-web_3-640x853.jpeg 640w, https:\/\/www.cultidelta.com\/wp-content\/uploads\/2025\/05\/Imatge-web_3-400x533.jpeg 400w, https:\/\/www.cultidelta.com\/wp-content\/uploads\/2025\/05\/Imatge-web_3-367x489.jpeg 367w\" sizes=\"auto, (max-width: 960px) 100vw, 960px\"><\/div>[\/vc_column_inner][\/vc_row_inner][\/vc_column][vc_column width=&#8221;1\/6&#8243; offset=&#8221;vc_col-md-6&#8243; conditional_render=&#8221;%5B%7B%22value_role%22%3A%22administrator%22%7D%5D&#8221;]<div id=\"interactive-banner-wrap-jjcd\" class=\"porto-ibanner mb-0\" style=\"background:#484d53;min-height:600px;\"><img loading=\"lazy\" decoding=\"async\" alt=\"\" width=\"2048\" height=\"1536\" class=\"porto-ibanner-img\" src=\"https:\/\/www.cultidelta.com\/wp-content\/uploads\/2025\/05\/Imatge-web_6.jpg\" srcset=\"https:\/\/www.cultidelta.com\/wp-content\/uploads\/2025\/05\/Imatge-web_6.jpg 2048w, https:\/\/www.cultidelta.com\/wp-content\/uploads\/2025\/05\/Imatge-web_6-1024x768.jpg 1024w, https:\/\/www.cultidelta.com\/wp-content\/uploads\/2025\/05\/Imatge-web_6-1536x1152.jpg 1536w\" sizes=\"auto, (max-width: 2048px) 100vw, 2048px\"><\/div>[\/vc_column][\/vc_row][vc_row][vc_column]<div class=\"porto-gallery has-ccols ccols-1 ccols-sm-2 ccols-md-3 wpb_custom_990125ee54cc6ce8d5f272820494c17d porto-gallery-masonry\" data-plugin-masonry data-plugin-options=\"{&quot;layoutMode&quot;:&quot;masonry&quot;,&quot;itemSelector&quot;:&quot;figure&quot;,&quot;masonry&quot;:{&quot;columnWidth&quot;:&quot;figure&quot;},&quot;animationEngine&quot;:&quot;best-available&quot;,&quot;resizable&quot;:false}\"><figure><img loading=\"lazy\" decoding=\"async\" width=\"960\" height=\"1280\" src=\"https:\/\/www.cultidelta.com\/wp-content\/uploads\/2025\/05\/Imatge-web_2.jpeg\" class=\"attachment-full size-full\" alt=\"\" srcset=\"https:\/\/www.cultidelta.com\/wp-content\/uploads\/2025\/05\/Imatge-web_2.jpeg 960w, https:\/\/www.cultidelta.com\/wp-content\/uploads\/2025\/05\/Imatge-web_2-768x1024.jpeg 768w, https:\/\/www.cultidelta.com\/wp-content\/uploads\/2025\/05\/Imatge-web_2-640x853.jpeg 640w, https:\/\/www.cultidelta.com\/wp-content\/uploads\/2025\/05\/Imatge-web_2-400x533.jpeg 400w, https:\/\/www.cultidelta.com\/wp-content\/uploads\/2025\/05\/Imatge-web_2-367x489.jpeg 367w\" sizes=\"auto, (max-width: 960px) 100vw, 960px\" \/><\/figure><figure><img loading=\"lazy\" decoding=\"async\" width=\"2560\" height=\"1920\" src=\"https:\/\/www.cultidelta.com\/wp-content\/uploads\/2025\/05\/Imatge-web_1.jpg\" class=\"attachment-full size-full\" alt=\"\" srcset=\"https:\/\/www.cultidelta.com\/wp-content\/uploads\/2025\/05\/Imatge-web_1.jpg 2560w, https:\/\/www.cultidelta.com\/wp-content\/uploads\/2025\/05\/Imatge-web_1-1024x768.jpg 1024w, https:\/\/www.cultidelta.com\/wp-content\/uploads\/2025\/05\/Imatge-web_1-768x576.jpg 768w, https:\/\/www.cultidelta.com\/wp-content\/uploads\/2025\/05\/Imatge-web_1-1536x1152.jpg 1536w, https:\/\/www.cultidelta.com\/wp-content\/uploads\/2025\/05\/Imatge-web_1-2048x1536.jpg 2048w, https:\/\/www.cultidelta.com\/wp-content\/uploads\/2025\/05\/Imatge-web_1-463x348.jpg 463w, https:\/\/www.cultidelta.com\/wp-content\/uploads\/2025\/05\/Imatge-web_1-640x480.jpg 640w, https:\/\/www.cultidelta.com\/wp-content\/uploads\/2025\/05\/Imatge-web_1-400x300.jpg 400w, https:\/\/www.cultidelta.com\/wp-content\/uploads\/2025\/05\/Imatge-web_1-367x275.jpg 367w\" sizes=\"auto, (max-width: 2560px) 100vw, 2560px\" \/><\/figure><figure><img loading=\"lazy\" decoding=\"async\" width=\"2048\" height=\"1536\" src=\"https:\/\/www.cultidelta.com\/wp-content\/uploads\/2025\/05\/Imatge-web_4.jpg\" class=\"attachment-full size-full\" alt=\"\" srcset=\"https:\/\/www.cultidelta.com\/wp-content\/uploads\/2025\/05\/Imatge-web_4.jpg 2048w, https:\/\/www.cultidelta.com\/wp-content\/uploads\/2025\/05\/Imatge-web_4-1024x768.jpg 1024w, https:\/\/www.cultidelta.com\/wp-content\/uploads\/2025\/05\/Imatge-web_4-768x576.jpg 768w, https:\/\/www.cultidelta.com\/wp-content\/uploads\/2025\/05\/Imatge-web_4-1536x1152.jpg 1536w, https:\/\/www.cultidelta.com\/wp-content\/uploads\/2025\/05\/Imatge-web_4-463x348.jpg 463w, https:\/\/www.cultidelta.com\/wp-content\/uploads\/2025\/05\/Imatge-web_4-640x480.jpg 640w, https:\/\/www.cultidelta.com\/wp-content\/uploads\/2025\/05\/Imatge-web_4-400x300.jpg 400w, https:\/\/www.cultidelta.com\/wp-content\/uploads\/2025\/05\/Imatge-web_4-367x275.jpg 367w\" sizes=\"auto, (max-width: 2048px) 100vw, 2048px\" \/><\/figure><figure><img loading=\"lazy\" decoding=\"async\" width=\"960\" height=\"1280\" src=\"https:\/\/www.cultidelta.com\/wp-content\/uploads\/2025\/05\/Imatge-web_3.jpeg\" class=\"attachment-full size-full\" alt=\"\" srcset=\"https:\/\/www.cultidelta.com\/wp-content\/uploads\/2025\/05\/Imatge-web_3.jpeg 960w, https:\/\/www.cultidelta.com\/wp-content\/uploads\/2025\/05\/Imatge-web_3-768x1024.jpeg 768w, https:\/\/www.cultidelta.com\/wp-content\/uploads\/2025\/05\/Imatge-web_3-640x853.jpeg 640w, https:\/\/www.cultidelta.com\/wp-content\/uploads\/2025\/05\/Imatge-web_3-400x533.jpeg 400w, https:\/\/www.cultidelta.com\/wp-content\/uploads\/2025\/05\/Imatge-web_3-367x489.jpeg 367w\" sizes=\"auto, (max-width: 960px) 100vw, 960px\" \/><\/figure><figure><img loading=\"lazy\" decoding=\"async\" width=\"2048\" height=\"1536\" src=\"https:\/\/www.cultidelta.com\/wp-content\/uploads\/2025\/05\/Imatge-web_5.jpg\" class=\"attachment-full size-full\" alt=\"\" srcset=\"https:\/\/www.cultidelta.com\/wp-content\/uploads\/2025\/05\/Imatge-web_5.jpg 2048w, https:\/\/www.cultidelta.com\/wp-content\/uploads\/2025\/05\/Imatge-web_5-1024x768.jpg 1024w, https:\/\/www.cultidelta.com\/wp-content\/uploads\/2025\/05\/Imatge-web_5-768x576.jpg 768w, https:\/\/www.cultidelta.com\/wp-content\/uploads\/2025\/05\/Imatge-web_5-1536x1152.jpg 1536w, https:\/\/www.cultidelta.com\/wp-content\/uploads\/2025\/05\/Imatge-web_5-463x348.jpg 463w, https:\/\/www.cultidelta.com\/wp-content\/uploads\/2025\/05\/Imatge-web_5-640x480.jpg 640w, https:\/\/www.cultidelta.com\/wp-content\/uploads\/2025\/05\/Imatge-web_5-400x300.jpg 400w, https:\/\/www.cultidelta.com\/wp-content\/uploads\/2025\/05\/Imatge-web_5-367x275.jpg 367w\" sizes=\"auto, (max-width: 2048px) 100vw, 2048px\" \/><\/figure><figure><img loading=\"lazy\" decoding=\"async\" width=\"2048\" height=\"1536\" src=\"https:\/\/www.cultidelta.com\/wp-content\/uploads\/2025\/05\/Imatge-web_6.jpg\" class=\"attachment-full size-full\" alt=\"\" srcset=\"https:\/\/www.cultidelta.com\/wp-content\/uploads\/2025\/05\/Imatge-web_6.jpg 2048w, https:\/\/www.cultidelta.com\/wp-content\/uploads\/2025\/05\/Imatge-web_6-1024x768.jpg 1024w, https:\/\/www.cultidelta.com\/wp-content\/uploads\/2025\/05\/Imatge-web_6-768x576.jpg 768w, https:\/\/www.cultidelta.com\/wp-content\/uploads\/2025\/05\/Imatge-web_6-1536x1152.jpg 1536w, https:\/\/www.cultidelta.com\/wp-content\/uploads\/2025\/05\/Imatge-web_6-463x348.jpg 463w, https:\/\/www.cultidelta.com\/wp-content\/uploads\/2025\/05\/Imatge-web_6-640x480.jpg 640w, https:\/\/www.cultidelta.com\/wp-content\/uploads\/2025\/05\/Imatge-web_6-400x300.jpg 400w, https:\/\/www.cultidelta.com\/wp-content\/uploads\/2025\/05\/Imatge-web_6-367x275.jpg 367w\" sizes=\"auto, (max-width: 2048px) 100vw, 2048px\" \/><\/figure><\/div>[\/vc_column][\/vc_row]<\/p>\n<\/div>","protected":false},"excerpt":{"rendered":"<p>[vc_row wrap_container=&#8221;yes&#8221; content_placement=&#8221;middle&#8221; is_section=&#8221;yes&#8221; section_skin=&#8221;parallax&#8221; remove_margin_top=&#8221;yes&#8221; remove_border=&#8221;yes&#8221; css=&#8221;.vc_custom_1682415448771{padding-top: 70px !important;padding-bottom: 40px !important;}&#8221; conditional_render=&#8221;%5B%7B%22value_role%22%3A%22administrator%22%7D%5D&#8221;][vc_column offset=&#8221;vc_col-md-6&#8243;][vc_single_image image=&#8221;16954&#8243; img_size=&#8221;full&#8221;][\/vc_column][vc_column css=&#8221;.vc_custom_1529913695250{padding-top: 40px !important;}&#8221; el_class=&#8221;ps-lg-5&#8243; offset=&#8221;vc_col-md-6&#8243;][vc_column_text css=&#8221;&#8221; el_class=&#8221;content-row&#8221; css_params=&#8221;&#8221;]A Cultidelta, com a equip de ments curioses, sempre hav\u00edem volgut organitzar un esdeveniment relacionat amb el paisatgisme mediterrani, per\u00f2 la nostra feina di\u00e0ria tan atrafegada mai no ens havia perm\u00e8s fer [&hellip;]<\/p>\n","protected":false},"author":1,"featured_media":0,"parent":0,"menu_order":0,"comment_status":"closed","ping_status":"closed","template":"","meta":{"_acf_changed":false,"om_disable_all_campaigns":false,"_monsterinsights_skip_tracking":false,"_monsterinsights_sitenote_active":false,"_monsterinsights_sitenote_note":"","_monsterinsights_sitenote_category":0,"footnotes":""},"class_list":["post-17967","page","type-page","status-publish","hentry"],"acf":[],"aioseo_notices":[],"_links":{"self":[{"href":"https:\/\/www.cultidelta.com\/ca\/wp-json\/wp\/v2\/pages\/17967","targetHints":{"allow":["GET"]}}],"collection":[{"href":"https:\/\/www.cultidelta.com\/ca\/wp-json\/wp\/v2\/pages"}],"about":[{"href":"https:\/\/www.cultidelta.com\/ca\/wp-json\/wp\/v2\/types\/page"}],"author":[{"embeddable":true,"href":"https:\/\/www.cultidelta.com\/ca\/wp-json\/wp\/v2\/users\/1"}],"replies":[{"embeddable":true,"href":"https:\/\/www.cultidelta.com\/ca\/wp-json\/wp\/v2\/comments?post=17967"}],"version-history":[{"count":5,"href":"https:\/\/www.cultidelta.com\/ca\/wp-json\/wp\/v2\/pages\/17967\/revisions"}],"predecessor-version":[{"id":18089,"href":"https:\/\/www.cultidelta.com\/ca\/wp-json\/wp\/v2\/pages\/17967\/revisions\/18089"}],"wp:attachment":[{"href":"https:\/\/www.cultidelta.com\/ca\/wp-json\/wp\/v2\/media?parent=17967"}],"curies":[{"name":"wp","href":"https:\/\/api.w.org\/{rel}","templated":true}]}}