{"id":16650,"date":"2023-01-18T13:06:09","date_gmt":"2023-01-18T13:06:09","guid":{"rendered":"https:\/\/www.cultidelta.com\/areas-de-trabajo\/area-tecnica\/"},"modified":"2023-03-24T10:01:22","modified_gmt":"2023-03-24T10:01:22","slug":"area-tecnica","status":"publish","type":"page","link":"https:\/\/www.cultidelta.com\/fr\/areas-de-trabajo\/area-tecnica\/","title":{"rendered":"Zone technique"},"content":{"rendered":"<div class=\"wpb-content-wrapper\"><p>[vc_row wrap_container=\u00a0\u00bbyes\u00a0\u00bb css=\u00a0\u00bb.vc_custom_1544835925643{padding-top: 90px !important;padding-bottom: 50px !important;}\u00a0\u00bb][vc_column offset=\u00a0\u00bbvc_col-md-offset-1 vc_col-md-10&Prime;]<div class=\"porto-u-heading  wpb_custom_95aa9a11c17ad45cfabaf210d84ee7cc porto-u-9619 \" data-appear-animation=\"fadeInUp\" data-appear-animation-delay=\"100\"><div class=\"porto-u-main-heading\"><h2   style=\"font-weight:700;margin-bottom: 30px;font-size:42px;line-height:42px;\"> Zone technique de nos projets<\/h2><\/div><div class=\"porto-u-sub-heading\" style=\"font-size:16.8px;line-height:32px;\">Les budgets ou les projets que nous recevons sont surveill\u00e9s par notre domaine technique afin de pouvoir pr\u00e9senter des approches aussi coh\u00e9rentes que possible.<\/p>\n<p>Nous sommes \u00e9galement en contact permanent avec diff\u00e9rents bureaux d&rsquo;architectes et de paysagistes, en collaborant \u00e0 la r\u00e9daction de projets ou d&rsquo;\u00e9tudes, ainsi qu&rsquo;avec des entreprises de jardinage et\/ou des obresuvres environnementales et des directions facultatives, en les aidant \u00e0 les red\u00e9finir et \u00e0 les am\u00e9liorer.<\/p>\n<p>Nous d\u00e9veloppons des partenariats avec des entreprises du secteur vert afin de pouvoir compl\u00e9ter nos services dans les domaines suivants:<\/div><style>.porto-u-9619.porto-u-heading{text-align:center}<\/style><\/div>[\/vc_column][\/vc_row][vc_row wrap_container=\u00a0\u00bbyes\u00a0\u00bb css=\u00a0\u00bb.vc_custom_1544836035086{padding-bottom: 70px !important;}\u00a0\u00bb][vc_column width=\u00a0\u00bb1\/2&Prime; animation_delay=\u00a0\u00bb400&Prime; el_class=\u00a0\u00bbcol-sm-6&Prime; offset=\u00a0\u00bbvc_col-md-3&Prime; animation_type=\u00a0\u00bbfadeInRight\u00a0\u00bb]<div class=\"porto-sicon-box px-lg-1 px-xl-5  wpb_custom_6bd3ea43243bb56571d580d187f8d1d7 style_1 top-icon\" data-appear-animation=\"bounceInLeft\" data-appear-animation-delay=\"1000\"><div class=\"porto-sicon-top\"><div id=\"porto-icon-68567143869e49c58c6f29\" class=\"porto-just-icon-wrapper porto-sicon-img\" style=\"font-size: 100px;\"><img loading=\"lazy\" decoding=\"async\" class=\"img-icon\" alt=\"\" src=\"https:\/\/www.cultidelta.com\/wp-content\/uploads\/2023\/01\/jardines-verticales.png\" width=\"512\" height=\"512\" \/><\/div><\/div><div class=\"porto-sicon-header\"><h3 class=\"porto-sicon-title\" style=\"font-weight:700;font-size:21px;line-height:21px;\"> Jardins verticaux<\/h3><\/div> <!-- header --><\/div><!-- porto-sicon-box -->[\/vc_column][vc_column width=\u00a0\u00bb1\/2&Prime; animation_delay=\u00a0\u00bb200&Prime; el_class=\u00a0\u00bbcol-sm-6&Prime; offset=\u00a0\u00bbvc_col-md-3&Prime; animation_type=\u00a0\u00bbfadeInRight\u00a0\u00bb]<div class=\"porto-sicon-box px-lg-1 px-xl-5  wpb_custom_6bd3ea43243bb56571d580d187f8d1d7 style_1 top-icon\" data-appear-animation=\"bounceInDown\" data-appear-animation-delay=\"2000\"><div class=\"porto-sicon-top\"><div id=\"porto-icon-124977843269e49c58c76f2\" class=\"porto-just-icon-wrapper porto-sicon-img\" style=\"font-size: 100px;\"><img loading=\"lazy\" decoding=\"async\" class=\"img-icon\" alt=\"\" src=\"https:\/\/www.cultidelta.com\/wp-content\/uploads\/2023\/01\/cubiertas-verdes.png\" width=\"512\" height=\"512\" \/><\/div><\/div><div class=\"porto-sicon-header\"><h3 class=\"porto-sicon-title\" style=\"font-weight:700;font-size:21px;line-height:21px;\"> Cobertes vertes<\/h3><\/div> <!-- header --><\/div><!-- porto-sicon-box -->[\/vc_column][vc_column width=\u00a0\u00bb1\/2&Prime; animation_delay=\u00a0\u00bb200&Prime; el_class=\u00a0\u00bbcol-sm-6&Prime; offset=\u00a0\u00bbvc_col-md-3&Prime; animation_type=\u00a0\u00bbfadeInLeft\u00a0\u00bb]<div class=\"porto-sicon-box px-lg-1 px-xl-5  wpb_custom_6bd3ea43243bb56571d580d187f8d1d7 style_1 top-icon\" data-appear-animation=\"bounceInUp\" data-appear-animation-delay=\"3000\"><div class=\"porto-sicon-top\"><div id=\"porto-icon-71590238669e49c58c7eaf\" class=\"porto-just-icon-wrapper porto-sicon-img\" style=\"font-size: 100px;\"><img loading=\"lazy\" decoding=\"async\" class=\"img-icon\" alt=\"\" src=\"https:\/\/www.cultidelta.com\/wp-content\/uploads\/2023\/01\/bioingenieria.png\" width=\"512\" height=\"512\" \/><\/div><\/div><div class=\"porto-sicon-header\"><h3 class=\"porto-sicon-title\" style=\"font-weight:700;font-size:21px;line-height:21px;\">Bio-ing\u00e9nierie<\/h3><\/div> <!-- header --><\/div><!-- porto-sicon-box -->[\/vc_column][vc_column width=\u00a0\u00bb1\/2&Prime; animation_delay=\u00a0\u00bb400&Prime; el_class=\u00a0\u00bbcol-sm-6&Prime; offset=\u00a0\u00bbvc_col-md-3&Prime; animation_type=\u00a0\u00bbfadeInLeft\u00a0\u00bb]<div class=\"porto-sicon-box px-lg-1 px-xl-5  wpb_custom_6bd3ea43243bb56571d580d187f8d1d7 style_1 top-icon\" data-appear-animation=\"bounceInRight\" data-appear-animation-delay=\"4000\"><div class=\"porto-sicon-top\"><div id=\"porto-icon-139437002169e49c58c86ab\" class=\"porto-just-icon-wrapper porto-sicon-img\" style=\"font-size: 100px;\"><img loading=\"lazy\" decoding=\"async\" class=\"img-icon\" alt=\"\" src=\"https:\/\/www.cultidelta.com\/wp-content\/uploads\/2023\/01\/paisajismo.png\" width=\"512\" height=\"512\" \/><\/div><\/div><div class=\"porto-sicon-header\"><h3 class=\"porto-sicon-title\" style=\"font-weight:700;font-size:21px;line-height:21px;\">Paysagisme<\/h3><\/div> <!-- header --><\/div><!-- porto-sicon-box -->[\/vc_column][\/vc_row]<\/p>\n<\/div>","protected":false},"excerpt":{"rendered":"<p>[vc_row wrap_container=\u00a0\u00bbyes\u00a0\u00bb css=\u00a0\u00bb.vc_custom_1544835925643{padding-top: 90px !important;padding-bottom: 50px !important;}\u00a0\u00bb][vc_column offset=\u00a0\u00bbvc_col-md-offset-1 vc_col-md-10&Prime;][\/vc_column][\/vc_row][vc_row wrap_container=\u00a0\u00bbyes\u00a0\u00bb css=\u00a0\u00bb.vc_custom_1544836035086{padding-bottom: 70px !important;}\u00a0\u00bb][vc_column width=\u00a0\u00bb1\/2&Prime; animation_delay=\u00a0\u00bb400&Prime; el_class=\u00a0\u00bbcol-sm-6&Prime; offset=\u00a0\u00bbvc_col-md-3&Prime; animation_type=\u00a0\u00bbfadeInRight\u00a0\u00bb][\/vc_column][vc_column width=\u00a0\u00bb1\/2&Prime; animation_delay=\u00a0\u00bb200&Prime; el_class=\u00a0\u00bbcol-sm-6&Prime; offset=\u00a0\u00bbvc_col-md-3&Prime; animation_type=\u00a0\u00bbfadeInRight\u00a0\u00bb][\/vc_column][vc_column width=\u00a0\u00bb1\/2&Prime; animation_delay=\u00a0\u00bb200&Prime; el_class=\u00a0\u00bbcol-sm-6&Prime; offset=\u00a0\u00bbvc_col-md-3&Prime; animation_type=\u00a0\u00bbfadeInLeft\u00a0\u00bb][\/vc_column][vc_column width=\u00a0\u00bb1\/2&Prime; animation_delay=\u00a0\u00bb400&Prime; el_class=\u00a0\u00bbcol-sm-6&Prime; offset=\u00a0\u00bbvc_col-md-3&Prime; animation_type=\u00a0\u00bbfadeInLeft\u00a0\u00bb][\/vc_column][\/vc_row]<\/p>\n","protected":false},"author":1,"featured_media":0,"parent":16630,"menu_order":0,"comment_status":"closed","ping_status":"closed","template":"","meta":{"_acf_changed":false,"om_disable_all_campaigns":false,"_monsterinsights_skip_tracking":false,"_monsterinsights_sitenote_active":false,"_monsterinsights_sitenote_note":"","_monsterinsights_sitenote_category":0,"footnotes":""},"class_list":["post-16650","page","type-page","status-publish","hentry"],"acf":[],"aioseo_notices":[],"_links":{"self":[{"href":"https:\/\/www.cultidelta.com\/fr\/wp-json\/wp\/v2\/pages\/16650","targetHints":{"allow":["GET"]}}],"collection":[{"href":"https:\/\/www.cultidelta.com\/fr\/wp-json\/wp\/v2\/pages"}],"about":[{"href":"https:\/\/www.cultidelta.com\/fr\/wp-json\/wp\/v2\/types\/page"}],"author":[{"embeddable":true,"href":"https:\/\/www.cultidelta.com\/fr\/wp-json\/wp\/v2\/users\/1"}],"replies":[{"embeddable":true,"href":"https:\/\/www.cultidelta.com\/fr\/wp-json\/wp\/v2\/comments?post=16650"}],"version-history":[{"count":2,"href":"https:\/\/www.cultidelta.com\/fr\/wp-json\/wp\/v2\/pages\/16650\/revisions"}],"predecessor-version":[{"id":16666,"href":"https:\/\/www.cultidelta.com\/fr\/wp-json\/wp\/v2\/pages\/16650\/revisions\/16666"}],"up":[{"embeddable":true,"href":"https:\/\/www.cultidelta.com\/fr\/wp-json\/wp\/v2\/pages\/16630"}],"wp:attachment":[{"href":"https:\/\/www.cultidelta.com\/fr\/wp-json\/wp\/v2\/media?parent=16650"}],"curies":[{"name":"wp","href":"https:\/\/api.w.org\/{rel}","templated":true}]}}