{"id":16671,"date":"2023-01-18T13:05:35","date_gmt":"2023-01-18T13:05:35","guid":{"rendered":"https:\/\/www.cultidelta.com\/areas-de-trabajo\/comercializacion-y-logistica\/"},"modified":"2023-03-24T10:10:38","modified_gmt":"2023-03-24T10:10:38","slug":"comercializacion-y-logistica","status":"publish","type":"page","link":"https:\/\/www.cultidelta.com\/fr\/areas-de-trabajo\/comercializacion-y-logistica\/","title":{"rendered":"Commercialisation et logistique"},"content":{"rendered":"<div class=\"wpb-content-wrapper\"><p>[vc_row wrap_container=\u00a0\u00bbyes\u00a0\u00bb is_section=\u00a0\u00bbyes\u00a0\u00bb section_skin=\u00a0\u00bbparallax\u00a0\u00bb remove_margin_top=\u00a0\u00bbyes\u00a0\u00bb remove_margin_bottom=\u00a0\u00bbyes\u00a0\u00bb remove_border=\u00a0\u00bbyes\u00a0\u00bb el_class=\u00a0\u00bbhome-concept-construction\u00a0\u00bb][vc_column][vc_custom_heading text=\u00a0\u00bb\u00a0\u00bb use_theme_fonts=\u00a0\u00bbyes\u00a0\u00bb el_class=\u00a0\u00bbm-t-md mb-2&Prime;][vc_custom_heading text=\u00a0\u00bb<br \/>\nNous disposons d&rsquo;une \u00e9quipe commerciale capable de g\u00e9rer toutes sortes de commandes, en communication constante avec le d\u00e9partement technique pour pr\u00e9senter les propositions les plus appropri\u00e9es selon le type de travail.\u00a0\u00bb font_container=\u00a0\u00bbtag:p|font_size:1.2em|text_align:left\u00a0\u00bb use_theme_fonts=\u00a0\u00bbyes\u00a0\u00bb font_weight=\u00a0\u00bb300&Prime; el_class=\u00a0\u00bbpb-3&Prime;][vc_raw_html el_class=\u00a0\u00bbmb-0&Prime;]JTNDc3ZnJTIwY2xhc3MlM0QlMjJkaWFtb25kcy1zdmctbGluZSUyMHBvc2l0aW9uLWFic29sdXRlJTIwYm90dG9tLTAlMjBsZWZ0LTE1JTIwbWItNSUyMHBiLTMlMjBtbC01JTIwZC1ub25lJTIwZC14bC1ibG9jayUyMiUyMHdpZHRoJTNEJTIyMTAwJTI1JTIyJTIweG1sbnMlM0QlMjJodHRwJTNBJTJGJTJGd3d3LnczLm9yZyUyRjIwMDAlMkZzdmclMjIlMjB4bWxucyUzQXhsaW5rJTNEJTIyaHR0cCUzQSUyRiUyRnd3dy53My5vcmclMkYxOTk5JTJGeGxpbmslMjIlMjB4JTNEJTIyMHB4JTIyJTIweSUzRCUyMjBweCUyMiUyMHZpZXdCb3glM0QlMjIwJTIwMCUyMDExNDUuODYlMjA1MDguMTMlMjIlMjB4bWwlM0FzcGFjZSUzRCUyMnByZXNlcnZlJTIyJTIwZGF0YS1hcHBlYXItYW5pbWF0aW9uLXN2ZyUzRCUyMnRydWUlMjIlM0UlMEElMDklM0NnJTNFJTBBJTA5JTA5JTNDcGF0aCUyMGQlM0QlMjJNMTMuODclMkMzMi4zNmMxLjA3JTJDMC41NSUyQzIuMzctMC4yOCUyQzIuNC0xLjQ5YzAuMDQtMS41OCUyQzAuMjctMi44NyUyQzAuNS0zLjgyYzAuNTYtMi4zNSUyQzEuNDgtNC4xJTJDMi42NS02LjMzJTBBJTA5JTA5JTA5YzEuNy0zLjI1JTJDMS45NS0yLjg1JTJDMi40Ni00LjM1YzEuNDctNC4zLTAuMzYtOC4xOS0wLjQ3LTguNDFjLTAuMzYtMC43NC0xLjU0LTMuMTUtNC4wNi00LjQ0Yy0zLjcxLTEuOS04Ljg3LTAuOTQtMTEuOTElMkMyLjQ2JTBBJTA5JTA5JTA5Yy0yLjY0JTJDMi45NS0zLjA4JTJDNy4wNS0yLjA4JTJDOS45MmMwLjI1JTJDMC43MSUyQzEuNiUyQzIuMDElMkMzLjY0JTJDNC43NWMzLjYyJTJDNC44NyUyQzMuNDIlMkM0LjUzJTJDNC4xMSUyQzYuMDJjMS4zJTJDMi44MyUyQzEuMDclMkM0Ljc4JTJDMi43NCUyQzUuNjclMEElMDklMDklMDlDMTMuODUlMkMzMi4zNSUyQzEzLjg2JTJDMzIuMzYlMkMxMy44NyUyQzMyLjM2eiUyMiUyRiUzRSUwQSUwOSUwOSUzQ2NpcmNsZSUyMGZpbGwlM0QlMjIlMjNGRkYlMjIlMjBjeCUzRCUyMjEyLjY1JTIyJTIwY3klM0QlMjIxMi41NCUyMiUyMHIlM0QlMjI2LjM0JTIyJTJGJTNFJTBBJTA5JTA5JTNDY2lyY2xlJTIwY3glM0QlMjIxMi42NSUyMiUyMGN5JTNEJTIyMTIuNTQlMjIlMjByJTNEJTIyNC4yOSUyMiUyRiUzRSUwQSUwOSUwOSUzQ2NpcmNsZSUyMGZpbGwlM0QlMjIlMjNGRkYlMjIlMjBjeCUzRCUyMjEyLjY1JTIyJTIwY3klM0QlMjIxMi41NCUyMiUyMHIlM0QlMjIyLjQ0JTIyJTJGJTNFJTBBJTA5JTNDJTJGZyUzRSUwQSUwOSUzQ2clM0UlMEElMDklMDklM0NwYXRoJTIwZCUzRCUyMk0xMTIxLjcyJTJDNTA1LjM0YzAuNDQlMkMxLjEyJTJDMS45NyUyQzEuMzUlMkMyLjc5JTJDMC40N2MxLjA4LTEuMTYlMkMyLjEtMS45OCUyQzIuOS0yLjU0YzEuOTgtMS40JTJDMy44Mi0yLjExJTJDNi4xNy0zLjAxJTIwYzMuNDMtMS4zMiUyQzMuMzUtMC44NiUyQzQuNzEtMS42NGMzLjk0LTIuMjYlMkM1LjEzLTYuMzklMkM1LjE5LTYuNjNjMC4yMi0wLjc5JTJDMC45Mi0zLjM4LTAuMTItNi4wMmMtMS41My0zLjg3LTYuMDQtNi41Ni0xMC41Ny02LjAxJTIwYy0zLjkzJTJDMC40Ny02Ljk3JTJDMy4yNy04LjExJTJDNi4wOGMtMC4yOCUyQzAuNjktMC4xMiUyQzIuNTYtMC40JTJDNS45N2MtMC40OSUyQzYuMDUtMC40MiUyQzUuNjYtMC44OSUyQzcuMjRjLTAuODklMkMyLjk4LTIuMzUlMkM0LjMtMS42OCUyQzYuMDclMEElMDklMDlDMTEyMS43MSUyQzUwNS4zMiUyQzExMjEuNzElMkM1MDUuMzMlMkMxMTIxLjcyJTJDNTA1LjM0eiUyMiUyMCUyRiUzRSUwQSUwOSUwOSUzQ2NpcmNsZSUyMGZpbGwlM0QlMjIlMjNGRkYlMjIlMjBjeCUzRCUyMjExMzMuODglMjIlMjBjeSUzRCUyMjQ4OS42NCUyMiUyMHIlM0QlMjI2LjM0JTIyJTJGJTNFJTBBJTA5JTA5JTNDY2lyY2xlJTIwY3glM0QlMjIxMTMzLjg4JTIyJTIwY3klM0QlMjI0ODkuNjQlMjIlMjByJTNEJTIyNC4yOSUyMiUyRiUzRSUwQSUwOSUwOSUzQ2NpcmNsZSUyMGZpbGwlM0QlMjIlMjNGRkYlMjIlMjBjeCUzRCUyMjExMzMuODglMjIlMjBjeSUzRCUyMjQ4OS42NCUyMiUyMHIlM0QlMjIyLjQ0JTIyJTJGJTNFJTBBJTA5JTNDJTJGZyUzRSUwQSUwOSUzQ2clM0UlMEElMDklMDklM0NnJTNFJTBBJTA5JTA5JTA5JTNDcGF0aCUyMGRhdGEtYXBwZWFyLWFuaW1hdGlvbiUzRCUyMmZhZGVJbiUyMiUyMGRhdGEtYXBwZWFyLWFuaW1hdGlvbi1kZWxheSUzRCUyMjMwMCUyMiUyMGRhdGEtYXBwZWFyLWFuaW1hdGlvbi1kdXJhdGlvbiUzRCUyMjEwMCUyMiUyMGZpbGwlM0QlMjJub25lJTIyJTIwc3Ryb2tlJTNEJTIyJTIzYmZiZmJmJTIyJTIwc3Ryb2tlLW1pdGVyLWxpbWl0JTNEJTIyMTAlMjIlMjBzdHJva2UtZGFzaGFycmF5JTNEJTIyOC45Mzc0JTJDOC45Mzc0JTIyJTIwZCUzRCUyMk0yMi40OCUyQzQ2Ljg0YzEyLjQzJTJDMTkuOCUyQzM3LjExJTJDNTguMjUlMkM2NS4zNCUyQzkwLjQ2YzYuMjQlMkM3LjEyJTJDMzguMjMlMkM0My4xMSUyQzg5Ljc2JTJDNzcuNjclMEElMDklMDklMDklMDljMjcuNTMlMkMxOC40NyUyQzkzLjQyJTJDNTguNTElMkMxODQuNDQlMkM3NC44M2M2My4zJTJDMTEuMzUlMkMxMjMuNyUyQzguNTQlMkMxNTIuODglMkM3LjE4YzE4LjQzLTAuODYlMkMyMC43OS0xLjYzJTJDNDQuNi0yLjY1JTBBJTA5JTA5JTA5JTA5YzI1LjM4LTEuMDglMkM3NC40NC0zLjA0JTJDMTM0LjE3JTJDMS41MWMyNy40OSUyQzIuMDklMkM2OC4wOSUyQzUuMzQlMkMxMjAlMkMxNi44MmMzOC44NCUyQzguNTklMkM4OS43OSUyQzIwLjIxJTJDMTQ5LjQ4JTJDNTAuODMlMEElMDklMDklMDklMDljMTcuOTQlMkM5LjIxJTJDNTEuOTYlMkMyNy45NyUyQzg3Ljg3JTJDNTcuODNjMjguMzIlMkMyMy41NCUyQzQzLjE1JTJDNDEuNzklMkM1Mi4xNiUyQzU0LjI0YzUuMDQlMkM2Ljk3JTJDOS4yMSUyQzEzLjQ1JTJDMTIuNTclMkMxOS4wNCUyMiUyRiUzRSUwQSUwOSUwOSUwOSUzQ3BhdGglMjBkYXRhLWFwcGVhci1hbmltYXRpb24lM0QlMjJjdXN0b21EaWFtb25kc0xpbmVBbmltJTIyJTIwZGF0YS1hcHBlYXItYW5pbWF0aW9uLWRlbGF5JTNEJTIyMzAwJTIyJTIwZGF0YS1hcHBlYXItYW5pbWF0aW9uLWR1cmF0aW9uJTNEJTIyMTAwMDAlMjIlMjBmaWxsJTNEJTIybm9uZSUyMiUyMHN0cm9rZSUzRCUyMiUyM0ZGRiUyMiUyMHN0cm9rZS13aWR0aCUzRCUyMjIlMjIlMjBzdHJva2UtbWl0ZXItbGltaXQlM0QlMjIxMCUyMiUyMHN0cm9rZS1kYXNoYXJyYXklM0QlMjI4LjkzNzQlMkM4LjkzNzQlMjIlMjBkJTNEJTIyTTIyLjQ4JTJDNDYuODRjMTIuNDMlMkMxOS44JTJDMzcuMTElMkM1OC4yNSUyQzY1LjM0JTJDOTAuNDZjNi4yNCUyQzcuMTIlMkMzOC4yMyUyQzQzLjExJTJDODkuNzYlMkM3Ny42NyUwQSUwOSUwOSUwOSUwOWMyNy41MyUyQzE4LjQ3JTJDOTMuNDIlMkM1OC41MSUyQzE4NC40NCUyQzc0LjgzYzYzLjMlMkMxMS4zNSUyQzEyMy43JTJDOC41NCUyQzE1Mi44OCUyQzcuMThjMTguNDMtMC44NiUyQzIwLjc5LTEuNjMlMkM0NC42LTIuNjUlMEElMDklMDklMDklMDljMjUuMzgtMS4wOCUyQzc0LjQ0LTMuMDQlMkMxMzQuMTclMkMxLjUxYzI3LjQ5JTJDMi4wOSUyQzY4LjA5JTJDNS4zNCUyQzEyMCUyQzE2LjgyYzM4Ljg0JTJDOC41OSUyQzg5Ljc5JTJDMjAuMjElMkMxNDkuNDglMkM1MC44MyUwQSUwOSUwOSUwOSUwOWMxNy45NCUyQzkuMjElMkM1MS45NiUyQzI3Ljk3JTJDODcuODclMkM1Ny44M2MyOC4zMiUyQzIzLjU0JTJDNDMuMTUlMkM0MS43OSUyQzUyLjE2JTJDNTQuMjRjNS4wNCUyQzYuOTclMkM5LjIxJTJDMTMuNDUlMkMxMi41NyUyQzE5LjA0JTIyJTJGJTNFJTBBJTA5JTA5JTNDJTJGZyUzRSUwQSUwOSUzQyUyRmclM0UlMEElM0MlMkZzdmclM0U=[\/vc_raw_html]<div class=\"lightbox\" data-plugin-options=\"{&quot;delegate&quot;:&quot;.diamond&quot;,&quot;type&quot;:&quot;image&quot;,&quot;gallery&quot;:{&quot;enabled&quot;:true}}\"><ul class=\"porto-diamonds\">\t<li>\r\n\t\t<a href=\"https:\/\/www.cultidelta.com\/wp-content\/uploads\/2023\/01\/logistica_02.png\" class=\"diamond\" title=\"\">\r\n\t\t\t<div class=\"content\">\r\n\t\t\t\t<img decoding=\"async\" src=\"https:\/\/www.cultidelta.com\/wp-content\/uploads\/2023\/01\/logistica_02.png\" alt=\"\" class=\"img-responsive\">\r\n\t\t\t<\/div>\r\n\t\t<\/a>\r\n\t<\/li>\r\n\t<li>\r\n\t\t<a href=\"https:\/\/www.cultidelta.com\/wp-content\/uploads\/2023\/01\/logisticaf_01.png\" class=\"diamond\" title=\"\">\r\n\t\t\t<div class=\"content\">\r\n\t\t\t\t<img decoding=\"async\" src=\"https:\/\/www.cultidelta.com\/wp-content\/uploads\/2023\/01\/logisticaf_01.png\" alt=\"\" class=\"img-responsive\">\r\n\t\t\t<\/div>\r\n\t\t<\/a>\r\n\t<\/li>\r\n\t<li>\r\n\t\t<a href=\"https:\/\/www.cultidelta.com\/wp-content\/uploads\/2023\/01\/logistica_03.png\" class=\"diamond\" title=\"\">\r\n\t\t\t<div class=\"content\">\r\n\t\t\t\t<img decoding=\"async\" src=\"https:\/\/www.cultidelta.com\/wp-content\/uploads\/2023\/01\/logistica_03.png\" alt=\"\" class=\"img-responsive\">\r\n\t\t\t<\/div>\r\n\t\t<\/a>\r\n\t<\/li>\r\n\t<li>\r\n\t\t<a href=\"https:\/\/www.cultidelta.com\/wp-content\/uploads\/2023\/01\/JE42.jpg\" class=\"diamond diamond-sm\" title=\"\">\r\n\t\t\t<div class=\"content\">\r\n\t\t\t\t<img decoding=\"async\" src=\"https:\/\/www.cultidelta.com\/wp-content\/uploads\/2023\/01\/JE42.jpg\" alt=\"\" class=\"img-responsive\">\r\n\t\t\t<\/div>\r\n\t\t<\/a>\r\n\t<\/li>\r\n\t<li>\r\n\t\t<a href=\"https:\/\/www.cultidelta.com\/wp-content\/uploads\/2023\/01\/salvia-x-greggi-La-Luna.jpg\" class=\"diamond\" title=\"\">\r\n\t\t\t<div class=\"content\">\r\n\t\t\t\t<img decoding=\"async\" src=\"https:\/\/www.cultidelta.com\/wp-content\/uploads\/2023\/01\/salvia-x-greggi-La-Luna.jpg\" alt=\"\" class=\"img-responsive\">\r\n\t\t\t<\/div>\r\n\t\t<\/a>\r\n\t<\/li>\r\n\t<li>\r\n\t\t<a href=\"https:\/\/www.cultidelta.com\/wp-content\/uploads\/2023\/01\/JE632.jpg\" class=\"diamond diamond-sm\" title=\"\">\r\n\t\t\t<div class=\"content\">\r\n\t\t\t\t<img decoding=\"async\" src=\"https:\/\/www.cultidelta.com\/wp-content\/uploads\/2023\/01\/JE632.jpg\" alt=\"\" class=\"img-responsive\">\r\n\t\t\t<\/div>\r\n\t\t<\/a>\r\n\t<\/li>\r\n\t<li>\r\n\t\t<a href=\"https:\/\/www.cultidelta.com\/wp-content\/uploads\/2023\/01\/JE532.jpg\" class=\"diamond diamond-sm\" title=\"\">\r\n\t\t\t<div class=\"content\">\r\n\t\t\t\t<img decoding=\"async\" src=\"https:\/\/www.cultidelta.com\/wp-content\/uploads\/2023\/01\/JE532.jpg\" alt=\"\" class=\"img-responsive\">\r\n\t\t\t<\/div>\r\n\t\t<\/a>\r\n\t<\/li>\r\n<\/ul><\/div>[\/vc_column][vc_column][vc_row_inner][vc_column_inner el_class=\u00a0\u00bbrow-diamons-description\u00a0\u00bb width=\u00a0\u00bb1\/2&Prime;]<div class=\"porto-u-heading m-b-md  wpb_custom_00e9e14251e4917c287bc7d8da2fbf95 porto-u-5797 \" data-appear-animation=\"fadeInUp\" data-appear-animation-delay=\"600\"><div class=\"porto-u-sub-heading\" style=\"\">En outre, nous avons choisi le type de transport le plus appropri\u00e9 selon les zones d&rsquo;envoi, les esp\u00e8ces, les p\u00e9riodes de l&rsquo;ann\u00e9e ou d&rsquo;autres types de conditions, en collaboration avec les meilleurs op\u00e9rateurs logistiques du march\u00e9.<\/p>\n<p>Nous g\u00e9rons \u00e9galement la documentation n\u00e9cessaire \u00e0 chaque op\u00e9ration (certificats phytosanitaires, forestiers, analytiques, etc.), en connaissance des r\u00e8glements juridiques pour pouvoir le faire.<\/div><style>.porto-u-5797.porto-u-heading{text-align:left}<\/style><\/div>[\/vc_column_inner][\/vc_row_inner][\/vc_column][\/vc_row]<\/p>\n<\/div>","protected":false},"excerpt":{"rendered":"<p>[vc_row wrap_container=\u00a0\u00bbyes\u00a0\u00bb is_section=\u00a0\u00bbyes\u00a0\u00bb section_skin=\u00a0\u00bbparallax\u00a0\u00bb remove_margin_top=\u00a0\u00bbyes\u00a0\u00bb remove_margin_bottom=\u00a0\u00bbyes\u00a0\u00bb remove_border=\u00a0\u00bbyes\u00a0\u00bb el_class=\u00a0\u00bbhome-concept-construction\u00a0\u00bb][vc_column][vc_custom_heading text=\u00a0\u00bb\u00a0\u00bb use_theme_fonts=\u00a0\u00bbyes\u00a0\u00bb el_class=\u00a0\u00bbm-t-md mb-2&Prime;][vc_custom_heading text=\u00a0\u00bb Nous disposons d&rsquo;une \u00e9quipe commerciale capable de g\u00e9rer toutes sortes de commandes, en communication constante avec le d\u00e9partement technique pour pr\u00e9senter les propositions les plus appropri\u00e9es selon le type de travail.\u00a0\u00bb font_container=\u00a0\u00bbtag:p|font_size:1.2em|text_align:left\u00a0\u00bb use_theme_fonts=\u00a0\u00bbyes\u00a0\u00bb font_weight=\u00a0\u00bb300&Prime; el_class=\u00a0\u00bbpb-3&Prime;][vc_raw_html el_class=\u00a0\u00bbmb-0&Prime;]JTNDc3ZnJTIwY2xhc3MlM0QlMjJkaWFtb25kcy1zdmctbGluZSUyMHBvc2l0aW9uLWFic29sdXRlJTIwYm90dG9tLTAlMjBsZWZ0LTE1JTIwbWItNSUyMHBiLTMlMjBtbC01JTIwZC1ub25lJTIwZC14bC1ibG9jayUyMiUyMHdpZHRoJTNEJTIyMTAwJTI1JTIyJTIweG1sbnMlM0QlMjJodHRwJTNBJTJGJTJGd3d3LnczLm9yZyUyRjIwMDAlMkZzdmclMjIlMjB4bWxucyUzQXhsaW5rJTNEJTIyaHR0cCUzQSUyRiUyRnd3dy53My5vcmclMkYxOTk5JTJGeGxpbmslMjIlMjB4JTNEJTIyMHB4JTIyJTIweSUzRCUyMjBweCUyMiUyMHZpZXdCb3glM0QlMjIwJTIwMCUyMDExNDUuODYlMjA1MDguMTMlMjIlMjB4bWwlM0FzcGFjZSUzRCUyMnByZXNlcnZlJTIyJTIwZGF0YS1hcHBlYXItYW5pbWF0aW9uLXN2ZyUzRCUyMnRydWUlMjIlM0UlMEElMDklM0NnJTNFJTBBJTA5JTA5JTNDcGF0aCUyMGQlM0QlMjJNMTMuODclMkMzMi4zNmMxLjA3JTJDMC41NSUyQzIuMzctMC4yOCUyQzIuNC0xLjQ5YzAuMDQtMS41OCUyQzAuMjctMi44NyUyQzAuNS0zLjgyYzAuNTYtMi4zNSUyQzEuNDgtNC4xJTJDMi42NS02LjMzJTBBJTA5JTA5JTA5YzEuNy0zLjI1JTJDMS45NS0yLjg1JTJDMi40Ni00LjM1YzEuNDctNC4zLTAuMzYtOC4xOS0wLjQ3LTguNDFjLTAuMzYtMC43NC0xLjU0LTMuMTUtNC4wNi00LjQ0Yy0zLjcxLTEuOS04Ljg3LTAuOTQtMTEuOTElMkMyLjQ2JTBBJTA5JTA5JTA5Yy0yLjY0JTJDMi45NS0zLjA4JTJDNy4wNS0yLjA4JTJDOS45MmMwLjI1JTJDMC43MSUyQzEuNiUyQzIuMDElMkMzLjY0JTJDNC43NWMzLjYyJTJDNC44NyUyQzMuNDIlMkM0LjUzJTJDNC4xMSUyQzYuMDJjMS4zJTJDMi44MyUyQzEuMDclMkM0Ljc4JTJDMi43NCUyQzUuNjclMEElMDklMDklMDlDMTMuODUlMkMzMi4zNSUyQzEzLjg2JTJDMzIuMzYlMkMxMy44NyUyQzMyLjM2eiUyMiUyRiUzRSUwQSUwOSUwOSUzQ2NpcmNsZSUyMGZpbGwlM0QlMjIlMjNGRkYlMjIlMjBjeCUzRCUyMjEyLjY1JTIyJTIwY3klM0QlMjIxMi41NCUyMiUyMHIlM0QlMjI2LjM0JTIyJTJGJTNFJTBBJTA5JTA5JTNDY2lyY2xlJTIwY3glM0QlMjIxMi42NSUyMiUyMGN5JTNEJTIyMTIuNTQlMjIlMjByJTNEJTIyNC4yOSUyMiUyRiUzRSUwQSUwOSUwOSUzQ2NpcmNsZSUyMGZpbGwlM0QlMjIlMjNGRkYlMjIlMjBjeCUzRCUyMjEyLjY1JTIyJTIwY3klM0QlMjIxMi41NCUyMiUyMHIlM0QlMjIyLjQ0JTIyJTJGJTNFJTBBJTA5JTNDJTJGZyUzRSUwQSUwOSUzQ2clM0UlMEElMDklMDklM0NwYXRoJTIwZCUzRCUyMk0xMTIxLjcyJTJDNTA1LjM0YzAuNDQlMkMxLjEyJTJDMS45NyUyQzEuMzUlMkMyLjc5JTJDMC40N2MxLjA4LTEuMTYlMkMyLjEtMS45OCUyQzIuOS0yLjU0YzEuOTgtMS40JTJDMy44Mi0yLjExJTJDNi4xNy0zLjAxJTIwYzMuNDMtMS4zMiUyQzMuMzUtMC44NiUyQzQuNzEtMS42NGMzLjk0LTIuMjYlMkM1LjEzLTYuMzklMkM1LjE5LTYuNjNjMC4yMi0wLjc5JTJDMC45Mi0zLjM4LTAuMTItNi4wMmMtMS41My0zLjg3LTYuMDQtNi41Ni0xMC41Ny02LjAxJTIwYy0zLjkzJTJDMC40Ny02Ljk3JTJDMy4yNy04LjExJTJDNi4wOGMtMC4yOCUyQzAuNjktMC4xMiUyQzIuNTYtMC40JTJDNS45N2MtMC40OSUyQzYuMDUtMC40MiUyQzUuNjYtMC44OSUyQzcuMjRjLTAuODklMkMyLjk4LTIuMzUlMkM0LjMtMS42OCUyQzYuMDclMEElMDklMDlDMTEyMS43MSUyQzUwNS4zMiUyQzExMjEuNzElMkM1MDUuMzMlMkMxMTIxLjcyJTJDNTA1LjM0eiUyMiUyMCUyRiUzRSUwQSUwOSUwOSUzQ2NpcmNsZSUyMGZpbGwlM0QlMjIlMjNGRkYlMjIlMjBjeCUzRCUyMjExMzMuODglMjIlMjBjeSUzRCUyMjQ4OS42NCUyMiUyMHIlM0QlMjI2LjM0JTIyJTJGJTNFJTBBJTA5JTA5JTNDY2lyY2xlJTIwY3glM0QlMjIxMTMzLjg4JTIyJTIwY3klM0QlMjI0ODkuNjQlMjIlMjByJTNEJTIyNC4yOSUyMiUyRiUzRSUwQSUwOSUwOSUzQ2NpcmNsZSUyMGZpbGwlM0QlMjIlMjNGRkYlMjIlMjBjeCUzRCUyMjExMzMuODglMjIlMjBjeSUzRCUyMjQ4OS42NCUyMiUyMHIlM0QlMjIyLjQ0JTIyJTJGJTNFJTBBJTA5JTNDJTJGZyUzRSUwQSUwOSUzQ2clM0UlMEElMDklMDklM0NnJTNFJTBBJTA5JTA5JTA5JTNDcGF0aCUyMGRhdGEtYXBwZWFyLWFuaW1hdGlvbiUzRCUyMmZhZGVJbiUyMiUyMGRhdGEtYXBwZWFyLWFuaW1hdGlvbi1kZWxheSUzRCUyMjMwMCUyMiUyMGRhdGEtYXBwZWFyLWFuaW1hdGlvbi1kdXJhdGlvbiUzRCUyMjEwMCUyMiUyMGZpbGwlM0QlMjJub25lJTIyJTIwc3Ryb2tlJTNEJTIyJTIzYmZiZmJmJTIyJTIwc3Ryb2tlLW1pdGVyLWxpbWl0JTNEJTIyMTAlMjIlMjBzdHJva2UtZGFzaGFycmF5JTNEJTIyOC45Mzc0JTJDOC45Mzc0JTIyJTIwZCUzRCUyMk0yMi40OCUyQzQ2Ljg0YzEyLjQzJTJDMTkuOCUyQzM3LjExJTJDNTguMjUlMkM2NS4zNCUyQzkwLjQ2YzYuMjQlMkM3LjEyJTJDMzguMjMlMkM0My4xMSUyQzg5Ljc2JTJDNzcuNjclMEElMDklMDklMDklMDljMjcuNTMlMkMxOC40NyUyQzkzLjQyJTJDNTguNTElMkMxODQuNDQlMkM3NC44M2M2My4zJTJDMTEuMzUlMkMxMjMuNyUyQzguNTQlMkMxNTIuODglMkM3LjE4YzE4LjQzLTAuODYlMkMyMC43OS0xLjYzJTJDNDQuNi0yLjY1JTBBJTA5JTA5JTA5JTA5YzI1LjM4LTEuMDglMkM3NC40NC0zLjA0JTJDMTM0LjE3JTJDMS41MWMyNy40OSUyQzIuMDklMkM2OC4wOSUyQzUuMzQlMkMxMjAlMkMxNi44MmMzOC44NCUyQzguNTklMkM4OS43OSUyQzIwLjIxJTJDMTQ5LjQ4JTJDNTAuODMlMEElMDklMDklMDklMDljMTcuOTQlMkM5LjIxJTJDNTEuOTYlMkMyNy45NyUyQzg3Ljg3JTJDNTcuODNjMjguMzIlMkMyMy41NCUyQzQzLjE1JTJDNDEuNzklMkM1Mi4xNiUyQzU0LjI0YzUuMDQlMkM2Ljk3JTJDOS4yMSUyQzEzLjQ1JTJDMTIuNTclMkMxOS4wNCUyMiUyRiUzRSUwQSUwOSUwOSUwOSUzQ3BhdGglMjBkYXRhLWFwcGVhci1hbmltYXRpb24lM0QlMjJjdXN0b21EaWFtb25kc0xpbmVBbmltJTIyJTIwZGF0YS1hcHBlYXItYW5pbWF0aW9uLWRlbGF5JTNEJTIyMzAwJTIyJTIwZGF0YS1hcHBlYXItYW5pbWF0aW9uLWR1cmF0aW9uJTNEJTIyMTAwMDAlMjIlMjBmaWxsJTNEJTIybm9uZSUyMiUyMHN0cm9rZSUzRCUyMiUyM0ZGRiUyMiUyMHN0cm9rZS13aWR0aCUzRCUyMjIlMjIlMjBzdHJva2UtbWl0ZXItbGltaXQlM0QlMjIxMCUyMiUyMHN0cm9rZS1kYXNoYXJyYXklM0QlMjI4LjkzNzQlMkM4LjkzNzQlMjIlMjBkJTNEJTIyTTIyLjQ4JTJDNDYuODRjMTIuNDMlMkMxOS44JTJDMzcuMTElMkM1OC4yNSUyQzY1LjM0JTJDOTAuNDZjNi4yNCUyQzcuMTIlMkMzOC4yMyUyQzQzLjExJTJDODkuNzYlMkM3Ny42NyUwQSUwOSUwOSUwOSUwOWMyNy41MyUyQzE4LjQ3JTJDOTMuNDIlMkM1OC41MSUyQzE4NC40NCUyQzc0LjgzYzYzLjMlMkMxMS4zNSUyQzEyMy43JTJDOC41NCUyQzE1Mi44OCUyQzcuMThjMTguNDMtMC44NiUyQzIwLjc5LTEuNjMlMkM0NC42LTIuNjUlMEElMDklMDklMDklMDljMjUuMzgtMS4wOCUyQzc0LjQ0LTMuMDQlMkMxMzQuMTclMkMxLjUxYzI3LjQ5JTJDMi4wOSUyQzY4LjA5JTJDNS4zNCUyQzEyMCUyQzE2LjgyYzM4Ljg0JTJDOC41OSUyQzg5Ljc5JTJDMjAuMjElMkMxNDkuNDglMkM1MC44MyUwQSUwOSUwOSUwOSUwOWMxNy45NCUyQzkuMjElMkM1MS45NiUyQzI3Ljk3JTJDODcuODclMkM1Ny44M2MyOC4zMiUyQzIzLjU0JTJDNDMuMTUlMkM0MS43OSUyQzUyLjE2JTJDNTQuMjRjNS4wNCUyQzYuOTclMkM5LjIxJTJDMTMuNDUlMkMxMi41NyUyQzE5LjA0JTIyJTJGJTNFJTBBJTA5JTA5JTNDJTJGZyUzRSUwQSUwOSUzQyUyRmclM0UlMEElM0MlMkZzdmclM0U=[\/vc_raw_html][\/vc_column][vc_column][vc_row_inner][vc_column_inner el_class=\u00a0\u00bbrow-diamons-description\u00a0\u00bb width=\u00a0\u00bb1\/2&Prime;][\/vc_column_inner][\/vc_row_inner][\/vc_column][\/vc_row]<\/p>\n","protected":false},"author":1,"featured_media":0,"parent":16630,"menu_order":0,"comment_status":"closed","ping_status":"closed","template":"","meta":{"_acf_changed":false,"om_disable_all_campaigns":false,"_monsterinsights_skip_tracking":false,"_monsterinsights_sitenote_active":false,"_monsterinsights_sitenote_note":"","_monsterinsights_sitenote_category":0,"footnotes":""},"class_list":["post-16671","page","type-page","status-publish","hentry"],"acf":[],"aioseo_notices":[],"_links":{"self":[{"href":"https:\/\/www.cultidelta.com\/fr\/wp-json\/wp\/v2\/pages\/16671","targetHints":{"allow":["GET"]}}],"collection":[{"href":"https:\/\/www.cultidelta.com\/fr\/wp-json\/wp\/v2\/pages"}],"about":[{"href":"https:\/\/www.cultidelta.com\/fr\/wp-json\/wp\/v2\/types\/page"}],"author":[{"embeddable":true,"href":"https:\/\/www.cultidelta.com\/fr\/wp-json\/wp\/v2\/users\/1"}],"replies":[{"embeddable":true,"href":"https:\/\/www.cultidelta.com\/fr\/wp-json\/wp\/v2\/comments?post=16671"}],"version-history":[{"count":2,"href":"https:\/\/www.cultidelta.com\/fr\/wp-json\/wp\/v2\/pages\/16671\/revisions"}],"predecessor-version":[{"id":16679,"href":"https:\/\/www.cultidelta.com\/fr\/wp-json\/wp\/v2\/pages\/16671\/revisions\/16679"}],"up":[{"embeddable":true,"href":"https:\/\/www.cultidelta.com\/fr\/wp-json\/wp\/v2\/pages\/16630"}],"wp:attachment":[{"href":"https:\/\/www.cultidelta.com\/fr\/wp-json\/wp\/v2\/media?parent=16671"}],"curies":[{"name":"wp","href":"https:\/\/api.w.org\/{rel}","templated":true}]}}