{"id":16682,"date":"2023-01-18T13:05:13","date_gmt":"2023-01-18T13:05:13","guid":{"rendered":"https:\/\/www.cultidelta.com\/areas-de-trabajo\/produccion-de-plantas\/"},"modified":"2023-03-24T10:47:19","modified_gmt":"2023-03-24T10:47:19","slug":"produccion-de-plantas","status":"publish","type":"page","link":"https:\/\/www.cultidelta.com\/fr\/areas-de-trabajo\/produccion-de-plantas\/","title":{"rendered":"Production de plantes"},"content":{"rendered":"<div class=\"wpb-content-wrapper\"><p>[vc_row full_width=\u00a0\u00bbstretch_row\u00a0\u00bb is_section=\u00a0\u00bbyes\u00a0\u00bb remove_margin_top=\u00a0\u00bbyes\u00a0\u00bb remove_border=\u00a0\u00bbyes\u00a0\u00bb el_id=\u00a0\u00bbmenu\u00a0\u00bb css=\u00a0\u00bb.vc_custom_1674469917813{background-color: #f7f7f7 !important;}\u00a0\u00bb conditional_render=\u00a0\u00bb%5B%7B%22value_role%22%3A%22administrator%22%7D%5D\u00a0\u00bb][vc_column][vc_row_inner el_class=\u00a0\u00bbjustify-content-center mb-5&Prime;][vc_column_inner width=\u00a0\u00bb3\/4&Prime; offset=\u00a0\u00bbvc_col-md-6&Prime;][vc_custom_heading text=\u00a0\u00bbProduction de plantes\u00a0\u00bb font_container=\u00a0\u00bbtag:h2|font_size:35|text_align:center|line_height:1.2&Prime; font_weight=\u00a0\u00bb700&Prime; animation_delay=\u00a0\u00bb100&Prime; el_class=\u00a0\u00bbmb-3 custom-font\u00a0\u00bb animation_type=\u00a0\u00bbmaskUp\u00a0\u00bb]<div class=\"porto-animation margin-auto\" >[vc_separator color=\u00a0\u00bbcustom\u00a0\u00bb border_width=\u00a0\u00bb4&Prime; style=\u00a0\u00bbsolid\u00a0\u00bb accent_color=\u00a0\u00bb#00a335&Prime;]<\/div>[vc_custom_heading text=\u00a0\u00bbCultidelta d\u00e9veloppe son activit\u00e9 centr\u00e9e sur deux grands domaines de travail, le jardinage durable et les travaux environnementaux, avec plusieurs sous-aires bien distinctes et qui, en fonction de la typologie de l&rsquo;-uvre, peuvent \u00eatre interconnect\u00e9s.\u00a0\u00bb font_container=\u00a0\u00bbtag:p|font_size:16.8|text_align:center|line_height:32px\u00a0\u00bb animation_delay=\u00a0\u00bb400&Prime; animation_type=\u00a0\u00bbfadeInUp\u00a0\u00bb][\/vc_column_inner][\/vc_row_inner][vc_row_inner animation_delay=\u00a0\u00bb600&Prime; animation_type=\u00a0\u00bbfadeInUp\u00a0\u00bb el_class=\u00a0\u00bbmb-5&Prime;][vc_column_inner width=\u00a0\u00bb1\/2&Prime; animation_delay=\u00a0\u00bb\u00a0\u00bb][vc_column_text]<\/p>\n<h2><strong>JARDINERIE<\/strong><\/h2>\n<div class=\"textarea-origen col-xs-12 col-sm-6\"><\/div>\n<div class=\"textarea-desti col-xs-12 col-sm-6\">\n<div class=\"form-control second-textarea\"><\/div>\n<\/div>\n<p>[\/vc_column_text]<div class=\"porto-sicon-box custom-font  wpb_custom_c1d1caa86299c5997bcb1a87fae60a13 style_1 default-icon\"><div class=\"porto-sicon-header\"><h3 class=\"porto-sicon-title\" style=\"font-weight:400;font-size:21px;line-height:24px;\">Jardinerie \u00e0 faible consommation d'eau.<\/h3><\/div> <!-- header --><\/div><!-- porto-sicon-box --><div class=\"porto-sicon-box custom-font  wpb_custom_c1d1caa86299c5997bcb1a87fae60a13 style_1 default-icon\"><div class=\"porto-sicon-header\"><h3 class=\"porto-sicon-title\" style=\"font-weight:400;font-size:21px;line-height:24px;\">Jardins dans des conditions extr\u00eames.<\/h3><\/div> <!-- header --><\/div><!-- porto-sicon-box --><div class=\"porto-sicon-box custom-font  wpb_custom_c1d1caa86299c5997bcb1a87fae60a13 style_1 default-icon\"><div class=\"porto-sicon-header\"><h3 class=\"porto-sicon-title\" style=\"font-weight:400;font-size:21px;line-height:24px;\">Couvertures v\u00e9g\u00e9tales extensives ou intensives.<\/h3><\/div> <!-- header --><\/div><!-- porto-sicon-box --><div class=\"porto-sicon-box custom-font  wpb_custom_c1d1caa86299c5997bcb1a87fae60a13 style_1 default-icon\"><div class=\"porto-sicon-header\"><h3 class=\"porto-sicon-title\" style=\"font-weight:400;font-size:21px;line-height:24px;\">Piscines naturelles.<\/h3><\/div> <!-- header --><\/div><!-- porto-sicon-box --><div class=\"porto-sicon-box custom-font  wpb_custom_c1d1caa86299c5997bcb1a87fae60a13 style_1 default-icon\"><div class=\"porto-sicon-header\"><h3 class=\"porto-sicon-title\" style=\"font-weight:400;font-size:21px;line-height:24px;\">Murs verts \/ jardins vert.<\/h3><\/div> <!-- header --><\/div><!-- porto-sicon-box --><div class=\"porto-sicon-box custom-font  wpb_custom_c1d1caa86299c5997bcb1a87fae60a13 style_1 default-icon\"><div class=\"porto-sicon-header\"><h3 class=\"porto-sicon-title\" style=\"font-weight:400;font-size:21px;line-height:24px;\">Des bornes \u00e0 faible consommation alternatives \u00e0 la pelouse.<\/h3><\/div> <!-- header --><\/div><!-- porto-sicon-box -->[\/vc_column_inner][vc_column_inner width=\u00a0\u00bb1\/2&Prime;][vc_column_text]<\/p>\n<h2><strong>TRAVAUX ENVIRONNEMENTAUX<\/strong><\/h2>\n<p>[\/vc_column_text]<div class=\"porto-sicon-box custom-font  wpb_custom_c1d1caa86299c5997bcb1a87fae60a13 style_1 default-icon\"><div class=\"porto-sicon-header\"><h3 class=\"porto-sicon-title\" style=\"font-weight:400;font-size:21px;line-height:24px;\">R\u00e9g\u00e9n\u00e9rations et stabilisations de syst\u00e8mes dunares.<\/h3><\/div> <!-- header --><\/div><!-- porto-sicon-box --><div class=\"porto-sicon-box custom-font  wpb_custom_c1d1caa86299c5997bcb1a87fae60a13 style_1 default-icon\"><div class=\"porto-sicon-header\"><h3 class=\"porto-sicon-title\" style=\"font-weight:400;font-size:21px;line-height:24px;\"> R\u00e9g\u00e9n\u00e9ration de marais.<\/h3><\/div> <!-- header --><\/div><!-- porto-sicon-box --><div class=\"porto-sicon-box custom-font  wpb_custom_c1d1caa86299c5997bcb1a87fae60a13 style_1 default-icon\"><div class=\"porto-sicon-header\"><h3 class=\"porto-sicon-title\" style=\"font-weight:400;font-size:21px;line-height:24px;\">Actions sur les syst\u00e8mes pal\u00e9odunares.<\/h3><\/div> <!-- header --><\/div><!-- porto-sicon-box --><div class=\"porto-sicon-box custom-font  wpb_custom_c1d1caa86299c5997bcb1a87fae60a13 style_1 default-icon\"><div class=\"porto-sicon-header\"><h3 class=\"porto-sicon-title\" style=\"font-weight:400;font-size:21px;line-height:24px;\">Des travaux de correction de l'impact environnemental sur les infrastructures de travail civil.<\/h3><\/div> <!-- header --><\/div><!-- porto-sicon-box --><div class=\"porto-sicon-box custom-font  wpb_custom_c1d1caa86299c5997bcb1a87fae60a13 style_1 default-icon\"><div class=\"porto-sicon-header\"><h3 class=\"porto-sicon-title\" style=\"font-weight:400;font-size:21px;line-height:24px;\"> Les talus sont remani\u00e9s.<\/h3><\/div> <!-- header --><\/div><!-- porto-sicon-box --><div class=\"porto-sicon-box custom-font  wpb_custom_c1d1caa86299c5997bcb1a87fae60a13 style_1 default-icon\"><div class=\"porto-sicon-header\"><h3 class=\"porto-sicon-title\" style=\"font-weight:400;font-size:21px;line-height:24px;\">Filtres verts \/ lacunes d'\u00e9puration biologique.<\/h3><\/div> <!-- header --><\/div><!-- porto-sicon-box --><div class=\"porto-sicon-box custom-font  wpb_custom_c1d1caa86299c5997bcb1a87fae60a13 style_1 default-icon\"><div class=\"porto-sicon-header\"><h3 class=\"porto-sicon-title\" style=\"font-weight:400;font-size:21px;line-height:24px;\">Les montagnes et les rivages.<\/h3><\/div> <!-- header --><\/div><!-- porto-sicon-box --><div class=\"porto-sicon-box custom-font  wpb_custom_c1d1caa86299c5997bcb1a87fae60a13 style_1 default-icon\"><div class=\"porto-sicon-header\"><h3 class=\"porto-sicon-title\" style=\"font-weight:400;font-size:21px;line-height:24px;\">Mesures correctives dans les stations de ski.<\/h3><\/div> <!-- header --><\/div><!-- porto-sicon-box --><div class=\"porto-sicon-box custom-font  wpb_custom_c1d1caa86299c5997bcb1a87fae60a13 style_1 default-icon\"><div class=\"porto-sicon-header\"><h3 class=\"porto-sicon-title\" style=\"font-weight:400;font-size:21px;line-height:24px;\">Cl\u00e9sures de mines, carri\u00e8res ou d\u00e9charges.<\/h3><\/div> <!-- header --><\/div><!-- porto-sicon-box --><div class=\"porto-sicon-box custom-font  wpb_custom_c1d1caa86299c5997bcb1a87fae60a13 style_1 default-icon\"><div class=\"porto-sicon-header\"><h3 class=\"porto-sicon-title\" style=\"font-weight:400;font-size:21px;line-height:24px;\">La nature des mouillettes marines.<\/h3><\/div> <!-- header --><\/div><!-- porto-sicon-box --><div class=\"porto-sicon-box custom-font  wpb_custom_c1d1caa86299c5997bcb1a87fae60a13 style_1 default-icon\"><div class=\"porto-sicon-header\"><h3 class=\"porto-sicon-title\" style=\"font-weight:400;font-size:21px;line-height:24px;\"> R\u00e9g\u00e9n\u00e9ration de zones salines.<\/h3><\/div> <!-- header --><\/div><!-- porto-sicon-box -->[\/vc_column_inner][\/vc_row_inner][vc_column_text]<\/p>\n<h2><strong>et PLANTES COLLECTIONNEUR<\/strong><\/h2>\n<p>[\/vc_column_text][\/vc_column][\/vc_row][vc_row][vc_column][\/vc_column][\/vc_row]<\/p>\n<\/div>","protected":false},"excerpt":{"rendered":"<p>[vc_row full_width=\u00a0\u00bbstretch_row\u00a0\u00bb is_section=\u00a0\u00bbyes\u00a0\u00bb remove_margin_top=\u00a0\u00bbyes\u00a0\u00bb remove_border=\u00a0\u00bbyes\u00a0\u00bb el_id=\u00a0\u00bbmenu\u00a0\u00bb css=\u00a0\u00bb.vc_custom_1674469917813{background-color: #f7f7f7 !important;}\u00a0\u00bb conditional_render=\u00a0\u00bb%5B%7B%22value_role%22%3A%22administrator%22%7D%5D\u00a0\u00bb][vc_column][vc_row_inner el_class=\u00a0\u00bbjustify-content-center mb-5&Prime;][vc_column_inner width=\u00a0\u00bb3\/4&Prime; offset=\u00a0\u00bbvc_col-md-6&Prime;][vc_custom_heading text=\u00a0\u00bbProduction de plantes\u00a0\u00bb font_container=\u00a0\u00bbtag:h2|font_size:35|text_align:center|line_height:1.2&Prime; font_weight=\u00a0\u00bb700&Prime; animation_delay=\u00a0\u00bb100&Prime; el_class=\u00a0\u00bbmb-3 custom-font\u00a0\u00bb animation_type=\u00a0\u00bbmaskUp\u00a0\u00bb][vc_custom_heading text=\u00a0\u00bbCultidelta d\u00e9veloppe son activit\u00e9 centr\u00e9e sur deux grands domaines de travail, le jardinage durable et les travaux environnementaux, avec plusieurs sous-aires bien distinctes et qui, en fonction de la typologie de l&rsquo;-uvre, [&hellip;]<\/p>\n","protected":false},"author":1,"featured_media":0,"parent":16630,"menu_order":0,"comment_status":"closed","ping_status":"closed","template":"","meta":{"_acf_changed":false,"om_disable_all_campaigns":false,"_monsterinsights_skip_tracking":false,"_monsterinsights_sitenote_active":false,"_monsterinsights_sitenote_note":"","_monsterinsights_sitenote_category":0,"footnotes":""},"class_list":["post-16682","page","type-page","status-publish","hentry"],"acf":[],"aioseo_notices":[],"_links":{"self":[{"href":"https:\/\/www.cultidelta.com\/fr\/wp-json\/wp\/v2\/pages\/16682","targetHints":{"allow":["GET"]}}],"collection":[{"href":"https:\/\/www.cultidelta.com\/fr\/wp-json\/wp\/v2\/pages"}],"about":[{"href":"https:\/\/www.cultidelta.com\/fr\/wp-json\/wp\/v2\/types\/page"}],"author":[{"embeddable":true,"href":"https:\/\/www.cultidelta.com\/fr\/wp-json\/wp\/v2\/users\/1"}],"replies":[{"embeddable":true,"href":"https:\/\/www.cultidelta.com\/fr\/wp-json\/wp\/v2\/comments?post=16682"}],"version-history":[{"count":2,"href":"https:\/\/www.cultidelta.com\/fr\/wp-json\/wp\/v2\/pages\/16682\/revisions"}],"predecessor-version":[{"id":16696,"href":"https:\/\/www.cultidelta.com\/fr\/wp-json\/wp\/v2\/pages\/16682\/revisions\/16696"}],"up":[{"embeddable":true,"href":"https:\/\/www.cultidelta.com\/fr\/wp-json\/wp\/v2\/pages\/16630"}],"wp:attachment":[{"href":"https:\/\/www.cultidelta.com\/fr\/wp-json\/wp\/v2\/media?parent=16682"}],"curies":[{"name":"wp","href":"https:\/\/api.w.org\/{rel}","templated":true}]}}