{"id":16710,"date":"2023-01-18T13:03:37","date_gmt":"2023-01-18T13:03:37","guid":{"rendered":"https:\/\/www.cultidelta.com\/cultidelta\/centros-de-produccion\/"},"modified":"2023-03-28T07:27:21","modified_gmt":"2023-03-28T07:27:21","slug":"centros-de-produccion","status":"publish","type":"page","link":"https:\/\/www.cultidelta.com\/fr\/cultidelta\/centros-de-produccion\/","title":{"rendered":"Centres de production"},"content":{"rendered":"<div class=\"wpb-content-wrapper\"><p>[vc_row wrap_container=\u00a0\u00bbyes\u00a0\u00bb is_section=\u00a0\u00bbyes\u00a0\u00bb section_skin=\u00a0\u00bbparallax\u00a0\u00bb remove_margin_top=\u00a0\u00bbyes\u00a0\u00bb remove_margin_bottom=\u00a0\u00bbyes\u00a0\u00bb remove_border=\u00a0\u00bbyes\u00a0\u00bb animation_delay=\u00a0\u00bb100&Prime; css=\u00a0\u00bb.vc_custom_1627777519672{padding-top: 74px !important;}\u00a0\u00bb animation_type=\u00a0\u00bbfadeInRight\u00a0\u00bb][vc_column][vc_custom_heading text=\u00a0\u00bbNos deux sites de production sont:\u00a0\u00bb font_container=\u00a0\u00bbtag:h3|text_align:center\u00a0\u00bb use_theme_fonts=\u00a0\u00bbyes\u00a0\u00bb font_weight=\u00a0\u00bb100&Prime; css=\u00a0\u00bb.vc_custom_1679657092528{margin-bottom: 50px !important;}\u00a0\u00bb][\/vc_column][\/vc_row][vc_row wrap_container=\u00a0\u00bbyes\u00a0\u00bb is_section=\u00a0\u00bbyes\u00a0\u00bb section_skin=\u00a0\u00bbparallax\u00a0\u00bb remove_margin_top=\u00a0\u00bbyes\u00a0\u00bb remove_margin_bottom=\u00a0\u00bbyes\u00a0\u00bb remove_border=\u00a0\u00bbyes\u00a0\u00bb animation_delay=\u00a0\u00bb100&Prime; css=\u00a0\u00bb.vc_custom_1627777519672{padding-top: 74px !important;}\u00a0\u00bb animation_type=\u00a0\u00bbfadeInRight\u00a0\u00bb][vc_column width=\u00a0\u00bb1\/2&Prime; animation_delay=\u00a0\u00bb300&Prime; offset=\u00a0\u00bbvc_col-md-6&Prime; animation_type=\u00a0\u00bbfadeInLeft\u00a0\u00bb conditional_render=\u00a0\u00bb%5B%7B%22value_role%22%3A%22administrator%22%7D%5D\u00a0\u00bb][vc_custom_heading text=\u00a0\u00bbFERME SOLS\u00d3\u00a0\u00bb font_container=\u00a0\u00bbtag:h3|text_align:left\u00a0\u00bb use_theme_fonts=\u00a0\u00bbyes\u00a0\u00bb][vc_separator color=\u00a0\u00bbcustom\u00a0\u00bb align=\u00a0\u00bbalign_left\u00a0\u00bb border_width=\u00a0\u00bb3&Prime; type=\u00a0\u00bbsmall\u00a0\u00bb gap=\u00a0\u00bbshort\u00a0\u00bb accent_color=\u00a0\u00bb#bc9552&Prime; css=\u00a0\u00bb.vc_custom_1627483070534{margin-top: 27px !important;}\u00a0\u00bb][vc_column_text css=\u00a0\u00bb.vc_custom_1679657201346{margin-bottom: 18px !important;}\u00a0\u00bb]C&rsquo;est dans ce centre que se d\u00e9veloppe la majorit\u00e9 de la production.<\/p>\n<ul>\n<li>Carretera antigua Amposta-Freginals, km 2,2<\/li>\n<li>43870 Amposta (Tarragona)<\/li>\n<li>40\u00ba 41\u2019 45.1\u2019\u2019 N &#8212; 0\u00ba 32\u2019 28.35\u2019\u2019 E<\/li>\n<\/ul>\n<p>[\/vc_column_text][vc_btn title=\u00a0\u00bbAppeler le 977 05 30 13&Prime; style=\u00a0\u00bbflat\u00a0\u00bb size=\u00a0\u00bblg\u00a0\u00bb i_align=\u00a0\u00bbright\u00a0\u00bb i_icon_fontawesome=\u00a0\u00bbfas fa-angle-right\u00a0\u00bb skin=\u00a0\u00bbprimary\u00a0\u00bb btn_fs=\u00a0\u00bb.9em\u00a0\u00bb btn_fw=\u00a0\u00bb700&Prime; el_cls=\u00a0\u00bbbtn-arrow\u00a0\u00bb add_icon=\u00a0\u00bbtrue\u00a0\u00bb link=\u00a0\u00bburl:tel%3A977053013&Prime; btn_px=\u00a0\u00bb0px\u00a0\u00bb btn_icon_spacing=\u00a0\u00bb{\u00ab\u00a0xl\u00ab\u00a0:\u00ab\u00a04\u00ab\u00a0,\u00ab\u00a0unit\u00ab\u00a0:\u00ab\u00a0\u00ab\u00a0,\u00ab\u00a0xs\u00ab\u00a0:\u00ab\u00a0\u00ab\u00a0,\u00ab\u00a0sm\u00ab\u00a0:\u00ab\u00a0\u00ab\u00a0,\u00ab\u00a0md\u00ab\u00a0:\u00ab\u00a0\u00ab\u00a0,\u00ab\u00a0lg\u00ab\u00a0:\u00ab\u00a0\u00ab\u00a0}\u00a0\u00bb][\/vc_column][vc_column width=\u00a0\u00bb1\/2&Prime;][vc_gmaps link=\u00a0\u00bb#E-8_JTNDaWZyYW1lJTIwc3JjJTNEJTIyaHR0cHMlM0ElMkYlMkZ3d3cuZ29vZ2xlLmNvbSUyRm1hcHMlMkZlbWJlZCUzRnBiJTNEJTIxMW0xOCUyMTFtMTIlMjExbTMlMjExZDMwMjUuMTAwNzAyNTk3Mzg0JTIxMmQwLjUzNzQyMDMxNTQ4NDAyMTYlMjEzZDQwLjY5Mzc3OTc0NjY2Njg2JTIxMm0zJTIxMWYwJTIxMmYwJTIxM2YwJTIxM20yJTIxMWkxMDI0JTIxMmk3NjglMjE0ZjEzLjElMjEzbTMlMjExbTIlMjExczB4MTJhMGZlYzBhNWUzOTIzOSUyNTNBMHhjZTEyODU0NWIzNjI2Zjk1JTIxMnNDdWx0aWRlbHRhJTI1MjAtJTI1MjBTb2xzJTI1QzMlMjVCMyUyMTVlMCUyMTNtMiUyMTFzY2ElMjEyc2VzJTIxNHYxNjc0MjExNjk3MzIxJTIxNW0yJTIxMXNjYSUyMTJzZXMlMjIlMjB3aWR0aCUzRCUyMjYwMCUyMiUyMGhlaWdodCUzRCUyMjMwMCUyMiUyMHN0eWxlJTNEJTIyYm9yZGVyJTNBMCUzQiUyMiUyMGFsbG93ZnVsbHNjcmVlbiUzRCUyMiUyMiUyMGxvYWRpbmclM0QlMjJsYXp5JTIyJTIwcmVmZXJyZXJwb2xpY3klM0QlMjJuby1yZWZlcnJlci13aGVuLWRvd25ncmFkZSUyMiUzRSUzQyUyRmlmcmFtZSUzRQ==\u00a0\u00bb][\/vc_column][\/vc_row][vc_row wrap_container=\u00a0\u00bbyes\u00a0\u00bb is_section=\u00a0\u00bbyes\u00a0\u00bb section_skin=\u00a0\u00bbparallax\u00a0\u00bb remove_margin_top=\u00a0\u00bbyes\u00a0\u00bb remove_margin_bottom=\u00a0\u00bbyes\u00a0\u00bb remove_border=\u00a0\u00bbyes\u00a0\u00bb animation_delay=\u00a0\u00bb100&Prime; css=\u00a0\u00bb.vc_custom_1627777519672{padding-top: 74px !important;}\u00a0\u00bb animation_type=\u00a0\u00bbfadeInRight\u00a0\u00bb][vc_column animation_delay=\u00a0\u00bb300&Prime; offset=\u00a0\u00bbvc_col-md-6&Prime; animation_type=\u00a0\u00bbfadeInRight\u00a0\u00bb conditional_render=\u00a0\u00bb%5B%7B%22value_role%22%3A%22administrator%22%7D%5D\u00a0\u00bb][vc_gmaps link=\u00a0\u00bb#E-8_JTNDaWZyYW1lJTIwc3JjJTNEJTIyaHR0cHMlM0ElMkYlMkZ3d3cuZ29vZ2xlLmNvbSUyRm1hcHMlMkZlbWJlZCUzRnBiJTNEJTIxMW0xNCUyMTFtOCUyMTFtMyUyMTFkMTIxMDMuODQxMDQyNTI3OTkzJTIxMmQwLjU5MTY5MDI3Nzc3MDk3NzclMjEzZDQwLjY3NDg0NDU0Nzk0NTcxJTIxM20yJTIxMWkxMDI0JTIxMmk3NjglMjE0ZjEzLjElMjEzbTMlMjExbTIlMjExczB4MCUyNTNBMHhiNDhlYWRjNTY1NmZjZGIwJTIxMnNDdWx0aWRlbHRhJTI1MjAtJTI1MjBVbGxhbHMlMjE1ZTAlMjEzbTIlMjExc2NhJTIxMnNlcyUyMTR2MTY3NDIxMTY3MTYwNSUyMTVtMiUyMTFzY2ElMjEyc2VzJTIyJTIwd2lkdGglM0QlMjI2MDAlMjIlMjBoZWlnaHQlM0QlMjIzMDAlMjIlMjBzdHlsZSUzRCUyMmJvcmRlciUzQTAlM0IlMjIlMjBhbGxvd2Z1bGxzY3JlZW4lM0QlMjIlMjIlMjBsb2FkaW5nJTNEJTIybGF6eSUyMiUyMHJlZmVycmVycG9saWN5JTNEJTIybm8tcmVmZXJyZXItd2hlbi1kb3duZ3JhZGUlMjIlM0UlM0MlMkZpZnJhbWUlM0U=\u00a0\u00bb][\/vc_column][vc_column animation_delay=\u00a0\u00bb300&Prime; offset=\u00a0\u00bbvc_col-md-6&Prime; animation_type=\u00a0\u00bbfadeInLeft\u00a0\u00bb conditional_render=\u00a0\u00bb%5B%7B%22value_role%22%3A%22administrator%22%7D%5D\u00a0\u00bb][vc_custom_heading text=\u00a0\u00bbFERME ULLALS\u00a0\u00bb font_container=\u00a0\u00bbtag:h3|text_align:left\u00a0\u00bb use_theme_fonts=\u00a0\u00bbyes\u00a0\u00bb][vc_separator color=\u00a0\u00bbcustom\u00a0\u00bb align=\u00a0\u00bbalign_left\u00a0\u00bb border_width=\u00a0\u00bb3&Prime; type=\u00a0\u00bbsmall\u00a0\u00bb gap=\u00a0\u00bbshort\u00a0\u00bb accent_color=\u00a0\u00bb#bc9552&Prime; css=\u00a0\u00bb.vc_custom_1627483070534{margin-top: 27px !important;}\u00a0\u00bb][vc_column_text css=\u00a0\u00bb.vc_custom_1679657268215{margin-bottom: 18px !important;}\u00a0\u00bb]Le Centre est destin\u00e9 \u00e0 la production d&rsquo;esp\u00e8ces principalement halophiles et psamophiles, et notre bureau est \u00e9galement pr\u00e9sent.<\/p>\n<ul>\n<li>Carretera Canal Mar\u00edtimo Amposta-Sant Carles de la R\u00e0pita, km 2,9 (camino Ullals de Baltasar)<\/li>\n<li>43870 Amposta<\/li>\n<li>40\u00ba 40\u2019 43.49\u2019\u2019 N &#8212; 0\u00ba 35\u2019 43.86\u2019\u2019 E<\/li>\n<\/ul>\n<p>[\/vc_column_text][vc_btn title=\u00a0\u00bbLlamar al 977 05 30 13&Prime; style=\u00a0\u00bbflat\u00a0\u00bb size=\u00a0\u00bblg\u00a0\u00bb i_align=\u00a0\u00bbright\u00a0\u00bb i_icon_fontawesome=\u00a0\u00bbfas fa-angle-right\u00a0\u00bb skin=\u00a0\u00bbprimary\u00a0\u00bb btn_fs=\u00a0\u00bb.9em\u00a0\u00bb btn_fw=\u00a0\u00bb700&Prime; el_cls=\u00a0\u00bbbtn-arrow\u00a0\u00bb add_icon=\u00a0\u00bbtrue\u00a0\u00bb link=\u00a0\u00bburl:tel%3A977053013&Prime; btn_px=\u00a0\u00bb0px\u00a0\u00bb btn_icon_spacing=\u00a0\u00bb{\u00ab\u00a0xl\u00ab\u00a0:\u00ab\u00a04\u00ab\u00a0,\u00ab\u00a0unit\u00ab\u00a0:\u00ab\u00a0\u00ab\u00a0,\u00ab\u00a0xs\u00ab\u00a0:\u00ab\u00a0\u00ab\u00a0,\u00ab\u00a0sm\u00ab\u00a0:\u00ab\u00a0\u00ab\u00a0,\u00ab\u00a0md\u00ab\u00a0:\u00ab\u00a0\u00ab\u00a0,\u00ab\u00a0lg\u00ab\u00a0:\u00ab\u00a0\u00ab\u00a0}\u00a0\u00bb][\/vc_column][\/vc_row]<\/p>\n<\/div>","protected":false},"excerpt":{"rendered":"<p>[vc_row wrap_container=\u00a0\u00bbyes\u00a0\u00bb is_section=\u00a0\u00bbyes\u00a0\u00bb section_skin=\u00a0\u00bbparallax\u00a0\u00bb remove_margin_top=\u00a0\u00bbyes\u00a0\u00bb remove_margin_bottom=\u00a0\u00bbyes\u00a0\u00bb remove_border=\u00a0\u00bbyes\u00a0\u00bb animation_delay=\u00a0\u00bb100&Prime; css=\u00a0\u00bb.vc_custom_1627777519672{padding-top: 74px !important;}\u00a0\u00bb animation_type=\u00a0\u00bbfadeInRight\u00a0\u00bb][vc_column][vc_custom_heading text=\u00a0\u00bbNos deux sites de production sont:\u00a0\u00bb font_container=\u00a0\u00bbtag:h3|text_align:center\u00a0\u00bb use_theme_fonts=\u00a0\u00bbyes\u00a0\u00bb font_weight=\u00a0\u00bb100&Prime; css=\u00a0\u00bb.vc_custom_1679657092528{margin-bottom: 50px !important;}\u00a0\u00bb][\/vc_column][\/vc_row][vc_row wrap_container=\u00a0\u00bbyes\u00a0\u00bb is_section=\u00a0\u00bbyes\u00a0\u00bb section_skin=\u00a0\u00bbparallax\u00a0\u00bb remove_margin_top=\u00a0\u00bbyes\u00a0\u00bb remove_margin_bottom=\u00a0\u00bbyes\u00a0\u00bb remove_border=\u00a0\u00bbyes\u00a0\u00bb animation_delay=\u00a0\u00bb100&Prime; css=\u00a0\u00bb.vc_custom_1627777519672{padding-top: 74px !important;}\u00a0\u00bb animation_type=\u00a0\u00bbfadeInRight\u00a0\u00bb][vc_column width=\u00a0\u00bb1\/2&Prime; animation_delay=\u00a0\u00bb300&Prime; offset=\u00a0\u00bbvc_col-md-6&Prime; animation_type=\u00a0\u00bbfadeInLeft\u00a0\u00bb conditional_render=\u00a0\u00bb%5B%7B%22value_role%22%3A%22administrator%22%7D%5D\u00a0\u00bb][vc_custom_heading text=\u00a0\u00bbFERME SOLS\u00d3\u00a0\u00bb font_container=\u00a0\u00bbtag:h3|text_align:left\u00a0\u00bb use_theme_fonts=\u00a0\u00bbyes\u00a0\u00bb][vc_separator color=\u00a0\u00bbcustom\u00a0\u00bb align=\u00a0\u00bbalign_left\u00a0\u00bb border_width=\u00a0\u00bb3&Prime; type=\u00a0\u00bbsmall\u00a0\u00bb gap=\u00a0\u00bbshort\u00a0\u00bb accent_color=\u00a0\u00bb#bc9552&Prime; css=\u00a0\u00bb.vc_custom_1627483070534{margin-top: 27px !important;}\u00a0\u00bb][vc_column_text css=\u00a0\u00bb.vc_custom_1679657201346{margin-bottom: 18px [&hellip;]<\/p>\n","protected":false},"author":1,"featured_media":0,"parent":16607,"menu_order":0,"comment_status":"closed","ping_status":"closed","template":"","meta":{"_acf_changed":false,"om_disable_all_campaigns":false,"_monsterinsights_skip_tracking":false,"_monsterinsights_sitenote_active":false,"_monsterinsights_sitenote_note":"","_monsterinsights_sitenote_category":0,"footnotes":""},"class_list":["post-16710","page","type-page","status-publish","hentry"],"acf":[],"aioseo_notices":[],"_links":{"self":[{"href":"https:\/\/www.cultidelta.com\/fr\/wp-json\/wp\/v2\/pages\/16710","targetHints":{"allow":["GET"]}}],"collection":[{"href":"https:\/\/www.cultidelta.com\/fr\/wp-json\/wp\/v2\/pages"}],"about":[{"href":"https:\/\/www.cultidelta.com\/fr\/wp-json\/wp\/v2\/types\/page"}],"author":[{"embeddable":true,"href":"https:\/\/www.cultidelta.com\/fr\/wp-json\/wp\/v2\/users\/1"}],"replies":[{"embeddable":true,"href":"https:\/\/www.cultidelta.com\/fr\/wp-json\/wp\/v2\/comments?post=16710"}],"version-history":[{"count":3,"href":"https:\/\/www.cultidelta.com\/fr\/wp-json\/wp\/v2\/pages\/16710\/revisions"}],"predecessor-version":[{"id":16782,"href":"https:\/\/www.cultidelta.com\/fr\/wp-json\/wp\/v2\/pages\/16710\/revisions\/16782"}],"up":[{"embeddable":true,"href":"https:\/\/www.cultidelta.com\/fr\/wp-json\/wp\/v2\/pages\/16607"}],"wp:attachment":[{"href":"https:\/\/www.cultidelta.com\/fr\/wp-json\/wp\/v2\/media?parent=16710"}],"curies":[{"name":"wp","href":"https:\/\/api.w.org\/{rel}","templated":true}]}}