{"id":16733,"date":"2023-01-18T13:03:57","date_gmt":"2023-01-18T13:03:57","guid":{"rendered":"https:\/\/www.cultidelta.com\/cultidelta\/jardin-experimental\/"},"modified":"2023-04-05T11:10:20","modified_gmt":"2023-04-05T11:10:20","slug":"jardin-experimental","status":"publish","type":"page","link":"https:\/\/www.cultidelta.com\/fr\/cultidelta\/jardin-experimental\/","title":{"rendered":"Jardin exp\u00e9rimental"},"content":{"rendered":"<div class=\"wpb-content-wrapper\"><p>[vc_row full_width=\u00a0\u00bbstretch_row_content_no_spaces\u00a0\u00bb content_placement=\u00a0\u00bbmiddle\u00a0\u00bb wrap_container=\u00a0\u00bbyes\u00a0\u00bb css=\u00a0\u00bb.vc_custom_1674212081846{padding-top: 110px !important;padding-bottom: 80px !important;background-color: #ededed !important;}\u00a0\u00bb conditional_render=\u00a0\u00bb%5B%7B%22value_role%22%3A%22administrator%22%7D%5D\u00a0\u00bb][vc_column width=\u00a0\u00bb1\/2&Prime; el_class=\u00a0\u00bbpe-lg-4&Prime;][vc_row_inner el_class=\u00a0\u00bbjustify-content-end\u00a0\u00bb][vc_column_inner animation_delay=\u00a0\u00bb600&Prime; offset=\u00a0\u00bbvc_col-md-9&Prime; animation_type=\u00a0\u00bbfadeInRight\u00a0\u00bb]<div class=\"porto-u-heading mt-5  wpb_custom_95aa9a11c17ad45cfabaf210d84ee7cc porto-u-1756 \"><div class=\"porto-u-main-heading\"><h2   style=\"font-weight:700;color:#00a335;font-size:14px;line-height:27px;\">CULTIDELTA<\/h2><\/div><div class=\"porto-u-sub-heading\" style=\"font-size:16.8px;line-height:32px;\">L&rsquo;un des objectifs fondamentaux de Cultidelta n&rsquo;est pas seulement de commercialiser les plantes, si non\u00a0 de les conna\u00eetre parfaitement afin de pouvoir ainsi conseiller correctement nos clients.<\/div><style>.porto-u-1756.porto-u-heading{text-align:right}<\/style><\/div>[\/vc_column_inner][vc_column_inner animation_delay=\u00a0\u00bb\u00a0\u00bb offset=\u00a0\u00bbvc_col-md-10&Prime;][vc_single_image image=\u00a0\u00bb8582&Prime; img_size=\u00a0\u00bbfull\u00a0\u00bb animation_delay=\u00a0\u00bb500&Prime; el_class=\u00a0\u00bbmb-1&Prime; animation_type=\u00a0\u00bbzoomIn\u00a0\u00bb][\/vc_column_inner][\/vc_row_inner][\/vc_column][vc_column width=\u00a0\u00bb1\/2&Prime; el_class=\u00a0\u00bbps-lg-4&Prime;][vc_row_inner el_class=\u00a0\u00bbjustify-content-start\u00a0\u00bb][vc_column_inner offset=\u00a0\u00bbvc_col-md-10&Prime;][vc_single_image image=\u00a0\u00bb8578&Prime; img_size=\u00a0\u00bbfull\u00a0\u00bb animation_delay=\u00a0\u00bb500&Prime; el_class=\u00a0\u00bbmb-0&Prime; animation_type=\u00a0\u00bbzoomIn\u00a0\u00bb][\/vc_column_inner][vc_column_inner animation_delay=\u00a0\u00bb600&Prime; offset=\u00a0\u00bbvc_col-md-11&Prime; animation_type=\u00a0\u00bbfadeInLeft\u00a0\u00bb]<div class=\"porto-u-heading mt-5  wpb_custom_95aa9a11c17ad45cfabaf210d84ee7cc porto-u-6250 \"><div class=\"porto-u-sub-heading\" style=\"font-size:16.8px;line-height:32px;\">Nous pensons qu&rsquo;une fa\u00e7on d&rsquo;y parvenir, en plus d&rsquo;observer la nature, \u00e9tait de cr\u00e9er de petits jardins exp\u00e9rimentaux au sein de la p\u00e9pini\u00e8re, en concevant le premier en 2012. Nous disposons actuellement d&rsquo;environ 1 800 m2 de surface o\u00f9 les esp\u00e8ces sont test\u00e9es dans diff\u00e9rentes conditions, telles que l&rsquo;orientation, le stress hydrique, la pente ou le type de sol.<\/div><style>.porto-u-6250.porto-u-heading{text-align:left}<\/style><\/div>[\/vc_column_inner][\/vc_row_inner][\/vc_column][\/vc_row][vc_row full_width=\u00a0\u00bbstretch_row_content_no_spaces\u00a0\u00bb gap=\u00a0\u00bb35&Prime; content_placement=\u00a0\u00bbmiddle\u00a0\u00bb wrap_container=\u00a0\u00bbyes\u00a0\u00bb text_align=\u00a0\u00bbleft\u00a0\u00bb css=\u00a0\u00bb.vc_custom_1674212538887{padding-top: 4.6153846154rem !important;padding-bottom: 4.6153846154rem !important;background-color: #ededed !important;}\u00a0\u00bb conditional_render=\u00a0\u00bb%5B%7B%22value_role%22%3A%22administrator%22%7D%5D\u00a0\u00bb][vc_column width=\u00a0\u00bb1\/2&Prime; offset=\u00a0\u00bbvc_col-md-4&Prime; conditional_render=\u00a0\u00bb%5B%7B%22value_role%22%3A%22administrator%22%7D%5D\u00a0\u00bb][vc_column_text]Les jardins exp\u00e9rimentaux que nous avons, sont divis\u00e9s selon les th\u00e8mes suivants :<\/p>\n<ul>\n<li>M\u00e9diterran\u00e9e sans irrigation<\/li>\n<li>M\u00e9diterran\u00e9e avec irrigation<\/li>\n<li>Recr\u00e9ation de syst\u00e8mes de dunes<\/li>\n<li>Toit vert (au-dessus du bureau)<\/li>\n<li>Salvietum<\/li>\n<\/ul>\n<p>[\/vc_column_text][\/vc_column][vc_column width=\u00a0\u00bb1\/2&Prime; el_class=\u00a0\u00bbcarousel-half-full-width-wrapper carousel-half-full-width-right\u00a0\u00bb]<div class=\"porto-carousel owl-carousel has-ccols has-ccols-spacing ccols-xl-3 ccols-lg-4 ccols-md-3 ccols-sm-2 ccols-1 carousel-shadow-1 custom-nav-left mb-0 mr-10 wpb_custom_324659f3639fc50e0d07e21da55ccd7b nav-bottom nav-style-2\" data-plugin-options=\"{&quot;themeConfig&quot;:true,&quot;stagePadding&quot;:0,&quot;margin&quot;:20,&quot;autoplay&quot;:false,&quot;mouseDrag&quot;:true,&quot;touchDrag&quot;:true,&quot;autoplayTimeout&quot;:5000,&quot;autoplayHoverPause&quot;:false,&quot;items&quot;:3,&quot;xl&quot;:3,&quot;lg&quot;:4,&quot;md&quot;:3,&quot;sm&quot;:2,&quot;xs&quot;:1,&quot;nav&quot;:&quot;yes&quot;,&quot;dots&quot;:false,&quot;animateIn&quot;:&quot;&quot;,&quot;animateOut&quot;:&quot;&quot;,&quot;loop&quot;:&quot;yes&quot;,&quot;center&quot;:false,&quot;video&quot;:false,&quot;lazyLoad&quot;:false,&quot;fullscreen&quot;:false}\">[vc_single_image image=\u00a0\u00bb8591&Prime; img_size=\u00a0\u00bbfull\u00a0\u00bb onclick=\u00a0\u00bbimg_link_large\u00a0\u00bb lightbox=\u00a0\u00bbyes\u00a0\u00bb zoom_icon=\u00a0\u00bbyes\u00a0\u00bb el_class=\u00a0\u00bbcustom-img-100&Prime;][vc_single_image image=\u00a0\u00bb8596&Prime; img_size=\u00a0\u00bbfull\u00a0\u00bb onclick=\u00a0\u00bbimg_link_large\u00a0\u00bb lightbox=\u00a0\u00bbyes\u00a0\u00bb zoom_icon=\u00a0\u00bbyes\u00a0\u00bb el_class=\u00a0\u00bbcustom-img-100&Prime;][vc_single_image image=\u00a0\u00bb8566&Prime; img_size=\u00a0\u00bbfull\u00a0\u00bb onclick=\u00a0\u00bbimg_link_large\u00a0\u00bb lightbox=\u00a0\u00bbyes\u00a0\u00bb zoom_icon=\u00a0\u00bbyes\u00a0\u00bb el_class=\u00a0\u00bbcustom-img-100&Prime;][vc_single_image image=\u00a0\u00bb8562&Prime; img_size=\u00a0\u00bbfull\u00a0\u00bb onclick=\u00a0\u00bbimg_link_large\u00a0\u00bb lightbox=\u00a0\u00bbyes\u00a0\u00bb zoom_icon=\u00a0\u00bbyes\u00a0\u00bb el_class=\u00a0\u00bbcustom-img-100 max-width:84%;\u00a0\u00bb]<\/div>[\/vc_column][\/vc_row][vc_row][vc_column][\/vc_column][\/vc_row]<\/p>\n<\/div>","protected":false},"excerpt":{"rendered":"<p>[vc_row full_width=\u00a0\u00bbstretch_row_content_no_spaces\u00a0\u00bb content_placement=\u00a0\u00bbmiddle\u00a0\u00bb wrap_container=\u00a0\u00bbyes\u00a0\u00bb css=\u00a0\u00bb.vc_custom_1674212081846{padding-top: 110px !important;padding-bottom: 80px !important;background-color: #ededed !important;}\u00a0\u00bb conditional_render=\u00a0\u00bb%5B%7B%22value_role%22%3A%22administrator%22%7D%5D\u00a0\u00bb][vc_column width=\u00a0\u00bb1\/2&Prime; el_class=\u00a0\u00bbpe-lg-4&Prime;][vc_row_inner el_class=\u00a0\u00bbjustify-content-end\u00a0\u00bb][vc_column_inner animation_delay=\u00a0\u00bb600&Prime; offset=\u00a0\u00bbvc_col-md-9&Prime; animation_type=\u00a0\u00bbfadeInRight\u00a0\u00bb][\/vc_column_inner][vc_column_inner animation_delay=\u00a0\u00bb\u00a0\u00bb offset=\u00a0\u00bbvc_col-md-10&Prime;][vc_single_image image=\u00a0\u00bb8582&Prime; img_size=\u00a0\u00bbfull\u00a0\u00bb animation_delay=\u00a0\u00bb500&Prime; el_class=\u00a0\u00bbmb-1&Prime; animation_type=\u00a0\u00bbzoomIn\u00a0\u00bb][\/vc_column_inner][\/vc_row_inner][\/vc_column][vc_column width=\u00a0\u00bb1\/2&Prime; el_class=\u00a0\u00bbps-lg-4&Prime;][vc_row_inner el_class=\u00a0\u00bbjustify-content-start\u00a0\u00bb][vc_column_inner offset=\u00a0\u00bbvc_col-md-10&Prime;][vc_single_image image=\u00a0\u00bb8578&Prime; img_size=\u00a0\u00bbfull\u00a0\u00bb animation_delay=\u00a0\u00bb500&Prime; el_class=\u00a0\u00bbmb-0&Prime; animation_type=\u00a0\u00bbzoomIn\u00a0\u00bb][\/vc_column_inner][vc_column_inner animation_delay=\u00a0\u00bb600&Prime; offset=\u00a0\u00bbvc_col-md-11&Prime; animation_type=\u00a0\u00bbfadeInLeft\u00a0\u00bb][\/vc_column_inner][\/vc_row_inner][\/vc_column][\/vc_row][vc_row full_width=\u00a0\u00bbstretch_row_content_no_spaces\u00a0\u00bb gap=\u00a0\u00bb35&Prime; content_placement=\u00a0\u00bbmiddle\u00a0\u00bb wrap_container=\u00a0\u00bbyes\u00a0\u00bb text_align=\u00a0\u00bbleft\u00a0\u00bb css=\u00a0\u00bb.vc_custom_1674212538887{padding-top: 4.6153846154rem !important;padding-bottom: 4.6153846154rem !important;background-color: #ededed !important;}\u00a0\u00bb conditional_render=\u00a0\u00bb%5B%7B%22value_role%22%3A%22administrator%22%7D%5D\u00a0\u00bb][vc_column width=\u00a0\u00bb1\/2&Prime; offset=\u00a0\u00bbvc_col-md-4&Prime; conditional_render=\u00a0\u00bb%5B%7B%22value_role%22%3A%22administrator%22%7D%5D\u00a0\u00bb][vc_column_text]Les jardins exp\u00e9rimentaux [&hellip;]<\/p>\n","protected":false},"author":1,"featured_media":0,"parent":16607,"menu_order":0,"comment_status":"closed","ping_status":"closed","template":"","meta":{"_acf_changed":false,"om_disable_all_campaigns":false,"_monsterinsights_skip_tracking":false,"_monsterinsights_sitenote_active":false,"_monsterinsights_sitenote_note":"","_monsterinsights_sitenote_category":0,"footnotes":""},"class_list":["post-16733","page","type-page","status-publish","hentry"],"acf":[],"aioseo_notices":[],"_links":{"self":[{"href":"https:\/\/www.cultidelta.com\/fr\/wp-json\/wp\/v2\/pages\/16733","targetHints":{"allow":["GET"]}}],"collection":[{"href":"https:\/\/www.cultidelta.com\/fr\/wp-json\/wp\/v2\/pages"}],"about":[{"href":"https:\/\/www.cultidelta.com\/fr\/wp-json\/wp\/v2\/types\/page"}],"author":[{"embeddable":true,"href":"https:\/\/www.cultidelta.com\/fr\/wp-json\/wp\/v2\/users\/1"}],"replies":[{"embeddable":true,"href":"https:\/\/www.cultidelta.com\/fr\/wp-json\/wp\/v2\/comments?post=16733"}],"version-history":[{"count":4,"href":"https:\/\/www.cultidelta.com\/fr\/wp-json\/wp\/v2\/pages\/16733\/revisions"}],"predecessor-version":[{"id":16906,"href":"https:\/\/www.cultidelta.com\/fr\/wp-json\/wp\/v2\/pages\/16733\/revisions\/16906"}],"up":[{"embeddable":true,"href":"https:\/\/www.cultidelta.com\/fr\/wp-json\/wp\/v2\/pages\/16607"}],"wp:attachment":[{"href":"https:\/\/www.cultidelta.com\/fr\/wp-json\/wp\/v2\/media?parent=16733"}],"curies":[{"name":"wp","href":"https:\/\/api.w.org\/{rel}","templated":true}]}}