{"id":16747,"date":"2023-01-19T09:17:52","date_gmt":"2023-01-19T09:17:52","guid":{"rendered":"https:\/\/www.cultidelta.com\/cultidelta\/sobre-nosotros\/"},"modified":"2023-04-05T09:54:09","modified_gmt":"2023-04-05T09:54:09","slug":"sobre-nosotros","status":"publish","type":"page","link":"https:\/\/www.cultidelta.com\/fr\/cultidelta\/sobre-nosotros\/","title":{"rendered":"\u00c0 propos de nous"},"content":{"rendered":"<div class=\"wpb-content-wrapper\"><p>[vc_row][vc_column][vc_raw_html]JTVCdmNfcm93JTIwd3JhcF9jb250YWluZXIlM0QlMjJ5ZXMlMjIlMjBjb25kaXRpb25hbF9yZW5kZXIlM0QlMjIlMjU1QiUyNTdCJTI1MjJ2YWx1ZV9yb2xlJTI1MjIlMjUzQSUyNTIyYWRtaW5pc3RyYXRvciUyNTIyJTI1N0QlMjU1RCUyMiUyMGNzcyUzRCUyMi52Y19jdXN0b21fMTY1MzQxNzkzNjIyMyU3Qm1hcmdpbi10b3AlM0ElMjA3MnB4JTIwJTIxaW1wb3J0YW50JTNCbWFyZ2luLWJvdHRvbSUzQSUyMDI1cHglMjAlMjFpbXBvcnRhbnQlM0IlN0QlMjIlNUQlNUJ2Y19jb2x1bW4lMjBjc3MlM0QlMjIudmNfY3VzdG9tXzE2NTMzMzQwOTE1OTglN0JtYXJnaW4tdG9wJTNBJTIwMnB4JTIwJTIxaW1wb3J0YW50JTNCbWFyZ2luLWJvdHRvbSUzQSUyMDQycHglMjAlMjFpbXBvcnRhbnQlM0IlN0QlMjIlMjBjb25kaXRpb25hbF9yZW5kZXIlM0QlMjIlMjU1QiUyNTdCJTI1MjJ2YWx1ZV9yb2xlJTI1MjIlMjUzQSUyNTIyYWRtaW5pc3RyYXRvciUyNTIyJTI1N0QlMjU1RCUyMiUyMG9mZnNldCUzRCUyMnZjX2NvbC1tZC02JTIyJTVEJTVCcG9ydG9fdWx0aW1hdGVfaGVhZGluZyUyMG1haW5faGVhZGluZyUzRCUyMkNVTFRJREVMVEElMjIlMjBtYWluX2hlYWRpbmdfY29sb3IlM0QlMjIlMjMwMGEzMzUlMjIlMjBzdWJfaGVhZGluZ19jb2xvciUzRCUyMiUyMzNlM2UzZSUyMiUyMGFsaWdubWVudCUzRCUyMiU3QiU2MCU2MHhsJTYwJTYwJTNBJTYwJTYwbGVmdCU2MCU2MCU3RCUyMiUyMG1haW5faGVhZGluZ19wb3J0b190eXBvZ3JhcGh5JTNEJTIyJTdCJTYwJTYwZmFtaWx5JTYwJTYwJTNBJTYwJTYwRGVmYXVsdCU2MCU2MCUyQyU2MCU2MHZhcmlhbnQlNjAlNjAlM0ElNjAlNjBEZWZhdWx0JTYwJTYwJTJDJTYwJTYwZm9udF9zaXplJTYwJTYwJTNBJTYwJTYwMTZweCU2MCU2MCUyQyU2MCU2MGxpbmVfaGVpZ2h0JTYwJTYwJTNBJTYwJTYwJTYwJTYwJTJDJTYwJTYwbGV0dGVyX3NwYWNpbmclNjAlNjAlM0ElNjAlNjAlNjAlNjAlMkMlNjAlNjB0ZXh0X3RyYW5zZm9ybSU2MCU2MCUzQSU2MCU2MCU2MCU2MCU3RCUyMiUyMHN1Yl9oZWFkaW5nX3BvcnRvX3R5cG9ncmFwaHklM0QlMjIlN0IlNjAlNjBmYW1pbHklNjAlNjAlM0ElNjAlNjBEZWZhdWx0JTYwJTYwJTJDJTYwJTYwdmFyaWFudCU2MCU2MCUzQSU2MCU2MDcwMCU2MCU2MCUyQyU2MCU2MGZvbnRfc2l6ZSU2MCU2MCUzQSU2MCU2MDM2LjhweCU2MCU2MCUyQyU2MCU2MGxpbmVfaGVpZ2h0JTYwJTYwJTNBJTYwJTYwMS4yJTYwJTYwJTJDJTYwJTYwbGV0dGVyX3NwYWNpbmclNjAlNjAlM0ElNjAlNjAtMS44NHB4JTYwJTYwJTJDJTYwJTYwdGV4dF90cmFuc2Zvcm0lNjAlNjAlM0ElNjAlNjAlNjAlNjAlN0QlMjIlMjBtYWluX2hlYWRpbmdfbWFyZ2luX2JvdHRvbSUzRCUyMjEwJTIyJTIwZWxfY2xhc3MlM0QlMjJtYi0zJTIyJTVEUXVpJTIwc29tbWVzLW5vdXMlNUIlMkZwb3J0b191bHRpbWF0ZV9oZWFkaW5nJTVEJTVCdmNfY3VzdG9tX2hlYWRpbmclMjB0ZXh0JTNEJTIyTm90cmUlMjBzb2NpJUMzJUE5dCVDMyVBOSUyMGVzdCUyMHNwJUMzJUE5Y2lhbGlzJUMzJUE5ZSUyMGRhbnMlMjBsYSUyMHByb2R1Y3Rpb24lMjBldCUyMGxhJTIwY29tbWVyY2lhbGlzYXRpb24lMjBkZSUyMHBsYW50ZXMlMjBhdXRvY2h0b25lcyUyMGRhbnMlMjBsZXMlMjB6b25lcyUyMG0lQzMlQTlkaXRlcnJhbiVDMyVBOWVubmVzJTJDJTIwZGVzdGluJUMzJUE5ZXMlMjAlQzMlQTAlMjBkZXMlMjB0cmF2YXV4JTIwZGUlMjB0eXBlJTIwZW52aXJvbm5lbWVudGFsJTIwb3UlMjBqYXJkaW5hZ2UlMjAlQzMlQTAlMjBmYWlibGUlMjBjb25zb21tYXRpb24lMjBkJTI3ZWF1LiUyMiUyMGZvbnRfY29udGFpbmVyJTNEJTIydGFnJTNBcCU3Q3RleHRfYWxpZ24lM0FsZWZ0JTIyJTIwdXNlX3RoZW1lX2ZvbnRzJTNEJTIyeWVzJTIyJTIwZWxfY2xhc3MlM0QlMjJtYi00JTIyJTVEJTVCcG9ydG9fdWx0aW1hdGVfaGVhZGluZyUyMG1haW5faGVhZGluZyUzRCUyMkxhJTIwc2Vuc2liaWxpc2F0aW9uJTIwY3JvaXNzYW50ZSUyMGRlJTIwbGElMjBzb2NpJUMzJUE5dCVDMyVBOSUyMCVDMyVBMCUyMGwlMjdlbnZpcm9ubmVtZW50JTIwcmVuZCUyMHBsdXMlMjBpbXBvcnRhbnRlJTIwbCUyN3V0aWxpc2F0aW9uJTIwZCUyN2VzcCVDMyVBOGNlcyUyMHBhcmZhaXRlbWVudCUyMGFkYXB0JUMzJUE5ZXMlMjAlQzMlQTAlMjBsYSUyMHpvbmUlMjBkJTI3aW1wbGFudGF0aW9uLiUyMEMlMjdlc3QlMjBsYSUyMHJhaXNvbiUyMHBvdXIlMjBsYXF1ZWxsZSUyMEN1bHRpZGVsdGElMkMlMjBkZXB1aXMlMjBzYSUyMGNyJUMzJUE5YXRpb24lMjBlbiUyMDE5OTklMkMlMjBzJTI3ZWZmb3JjZSUyMGRlJTIwcHJvZHVpcmUlMjB1bmUlMjBncmFuZGUlMjBkaXZlcnNpdCVDMyVBOSUyMGQlMjdlc3AlQzMlQThjZXMlMjBhcHRlcyUyMCVDMyVBMCUyMGRpdmVycyUyMCVDMyVBOWNvc3lzdCVDMyVBOG1lcyUyMG91JTIwdXRpbGl0YWlyZXMlMkMlMjBzJUMzJUE5bGVjdGlvbm4lQzMlQTlzJTIwcGFyJTIwbGV1cnMlMjBwYXJhbSVDMyVBOHRyZXMlMjBkZSUyMHRvbCVDMyVBOXJhbmNlJTIwJUMzJUEwJTIwbGElMjBzJUMzJUE5Y2hlcmVzc2UlMkMlMjBwb3RlbnRpZWwlMjBvcm5lbWVudGFsJTIwb3UlMjBhdXRyZXMlMjBqdXNxdSUyNyVDMyVBMCUyMGNlJTIwcXUlMjdpbHMlMjBwdWlzc2VudCUyMCVDMyVBQXRyZSUyMGludCVDMyVBOXJlc3NhbnRzLiUyMiUyMGhlYWRpbmdfdGFnJTNEJTIyZGl2JTIyJTIwYWxpZ25tZW50JTNEJTIyJTdCJTYwJTYweGwlNjAlNjAlM0ElNjAlNjBsZWZ0JTYwJTYwJTdEJTIyJTIwbWFpbl9oZWFkaW5nX3BvcnRvX3R5cG9ncmFwaHklM0QlMjIlN0IlNjAlNjBmYW1pbHklNjAlNjAlM0ElNjAlNjBEZWZhdWx0JTYwJTYwJTJDJTYwJTYwdmFyaWFudCU2MCU2MCUzQSU2MCU2MHJlZ3VsYXIlNjAlNjAlMkMlNjAlNjBmb250X3NpemUlNjAlNjAlM0ElNjAlNjAxOHB4JTYwJTYwJTJDJTYwJTYwbGluZV9oZWlnaHQlNjAlNjAlM0ElNjAlNjAzMHB4JTYwJTYwJTJDJTYwJTYwbGV0dGVyX3NwYWNpbmclNjAlNjAlM0ElNjAlNjAlNjAlNjAlMkMlNjAlNjB0ZXh0X3RyYW5zZm9ybSU2MCU2MCUzQSU2MCU2MCU2MCU2MCU3RCUyMiUyMG1haW5faGVhZGluZ19tYXJnaW5fYm90dG9tJTNEJTIyMzIlMjIlMjBzdWJfaGVhZGluZ19wb3J0b190eXBvZ3JhcGh5JTNEJTIyJTdCJTYwJTYwZmFtaWx5JTYwJTYwJTNBJTYwJTYwRGVmYXVsdCU2MCU2MCUyQyU2MCU2MHZhcmlhbnQlNjAlNjAlM0ElNjAlNjBEZWZhdWx0JTYwJTYwJTJDJTYwJTYwZm9udF9zaXplJTYwJTYwJTNBJTYwJTYwMTZweCU2MCU2MCUyQyU2MCU2MGxpbmVfaGVpZ2h0JTYwJTYwJTNBJTYwJTYwJTYwJTYwJTJDJTYwJTYwbGV0dGVyX3NwYWNpbmclNjAlNjAlM0ElNjAlNjAlNjAlNjAlMkMlNjAlNjB0ZXh0X3RyYW5zZm9ybSU2MCU2MCUzQSU2MCU2MCU2MCU2MCU3RCUyMiUyMHN1Yl9oZWFkaW5nX21hcmdpbl9ib3R0b20lM0QlMjIzMiUyMiU1RCUwQSUwQSUwQSUwQSU1QiUyRnBvcnRvX3VsdGltYXRlX2hlYWRpbmclNUQlNUJ2Y19idG4lMjB0aXRsZSUzRCUyMk5PUyUyMEVTUEFDRVMlMjBERSUyMFRSQVZBSUwlMjIlMjBzdHlsZSUzRCUyMmN1c3RvbSUyMiUyMGN1c3RvbV9iYWNrZ3JvdW5kJTNEJTIyJTIyJTIwY3VzdG9tX3RleHQlM0QlMjIlMjIlMjBpX2FsaWduJTNEJTIycmlnaHQlMjIlMjBpX3R5cGUlM0QlMjJwb3J0byUyMiUyMHNraW4lM0QlMjJwcmltYXJ5JTIyJTIwYnRuX2ZzJTNEJTIyMTIuOHB4JTIyJTIwYnRuX2Z3JTNEJTIyNzAwJTIyJTIwaG92ZXJfZWZmZWN0JTNEJTIyaG92ZXItaWNvbi1wdWxzZS1sZWZ0LXJpZ2h0JTIyJTIwYWRkX2ljb24lM0QlMjJ0cnVlJTIyJTIwbGluayUzRCUyMnVybCUzQWh0dHBzJTI1M0ElMjUyRiUyNTJGY3VsdGlkZWx0YS5jb20lMjUyRmFyZWFzLWRlLXRyYWJham8lMjUyRiUyMiUyMGJ0bl9weCUzRCUyMjQ3cHglMjIlMjBidG5fcHklM0QlMjIxNnB4JTIyJTIwZWxfY2xhc3MlM0QlMjJjdXN0b20tYnRuJTIyJTIwYnRuX2ljb25fc3BhY2luZyUzRCUyMiU3QiU2MCU2MHhsJTYwJTYwJTNBJTYwJTYwNCU2MCU2MCUyQyU2MCU2MHVuaXQlNjAlNjAlM0ElNjAlNjAlNjAlNjAlMkMlNjAlNjB4cyU2MCU2MCUzQSU2MCU2MCU2MCU2MCUyQyU2MCU2MHNtJTYwJTYwJTNBJTYwJTYwJTYwJTYwJTJDJTYwJTYwbWQlNjAlNjAlM0ElNjAlNjAlNjAlNjAlMkMlNjAlNjBsZyU2MCU2MCUzQSU2MCU2MCU2MCU2MCU3RCUyMiUyMGlfaWNvbl9wb3J0byUzRCUyMnBvcnRvLWljb24tYXJyb3ctZm9yd2FyZC1yaWdodCUyMiU1RCU1QiUyRnZjX2NvbHVtbiU1RCU1QnZjX2NvbHVtbiUyMG9mZnNldCUzRCUyMnZjX2NvbC1tZC02JTIyJTIwY29uZGl0aW9uYWxfcmVuZGVyJTNEJTIyJTI1NUIlMjU3QiUyNTIydmFsdWVfcm9sZSUyNTIyJTI1M0ElMjUyMmFkbWluaXN0cmF0b3IlMjUyMiUyNTdEJTI1NUQlMjIlMjBjc3MlM0QlMjIudmNfY3VzdG9tXzE2NTM0MzQ2NTc3MDIlN0JtYXJnaW4tYm90dG9tJTNBJTIwNDJweCUyMCUyMWltcG9ydGFudCUzQiU3RCUyMiUyMGVsX2NsYXNzJTNEJTIyY3VzdG9tLWdhbGxlcnklMjIlNUQlNUJwb3J0b19hbmltYXRpb24lMjBhbmltYXRpb25fZGVsYXklM0QlMjIxMDAlMjIlMjBtb3VzZV9wYXJhbGxheCUzRCUyMiUyMiUyMGFuaW1hdGlvbl90eXBlJTNEJTIyem9vbUluJTIyJTIwZWxfY2xhc3MlM0QlMjJhbmltLWltZy0xJTIyJTVEJTVCdmNfc2luZ2xlX2ltYWdlJTIwaW1hZ2UlM0QlMjI1NDkyJTIyJTIwaW1nX3NpemUlM0QlMjJmdWxsJTIyJTIwYWxpZ25tZW50JTNEJTIyY2VudGVyJTIyJTIwYW5pbWF0aW9uX2RlbGF5JTNEJTIyMTAwJTIyJTIwZmxvYXRpbmdfc3RhcnRfcG9zJTNEJTIydG9wJTIyJTIwZmxvYXRpbmdfc3BlZWQlM0QlMjI5LjglMjIlMjBjc3MlM0QlMjIudmNfY3VzdG9tXzE2NTM0MTY2MjU3ODclN0JtYXJnaW4tdG9wJTNBJTIwLThweCUyMCUyMWltcG9ydGFudCUzQiU3RCUyMiUyMGZsb2F0aW5nX2R1cmF0aW9uJTNEJTIyMTAwMCUyMiUyMGVsX2NsYXNzJTNEJTIybWItMCUyMG14LWF1dG8lMjIlNUQlNUIlMkZwb3J0b19hbmltYXRpb24lNUQlNUJwb3J0b19hbmltYXRpb24lMjBhbmltYXRpb25fZGVsYXklM0QlMjIzMDAlMjIlMjBtb3VzZV9wYXJhbGxheCUzRCUyMiUyMiUyMGFuaW1hdGlvbl90eXBlJTNEJTIyem9vbUluJTIyJTIwZWxfY2xhc3MlM0QlMjJhbmltLWltZy0yJTIwcG9zaXRpb24tYWJzb2x1dGUlMjB0b3AtMCUyMHN0YXJ0LTAlMjB3LTEwMCUyMiU1RCU1QnZjX3NpbmdsZV9pbWFnZSUyMGltYWdlJTNEJTIyOTM2NyUyMiUyMGltZ19zaXplJTNEJTIybWVkaXVtJTIyJTIwYWxpZ25tZW50JTNEJTIyY2VudGVyJTIyJTIwYW5pbWF0aW9uX2RlbGF5JTNEJTIyMzAwJTIyJTIwZmxvYXRpbmdfc3RhcnRfcG9zJTNEJTIydG9wJTIyJTIwZmxvYXRpbmdfc3BlZWQlM0QlMjI5LjclMjIlMjBmbG9hdGluZ19kdXJhdGlvbiUzRCUyMjEwMDAlMjIlMjBlbF9jbGFzcyUzRCUyMm1iLTAlMjIlNUQlNUIlMkZwb3J0b19hbmltYXRpb24lNUQlNUJwb3J0b19hbmltYXRpb24lMjBhbmltYXRpb25fZGVsYXklM0QlMjI2MDAlMjIlMjBtb3VzZV9wYXJhbGxheCUzRCUyMiUyMiUyMGFuaW1hdGlvbl90eXBlJTNEJTIyem9vbUluJTIyJTIwZWxfY2xhc3MlM0QlMjJhbmltLWltZy0zJTIwcG9zaXRpb24tYWJzb2x1dGUlMjB0b3AtMCUyMGVuZC0wJTIyJTVEJTVCdmNfc2luZ2xlX2ltYWdlJTIwaW1hZ2UlM0QlMjI5NDIwJTIyJTIwaW1nX3NpemUlM0QlMjJmdWxsJTIyJTIwYWxpZ25tZW50JTNEJTIyY2VudGVyJTIyJTIwYW5pbWF0aW9uX2RlbGF5JTNEJTIyNTAwJTIyJTIwZmxvYXRpbmdfc3RhcnRfcG9zJTNEJTIydG9wJTIyJTIwZmxvYXRpbmdfc3BlZWQlM0QlMjI5LjYlMjIlMjBmbG9hdGluZ19kdXJhdGlvbiUzRCUyMjEwMDAlMjIlMjBlbF9jbGFzcyUzRCUyMm1iLTAlMjBtbC1hdXRvJTIyJTVEJTVCJTJGcG9ydG9fYW5pbWF0aW9uJTVEJTVCJTJGdmNfY29sdW1uJTVEJTVCJTJGdmNfcm93JTVE[\/vc_raw_html][\/vc_column][\/vc_row][vc_row][vc_column][vc_column_text][\/vc_column_text][\/vc_column][\/vc_row][vc_row no_padding=\u00a0\u00bbyes\u00a0\u00bb conditional_render=\u00a0\u00bb%5B%7B%22value_role%22%3A%22administrator%22%7D%5D\u00a0\u00bb][vc_column parallax=\u00a0\u00bbcontent-moving\u00a0\u00bb parallax_image=\u00a0\u00bb9390&Prime; conditional_render=\u00a0\u00bb%5B%7B%22value_role%22%3A%22administrator%22%7D%5D\u00a0\u00bb css=\u00a0\u00bb.vc_custom_1675855712365{padding-top: 12.15rem !important;padding-bottom: 12.15rem !important;}\u00a0\u00bb offset=\u00a0\u00bbvc_col-md-6&Prime;][\/vc_column][vc_column is_half=\u00a0\u00bbyes\u00a0\u00bb conditional_render=\u00a0\u00bb%5B%7B%22value_role%22%3A%22administrator%22%7D%5D\u00a0\u00bb css=\u00a0\u00bb.vc_custom_1653434372205{padding-top: 7.2rem !important;padding-bottom: 7.5rem !important;background-color: #f7f7f7 !important;}\u00a0\u00bb offset=\u00a0\u00bbvc_col-md-6&Prime;]<div class=\"porto-u-heading ml-lg-5 mb-0 w-max-493  wpb_custom_101fa6c19c1aa2506258be3da906857d porto-u-6603 \"><div class=\"porto-u-main-heading\"><h2   style=\"margin-bottom: 12px;\">Recherche et d\u00e9veloppement<\/h2><\/div><div class=\"porto-u-sub-heading\" style=\"\">De plus, nous avons un d\u00e9partement technique qui effectue en permanence un travail de recherche et de d\u00e9veloppement, collaborant \u00e0 la r\u00e9daction ou \u00e0 la modification de projets, apportant les solutions techniques les plus appropri\u00e9es \u00e0 chaque cas.<\/div><style>.porto-u-6603.porto-u-heading{text-align:left}<\/style><\/div>[\/vc_column][\/vc_row][vc_row no_padding=\u00a0\u00bbyes\u00a0\u00bb conditional_render=\u00a0\u00bb%5B%7B%22value_role%22%3A%22administrator%22%7D%5D\u00a0\u00bb][vc_column parallax=\u00a0\u00bbcontent-moving\u00a0\u00bb parallax_image=\u00a0\u00bb5507&Prime; conditional_render=\u00a0\u00bb%5B%7B%22value_role%22%3A%22administrator%22%7D%5D\u00a0\u00bb css=\u00a0\u00bb.vc_custom_1653434378835{padding-top: 12.15rem !important;padding-bottom: 12.15rem !important;}\u00a0\u00bb el_class=\u00a0\u00bborder-lg-last\u00a0\u00bb offset=\u00a0\u00bbvc_col-md-6&Prime;][\/vc_column][vc_column is_half=\u00a0\u00bbyes\u00a0\u00bb is_half_right=\u00a0\u00bbyes\u00a0\u00bb conditional_render=\u00a0\u00bb%5B%7B%22value_role%22%3A%22administrator%22%7D%5D\u00a0\u00bb css=\u00a0\u00bb.vc_custom_1653434385187{padding-top: 7.2rem !important;padding-bottom: 7.5rem !important;background-color: #f7f7f7 !important;}\u00a0\u00bb offset=\u00a0\u00bbvc_col-md-6&Prime;]<div class=\"porto-u-heading ml-lg-auto mr-lg-5 mb-0 w-max-493  wpb_custom_101fa6c19c1aa2506258be3da906857d porto-u-1304 \"><div class=\"porto-u-main-heading\"><h2   style=\"margin-bottom: 12px;\">Environnement naturel<\/h2><\/div><div class=\"porto-u-sub-heading\" style=\"\">Nous r\u00e9alisons cette t\u00e2che depuis notre environnement privil\u00e9gi\u00e9, \u00e0 Amposta, \u00e0 180 km au sud de Barcelone, entre le Parc Naturel des Ports, une zone montagneuse de haute valeur \u00e9cologique avec la pr\u00e9sence de for\u00eats reliques et le Parc Naturel du Delta de l&rsquo;\u00c8bre, un des zones humides et des syst\u00e8mes dunaires les plus importants de la M\u00e9diterran\u00e9e.<\/div><style>.porto-u-1304.porto-u-heading{text-align:left}<\/style><\/div>[\/vc_column][\/vc_row]<\/p>\n<\/div>","protected":false},"excerpt":{"rendered":"<p>[vc_row][vc_column][vc_raw_html]JTVCdmNfcm93JTIwd3JhcF9jb250YWluZXIlM0QlMjJ5ZXMlMjIlMjBjb25kaXRpb25hbF9yZW5kZXIlM0QlMjIlMjU1QiUyNTdCJTI1MjJ2YWx1ZV9yb2xlJTI1MjIlMjUzQSUyNTIyYWRtaW5pc3RyYXRvciUyNTIyJTI1N0QlMjU1RCUyMiUyMGNzcyUzRCUyMi52Y19jdXN0b21fMTY1MzQxNzkzNjIyMyU3Qm1hcmdpbi10b3AlM0ElMjA3MnB4JTIwJTIxaW1wb3J0YW50JTNCbWFyZ2luLWJvdHRvbSUzQSUyMDI1cHglMjAlMjFpbXBvcnRhbnQlM0IlN0QlMjIlNUQlNUJ2Y19jb2x1bW4lMjBjc3MlM0QlMjIudmNfY3VzdG9tXzE2NTMzMzQwOTE1OTglN0JtYXJnaW4tdG9wJTNBJTIwMnB4JTIwJTIxaW1wb3J0YW50JTNCbWFyZ2luLWJvdHRvbSUzQSUyMDQycHglMjAlMjFpbXBvcnRhbnQlM0IlN0QlMjIlMjBjb25kaXRpb25hbF9yZW5kZXIlM0QlMjIlMjU1QiUyNTdCJTI1MjJ2YWx1ZV9yb2xlJTI1MjIlMjUzQSUyNTIyYWRtaW5pc3RyYXRvciUyNTIyJTI1N0QlMjU1RCUyMiUyMG9mZnNldCUzRCUyMnZjX2NvbC1tZC02JTIyJTVEJTVCcG9ydG9fdWx0aW1hdGVfaGVhZGluZyUyMG1haW5faGVhZGluZyUzRCUyMkNVTFRJREVMVEElMjIlMjBtYWluX2hlYWRpbmdfY29sb3IlM0QlMjIlMjMwMGEzMzUlMjIlMjBzdWJfaGVhZGluZ19jb2xvciUzRCUyMiUyMzNlM2UzZSUyMiUyMGFsaWdubWVudCUzRCUyMiU3QiU2MCU2MHhsJTYwJTYwJTNBJTYwJTYwbGVmdCU2MCU2MCU3RCUyMiUyMG1haW5faGVhZGluZ19wb3J0b190eXBvZ3JhcGh5JTNEJTIyJTdCJTYwJTYwZmFtaWx5JTYwJTYwJTNBJTYwJTYwRGVmYXVsdCU2MCU2MCUyQyU2MCU2MHZhcmlhbnQlNjAlNjAlM0ElNjAlNjBEZWZhdWx0JTYwJTYwJTJDJTYwJTYwZm9udF9zaXplJTYwJTYwJTNBJTYwJTYwMTZweCU2MCU2MCUyQyU2MCU2MGxpbmVfaGVpZ2h0JTYwJTYwJTNBJTYwJTYwJTYwJTYwJTJDJTYwJTYwbGV0dGVyX3NwYWNpbmclNjAlNjAlM0ElNjAlNjAlNjAlNjAlMkMlNjAlNjB0ZXh0X3RyYW5zZm9ybSU2MCU2MCUzQSU2MCU2MCU2MCU2MCU3RCUyMiUyMHN1Yl9oZWFkaW5nX3BvcnRvX3R5cG9ncmFwaHklM0QlMjIlN0IlNjAlNjBmYW1pbHklNjAlNjAlM0ElNjAlNjBEZWZhdWx0JTYwJTYwJTJDJTYwJTYwdmFyaWFudCU2MCU2MCUzQSU2MCU2MDcwMCU2MCU2MCUyQyU2MCU2MGZvbnRfc2l6ZSU2MCU2MCUzQSU2MCU2MDM2LjhweCU2MCU2MCUyQyU2MCU2MGxpbmVfaGVpZ2h0JTYwJTYwJTNBJTYwJTYwMS4yJTYwJTYwJTJDJTYwJTYwbGV0dGVyX3NwYWNpbmclNjAlNjAlM0ElNjAlNjAtMS44NHB4JTYwJTYwJTJDJTYwJTYwdGV4dF90cmFuc2Zvcm0lNjAlNjAlM0ElNjAlNjAlNjAlNjAlN0QlMjIlMjBtYWluX2hlYWRpbmdfbWFyZ2luX2JvdHRvbSUzRCUyMjEwJTIyJTIwZWxfY2xhc3MlM0QlMjJtYi0zJTIyJTVEUXVpJTIwc29tbWVzLW5vdXMlNUIlMkZwb3J0b191bHRpbWF0ZV9oZWFkaW5nJTVEJTVCdmNfY3VzdG9tX2hlYWRpbmclMjB0ZXh0JTNEJTIyTm90cmUlMjBzb2NpJUMzJUE5dCVDMyVBOSUyMGVzdCUyMHNwJUMzJUE5Y2lhbGlzJUMzJUE5ZSUyMGRhbnMlMjBsYSUyMHByb2R1Y3Rpb24lMjBldCUyMGxhJTIwY29tbWVyY2lhbGlzYXRpb24lMjBkZSUyMHBsYW50ZXMlMjBhdXRvY2h0b25lcyUyMGRhbnMlMjBsZXMlMjB6b25lcyUyMG0lQzMlQTlkaXRlcnJhbiVDMyVBOWVubmVzJTJDJTIwZGVzdGluJUMzJUE5ZXMlMjAlQzMlQTAlMjBkZXMlMjB0cmF2YXV4JTIwZGUlMjB0eXBlJTIwZW52aXJvbm5lbWVudGFsJTIwb3UlMjBqYXJkaW5hZ2UlMjAlQzMlQTAlMjBmYWlibGUlMjBjb25zb21tYXRpb24lMjBkJTI3ZWF1LiUyMiUyMGZvbnRfY29udGFpbmVyJTNEJTIydGFnJTNBcCU3Q3RleHRfYWxpZ24lM0FsZWZ0JTIyJTIwdXNlX3RoZW1lX2ZvbnRzJTNEJTIyeWVzJTIyJTIwZWxfY2xhc3MlM0QlMjJtYi00JTIyJTVEJTVCcG9ydG9fdWx0aW1hdGVfaGVhZGluZyUyMG1haW5faGVhZGluZyUzRCUyMkxhJTIwc2Vuc2liaWxpc2F0aW9uJTIwY3JvaXNzYW50ZSUyMGRlJTIwbGElMjBzb2NpJUMzJUE5dCVDMyVBOSUyMCVDMyVBMCUyMGwlMjdlbnZpcm9ubmVtZW50JTIwcmVuZCUyMHBsdXMlMjBpbXBvcnRhbnRlJTIwbCUyN3V0aWxpc2F0aW9uJTIwZCUyN2VzcCVDMyVBOGNlcyUyMHBhcmZhaXRlbWVudCUyMGFkYXB0JUMzJUE5ZXMlMjAlQzMlQTAlMjBsYSUyMHpvbmUlMjBkJTI3aW1wbGFudGF0aW9uLiUyMEMlMjdlc3QlMjBsYSUyMHJhaXNvbiUyMHBvdXIlMjBsYXF1ZWxsZSUyMEN1bHRpZGVsdGElMkMlMjBkZXB1aXMlMjBzYSUyMGNyJUMzJUE5YXRpb24lMjBlbiUyMDE5OTklMkMlMjBzJTI3ZWZmb3JjZSUyMGRlJTIwcHJvZHVpcmUlMjB1bmUlMjBncmFuZGUlMjBkaXZlcnNpdCVDMyVBOSUyMGQlMjdlc3AlQzMlQThjZXMlMjBhcHRlcyUyMCVDMyVBMCUyMGRpdmVycyUyMCVDMyVBOWNvc3lzdCVDMyVBOG1lcyUyMG91JTIwdXRpbGl0YWlyZXMlMkMlMjBzJUMzJUE5bGVjdGlvbm4lQzMlQTlzJTIwcGFyJTIwbGV1cnMlMjBwYXJhbSVDMyVBOHRyZXMlMjBkZSUyMHRvbCVDMyVBOXJhbmNlJTIwJUMzJUEwJTIwbGElMjBzJUMzJUE5Y2hlcmVzc2UlMkMlMjBwb3RlbnRpZWwlMjBvcm5lbWVudGFsJTIwb3UlMjBhdXRyZXMlMjBqdXNxdSUyNyVDMyVBMCUyMGNlJTIwcXUlMjdpbHMlMjBwdWlzc2VudCUyMCVDMyVBQXRyZSUyMGludCVDMyVBOXJlc3NhbnRzLiUyMiUyMGhlYWRpbmdfdGFnJTNEJTIyZGl2JTIyJTIwYWxpZ25tZW50JTNEJTIyJTdCJTYwJTYweGwlNjAlNjAlM0ElNjAlNjBsZWZ0JTYwJTYwJTdEJTIyJTIwbWFpbl9oZWFkaW5nX3BvcnRvX3R5cG9ncmFwaHklM0QlMjIlN0IlNjAlNjBmYW1pbHklNjAlNjAlM0ElNjAlNjBEZWZhdWx0JTYwJTYwJTJDJTYwJTYwdmFyaWFudCU2MCU2MCUzQSU2MCU2MHJlZ3VsYXIlNjAlNjAlMkMlNjAlNjBmb250X3NpemUlNjAlNjAlM0ElNjAlNjAxOHB4JTYwJTYwJTJDJTYwJTYwbGluZV9oZWlnaHQlNjAlNjAlM0ElNjAlNjAzMHB4JTYwJTYwJTJDJTYwJTYwbGV0dGVyX3NwYWNpbmclNjAlNjAlM0ElNjAlNjAlNjAlNjAlMkMlNjAlNjB0ZXh0X3RyYW5zZm9ybSU2MCU2MCUzQSU2MCU2MCU2MCU2MCU3RCUyMiUyMG1haW5faGVhZGluZ19tYXJnaW5fYm90dG9tJTNEJTIyMzIlMjIlMjBzdWJfaGVhZGluZ19wb3J0b190eXBvZ3JhcGh5JTNEJTIyJTdCJTYwJTYwZmFtaWx5JTYwJTYwJTNBJTYwJTYwRGVmYXVsdCU2MCU2MCUyQyU2MCU2MHZhcmlhbnQlNjAlNjAlM0ElNjAlNjBEZWZhdWx0JTYwJTYwJTJDJTYwJTYwZm9udF9zaXplJTYwJTYwJTNBJTYwJTYwMTZweCU2MCU2MCUyQyU2MCU2MGxpbmVfaGVpZ2h0JTYwJTYwJTNBJTYwJTYwJTYwJTYwJTJDJTYwJTYwbGV0dGVyX3NwYWNpbmclNjAlNjAlM0ElNjAlNjAlNjAlNjAlMkMlNjAlNjB0ZXh0X3RyYW5zZm9ybSU2MCU2MCUzQSU2MCU2MCU2MCU2MCU3RCUyMiUyMHN1Yl9oZWFkaW5nX21hcmdpbl9ib3R0b20lM0QlMjIzMiUyMiU1RCUwQSUwQSUwQSUwQSU1QiUyRnBvcnRvX3VsdGltYXRlX2hlYWRpbmclNUQlNUJ2Y19idG4lMjB0aXRsZSUzRCUyMk5PUyUyMEVTUEFDRVMlMjBERSUyMFRSQVZBSUwlMjIlMjBzdHlsZSUzRCUyMmN1c3RvbSUyMiUyMGN1c3RvbV9iYWNrZ3JvdW5kJTNEJTIyJTIyJTIwY3VzdG9tX3RleHQlM0QlMjIlMjIlMjBpX2FsaWduJTNEJTIycmlnaHQlMjIlMjBpX3R5cGUlM0QlMjJwb3J0byUyMiUyMHNraW4lM0QlMjJwcmltYXJ5JTIyJTIwYnRuX2ZzJTNEJTIyMTIuOHB4JTIyJTIwYnRuX2Z3JTNEJTIyNzAwJTIyJTIwaG92ZXJfZWZmZWN0JTNEJTIyaG92ZXItaWNvbi1wdWxzZS1sZWZ0LXJpZ2h0JTIyJTIwYWRkX2ljb24lM0QlMjJ0cnVlJTIyJTIwbGluayUzRCUyMnVybCUzQWh0dHBzJTI1M0ElMjUyRiUyNTJGY3VsdGlkZWx0YS5jb20lMjUyRmFyZWFzLWRlLXRyYWJham8lMjUyRiUyMiUyMGJ0bl9weCUzRCUyMjQ3cHglMjIlMjBidG5fcHklM0QlMjIxNnB4JTIyJTIwZWxfY2xhc3MlM0QlMjJjdXN0b20tYnRuJTIyJTIwYnRuX2ljb25fc3BhY2luZyUzRCUyMiU3QiU2MCU2MHhsJTYwJTYwJTNBJTYwJTYwNCU2MCU2MCUyQyU2MCU2MHVuaXQlNjAlNjAlM0ElNjAlNjAlNjAlNjAlMkMlNjAlNjB4cyU2MCU2MCUzQSU2MCU2MCU2MCU2MCUyQyU2MCU2MHNtJTYwJTYwJTNBJTYwJTYwJTYwJTYwJTJDJTYwJTYwbWQlNjAlNjAlM0ElNjAlNjAlNjAlNjAlMkMlNjAlNjBsZyU2MCU2MCUzQSU2MCU2MCU2MCU2MCU3RCUyMiUyMGlfaWNvbl9wb3J0byUzRCUyMnBvcnRvLWljb24tYXJyb3ctZm9yd2FyZC1yaWdodCUyMiU1RCU1QiUyRnZjX2NvbHVtbiU1RCU1QnZjX2NvbHVtbiUyMG9mZnNldCUzRCUyMnZjX2NvbC1tZC02JTIyJTIwY29uZGl0aW9uYWxfcmVuZGVyJTNEJTIyJTI1NUIlMjU3QiUyNTIydmFsdWVfcm9sZSUyNTIyJTI1M0ElMjUyMmFkbWluaXN0cmF0b3IlMjUyMiUyNTdEJTI1NUQlMjIlMjBjc3MlM0QlMjIudmNfY3VzdG9tXzE2NTM0MzQ2NTc3MDIlN0JtYXJnaW4tYm90dG9tJTNBJTIwNDJweCUyMCUyMWltcG9ydGFudCUzQiU3RCUyMiUyMGVsX2NsYXNzJTNEJTIyY3VzdG9tLWdhbGxlcnklMjIlNUQlNUJwb3J0b19hbmltYXRpb24lMjBhbmltYXRpb25fZGVsYXklM0QlMjIxMDAlMjIlMjBtb3VzZV9wYXJhbGxheCUzRCUyMiUyMiUyMGFuaW1hdGlvbl90eXBlJTNEJTIyem9vbUluJTIyJTIwZWxfY2xhc3MlM0QlMjJhbmltLWltZy0xJTIyJTVEJTVCdmNfc2luZ2xlX2ltYWdlJTIwaW1hZ2UlM0QlMjI1NDkyJTIyJTIwaW1nX3NpemUlM0QlMjJmdWxsJTIyJTIwYWxpZ25tZW50JTNEJTIyY2VudGVyJTIyJTIwYW5pbWF0aW9uX2RlbGF5JTNEJTIyMTAwJTIyJTIwZmxvYXRpbmdfc3RhcnRfcG9zJTNEJTIydG9wJTIyJTIwZmxvYXRpbmdfc3BlZWQlM0QlMjI5LjglMjIlMjBjc3MlM0QlMjIudmNfY3VzdG9tXzE2NTM0MTY2MjU3ODclN0JtYXJnaW4tdG9wJTNBJTIwLThweCUyMCUyMWltcG9ydGFudCUzQiU3RCUyMiUyMGZsb2F0aW5nX2R1cmF0aW9uJTNEJTIyMTAwMCUyMiUyMGVsX2NsYXNzJTNEJTIybWItMCUyMG14LWF1dG8lMjIlNUQlNUIlMkZwb3J0b19hbmltYXRpb24lNUQlNUJwb3J0b19hbmltYXRpb24lMjBhbmltYXRpb25fZGVsYXklM0QlMjIzMDAlMjIlMjBtb3VzZV9wYXJhbGxheCUzRCUyMiUyMiUyMGFuaW1hdGlvbl90eXBlJTNEJTIyem9vbUluJTIyJTIwZWxfY2xhc3MlM0QlMjJhbmltLWltZy0yJTIwcG9zaXRpb24tYWJzb2x1dGUlMjB0b3AtMCUyMHN0YXJ0LTAlMjB3LTEwMCUyMiU1RCU1QnZjX3NpbmdsZV9pbWFnZSUyMGltYWdlJTNEJTIyOTM2NyUyMiUyMGltZ19zaXplJTNEJTIybWVkaXVtJTIyJTIwYWxpZ25tZW50JTNEJTIyY2VudGVyJTIyJTIwYW5pbWF0aW9uX2RlbGF5JTNEJTIyMzAwJTIyJTIwZmxvYXRpbmdfc3RhcnRfcG9zJTNEJTIydG9wJTIyJTIwZmxvYXRpbmdfc3BlZWQlM0QlMjI5LjclMjIlMjBmbG9hdGluZ19kdXJhdGlvbiUzRCUyMjEwMDAlMjIlMjBlbF9jbGFzcyUzRCUyMm1iLTAlMjIlNUQlNUIlMkZwb3J0b19hbmltYXRpb24lNUQlNUJwb3J0b19hbmltYXRpb24lMjBhbmltYXRpb25fZGVsYXklM0QlMjI2MDAlMjIlMjBtb3VzZV9wYXJhbGxheCUzRCUyMiUyMiUyMGFuaW1hdGlvbl90eXBlJTNEJTIyem9vbUluJTIyJTIwZWxfY2xhc3MlM0QlMjJhbmltLWltZy0zJTIwcG9zaXRpb24tYWJzb2x1dGUlMjB0b3AtMCUyMGVuZC0wJTIyJTVEJTVCdmNfc2luZ2xlX2ltYWdlJTIwaW1hZ2UlM0QlMjI5NDIwJTIyJTIwaW1nX3NpemUlM0QlMjJmdWxsJTIyJTIwYWxpZ25tZW50JTNEJTIyY2VudGVyJTIyJTIwYW5pbWF0aW9uX2RlbGF5JTNEJTIyNTAwJTIyJTIwZmxvYXRpbmdfc3RhcnRfcG9zJTNEJTIydG9wJTIyJTIwZmxvYXRpbmdfc3BlZWQlM0QlMjI5LjYlMjIlMjBmbG9hdGluZ19kdXJhdGlvbiUzRCUyMjEwMDAlMjIlMjBlbF9jbGFzcyUzRCUyMm1iLTAlMjBtbC1hdXRvJTIyJTVEJTVCJTJGcG9ydG9fYW5pbWF0aW9uJTVEJTVCJTJGdmNfY29sdW1uJTVEJTVCJTJGdmNfcm93JTVE[\/vc_raw_html][\/vc_column][\/vc_row][vc_row][vc_column][vc_column_text][\/vc_column_text][\/vc_column][\/vc_row][vc_row no_padding=\u00a0\u00bbyes\u00a0\u00bb conditional_render=\u00a0\u00bb%5B%7B%22value_role%22%3A%22administrator%22%7D%5D\u00a0\u00bb][vc_column parallax=\u00a0\u00bbcontent-moving\u00a0\u00bb parallax_image=\u00a0\u00bb9390&Prime; conditional_render=\u00a0\u00bb%5B%7B%22value_role%22%3A%22administrator%22%7D%5D\u00a0\u00bb css=\u00a0\u00bb.vc_custom_1675855712365{padding-top: 12.15rem !important;padding-bottom: 12.15rem !important;}\u00a0\u00bb offset=\u00a0\u00bbvc_col-md-6&Prime;][\/vc_column][vc_column is_half=\u00a0\u00bbyes\u00a0\u00bb conditional_render=\u00a0\u00bb%5B%7B%22value_role%22%3A%22administrator%22%7D%5D\u00a0\u00bb css=\u00a0\u00bb.vc_custom_1653434372205{padding-top: 7.2rem !important;padding-bottom: 7.5rem !important;background-color: #f7f7f7 !important;}\u00a0\u00bb offset=\u00a0\u00bbvc_col-md-6&Prime;][\/vc_column][\/vc_row][vc_row no_padding=\u00a0\u00bbyes\u00a0\u00bb conditional_render=\u00a0\u00bb%5B%7B%22value_role%22%3A%22administrator%22%7D%5D\u00a0\u00bb][vc_column parallax=\u00a0\u00bbcontent-moving\u00a0\u00bb parallax_image=\u00a0\u00bb5507&Prime; conditional_render=\u00a0\u00bb%5B%7B%22value_role%22%3A%22administrator%22%7D%5D\u00a0\u00bb css=\u00a0\u00bb.vc_custom_1653434378835{padding-top: 12.15rem !important;padding-bottom: 12.15rem !important;}\u00a0\u00bb el_class=\u00a0\u00bborder-lg-last\u00a0\u00bb offset=\u00a0\u00bbvc_col-md-6&Prime;][\/vc_column][vc_column is_half=\u00a0\u00bbyes\u00a0\u00bb is_half_right=\u00a0\u00bbyes\u00a0\u00bb conditional_render=\u00a0\u00bb%5B%7B%22value_role%22%3A%22administrator%22%7D%5D\u00a0\u00bb css=\u00a0\u00bb.vc_custom_1653434385187{padding-top: 7.2rem !important;padding-bottom: 7.5rem !important;background-color: #f7f7f7 !important;}\u00a0\u00bb offset=\u00a0\u00bbvc_col-md-6&Prime;][\/vc_column][\/vc_row]<\/p>\n","protected":false},"author":1,"featured_media":0,"parent":16607,"menu_order":0,"comment_status":"closed","ping_status":"closed","template":"","meta":{"_acf_changed":false,"om_disable_all_campaigns":false,"_monsterinsights_skip_tracking":false,"_monsterinsights_sitenote_active":false,"_monsterinsights_sitenote_note":"","_monsterinsights_sitenote_category":0,"footnotes":""},"class_list":["post-16747","page","type-page","status-publish","hentry"],"acf":[],"aioseo_notices":[],"_links":{"self":[{"href":"https:\/\/www.cultidelta.com\/fr\/wp-json\/wp\/v2\/pages\/16747","targetHints":{"allow":["GET"]}}],"collection":[{"href":"https:\/\/www.cultidelta.com\/fr\/wp-json\/wp\/v2\/pages"}],"about":[{"href":"https:\/\/www.cultidelta.com\/fr\/wp-json\/wp\/v2\/types\/page"}],"author":[{"embeddable":true,"href":"https:\/\/www.cultidelta.com\/fr\/wp-json\/wp\/v2\/users\/1"}],"replies":[{"embeddable":true,"href":"https:\/\/www.cultidelta.com\/fr\/wp-json\/wp\/v2\/comments?post=16747"}],"version-history":[{"count":3,"href":"https:\/\/www.cultidelta.com\/fr\/wp-json\/wp\/v2\/pages\/16747\/revisions"}],"predecessor-version":[{"id":16913,"href":"https:\/\/www.cultidelta.com\/fr\/wp-json\/wp\/v2\/pages\/16747\/revisions\/16913"}],"up":[{"embeddable":true,"href":"https:\/\/www.cultidelta.com\/fr\/wp-json\/wp\/v2\/pages\/16607"}],"wp:attachment":[{"href":"https:\/\/www.cultidelta.com\/fr\/wp-json\/wp\/v2\/media?parent=16747"}],"curies":[{"name":"wp","href":"https:\/\/api.w.org\/{rel}","templated":true}]}}