{"id":16760,"date":"2023-01-18T13:04:33","date_gmt":"2023-01-18T13:04:33","guid":{"rendered":"https:\/\/www.cultidelta.com\/cultidelta\/sostenibilidad\/"},"modified":"2023-04-05T09:52:35","modified_gmt":"2023-04-05T09:52:35","slug":"sostenibilidad","status":"publish","type":"page","link":"https:\/\/www.cultidelta.com\/fr\/cultidelta\/sostenibilidad\/","title":{"rendered":"Durabilit\u00e9"},"content":{"rendered":"<div class=\"wpb-content-wrapper\"><p>[vc_row][vc_column][vc_column_text]<\/p>\n<h1 style=\"text-align: center;\"><strong>Nous contribuons \u00e0&#8230;<\/strong><\/h1>\n<p>[\/vc_column_text][\/vc_column][\/vc_row][vc_row wrap_container=\u00a0\u00bbyes\u00a0\u00bb animation_duration=\u00a0\u00bb100&Prime; el_id=\u00a0\u00bbourservices\u00a0\u00bb css=\u00a0\u00bb.vc_custom_1557532287189{padding-top: 110px !important;padding-bottom: 60px !important;}\u00a0\u00bb animation_type=\u00a0\u00bbfadeIn\u00a0\u00bb][vc_column][vc_row_inner el_class=\u00a0\u00bbjustify-content-center\u00a0\u00bb][vc_column_inner width=\u00a0\u00bb1\/3&Prime;]<div class=\"porto-sicon-box px-4  wpb_custom_6bd3ea43243bb56571d580d187f8d1d7 style_1 top-icon\"><div class=\"porto-sicon-top\"><div id=\"porto-icon-178371699969e3756b2a561\" class=\"porto-just-icon-wrapper porto-sicon-img\" style=\"font-size: 90px;\"><img loading=\"lazy\" decoding=\"async\" class=\"img-icon\" alt=\"\" src=\"https:\/\/www.cultidelta.com\/wp-content\/uploads\/2023\/01\/conservacio-aigua-1.png\" width=\"512\" height=\"512\" \/><\/div><\/div><div class=\"porto-sicon-header\"><h3 class=\"porto-sicon-title\" style=\"font-size:28px;line-height:36px;\">Gestion de l'eau<\/h3><\/div> <!-- header --><div class=\"porto-sicon-description\" style=\"font-size:15.4px;\">L&rsquo;eau est un bien naturel de plus en plus rare, il est donc pratique dans les projets de jardinage d&rsquo;utiliser des esp\u00e8ces \u00e0 faible besoin en eau. Chez Cultidelta, en plus de s\u00e9lectionner les esp\u00e8ces \u00e0 cet effet, nous les produisons non seulement en tenant compte des param\u00e8tres de beaut\u00e9, \u00a0aussi de durcissement, en accordant une importance capitale au syst\u00e8me racinaire.<\/div> <!-- description --><\/div><!-- porto-sicon-box -->[\/vc_column_inner][vc_column_inner el_class=\u00a0\u00bbcustom-side-dots\u00a0\u00bb width=\u00a0\u00bb1\/3&Prime;]<div class=\"porto-sicon-box px-4  wpb_custom_6bd3ea43243bb56571d580d187f8d1d7 style_1 top-icon\"><div class=\"porto-sicon-top\"><div id=\"porto-icon-69110548969e3756b2adac\" class=\"porto-just-icon-wrapper porto-sicon-img\" style=\"font-size: 90px;\"><img loading=\"lazy\" decoding=\"async\" class=\"img-icon\" alt=\"\" src=\"https:\/\/www.cultidelta.com\/wp-content\/uploads\/2023\/01\/reduccion-plaguicidas-1.png\" width=\"512\" height=\"512\" \/><\/div><\/div><div class=\"porto-sicon-header\"><h3 class=\"porto-sicon-title\" style=\"font-size:28px;line-height:36px;\">Processus de production<\/h3><\/div> <!-- header --><div class=\"porto-sicon-description\" style=\"font-size:15.4px;\">La durabilit\u00e9 n&rsquo;est pas seulement un concept politiquement correct, s non\u00a0 une fa\u00e7on de faire les choses. Chez Cultidelta, nous essayons de contribuer \u00e0 une utilisation correcte de ce concept et pour cela nous prenons des mesures, telles que la r\u00e9duction des produits phytosanitaires au minimum, l&rsquo;utilisation de pots certifi\u00e9s recyclables ou la r\u00e9utilisation d&rsquo;une partie de l&rsquo;exc\u00e8s d&rsquo;eau d&rsquo;irrigation. De plus, 100% de l&rsquo;\u00e9nergie utilis\u00e9e provient d&rsquo;\u00e9nergies renouvelables.<\/div> <!-- description --><\/div><!-- porto-sicon-box -->[\/vc_column_inner][vc_column_inner width=\u00a0\u00bb1\/3&Prime;]<div class=\"porto-sicon-box px-4  wpb_custom_6bd3ea43243bb56571d580d187f8d1d7 style_1 top-icon\"><div class=\"porto-sicon-top\"><div id=\"porto-icon-36847481569e3756b2b5b7\" class=\"porto-just-icon-wrapper porto-sicon-img\" style=\"font-size: 90px;\"><img loading=\"lazy\" decoding=\"async\" class=\"img-icon\" alt=\"\" src=\"https:\/\/www.cultidelta.com\/wp-content\/uploads\/2023\/01\/plantas-autoctonas-1.png\" width=\"512\" height=\"512\" \/><\/div><\/div><div class=\"porto-sicon-header\"><h3 class=\"porto-sicon-title\" style=\"font-size:28px;line-height:36px;\">Utilisation d'esp\u00e8ces indig\u00e8nes<\/h3><\/div> <!-- header --><div class=\"porto-sicon-description\" style=\"font-size:15.4px;\">Pour les projets environnementaux, l&rsquo;utilisation d&rsquo;esp\u00e8ces indig\u00e8nes typiques de la zone o\u00f9 les travaux sont effectu\u00e9s est essentielle, pour aider \u00e0 restaurer le paysage d\u00e9grad\u00e9. Dans le jardinage public comme priv\u00e9, nous pensons que l&rsquo;utilisation d&rsquo;esp\u00e8ces provenant d&rsquo;autres r\u00e9gions m\u00e9diterran\u00e9ennes de la plan\u00e8te, comme la Californie ou l&rsquo;Afrique du Sud, entre autres, ne devrait pas \u00eatre un probl\u00e8me, tant qu&rsquo;elles ne sont pas envahissantes, un facteur que nous \u00e9videmment aussi le contr\u00f4le.<\/div> <!-- description --><\/div><!-- porto-sicon-box -->[\/vc_column_inner][vc_column_inner el_class=\u00a0\u00bbcustom-right-dots\u00a0\u00bb width=\u00a0\u00bb1\/3&Prime;]<div class=\"porto-sicon-box px-4  wpb_custom_6bd3ea43243bb56571d580d187f8d1d7 style_1 top-icon\"><div class=\"porto-sicon-top\"><div id=\"porto-icon-100215397569e3756b2bd3a\" class=\"porto-just-icon-wrapper porto-sicon-img\" style=\"font-size: 90px;\"><img loading=\"lazy\" decoding=\"async\" class=\"img-icon\" alt=\"\" src=\"https:\/\/www.cultidelta.com\/wp-content\/uploads\/2023\/01\/habitats-naturales-3.png\" width=\"512\" height=\"512\" \/><\/div><\/div><div class=\"porto-sicon-header\"><h3 class=\"porto-sicon-title\" style=\"font-size:28px;line-height:36px;\">Cr\u00e9ation d'habitats ou d'espaces verts<\/h3><\/div> <!-- header --><div class=\"porto-sicon-description\" style=\"font-size:15.4px;\">En plus des facteurs esth\u00e9tiques, il est tr\u00e8s important d&rsquo;utiliser ce type d&rsquo;esp\u00e8ces pour d&rsquo;autres probl\u00e8mes fondamentaux tels que le contr\u00f4le de l&rsquo;\u00e9rosion, l&rsquo;attraction de la faune ou des abeilles utiles, ou la g\u00e9n\u00e9ration d&rsquo;espaces sains pour les personnes, tant d&rsquo;un point de vue physique qu&rsquo;\u00e9motionnel. . .<\/p>\n<p>&nbsp;<\/div> <!-- description --><\/div><!-- porto-sicon-box -->[\/vc_column_inner][vc_column_inner width=\u00a0\u00bb1\/3&Prime;]<div class=\"porto-sicon-box px-4  wpb_custom_6bd3ea43243bb56571d580d187f8d1d7 style_1 top-icon\"><div class=\"porto-sicon-top\"><div id=\"porto-icon-185722019169e3756b2c4e0\" class=\"porto-just-icon-wrapper porto-sicon-img\" style=\"font-size: 90px;\"><img loading=\"lazy\" decoding=\"async\" class=\"img-icon\" alt=\"\" src=\"https:\/\/www.cultidelta.com\/wp-content\/uploads\/2023\/01\/extraccion-carbono-1.png\" width=\"512\" height=\"512\" \/><\/div><\/div><div class=\"porto-sicon-header\"><h3 class=\"porto-sicon-title\" style=\"font-size:28px;line-height:36px;\">R\u00e9duction des \u00e9missions de CO2<\/h3><\/div> <!-- header --><div class=\"porto-sicon-description\" style=\"font-size:15.4px;\">L&rsquo;utilisation d&rsquo;esp\u00e8ces v\u00e9g\u00e9tales dans les travaux de restauration de l&rsquo;environnement et le jardinage aident \u00e0 absorber le CO2, essentiel pour att\u00e9nuer les effets du changement climatique.<\/p>\n<p>&nbsp;<\/p>\n<p>&nbsp;<\/div> <!-- description --><\/div><!-- porto-sicon-box -->[\/vc_column_inner][\/vc_row_inner][\/vc_column][\/vc_row][vc_row][vc_column][vc_column_text]En tenant compte de ces aspects li\u00e9s \u00e0 la durabilit\u00e9 dans la production de plantes ornementales, chez Cultidelta, nous contribuons \u00e0 la sant\u00e9 et au bien-\u00eatre de l&rsquo;environnement, en aidant \u00e0 cr\u00e9er des paysages plus durables.[\/vc_column_text][\/vc_column][\/vc_row]<\/p>\n<\/div>","protected":false},"excerpt":{"rendered":"<p>[vc_row][vc_column][vc_column_text] Nous contribuons \u00e0&#8230; [\/vc_column_text][\/vc_column][\/vc_row][vc_row wrap_container=\u00a0\u00bbyes\u00a0\u00bb animation_duration=\u00a0\u00bb100&Prime; el_id=\u00a0\u00bbourservices\u00a0\u00bb css=\u00a0\u00bb.vc_custom_1557532287189{padding-top: 110px !important;padding-bottom: 60px !important;}\u00a0\u00bb animation_type=\u00a0\u00bbfadeIn\u00a0\u00bb][vc_column][vc_row_inner el_class=\u00a0\u00bbjustify-content-center\u00a0\u00bb][vc_column_inner width=\u00a0\u00bb1\/3&Prime;][\/vc_column_inner][vc_column_inner el_class=\u00a0\u00bbcustom-side-dots\u00a0\u00bb width=\u00a0\u00bb1\/3&Prime;][\/vc_column_inner][vc_column_inner width=\u00a0\u00bb1\/3&Prime;][\/vc_column_inner][vc_column_inner el_class=\u00a0\u00bbcustom-right-dots\u00a0\u00bb width=\u00a0\u00bb1\/3&Prime;][\/vc_column_inner][vc_column_inner width=\u00a0\u00bb1\/3&Prime;][\/vc_column_inner][\/vc_row_inner][\/vc_column][\/vc_row][vc_row][vc_column][vc_column_text]En tenant compte de ces aspects li\u00e9s \u00e0 la durabilit\u00e9 dans la production de plantes ornementales, chez Cultidelta, nous contribuons \u00e0 la sant\u00e9 et au bien-\u00eatre de l&rsquo;environnement, en aidant \u00e0 cr\u00e9er des paysages [&hellip;]<\/p>\n","protected":false},"author":1,"featured_media":0,"parent":16607,"menu_order":0,"comment_status":"closed","ping_status":"closed","template":"","meta":{"_acf_changed":false,"om_disable_all_campaigns":false,"_monsterinsights_skip_tracking":false,"_monsterinsights_sitenote_active":false,"_monsterinsights_sitenote_note":"","_monsterinsights_sitenote_category":0,"footnotes":""},"class_list":["post-16760","page","type-page","status-publish","hentry"],"acf":[],"aioseo_notices":[],"_links":{"self":[{"href":"https:\/\/www.cultidelta.com\/fr\/wp-json\/wp\/v2\/pages\/16760","targetHints":{"allow":["GET"]}}],"collection":[{"href":"https:\/\/www.cultidelta.com\/fr\/wp-json\/wp\/v2\/pages"}],"about":[{"href":"https:\/\/www.cultidelta.com\/fr\/wp-json\/wp\/v2\/types\/page"}],"author":[{"embeddable":true,"href":"https:\/\/www.cultidelta.com\/fr\/wp-json\/wp\/v2\/users\/1"}],"replies":[{"embeddable":true,"href":"https:\/\/www.cultidelta.com\/fr\/wp-json\/wp\/v2\/comments?post=16760"}],"version-history":[{"count":3,"href":"https:\/\/www.cultidelta.com\/fr\/wp-json\/wp\/v2\/pages\/16760\/revisions"}],"predecessor-version":[{"id":16912,"href":"https:\/\/www.cultidelta.com\/fr\/wp-json\/wp\/v2\/pages\/16760\/revisions\/16912"}],"up":[{"embeddable":true,"href":"https:\/\/www.cultidelta.com\/fr\/wp-json\/wp\/v2\/pages\/16607"}],"wp:attachment":[{"href":"https:\/\/www.cultidelta.com\/fr\/wp-json\/wp\/v2\/media?parent=16760"}],"curies":[{"name":"wp","href":"https:\/\/api.w.org\/{rel}","templated":true}]}}