{"id":16769,"date":"2023-01-18T12:19:16","date_gmt":"2023-01-18T12:19:16","guid":{"rendered":"https:\/\/www.cultidelta.com\/politica-de-cookies\/"},"modified":"2023-03-28T07:15:35","modified_gmt":"2023-03-28T07:15:35","slug":"politica-de-cookies","status":"publish","type":"page","link":"https:\/\/www.cultidelta.com\/fr\/politica-de-cookies\/","title":{"rendered":"Politique en mati\u00e8re de cookies"},"content":{"rendered":"\n<p>INFORMATIONS SUR LES COOKIES<\/p>\n\n\n\n<p>En raison de l&rsquo;entr\u00e9e en vigueur de la modification de la \u00ab\u00a0Ley de Servicios de la Sociedad de la Informaci\u00f3n\u00a0\u00bb (LSSICE) \u00e9tablie par le d\u00e9cret royal 13\/2012, il est obligatoire d&rsquo;obtenir le consentement expr\u00e8s de l&rsquo;utilisateur de tous les sites web qui utilisent des cookies dispensables, avant que l&rsquo;utilisateur ne navigue sur ces sites.<\/p>\n\n\n\n<p>QU&rsquo;EST-CE QU&rsquo;UN COOKIE?<\/p>\n\n\n\n<p>Les cookies et autres technologies similaires telles que les objets locaux partag\u00e9s, les cookies flash ou les pixels sont des outils utilis\u00e9s par les serveurs web pour stocker et r\u00e9cup\u00e9rer des informations sur leurs visiteurs et pour assurer le bon fonctionnement du site.<\/p>\n\n\n\n<p>L&rsquo;utilisation de ces dispositifs permet au serveur web de m\u00e9moriser certaines donn\u00e9es concernant l&rsquo;utilisateur, telles que ses pr\u00e9f\u00e9rences en mati\u00e8re de consultation des pages de ce serveur, son nom et son mot de passe, les produits qui l&rsquo;int\u00e9ressent le plus, etc.<\/p>\n\n\n\n<p>COOKIES CONCERN\u00c9S PAR LE R\u00c8GLEMENT ET COOKIES EXEMPT\u00c9S<\/p>\n\n\n\n<p>Selon la directive europ\u00e9enne, les cookies qui requi\u00e8rent le consentement \u00e9clair\u00e9 de l&rsquo;utilisateur sont les cookies analytiques et les cookies publicitaires et d&rsquo;affiliation, \u00e0 l&rsquo;exception des cookies techniques et de ceux qui sont n\u00e9cessaires au fonctionnement du site web ou \u00e0 la fourniture de services express\u00e9ment demand\u00e9s par l&rsquo;utilisateur.<\/p>\n\n\n\n<p>TYPES DE COOKIES<\/p>\n\n\n\n<p>EN FONCTION DE L&rsquo;OBJECTIF<\/p>\n\n\n\n<ul class=\"wp-block-list\">\n<li><strong>Cookies techniques et fonctionnels :<\/strong> il s&rsquo;agit de cookies qui permettent \u00e0 l&rsquo;utilisateur de naviguer sur un site web, une plateforme ou une application et d&rsquo;utiliser les diff\u00e9rentes options ou services qui y sont propos\u00e9s.<\/li>\n\n\n\n<li><strong>Cookies analytiques :<\/strong> il s&rsquo;agit de cookies qui permettent au responsable de suivre et d&rsquo;analyser le comportement des utilisateurs des sites web auxquels ils sont li\u00e9s. Les informations collect\u00e9es par ce type de cookies sont utilis\u00e9es pour mesurer l&rsquo;activit\u00e9 des sites web, de l&rsquo;application ou de la plateforme et pour l&rsquo;\u00e9laboration de profils de navigation des utilisateurs de ces sites, applications et plateformes, afin d&rsquo;introduire des am\u00e9liorations bas\u00e9es sur l&rsquo;analyse des donn\u00e9es d&rsquo;utilisation des utilisateurs du service.<\/li>\n\n\n\n<li><strong>Cookies publicitaires :<\/strong> ce sont ceux qui permettent de g\u00e9rer, de la mani\u00e8re la plus efficace possible, les espaces publicitaires que, le cas \u00e9ch\u00e9ant, l&rsquo;\u00e9diteur a inclus sur un site web, une application ou une plateforme \u00e0 partir de laquelle le service demand\u00e9 est fourni, sur la base de crit\u00e8res tels que le contenu \u00e9dit\u00e9 ou la fr\u00e9quence \u00e0 laquelle les publicit\u00e9s sont affich\u00e9es.<\/li>\n\n\n\n<li><strong>Cookies de publicit\u00e9 comportementale :<\/strong> ils collectent des informations sur les pr\u00e9f\u00e9rences et les choix personnels de l&rsquo;utilisateur (retargeting) pour permettre de g\u00e9rer, de la mani\u00e8re la plus efficace possible, les espaces publicitaires que, le cas \u00e9ch\u00e9ant, l&rsquo;\u00e9diteur a inclus sur un site web, une application ou une plateforme \u00e0 partir desquels le service demand\u00e9 est fourni.<\/li>\n\n\n\n<li><strong>Cookies sociaux :<\/strong> ils sont mis en place par les plateformes de m\u00e9dias sociaux sur les Services pour vous permettre de partager du contenu avec vos amis et r\u00e9seaux. Les plateformes de m\u00e9dias sociaux ont la possibilit\u00e9 de suivre votre activit\u00e9 en ligne en dehors des services. Cela peut affecter le contenu et les messages que vous voyez sur d&rsquo;autres services que vous visitez.<\/li>\n\n\n\n<li><strong>Cookies d&rsquo;affiliation :<\/strong> ils permettent de suivre les visites d&rsquo;autres sites web avec lesquels le site web a un contrat d&rsquo;affiliation (soci\u00e9t\u00e9s d&rsquo;affiliation).<\/li>\n\n\n\n<li><strong>Cookies de s\u00e9curit\u00e9 :<\/strong> ils stockent des informations crypt\u00e9es afin d&rsquo;\u00e9viter que les donn\u00e9es qu&rsquo;ils contiennent ne soient vuln\u00e9rables aux attaques malveillantes de tiers.<\/li>\n<\/ul>\n\n\n\n<p><strong>EN FONCTION DE LA PROPRI\u00c9T\u00c9<\/strong><\/p>\n\n\n\n<ul class=\"wp-block-list\">\n<li><strong>Cookies propres :<\/strong> ce sont ceux qui sont envoy\u00e9s \u00e0 l&rsquo;\u00e9quipement terminal de l&rsquo;utilisateur \u00e0 partir d&rsquo;un ordinateur ou d&rsquo;un domaine g\u00e9r\u00e9 par l&rsquo;\u00e9diteur lui-m\u00eame et \u00e0 partir duquel le service demand\u00e9 par l&rsquo;utilisateur est fourni.<\/li>\n\n\n\n<li><strong>Cookies de tiers :<\/strong> il s&rsquo;agit de cookies envoy\u00e9s \u00e0 l&rsquo;\u00e9quipement terminal de l&rsquo;utilisateur \u00e0 partir d&rsquo;un ordinateur ou d&rsquo;un domaine qui n&rsquo;est pas g\u00e9r\u00e9 par l&rsquo;\u00e9diteur, mais par une autre entit\u00e9 qui traite les donn\u00e9es obtenues par le biais des cookies.<\/li>\n<\/ul>\n\n\n\n<p><strong>EN FONCTION DE LA DUR\u00c9E DE CONSERVATION<\/strong><\/p>\n\n\n\n<ul class=\"wp-block-list\">\n<li>Cookies de session : il s&rsquo;agit d&rsquo;un type de cookie con\u00e7u pour collecter et stocker des donn\u00e9es pendant que l&rsquo;utilisateur acc\u00e8de \u00e0 une page web.<\/li>\n\n\n\n<li><strong>Cookies persistants :<\/strong> il s&rsquo;agit d&rsquo;un type de cookie dans lequel les donn\u00e9es restent stock\u00e9es dans le terminal et peuvent \u00eatre consult\u00e9es et trait\u00e9es pendant une p\u00e9riode d\u00e9finie par le responsable du cookie, qui peut aller de quelques minutes \u00e0 plusieurs ann\u00e9es.<\/li>\n<\/ul>\n\n\n\n<p><strong>TRAITEMENT DES DONN\u00c9ES \u00c0 CARACT\u00c8RE PERSONNEL<\/strong><\/p>\n\n\n\n<p>CULTIDELTA SL est le contr\u00f4leur des donn\u00e9es personnelles de la personne concern\u00e9e et vous informe que ces donn\u00e9es seront trait\u00e9es conform\u00e9ment aux dispositions du R\u00e8glement (UE) 2016\/679 du 27 avril 2016 (GDPR), pour lequel les informations de traitement suivantes vous sont fournies :<\/p>\n\n\n\n<p><strong>Finalit\u00e9s du traitement : <\/strong>telles que sp\u00e9cifi\u00e9es dans la section relative aux cookies utilis\u00e9s sur ce site web.<\/p>\n\n\n\n<p><strong>L\u00e9gitimation du traitement :<\/strong> par le consentement de la personne concern\u00e9e (article 6, paragraphe 1, du RGPD).<\/p>\n\n\n\n<p><strong>Crit\u00e8res de conservation des donn\u00e9es :<\/strong> tels que sp\u00e9cifi\u00e9s dans la section relative aux cookies utilis\u00e9s sur le site web.<\/p>\n\n\n\n<p><strong>Comunicaci\u00f3n de los datos:<\/strong>&nbsp;no se comunicar\u00e1n los datos a terceros, excepto en cookies propiedad de terceros o por obligaci\u00f3n legal.<\/p>\n\n\n\n<p><strong>Droits de la partie int\u00e9ress\u00e9e :<\/strong><\/p>\n\n\n\n<ul class=\"wp-block-list\">\n<li>Droit de retirer son consentement \u00e0 tout moment.<\/li>\n\n\n\n<li>Le droit d&rsquo;acc\u00e8s, de rectification, de portabilit\u00e9 et d&rsquo;effacement de vos donn\u00e9es, ainsi que le droit de limiter leur traitement ou de s&rsquo;y opposer.<\/li>\n\n\n\n<li>Le droit d&rsquo;introduire une r\u00e9clamation aupr\u00e8s de l&rsquo;autorit\u00e9 de contr\u00f4le (www.aepd.es) si vous estimez que le traitement n&rsquo;est pas conforme \u00e0 la r\u00e9glementation en vigueur.<\/li>\n<\/ul>\n\n\n\n<p><strong>Coordonn\u00e9es pour l&rsquo;exercice de vos droits :<\/strong> CULTIDELTA SL. C\/ Goya, 42 &#8211; 43870 AMPOSTA (Tarragona). E-mail:\u00a0<a href=\"mailto:info@cultidelta.com\">info@cultidelta.com<\/a><\/p>\n\n\n\n<p><strong>COOKIES UTILIS\u00c9S SUR CE SITE WEB<\/strong><\/p>\n\n\n\n<figure class=\"wp-block-table\"><table><tbody><tr><td><strong>COOKIES CONTR\u00d4L\u00c9S PAR L&rsquo;\u00c9DITEUR<\/strong><\/td><\/tr><\/tbody><\/table><\/figure>\n\n\n\n<figure class=\"wp-block-table\"><table><tbody><tr><td><strong>Technique et fonctionnel<\/strong><\/td><\/tr><tr><td>Propri\u00e9t\u00e9<\/td><td><strong>Cookie<\/strong><\/td><td><strong>Objectif<\/strong><\/td><td>Date limite<\/td><\/tr><tr><td>cultidelta.com<\/td><td>__utmli<\/td><td>Cookie n\u00e9cessaire \u00e0 l&rsquo;utilisation des options et services du site.<br>site web<\/td><td>Session<\/td><\/tr><tr><td>cultidelta.com<\/td><td>ASPSESSIONIDQSTAT<br>SBA<\/td><td>Cookie n\u00e9cessaire \u00e0 l&rsquo;utilisation des options et services du site.<br>site web<\/td><td>Session<\/td><\/tr><tr><td>cultidelta.com<\/td><td>idiomausuari<\/td><td>Cookie n\u00e9cessaire \u00e0 l&rsquo;utilisation des options et services du site.<br>site web<\/td><td>en un an<\/td><\/tr><tr><td>cultidelta.com<\/td><td>volcookies<\/td><td>Cookie n\u00e9cessaire \u00e0 l&rsquo;utilisation des options et services du site.<br>site web<\/td><td>en un an<\/td><\/tr><tr><td>google.com<\/td><td>_Secure-3PSIDCC<\/td><td>Cookie n\u00e9cessaire \u00e0 l&rsquo;utilisation des options et services du site.<br>site web<\/td><td>en un an<\/td><\/tr><tr><td>google.com<\/td><td>COMPASS<\/td><td>Cookie n\u00e9cessaire \u00e0 l&rsquo;utilisation des options et services du site.<br>site web<\/td><td>en 10 jours<\/td><\/tr><tr><td>google.com<\/td><td>OGPC<\/td><td>Cookie n\u00e9cessaire \u00e0 l&rsquo;utilisation des options et services du site.<br>site web<\/td><td>en 16 jours<\/td><\/tr><tr><td>google.com<\/td><td>SEARCH_SAMESITE<\/td><td>SameSite emp\u00eache le navigateur d&rsquo;envoyer ce cookie avec des requ\u00eates intersites. <br>Il s&rsquo;agit d&rsquo;un cookie qui permet d&rsquo;\u00e9viter les requ\u00eates intersites entre les sites. L&rsquo;objectif principal est d&rsquo;att\u00e9nuer le risque de fuite d&rsquo;informations entre sites. <br>de fuite d&rsquo;informations inter-origines. Il fournit \u00e9galement une certaine protection contre les attaques de type \u00ab\u00a0cross-site request forgery\u00a0\u00bb.<br>protection contre les attaques par falsification des requ\u00eates intersites.<br>les attaques de site.<\/td><td>en 5 mois<\/td><\/tr><\/tbody><\/table><\/figure>\n\n\n\n<figure class=\"wp-block-table\"><table><tbody><tr><td><strong>Analyses<\/strong><\/td><\/tr><tr><td><strong>Propri\u00e9t\u00e9<\/strong><\/td><td><strong>Cookie<\/strong><\/td><td><strong>Objectif<\/strong><\/td><td>Date limite<\/td><\/tr><tr><td>cultidelta.com<\/td><td>__utma<\/td><td>ID utilis\u00e9 pour identifier les utilisateurs et les sessions<\/td><td>en 2 ans<\/td><\/tr><tr><td>cultidelta.com<\/td><td>__utmb<\/td><td>Il est utilis\u00e9 pour distinguer les nouvelles sessions et visites. Ce cookie est d\u00e9fini<br>lorsque la biblioth\u00e8que JavaScript ga.js est charg\u00e9e et qu&rsquo;il n&rsquo;y a pas de cookie __utmb existant.<br>aucun cookie __utmb existant. Le cookie est mis \u00e0 jour \u00e0 chaque fois que<br>donn\u00e9es sont envoy\u00e9es au serveur Google Analytics.<\/td><td>Session<\/td><\/tr><tr><td>cultidelta.com<\/td><td>__utmc<\/td><td>Il n&rsquo;est utilis\u00e9 qu&rsquo;avec les anciennes versions de Google Urchin<br>Analytics et non avec ga.js. Il \u00e9tait utilis\u00e9 pour distinguer les nouvelles<br>et les visites \u00e0 la fin d&rsquo;une session.<\/td><td>Session<\/td><\/tr><tr><td>cultidelta.com<\/td><td>__utmt<\/td><td>Il est utilis\u00e9 pour surveiller le nombre de requ\u00eates adress\u00e9es au serveur de<br>serveur de Google Analytics<\/td><td>Session<\/td><\/tr><tr><td>cultidelta.com<\/td><td>__utmz<\/td><td>Contient des informations sur la source de trafic ou la campagne qui dirige les utilisateurs vers le site web.<br>dirige les utilisateurs vers le site web. Le cookie est mis en place lorsque le ga.js.<br>Javascript est charg\u00e9 et est mis \u00e0 jour lorsque des donn\u00e9es sont envoy\u00e9es au<br>serveur de Google Analytics<\/td><td>en 7 mois<\/td><\/tr><tr><td>cultidelta.com<\/td><td>_ga<\/td><td>ID utilis\u00e9 pour identifier les utilisateurs<\/td><td>en 2 ans<\/td><\/tr><tr><td>cultidelta.com<\/td><td>_gat<\/td><td>Utilis\u00e9 pour contr\u00f4ler le nombre de requ\u00eates adress\u00e9es au serveur de<br>Google Analytics lors de l&rsquo;utilisation du gestionnaire de balises<br>Google<\/td><td>Session<\/td><\/tr><tr><td>cultidelta.com<\/td><td>_gid<\/td><td>ID utilis\u00e9 pour identifier les utilisateurs pendant 24 heures apr\u00e8s leur derni\u00e8re activit\u00e9.<br>apr\u00e8s la derni\u00e8re activit\u00e9<\/td><td>en 22 heures<\/td><\/tr><tr><td>google.com<\/td><td>__Secure-3PAPISID<\/td><td>Ces cookies sont utilis\u00e9s pour diffuser des publicit\u00e9s plus pertinentes pour vous et vos int\u00e9r\u00eats.<br>\u00e0 vous et \u00e0 vos int\u00e9r\u00eats.<\/td><td>en 2 ans<\/td><\/tr><tr><td>google.com<\/td><td>__Secure-3PSID<\/td><td>Ces cookies sont utilis\u00e9s pour diffuser des publicit\u00e9s plus pertinentes pour vous et vos int\u00e9r\u00eats.<br>\u00e0 vous et \u00e0 vos int\u00e9r\u00eats.<\/td><td>en 2 ans<\/td><\/tr><\/tbody><\/table><\/figure>\n\n\n\n<figure class=\"wp-block-table\"><table><tbody><tr><td><strong>Publicit\u00e9<\/strong><\/td><\/tr><tr><td><strong>Propri\u00e9t\u00e9<\/strong><\/td><td><strong>Cookie<\/strong><\/td><td><strong>Objectif<\/strong><\/td><td>Date limite<\/td><\/tr><tr><td>google.com<\/td><td>1P_JAR<\/td><td>Ces cookies sont install\u00e9s par le biais de vid\u00e9os YouTube int\u00e9gr\u00e9es.<br>int\u00e9gr\u00e9es. Ils enregistrent des donn\u00e9es statistiques anonymes sur, par exemple, la fr\u00e9quence de lecture de la vid\u00e9o et les param\u00e8tres utilis\u00e9s pour la lecture.<br>Ils enregistrent des donn\u00e9es statistiques anonymes sur, par exemple, la fr\u00e9quence de lecture de la vid\u00e9o et les param\u00e8tres utilis\u00e9s pour la lecture.<br>Ils enregistrent \u00e9galement les param\u00e8tres utilis\u00e9s pour la lecture.<\/td><td>en un mois<\/td><\/tr><tr><td>google.com<\/td><td>ANID<\/td><td>Google utilise ces cookies pour rendre la publicit\u00e9 plus attrayante pour les utilisateurs et plus utile pour les \u00e9diteurs et les annonceurs.<br>pour les utilisateurs et plus utiles pour les \u00e9diteurs et les annonceurs.<\/td><td>en un mois<\/td><\/tr><tr><td>google.com<\/td><td>APISID<\/td><td>T\u00e9l\u00e9charger certains outils Google et enregistrer certaines pr\u00e9f\u00e9rences<br>par exemple, le nombre de r\u00e9sultats de recherche par page ou l&rsquo;activation du filtre SafeSearch.<br>Le nombre de r\u00e9sultats de recherche par page ou l&rsquo;activation du filtre SafeSearch. Ajuster les publicit\u00e9s<br>qui apparaissent dans la recherche Google.<\/td><td>en 2 ans<\/td><\/tr><tr><td>google.com<\/td><td>HSID<\/td><td>T\u00e9l\u00e9charger certains outils Google et enregistrer certaines pr\u00e9f\u00e9rences<br>par exemple, le nombre de r\u00e9sultats de recherche par page ou l&rsquo;activation du filtre SafeSearch.<br>Le nombre de r\u00e9sultats de recherche par page ou l&rsquo;activation du filtre SafeSearch. Ajuster les publicit\u00e9s<br>qui apparaissent dans la recherche Google.<\/td><td>en 2 ans<\/td><\/tr><tr><td>google.com<\/td><td>NID<\/td><td>Ces cookies sont utilis\u00e9s pour compiler des statistiques sur le site web et pour suivre les taux de conversion et la personnalisation des publicit\u00e9s.<br>suivre les taux de conversion et la personnalisation des annonces par<br>Google<\/td><td>en 7 mois<\/td><\/tr><tr><td>google.com<\/td><td>OTZ<\/td><td>Analyse globale des visiteurs du site<\/td><td>3 jours<\/td><\/tr><tr><td>google.com<\/td><td>SAPISID<\/td><td>T\u00e9l\u00e9charger certains outils Google et enregistrer certaines pr\u00e9f\u00e9rences<br>par exemple, le nombre de r\u00e9sultats de recherche par page ou l&rsquo;activation du filtre SafeSearch.<br>Le nombre de r\u00e9sultats de recherche par page ou l&rsquo;activation du filtre SafeSearch. Ajuster les publicit\u00e9s<br>qui apparaissent dans la recherche Google.<\/td><td>en 2 ans<\/td><\/tr><tr><td>google.com<\/td><td>SID<\/td><td>T\u00e9l\u00e9charger certains outils Google et enregistrer certaines pr\u00e9f\u00e9rences<br>par exemple, le nombre de r\u00e9sultats de recherche par page ou l&rsquo;activation du filtre SafeSearch.<br>Le nombre de r\u00e9sultats de recherche par page ou l&rsquo;activation du filtre SafeSearch. Ajuster les publicit\u00e9s<br>qui apparaissent dans la recherche Google.<\/td><td>en 2 ans<\/td><\/tr><tr><td>google.com<\/td><td>SIDCC<\/td><td>T\u00e9l\u00e9charger certains outils Google et enregistrer certaines pr\u00e9f\u00e9rences<br>par exemple, le nombre de r\u00e9sultats de recherche par page ou l&rsquo;activation du filtre SafeSearch.<br>Le nombre de r\u00e9sultats de recherche par page ou l&rsquo;activation du filtre SafeSearch. Ajuster les publicit\u00e9s<br>qui apparaissent dans la recherche Google.<\/td><td>en un an<\/td><\/tr><tr><td>google.com<\/td><td>SSID<\/td><td>T\u00e9l\u00e9charger certains outils Google et enregistrer certaines pr\u00e9f\u00e9rences<br>par exemple, le nombre de r\u00e9sultats de recherche par page ou l&rsquo;activation du filtre SafeSearch.<br>Le nombre de r\u00e9sultats de recherche par page ou l&rsquo;activation du filtre SafeSearch. Ajuster les publicit\u00e9s<br>qui apparaissent dans la recherche Google.<\/td><td>en 2 ans<\/td><\/tr><\/tbody><\/table><\/figure>\n\n\n\n<figure class=\"wp-block-table\"><table><tbody><tr><td><strong>LES COOKIES DE TIERS<\/strong><\/td><\/tr><\/tbody><\/table><\/figure>\n\n\n\n<p>Les services de tiers \u00e9chappent au contr\u00f4le de l&rsquo;\u00e9diteur. Les fournisseurs peuvent modifier \u00e0 tout moment leurs conditions de service, la finalit\u00e9 et l&rsquo;utilisation des cookies, etc.<br>conditions de service, finalit\u00e9 et utilisation des cookies, etc.<\/p>\n\n\n\n<p><strong>Fournisseurs externes de ce site web :<\/strong><\/p>\n\n\n\n<figure class=\"wp-block-table\"><table><tbody><tr><td><strong>\u00c9diteur<\/strong><\/td><td><strong>Politique de confidentialit\u00e9<\/strong><\/td><\/tr><tr><td>Google<\/td><td>https:\/\/privacy.google.com\/take-control.html<\/td><\/tr><tr><td>Google<\/td><td>https:\/\/safety.google\/privacy\/privacy-controls\/<\/td><\/tr><\/tbody><\/table><\/figure>\n\n\n\n<figure class=\"wp-block-table\"><table><tbody><tr><td><strong>PANNEAU DE CONFIGURATION DES COOKIES<\/strong><\/td><\/tr><\/tbody><\/table><\/figure>\n\n\n\n<p>\u00c0 partir de ce panneau, vous pourrez configurer les cookies que le site web peut installer dans votre navigateur, \u00e0 l&rsquo;exception des cookies techniques ou fonctionnels n\u00e9cessaires \u00e0 la navigation et \u00e0 l&rsquo;utilisation des diff\u00e9rentes options ou services offerts par le site web.<br>Les cookies techniques ou fonctionnels sont n\u00e9cessaires \u00e0 la navigation et \u00e0 l&rsquo;utilisation des diff\u00e9rentes options ou services offerts sur le site web.<br>propos\u00e9s.<\/p>\n\n\n\n<figure class=\"wp-block-table\"><table><tbody><tr><td><strong>COMMENT G\u00c9RER LES COOKIES \u00c0 PARTIR DE VOTRE NAVIGATEUR<\/strong><\/td><\/tr><tr><td>Supprimer les cookies de votre appareil<\/td><td>Les cookies qui se trouvent d\u00e9j\u00e0 sur un appareil peuvent \u00eatre supprim\u00e9s en effa\u00e7ant l&rsquo;historique du navigateur, ce qui supprime les cookies de tous les sites web visit\u00e9s.<br>La suppression de l&rsquo;historique du navigateur supprime les cookies de tous les sites web visit\u00e9s.<br>Toutefois, il se peut que vous perdiez \u00e9galement certaines des informations sauvegard\u00e9es (par exemple, les donn\u00e9es de connexion ou les pr\u00e9f\u00e9rences du site web).<br>Les donn\u00e9es de connexion ou les pr\u00e9f\u00e9rences des sites web) peuvent \u00e9galement \u00eatre perdues.<\/td><\/tr><tr><td>G\u00e9rer les cookies sp\u00e9cifiques au site<br>site<\/td><td>Pour avoir un contr\u00f4le plus pr\u00e9cis sur les cookies sp\u00e9cifiques \u00e0 un site, les utilisateurs peuvent ajuster leurs param\u00e8tres de confidentialit\u00e9 et de cookies dans leur navigateur.<br>ajuster leurs param\u00e8tres de confidentialit\u00e9 et de cookies dans leur navigateur.<\/td><\/tr><tr><td>Blocage des cookies<\/td><td>Bien que la plupart des navigateurs modernes puissent \u00eatre configur\u00e9s pour emp\u00eacher l&rsquo;installation de cookies sur les appareils, cela peut n\u00e9cessiter un ajustement manuel de certains param\u00e8tres.<br>Bien que la plupart des navigateurs modernes puissent \u00eatre configur\u00e9s pour emp\u00eacher l&rsquo;installation de cookies sur vos appareils, cela peut n\u00e9cessiter l&rsquo;ajustement manuel de certaines pr\u00e9f\u00e9rences \u00e0 chaque fois que vous visitez un site ou une page.<br>En outre, certains services et fonctionnalit\u00e9s ne sont pas accessibles \u00e0 tous. En outre, certains services et fonctionnalit\u00e9s<br>En outre, certains services et fonctionnalit\u00e9s peuvent ne pas fonctionner correctement (par exemple, les connexions profil\u00e9es).<\/td><\/tr><tr><td><strong>COMMENT SUPPRIMER LES COOKIES DES NAVIGATEURS LES PLUS COURANTS<\/strong><\/td><\/tr><tr><td>Chrome<\/td><td>http:\/\/support.google.com\/chrome\/answer\/95647?hl=es<\/td><\/tr><tr><td>Internet Explorer. Versi\u00f3n 11<\/td><td>https:\/\/support.microsoft.com\/es-es\/help\/278835\/how-to-delete-cookie-files-in-internet-explorer<\/td><\/tr><tr><td>Firefox. Versi\u00f3n 65.0.1<\/td><td>https:\/\/www.mozilla.org\/es-ES\/privacy\/websites\/#cookies<\/td><\/tr><tr><td>Safari Versi\u00f3n 5.1<\/td><td>https:\/\/support.apple.com\/es-es\/guide\/safari\/sfri11471\/mac<\/td><\/tr><tr><td>Opera<\/td><td>https:\/\/help.opera.com\/en\/latest\/security-and-privacy\/#clearBrowsingData<\/td><\/tr><\/tbody><\/table><\/figure>\n","protected":false},"excerpt":{"rendered":"<p>INFORMATIONS SUR LES COOKIES En raison de l&rsquo;entr\u00e9e en vigueur de la modification de la \u00ab\u00a0Ley de Servicios de la Sociedad de la Informaci\u00f3n\u00a0\u00bb (LSSICE) \u00e9tablie par le d\u00e9cret royal 13\/2012, il est obligatoire d&rsquo;obtenir le consentement expr\u00e8s de l&rsquo;utilisateur de tous les sites web qui utilisent des cookies dispensables, avant que l&rsquo;utilisateur ne navigue [&hellip;]<\/p>\n","protected":false},"author":1,"featured_media":0,"parent":0,"menu_order":0,"comment_status":"closed","ping_status":"closed","template":"","meta":{"_acf_changed":false,"om_disable_all_campaigns":false,"_monsterinsights_skip_tracking":false,"_monsterinsights_sitenote_active":false,"_monsterinsights_sitenote_note":"","_monsterinsights_sitenote_category":0,"footnotes":""},"class_list":["post-16769","page","type-page","status-publish","hentry"],"acf":[],"aioseo_notices":[],"_links":{"self":[{"href":"https:\/\/www.cultidelta.com\/fr\/wp-json\/wp\/v2\/pages\/16769","targetHints":{"allow":["GET"]}}],"collection":[{"href":"https:\/\/www.cultidelta.com\/fr\/wp-json\/wp\/v2\/pages"}],"about":[{"href":"https:\/\/www.cultidelta.com\/fr\/wp-json\/wp\/v2\/types\/page"}],"author":[{"embeddable":true,"href":"https:\/\/www.cultidelta.com\/fr\/wp-json\/wp\/v2\/users\/1"}],"replies":[{"embeddable":true,"href":"https:\/\/www.cultidelta.com\/fr\/wp-json\/wp\/v2\/comments?post=16769"}],"version-history":[{"count":1,"href":"https:\/\/www.cultidelta.com\/fr\/wp-json\/wp\/v2\/pages\/16769\/revisions"}],"predecessor-version":[{"id":16781,"href":"https:\/\/www.cultidelta.com\/fr\/wp-json\/wp\/v2\/pages\/16769\/revisions\/16781"}],"wp:attachment":[{"href":"https:\/\/www.cultidelta.com\/fr\/wp-json\/wp\/v2\/media?parent=16769"}],"curies":[{"name":"wp","href":"https:\/\/api.w.org\/{rel}","templated":true}]}}