{"id":17969,"date":"2026-04-28T15:05:27","date_gmt":"2026-04-28T15:05:27","guid":{"rendered":"https:\/\/www.cultidelta.com\/deltaland-2026\/"},"modified":"2026-05-11T09:27:18","modified_gmt":"2026-05-11T09:27:18","slug":"deltaland-2026","status":"publish","type":"page","link":"https:\/\/www.cultidelta.com\/fr\/deltaland-2026\/","title":{"rendered":"DeltaLand"},"content":{"rendered":"<div class=\"wpb-content-wrapper\"><p>[vc_row wrap_container=\u00a0\u00bbyes\u00a0\u00bb content_placement=\u00a0\u00bbmiddle\u00a0\u00bb is_section=\u00a0\u00bbyes\u00a0\u00bb section_skin=\u00a0\u00bbparallax\u00a0\u00bb remove_margin_top=\u00a0\u00bbyes\u00a0\u00bb remove_border=\u00a0\u00bbyes\u00a0\u00bb css=\u00a0\u00bb.vc_custom_1682415448771{padding-top: 70px !important;padding-bottom: 40px !important;}\u00a0\u00bb conditional_render=\u00a0\u00bb%5B%7B%22value_role%22%3A%22administrator%22%7D%5D\u00a0\u00bb][vc_column offset=\u00a0\u00bbvc_col-md-6&Prime;][vc_single_image image=\u00a0\u00bb16954&Prime; img_size=\u00a0\u00bbfull\u00a0\u00bb][\/vc_column][vc_column css=\u00a0\u00bb.vc_custom_1529913695250{padding-top: 40px !important;}\u00a0\u00bb el_class=\u00a0\u00bbps-lg-5&Prime; offset=\u00a0\u00bbvc_col-md-6&Prime;]<div class=\"porto-u-heading mb-3  wpb_custom_019f285353d3f6748f1361c0a936a012 porto-u-8786 \"><div class=\"porto-u-main-heading\"><h2   style=\"color:#00a335;margin-bottom: 10px;\">CULTIDELTA<\/h2><\/div><div class=\"porto-u-sub-heading\" style=\"color: #3e3e3e;\">DeltaLand<\/div><style>.porto-u-8786.porto-u-heading{text-align:left}<\/style><\/div>[vc_column_text css=\u00a0\u00bb\u00a0\u00bb el_class=\u00a0\u00bbcontent-row\u00a0\u00bb css_params=\u00a0\u00bb\u00a0\u00bb]Chez Cultidelta, en tant qu&rsquo;\u00e9quipe dynamique, nous avions toujours eu envie d&rsquo;organiser un \u00e9v\u00e9nement li\u00e9 \u00e0 l&rsquo;am\u00e9nagement paysager m\u00e9diterran\u00e9en, mais le quotidien, si prenant, ne nous avait jamais permis de franchir le pas. Cependant, en mars 2022, gr\u00e2ce \u00e0 la paysagiste Susana Brosed, nous avons fait la connaissance du c\u00e9l\u00e8bre paysagiste et \u00e9crivain anglais Noel Kingsbury, qui nous a encourag\u00e9s \u00e0 concr\u00e9tiser cette id\u00e9e que nous m\u00fbrissions depuis longtemps. C&rsquo;est ainsi qu&rsquo;est n\u00e9e la premi\u00e8re \u00e9dition de Garden Masterclass Spain, qui s&rsquo;est tenue fin octobre de la m\u00eame ann\u00e9e.[\/vc_column_text][\/vc_column][\/vc_row][vc_row wrap_container=\u00a0\u00bbyes\u00a0\u00bb el_class=\u00a0\u00bbcontainer-top-border\u00a0\u00bb css=\u00a0\u00bb.vc_custom_1532074452858{padding-bottom: 55px !important;}\u00a0\u00bb][vc_column][vc_column_text css=\u00a0\u00bb\u00a0\u00bb el_class=\u00a0\u00bbcontent-row\u00a0\u00bb css_params=\u00a0\u00bb\u00a0\u00bb]Apr\u00e8s le succ\u00e8s de cette premi\u00e8re \u00e9dition, \u00e0 laquelle avaient particip\u00e9 Noel Kingsbury et Fernando Martos en tant qu&rsquo;intervenants et qui avait accueilli environ 40 participants par jour en raison de la taille de la salle, nous avons d\u00e9cid\u00e9 en 2023 de franchir une nouvelle \u00e9tape et d&rsquo;organiser un \u00e9v\u00e9nement de plus grande envergure \u00e0 l&rsquo;Auditorium municipal d&rsquo;Amposta. Au cours de deux journ\u00e9es de conf\u00e9rences et de sessions PechaKucha, nous avons r\u00e9uni pr\u00e8s de 200 participants et accueilli des intervenants aussi prestigieux que Thomas Doxiadis ou Amalia Robredo. L&rsquo;objectif \u00e9tait d\u00e9sormais clair : consolider un \u00e9v\u00e9nement annuel, ancr\u00e9 dans le calendrier et, surtout, devenir une r\u00e9f\u00e9rence dans le domaine de l&rsquo;am\u00e9nagement paysager m\u00e9diterran\u00e9en et naturaliste.<\/p>\n<p>En 2024, nous avons de nouveau fait salle comble gr\u00e2ce \u00e0 une s\u00e9lection rigoureuse de conf\u00e9rences internationales et locales. Cette \u00e9dition a \u00e9t\u00e9 particuli\u00e8rement passionnante gr\u00e2ce \u00e0 la participation remarquable de Tom Stuart-Smith et Story Wiggins, du cabinet Terremoto Landscape, dont la vision inspirante et engag\u00e9e a marqu\u00e9 un tournant dans l&rsquo;histoire de DeltaLand.<\/p>\n<p>En 2025, DeltaLand a poursuivi son expansion, s&rsquo;imposant comme un lieu de rencontre pour les professionnels de l&rsquo;am\u00e9nagement paysager et du jardinage int\u00e9ress\u00e9s par l&rsquo;approche naturaliste, la connaissance des plantes et la conception d&rsquo;espaces verts adapt\u00e9s au climat m\u00e9diterran\u00e9en.<\/p>\n<p>DeltaLand, un nom qui allie paysage, terre, lumi\u00e8re et nature, incarne cette conception de l&rsquo;am\u00e9nagement paysager naturaliste \u00e0 caract\u00e8re m\u00e9diterran\u00e9en : la fusion entre la nature et l&rsquo;action humaine pour cr\u00e9er des espaces en lien avec le territoire et son identit\u00e9.<\/p>\n<p>La nouvelle \u00e9dition de DeltaLand 2026 se tiendra \u00e0 Amposta les 16 et 17 octobre, \u00e0 l&rsquo;Auditorium municipal de notre ville.<\/p>\n<p>Apr\u00e8s l&rsquo;accueil tr\u00e8s favorable r\u00e9serv\u00e9 par les participants lors des \u00e9ditions pr\u00e9c\u00e9dentes, nous poursuivons notre engagement en faveur de l&rsquo;am\u00e9nagement paysager naturaliste et de sa promotion. Nous sommes ravis de constater que les intervenants que nous avons invit\u00e9s ont confirm\u00e9 leur participation sans h\u00e9siter, ce qui nous a permis de r\u00e9unir \u00e0 nouveau un panel de haut niveau pour aborder les th\u00e8mes de la conception et des projets, de la connaissance des esp\u00e8ces, des techniques et de l&rsquo;entretien des jardins, tant dans le domaine public que priv\u00e9.[\/vc_column_text][\/vc_column][\/vc_row][vc_row full_width=\u00a0\u00bbstretch_row\u00a0\u00bb content_placement=\u00a0\u00bbmiddle\u00a0\u00bb css_animation=\u00a0\u00bbfadeInDownBig\u00a0\u00bb disable_element=\u00a0\u00bbyes\u00a0\u00bb css=\u00a0\u00bb.vc_custom_1747030348258{margin-top: 100px !important;padding-top: 20px !important;padding-bottom: 20px !important;background-color: #adadad !important;}\u00a0\u00bb conditional_render=\u00a0\u00bb%5B%7B%22value_role%22%3A%22administrator%22%7D%5D\u00a0\u00bb][vc_column width=\u00a0\u00bb1\/2&Prime;][vc_single_image image=\u00a0\u00bb16983&Prime; img_size=\u00a0\u00bb550&#215;679&Prime;][\/vc_column][vc_column width=\u00a0\u00bb1\/2&Prime;][vc_single_image image=\u00a0\u00bb17006&Prime; img_size=\u00a0\u00bblarge\u00a0\u00bb][\/vc_column][\/vc_row][vc_row no_padding=\u00a0\u00bbyes\u00a0\u00bb disable_element=\u00a0\u00bbyes\u00a0\u00bb conditional_render=\u00a0\u00bb%5B%7B%22value_role%22%3A%22administrator%22%7D%5D\u00a0\u00bb el_class=\u00a0\u00bbcustom-gallery\u00a0\u00bb css_params=\u00a0\u00bb\u00a0\u00bb][vc_column width=\u00a0\u00bb5\/6&Prime; offset=\u00a0\u00bbvc_col-md-6&Prime; conditional_render=\u00a0\u00bb%5B%7B%22value_role%22%3A%22administrator%22%7D%5D\u00a0\u00bb][vc_row_inner el_class=\u00a0\u00bbno-padding\u00a0\u00bb][vc_column_inner el_class=\u00a0\u00bbm-t-n-xl order-md-last\u00a0\u00bb width=\u00a0\u00bb1\/2&Prime;]<div id=\"interactive-banner-wrap-ba8l\" class=\"porto-ibanner\" style=\"\"><img loading=\"lazy\" decoding=\"async\" alt=\"\" width=\"960\" height=\"1280\" class=\"porto-ibanner-img\" src=\"https:\/\/www.cultidelta.com\/wp-content\/uploads\/2025\/05\/Imatge-web_3.jpeg\" srcset=\"https:\/\/www.cultidelta.com\/wp-content\/uploads\/2025\/05\/Imatge-web_3.jpeg 960w, https:\/\/www.cultidelta.com\/wp-content\/uploads\/2025\/05\/Imatge-web_3-768x1024.jpeg 768w, https:\/\/www.cultidelta.com\/wp-content\/uploads\/2025\/05\/Imatge-web_3-640x853.jpeg 640w, https:\/\/www.cultidelta.com\/wp-content\/uploads\/2025\/05\/Imatge-web_3-400x533.jpeg 400w, https:\/\/www.cultidelta.com\/wp-content\/uploads\/2025\/05\/Imatge-web_3-367x489.jpeg 367w\" sizes=\"auto, (max-width: 960px) 100vw, 960px\"><\/div>[\/vc_column_inner][vc_column_inner width=\u00a0\u00bb1\/2&Prime;]<div id=\"interactive-banner-wrap-dx3m\" class=\"porto-ibanner mb-0\" style=\"background:#e1d1b8;min-height:300px;\"><img loading=\"lazy\" decoding=\"async\" alt=\"\" width=\"2048\" height=\"1536\" class=\"porto-ibanner-img\" src=\"https:\/\/www.cultidelta.com\/wp-content\/uploads\/2025\/05\/Imatge-web_4.jpg\" srcset=\"https:\/\/www.cultidelta.com\/wp-content\/uploads\/2025\/05\/Imatge-web_4.jpg 2048w, https:\/\/www.cultidelta.com\/wp-content\/uploads\/2025\/05\/Imatge-web_4-1024x768.jpg 1024w, https:\/\/www.cultidelta.com\/wp-content\/uploads\/2025\/05\/Imatge-web_4-768x576.jpg 768w, https:\/\/www.cultidelta.com\/wp-content\/uploads\/2025\/05\/Imatge-web_4-1536x1152.jpg 1536w, https:\/\/www.cultidelta.com\/wp-content\/uploads\/2025\/05\/Imatge-web_4-463x348.jpg 463w, https:\/\/www.cultidelta.com\/wp-content\/uploads\/2025\/05\/Imatge-web_4-640x480.jpg 640w, https:\/\/www.cultidelta.com\/wp-content\/uploads\/2025\/05\/Imatge-web_4-400x300.jpg 400w\" sizes=\"auto, (max-width: 2048px) 100vw, 2048px\"><\/div>[\/vc_column_inner][\/vc_row_inner][vc_row_inner el_class=\u00a0\u00bbno-padding\u00a0\u00bb][vc_column_inner el_class=\u00a0\u00bbm-b-n-xl\u00a0\u00bb width=\u00a0\u00bb1\/2&Prime;]<div id=\"interactive-banner-wrap-klik\" class=\"porto-ibanner\" style=\"\"><img loading=\"lazy\" decoding=\"async\" alt=\"\" width=\"2560\" height=\"1920\" class=\"porto-ibanner-img\" src=\"https:\/\/www.cultidelta.com\/wp-content\/uploads\/2025\/05\/Imatge-web_1.jpg\" srcset=\"https:\/\/www.cultidelta.com\/wp-content\/uploads\/2025\/05\/Imatge-web_1.jpg 2560w, https:\/\/www.cultidelta.com\/wp-content\/uploads\/2025\/05\/Imatge-web_1-1024x768.jpg 1024w, https:\/\/www.cultidelta.com\/wp-content\/uploads\/2025\/05\/Imatge-web_1-768x576.jpg 768w, https:\/\/www.cultidelta.com\/wp-content\/uploads\/2025\/05\/Imatge-web_1-1536x1152.jpg 1536w, https:\/\/www.cultidelta.com\/wp-content\/uploads\/2025\/05\/Imatge-web_1-2048x1536.jpg 2048w, https:\/\/www.cultidelta.com\/wp-content\/uploads\/2025\/05\/Imatge-web_1-463x348.jpg 463w, https:\/\/www.cultidelta.com\/wp-content\/uploads\/2025\/05\/Imatge-web_1-640x480.jpg 640w, https:\/\/www.cultidelta.com\/wp-content\/uploads\/2025\/05\/Imatge-web_1-400x300.jpg 400w, https:\/\/www.cultidelta.com\/wp-content\/uploads\/2025\/05\/Imatge-web_1-367x275.jpg 367w\" sizes=\"auto, (max-width: 2560px) 100vw, 2560px\"><\/div>[\/vc_column_inner][vc_column_inner width=\u00a0\u00bb1\/2&Prime;]<div id=\"interactive-banner-wrap-wj5v\" class=\"porto-ibanner mb-0\" style=\"background:#a0a6b2;min-height:300px;\"><img loading=\"lazy\" decoding=\"async\" alt=\"\" width=\"960\" height=\"1280\" class=\"porto-ibanner-img\" src=\"https:\/\/www.cultidelta.com\/wp-content\/uploads\/2025\/05\/Imatge-web_3.jpeg\" srcset=\"https:\/\/www.cultidelta.com\/wp-content\/uploads\/2025\/05\/Imatge-web_3.jpeg 960w, https:\/\/www.cultidelta.com\/wp-content\/uploads\/2025\/05\/Imatge-web_3-768x1024.jpeg 768w, https:\/\/www.cultidelta.com\/wp-content\/uploads\/2025\/05\/Imatge-web_3-640x853.jpeg 640w, https:\/\/www.cultidelta.com\/wp-content\/uploads\/2025\/05\/Imatge-web_3-400x533.jpeg 400w, https:\/\/www.cultidelta.com\/wp-content\/uploads\/2025\/05\/Imatge-web_3-367x489.jpeg 367w\" sizes=\"auto, (max-width: 960px) 100vw, 960px\"><\/div>[\/vc_column_inner][\/vc_row_inner][\/vc_column][vc_column width=\u00a0\u00bb1\/6&Prime; offset=\u00a0\u00bbvc_col-md-6&Prime; conditional_render=\u00a0\u00bb%5B%7B%22value_role%22%3A%22administrator%22%7D%5D\u00a0\u00bb]<div id=\"interactive-banner-wrap-ibck\" class=\"porto-ibanner mb-0\" style=\"background:#484d53;min-height:600px;\"><img loading=\"lazy\" decoding=\"async\" alt=\"\" width=\"2048\" height=\"1536\" class=\"porto-ibanner-img\" src=\"https:\/\/www.cultidelta.com\/wp-content\/uploads\/2025\/05\/Imatge-web_6.jpg\" srcset=\"https:\/\/www.cultidelta.com\/wp-content\/uploads\/2025\/05\/Imatge-web_6.jpg 2048w, https:\/\/www.cultidelta.com\/wp-content\/uploads\/2025\/05\/Imatge-web_6-1024x768.jpg 1024w, https:\/\/www.cultidelta.com\/wp-content\/uploads\/2025\/05\/Imatge-web_6-1536x1152.jpg 1536w\" sizes=\"auto, (max-width: 2048px) 100vw, 2048px\"><\/div>[\/vc_column][\/vc_row][vc_row][vc_column]<div class=\"porto-gallery has-ccols ccols-1 ccols-sm-2 ccols-md-3 wpb_custom_990125ee54cc6ce8d5f272820494c17d porto-gallery-masonry\" data-plugin-masonry data-plugin-options=\"{&quot;layoutMode&quot;:&quot;masonry&quot;,&quot;itemSelector&quot;:&quot;figure&quot;,&quot;masonry&quot;:{&quot;columnWidth&quot;:&quot;figure&quot;},&quot;animationEngine&quot;:&quot;best-available&quot;,&quot;resizable&quot;:false}\"><figure><img loading=\"lazy\" decoding=\"async\" width=\"960\" height=\"1280\" src=\"https:\/\/www.cultidelta.com\/wp-content\/uploads\/2025\/05\/Imatge-web_2.jpeg\" class=\"attachment-full size-full\" alt=\"\" srcset=\"https:\/\/www.cultidelta.com\/wp-content\/uploads\/2025\/05\/Imatge-web_2.jpeg 960w, https:\/\/www.cultidelta.com\/wp-content\/uploads\/2025\/05\/Imatge-web_2-768x1024.jpeg 768w, https:\/\/www.cultidelta.com\/wp-content\/uploads\/2025\/05\/Imatge-web_2-640x853.jpeg 640w, https:\/\/www.cultidelta.com\/wp-content\/uploads\/2025\/05\/Imatge-web_2-400x533.jpeg 400w, https:\/\/www.cultidelta.com\/wp-content\/uploads\/2025\/05\/Imatge-web_2-367x489.jpeg 367w\" sizes=\"auto, (max-width: 960px) 100vw, 960px\" \/><\/figure><figure><img loading=\"lazy\" decoding=\"async\" width=\"2560\" height=\"1920\" src=\"https:\/\/www.cultidelta.com\/wp-content\/uploads\/2025\/05\/Imatge-web_1.jpg\" class=\"attachment-full size-full\" alt=\"\" srcset=\"https:\/\/www.cultidelta.com\/wp-content\/uploads\/2025\/05\/Imatge-web_1.jpg 2560w, https:\/\/www.cultidelta.com\/wp-content\/uploads\/2025\/05\/Imatge-web_1-1024x768.jpg 1024w, https:\/\/www.cultidelta.com\/wp-content\/uploads\/2025\/05\/Imatge-web_1-768x576.jpg 768w, https:\/\/www.cultidelta.com\/wp-content\/uploads\/2025\/05\/Imatge-web_1-1536x1152.jpg 1536w, https:\/\/www.cultidelta.com\/wp-content\/uploads\/2025\/05\/Imatge-web_1-2048x1536.jpg 2048w, https:\/\/www.cultidelta.com\/wp-content\/uploads\/2025\/05\/Imatge-web_1-463x348.jpg 463w, https:\/\/www.cultidelta.com\/wp-content\/uploads\/2025\/05\/Imatge-web_1-640x480.jpg 640w, https:\/\/www.cultidelta.com\/wp-content\/uploads\/2025\/05\/Imatge-web_1-400x300.jpg 400w, https:\/\/www.cultidelta.com\/wp-content\/uploads\/2025\/05\/Imatge-web_1-367x275.jpg 367w\" sizes=\"auto, (max-width: 2560px) 100vw, 2560px\" \/><\/figure><figure><img loading=\"lazy\" decoding=\"async\" width=\"2048\" height=\"1536\" src=\"https:\/\/www.cultidelta.com\/wp-content\/uploads\/2025\/05\/Imatge-web_4.jpg\" class=\"attachment-full size-full\" alt=\"\" srcset=\"https:\/\/www.cultidelta.com\/wp-content\/uploads\/2025\/05\/Imatge-web_4.jpg 2048w, https:\/\/www.cultidelta.com\/wp-content\/uploads\/2025\/05\/Imatge-web_4-1024x768.jpg 1024w, https:\/\/www.cultidelta.com\/wp-content\/uploads\/2025\/05\/Imatge-web_4-768x576.jpg 768w, https:\/\/www.cultidelta.com\/wp-content\/uploads\/2025\/05\/Imatge-web_4-1536x1152.jpg 1536w, https:\/\/www.cultidelta.com\/wp-content\/uploads\/2025\/05\/Imatge-web_4-463x348.jpg 463w, https:\/\/www.cultidelta.com\/wp-content\/uploads\/2025\/05\/Imatge-web_4-640x480.jpg 640w, https:\/\/www.cultidelta.com\/wp-content\/uploads\/2025\/05\/Imatge-web_4-400x300.jpg 400w, https:\/\/www.cultidelta.com\/wp-content\/uploads\/2025\/05\/Imatge-web_4-367x275.jpg 367w\" sizes=\"auto, (max-width: 2048px) 100vw, 2048px\" \/><\/figure><figure><img loading=\"lazy\" decoding=\"async\" width=\"960\" height=\"1280\" src=\"https:\/\/www.cultidelta.com\/wp-content\/uploads\/2025\/05\/Imatge-web_3.jpeg\" class=\"attachment-full size-full\" alt=\"\" srcset=\"https:\/\/www.cultidelta.com\/wp-content\/uploads\/2025\/05\/Imatge-web_3.jpeg 960w, https:\/\/www.cultidelta.com\/wp-content\/uploads\/2025\/05\/Imatge-web_3-768x1024.jpeg 768w, https:\/\/www.cultidelta.com\/wp-content\/uploads\/2025\/05\/Imatge-web_3-640x853.jpeg 640w, https:\/\/www.cultidelta.com\/wp-content\/uploads\/2025\/05\/Imatge-web_3-400x533.jpeg 400w, https:\/\/www.cultidelta.com\/wp-content\/uploads\/2025\/05\/Imatge-web_3-367x489.jpeg 367w\" sizes=\"auto, (max-width: 960px) 100vw, 960px\" \/><\/figure><figure><img loading=\"lazy\" decoding=\"async\" width=\"2048\" height=\"1536\" src=\"https:\/\/www.cultidelta.com\/wp-content\/uploads\/2025\/05\/Imatge-web_5.jpg\" class=\"attachment-full size-full\" alt=\"\" srcset=\"https:\/\/www.cultidelta.com\/wp-content\/uploads\/2025\/05\/Imatge-web_5.jpg 2048w, https:\/\/www.cultidelta.com\/wp-content\/uploads\/2025\/05\/Imatge-web_5-1024x768.jpg 1024w, https:\/\/www.cultidelta.com\/wp-content\/uploads\/2025\/05\/Imatge-web_5-768x576.jpg 768w, https:\/\/www.cultidelta.com\/wp-content\/uploads\/2025\/05\/Imatge-web_5-1536x1152.jpg 1536w, https:\/\/www.cultidelta.com\/wp-content\/uploads\/2025\/05\/Imatge-web_5-463x348.jpg 463w, https:\/\/www.cultidelta.com\/wp-content\/uploads\/2025\/05\/Imatge-web_5-640x480.jpg 640w, https:\/\/www.cultidelta.com\/wp-content\/uploads\/2025\/05\/Imatge-web_5-400x300.jpg 400w, https:\/\/www.cultidelta.com\/wp-content\/uploads\/2025\/05\/Imatge-web_5-367x275.jpg 367w\" sizes=\"auto, (max-width: 2048px) 100vw, 2048px\" \/><\/figure><figure><img loading=\"lazy\" decoding=\"async\" width=\"2048\" height=\"1536\" src=\"https:\/\/www.cultidelta.com\/wp-content\/uploads\/2025\/05\/Imatge-web_6.jpg\" class=\"attachment-full size-full\" alt=\"\" srcset=\"https:\/\/www.cultidelta.com\/wp-content\/uploads\/2025\/05\/Imatge-web_6.jpg 2048w, https:\/\/www.cultidelta.com\/wp-content\/uploads\/2025\/05\/Imatge-web_6-1024x768.jpg 1024w, https:\/\/www.cultidelta.com\/wp-content\/uploads\/2025\/05\/Imatge-web_6-768x576.jpg 768w, https:\/\/www.cultidelta.com\/wp-content\/uploads\/2025\/05\/Imatge-web_6-1536x1152.jpg 1536w, https:\/\/www.cultidelta.com\/wp-content\/uploads\/2025\/05\/Imatge-web_6-463x348.jpg 463w, https:\/\/www.cultidelta.com\/wp-content\/uploads\/2025\/05\/Imatge-web_6-640x480.jpg 640w, https:\/\/www.cultidelta.com\/wp-content\/uploads\/2025\/05\/Imatge-web_6-400x300.jpg 400w, https:\/\/www.cultidelta.com\/wp-content\/uploads\/2025\/05\/Imatge-web_6-367x275.jpg 367w\" sizes=\"auto, (max-width: 2048px) 100vw, 2048px\" \/><\/figure><\/div>[\/vc_column][\/vc_row]<\/p>\n<\/div>","protected":false},"excerpt":{"rendered":"<p>[vc_row wrap_container=\u00a0\u00bbyes\u00a0\u00bb content_placement=\u00a0\u00bbmiddle\u00a0\u00bb is_section=\u00a0\u00bbyes\u00a0\u00bb section_skin=\u00a0\u00bbparallax\u00a0\u00bb remove_margin_top=\u00a0\u00bbyes\u00a0\u00bb remove_border=\u00a0\u00bbyes\u00a0\u00bb css=\u00a0\u00bb.vc_custom_1682415448771{padding-top: 70px !important;padding-bottom: 40px !important;}\u00a0\u00bb conditional_render=\u00a0\u00bb%5B%7B%22value_role%22%3A%22administrator%22%7D%5D\u00a0\u00bb][vc_column offset=\u00a0\u00bbvc_col-md-6&Prime;][vc_single_image image=\u00a0\u00bb16954&Prime; img_size=\u00a0\u00bbfull\u00a0\u00bb][\/vc_column][vc_column css=\u00a0\u00bb.vc_custom_1529913695250{padding-top: 40px !important;}\u00a0\u00bb el_class=\u00a0\u00bbps-lg-5&Prime; offset=\u00a0\u00bbvc_col-md-6&Prime;][vc_column_text css=\u00a0\u00bb\u00a0\u00bb el_class=\u00a0\u00bbcontent-row\u00a0\u00bb css_params=\u00a0\u00bb\u00a0\u00bb]Chez Cultidelta, en tant qu&rsquo;\u00e9quipe dynamique, nous avions toujours eu envie d&rsquo;organiser un \u00e9v\u00e9nement li\u00e9 \u00e0 l&rsquo;am\u00e9nagement paysager m\u00e9diterran\u00e9en, mais le quotidien, si prenant, ne nous avait jamais permis de franchir le [&hellip;]<\/p>\n","protected":false},"author":1,"featured_media":0,"parent":0,"menu_order":0,"comment_status":"closed","ping_status":"closed","template":"","meta":{"_acf_changed":false,"om_disable_all_campaigns":false,"_monsterinsights_skip_tracking":false,"_monsterinsights_sitenote_active":false,"_monsterinsights_sitenote_note":"","_monsterinsights_sitenote_category":0,"footnotes":""},"class_list":["post-17969","page","type-page","status-publish","hentry"],"acf":[],"aioseo_notices":[],"_links":{"self":[{"href":"https:\/\/www.cultidelta.com\/fr\/wp-json\/wp\/v2\/pages\/17969","targetHints":{"allow":["GET"]}}],"collection":[{"href":"https:\/\/www.cultidelta.com\/fr\/wp-json\/wp\/v2\/pages"}],"about":[{"href":"https:\/\/www.cultidelta.com\/fr\/wp-json\/wp\/v2\/types\/page"}],"author":[{"embeddable":true,"href":"https:\/\/www.cultidelta.com\/fr\/wp-json\/wp\/v2\/users\/1"}],"replies":[{"embeddable":true,"href":"https:\/\/www.cultidelta.com\/fr\/wp-json\/wp\/v2\/comments?post=17969"}],"version-history":[{"count":7,"href":"https:\/\/www.cultidelta.com\/fr\/wp-json\/wp\/v2\/pages\/17969\/revisions"}],"predecessor-version":[{"id":18123,"href":"https:\/\/www.cultidelta.com\/fr\/wp-json\/wp\/v2\/pages\/17969\/revisions\/18123"}],"wp:attachment":[{"href":"https:\/\/www.cultidelta.com\/fr\/wp-json\/wp\/v2\/media?parent=17969"}],"curies":[{"name":"wp","href":"https:\/\/api.w.org\/{rel}","templated":true}]}}